{"id":44999,"date":"2023-12-31T07:51:22","date_gmt":"2023-12-31T12:51:22","guid":{"rendered":"https:\/\/mendomedical.ca\/?post_type=product&#038;p=44999"},"modified":"2026-01-29T09:43:38","modified_gmt":"2026-01-29T14:43:38","slug":"chocolat-chaud-thc-og","status":"publish","type":"product","link":"https:\/\/mendomedical.ca\/fr\/produit\/chocolat-chaud-thc-og\/","title":{"rendered":"Chocolat chaud THC OG"},"content":{"rendered":"<p><strong>Ingr\u00e9dients : <\/strong><\/p>\n<p>Chocolat chaud en poudre (sucre de canne biologique, cacao, sel de l&rsquo;Himalaya), THC en poudre \u00e0 absorption rapide (maltodextrine, eau, extrait de cannabis, polysorbate (80), huile MCT, monool\u00e9ate de sorbitane, acide citrique).<\/p>\n","protected":false},"excerpt":{"rendered":"<div class=\"ExternalClass447C8B794DCE4A7FAF84E99F52E0729A\">\n<h3>Chocolat chaud THC OG<\/h3>\n<p>Savourez la chaleur r\u00e9confortante du chocolat chaud THC OG d&rsquo;Emprise, une boisson infus\u00e9e au cannabis de premi\u00e8re qualit\u00e9 qui transforme votre routine quotidienne en un moment de d\u00e9tente. Ce chocolat chaud biologique et v\u00e9g\u00e9talien d\u00e9livre 10 mg de THC dans un m\u00e9lange onctueux et chocolat\u00e9, parfait pour une consommation discr\u00e8te. Que vous le d\u00e9gustiez chaud lors d&rsquo;une soir\u00e9e froide ou m\u00e9lang\u00e9 \u00e0 de la glace pour une g\u00e2terie estivale rafra\u00eechissante, ce m\u00e9lange tout-en-un vous offre commodit\u00e9 et dosage constant dans chaque d\u00e9licieuse tasse.  <\/p>\n<h4>Caract\u00e9ristiques principales<\/h4>\n<ul>\n<li>Formule \u00e0 dominante THC de 10 mg pour un dosage pr\u00e9cis et coh\u00e9rent<\/li>\n<li>Ingr\u00e9dients biologiques et v\u00e9g\u00e9taliens pour les consommateurs soucieux de leur sant\u00e9<\/li>\n<li>Formule \u00e0 absorption rapide pour une apparition plus rapide des effets<\/li>\n<li>Pr\u00e9paration polyvalente - \u00e0 d\u00e9guster chaud, glac\u00e9 ou avec des garnitures personnalis\u00e9es<\/li>\n<li>Sachets \u00e0 usage unique pour une consommation pratique et discr\u00e8te<\/li>\n<\/ul>\n<h4>Profil d&rsquo;ar\u00f4me<\/h4>\n<p>D\u00e9couvrez le go\u00fbt riche et authentique d&rsquo;un chocolat de qualit\u00e9 sup\u00e9rieure \u00e0 chaque gorg\u00e9e. Ce chocolat chaud OG offre une texture incroyablement douce et des notes de cacao profondes qui masquent parfaitement tout ar\u00f4me de cannabis, ce qui en fait un choix id\u00e9al pour ceux qui pr\u00e9f\u00e8rent leur m\u00e9dicament sous une forme plus agr\u00e9able \u00e0 d\u00e9guster. <\/p>\n<h4>Pourquoi choisir Drinkables ?<\/h4>\n<p>Les boissons infus\u00e9es au cannabis offrent aux utilisateurs m\u00e9dicaux une alternative sans fum\u00e9e et respectueuse des poumons, avec un dosage pr\u00e9visible. Les boissons comme ce chocolat chaud peuvent contribuer \u00e0 la relaxation et constituer un rituel r\u00e9confortant qui s&rsquo;int\u00e8gre parfaitement dans votre routine de bien-\u00eatre. <\/p>\n<h4>Exp\u00e9dition dans tout le Canada<\/h4>\n<p>Le chocolat chaud THC OG est exp\u00e9di\u00e9 rapidement dans tout le Canada, avec une livraison gratuite pour les commandes de plus de 150 $. Veuillez noter que les produits peuvent \u00eatre affect\u00e9s par la chaleur pendant les mois d&rsquo;exp\u00e9dition estivaux. Malheureusement, nous ne pouvons pas offrir de remboursement ou de remplacement pour les produits endommag\u00e9s par la chaleur pendant le transport.   Nous vous remercions de votre compr\u00e9hension.<\/p>\n<h4>Avantages et couverture pour les anciens combattants<\/h4>\n<p>Le chocolat chaud THC OG est admissible \u00e0 la couverture d&rsquo;ACC (Anciens Combattants Canada) et \u00e0 la facturation directe par l&rsquo;entremise de la Croix Bleue, ce qui signifie que les anciens combattants admissibles n&rsquo;ont rien \u00e0 d\u00e9bourser. Si vous n&rsquo;avez pas encore votre carte m\u00e9dicale, <a href=\"https:\/\/mendomedical.ca\/fr\/carte-medicale\/\">obtenez-la rapidement et facilement<\/a> pour avoir acc\u00e8s \u00e0 ces avantages. <\/p>\n<h4>Mode d&#8217;emploi<\/h4>\n<p><strong>\u00c9tape 1 :<\/strong> Ouvrez le sachet en suivant la ligne indiqu\u00e9e. Versez le contenu sec dans une tasse de 12 \u00e0 16 oz. Ajoutez une tasse de lait bouilli ou chauff\u00e9 ou de lait de substitution et m\u00e9langez.  <\/p>\n<p><strong>\u00c9tape 2 :<\/strong> Personnalisez selon vos go\u00fbts - ajoutez de la cr\u00e8me fouett\u00e9e pour plus de douceur ou m\u00e9langez avec de la glace pour obtenir une boisson chocolat\u00e9e glac\u00e9e rafra\u00eechissante.<\/p>\n<\/div>\n","protected":false},"featured_media":268402,"comment_status":"closed","ping_status":"closed","template":"","meta":{"_acf_changed":false,"site-sidebar-layout":"default","site-content-layout":"","ast-site-content-layout":"default","site-content-style":"default","site-sidebar-style":"default","ast-global-header-display":"","ast-banner-title-visibility":"","ast-main-header-display":"","ast-hfb-above-header-display":"","ast-hfb-below-header-display":"","ast-hfb-mobile-header-display":"","site-post-title":"","ast-breadcrumbs-content":"","ast-featured-img":"","footer-sml-layout":"","ast-disable-related-posts":"","theme-transparent-header-meta":"default","adv-header-id-meta":"","stick-header-meta":"","header-above-stick-meta":"","header-main-stick-meta":"","header-below-stick-meta":"","astra-migrate-meta-layouts":"set","ast-page-background-enabled":"default","ast-page-background-meta":{"desktop":{"background-color":"var(--ast-global-color-4)","background-image":"","background-repeat":"repeat","background-position":"center center","background-size":"auto","background-attachment":"scroll","background-type":"","background-media":"","overlay-type":"","overlay-color":"","overlay-opacity":"","overlay-gradient":""},"tablet":{"background-color":"","background-image":"","background-repeat":"repeat","background-position":"center center","background-size":"auto","background-attachment":"scroll","background-type":"","background-media":"","overlay-type":"","overlay-color":"","overlay-opacity":"","overlay-gradient":""},"mobile":{"background-color":"","background-image":"","background-repeat":"repeat","background-position":"center center","background-size":"auto","background-attachment":"scroll","background-type":"","background-media":"","overlay-type":"","overlay-color":"","overlay-opacity":"","overlay-gradient":""}},"ast-content-background-meta":{"desktop":{"background-color":"var(--ast-global-color-5)","background-image":"","background-repeat":"repeat","background-position":"center center","background-size":"auto","background-attachment":"scroll","background-type":"","background-media":"","overlay-type":"","overlay-color":"","overlay-opacity":"","overlay-gradient":""},"tablet":{"background-color":"var(--ast-global-color-5)","background-image":"","background-repeat":"repeat","background-position":"center center","background-size":"auto","background-attachment":"scroll","background-type":"","background-media":"","overlay-type":"","overlay-color":"","overlay-opacity":"","overlay-gradient":""},"mobile":{"background-color":"var(--ast-global-color-5)","background-image":"","background-repeat":"repeat","background-position":"center center","background-size":"auto","background-attachment":"scroll","background-type":"","background-media":"","overlay-type":"","overlay-color":"","overlay-opacity":"","overlay-gradient":""}}},"product_brand":[],"product_cat":[1131,1128],"product_tag":[3632],"product_format_filter":[],"class_list":{"0":"post-44999","1":"product","2":"type-product","3":"status-publish","4":"has-post-thumbnail","6":"product_cat-boissons","7":"product_cat-comestibles","8":"product_tag-emprise-fr","9":"pa_flavours-chocolate-fr","10":"pa_format-1-unit-fr","11":"pa_marques-emprise-fr","12":"desktop-align-left","13":"tablet-align-left","14":"mobile-align-left","16":"first","17":"instock","18":"taxable","19":"shipping-taxable","20":"purchasable","21":"product-type-simple"},"group_of_quantity":0,"min_quantity":0,"max_quantity":"","exclude_order_quantity_value_rules":"no","exclude_category_quantity_rules":"no","combine_variations":"no","acf":[],"_links":{"self":[{"href":"https:\/\/mendomedical.ca\/fr\/wp-json\/wp\/v2\/product\/44999","targetHints":{"allow":["GET"]}}],"collection":[{"href":"https:\/\/mendomedical.ca\/fr\/wp-json\/wp\/v2\/product"}],"about":[{"href":"https:\/\/mendomedical.ca\/fr\/wp-json\/wp\/v2\/types\/product"}],"replies":[{"embeddable":true,"href":"https:\/\/mendomedical.ca\/fr\/wp-json\/wp\/v2\/comments?post=44999"}],"wp:featuredmedia":[{"embeddable":true,"href":"https:\/\/mendomedical.ca\/fr\/wp-json\/wp\/v2\/media\/268402"}],"wp:attachment":[{"href":"https:\/\/mendomedical.ca\/fr\/wp-json\/wp\/v2\/media?parent=44999"}],"wp:term":[{"taxonomy":"product_brand","embeddable":true,"href":"https:\/\/mendomedical.ca\/fr\/wp-json\/wp\/v2\/product_brand?post=44999"},{"taxonomy":"product_cat","embeddable":true,"href":"https:\/\/mendomedical.ca\/fr\/wp-json\/wp\/v2\/product_cat?post=44999"},{"taxonomy":"product_tag","embeddable":true,"href":"https:\/\/mendomedical.ca\/fr\/wp-json\/wp\/v2\/product_tag?post=44999"},{"taxonomy":"product_format_filter","embeddable":true,"href":"https:\/\/mendomedical.ca\/fr\/wp-json\/wp\/v2\/product_format_filter?post=44999"}],"curies":[{"name":"wp","href":"https:\/\/api.w.org\/{rel}","templated":true}]}}