{"id":44993,"date":"2023-12-31T07:04:41","date_gmt":"2023-12-31T12:04:41","guid":{"rendered":"https:\/\/mendomedical.ca\/?post_type=product&#038;p=44993"},"modified":"2026-01-14T08:31:04","modified_gmt":"2026-01-14T13:31:04","slug":"thc-salted-caramel-hot-chocolate","status":"publish","type":"product","link":"https:\/\/mendomedical.ca\/fr\/produit\/thc-salted-caramel-hot-chocolate\/","title":{"rendered":"THC Salted Caramel Hot Chocolate"},"content":{"rendered":"<p>Ingr\u00e9dients:<\/p>\n<p>Poudre de chocolat chaud (sucre de canne biologique, cacao, cacao brut, ar\u00f4me naturel de caramel, sel de l&rsquo;Himalaya), poudre de THC \u00e0 absorption rapide (maltodextrine, eau, extrait de cannabis, polysorbate (80), huile MCT, monool\u00e9ate de sorbitan, acide citrique).<\/p>\n","protected":false},"excerpt":{"rendered":"<div class=\"ExternalClass90AC962EA87F4FA1A9F03B41376A751B\">\n<h3>THC Chocolat chaud au caramel sal\u00e9 d&rsquo;Emprise<\/h3>\n<p>Laissez-vous tenter par le m\u00e9lange parfait de confort et de cannabis avec le chocolat chaud au caramel sal\u00e9 THC d&rsquo;Emprise. Cette boisson biologique et v\u00e9g\u00e9talienne d\u00e9livre une dose pr\u00e9cise de 10 mg de THC \u00e0 action rapide dans chaque d\u00e9licieuse tasse. Que vous soyez \u00e0 la recherche d&rsquo;une boisson chaude pour l&rsquo;hiver ou d&rsquo;une friandise glac\u00e9e rafra\u00eechissante, ce m\u00e9lange de chocolat chaud polyvalent offre un moyen discret et pratique d&rsquo;incorporer le cannabis dans votre routine quotidienne.  <\/p>\n<h4>Caract\u00e9ristiques principales<\/h4>\n<ul>\n<li>Contient 10 mg de THC \u00e0 action rapide par portion pour des effets rapides.<\/li>\n<li>Formule biologique et v\u00e9g\u00e9talienne convenant \u00e0 diverses pr\u00e9f\u00e9rences alimentaires<\/li>\n<li>Riche saveur de caramel sal\u00e9 combinant du cacao de premi\u00e8re qualit\u00e9 et du cacao cru<\/li>\n<li>Pr\u00e9paration polyvalente - \u00e0 d\u00e9guster chaud ou froid selon vos pr\u00e9f\u00e9rences<\/li>\n<li>Format discret et pratique en portion individuelle pour un dosage pr\u00e9cis<\/li>\n<\/ul>\n<h4>Profil d&rsquo;ar\u00f4me<\/h4>\n<p>Ce chocolat chaud de qualit\u00e9 sup\u00e9rieure pr\u00e9sente un profil aromatique sophistiqu\u00e9 de caramel sal\u00e9, combinant la richesse du cacao biologique et du cacao cru avec des notes naturelles de caramel et un soup\u00e7on de sel de l&rsquo;Himalaya. Le r\u00e9sultat est une boisson indulgente et parfaitement \u00e9quilibr\u00e9e qui masque tout go\u00fbt de cannabis tout en produisant des effets th\u00e9rapeutiques. <\/p>\n<h4>Pourquoi choisir Cannabis Drinkables ?<\/h4>\n<p>Les boissons infus\u00e9es au cannabis offrent aux utilisateurs m\u00e9dicaux une alternative sans fum\u00e9e et respectueuse des poumons, avec un dosage pr\u00e9cis et des m\u00e9thodes de consommation famili\u00e8res. La formulation \u00e0 action rapide signifie que les effets peuvent \u00eatre ressentis plus rapidement que les edibles traditionnels, ce qui facilite la gestion de vos besoins th\u00e9rapeutiques tout au long de la journ\u00e9e. <\/p>\n<h4>Exp\u00e9dition dans tout le Canada<\/h4>\n<p>Le chocolat chaud au caramel sal\u00e9 THC est exp\u00e9di\u00e9 rapidement dans tout le Canada, avec une livraison gratuite pour les commandes de plus de 150 $. Veuillez noter que les produits peuvent \u00eatre affect\u00e9s par des temp\u00e9ratures extr\u00eames pendant l&rsquo;exp\u00e9dition. Nous vous recommandons de tenir compte des conditions m\u00e9t\u00e9orologiques lorsque vous passez votre commande. Malheureusement, nous ne pouvons pas offrir de remboursement ou de remplacement pour les produits endommag\u00e9s par des temp\u00e9ratures extr\u00eames pendant le transport.    Nous vous remercions de votre compr\u00e9hension.<\/p>\n<h4>Avantages et couverture pour les anciens combattants<\/h4>\n<p>Le chocolat chaud au caramel sal\u00e9 THC est admissible \u00e0 la couverture d&rsquo;ACC (Anciens Combattants Canada) et \u00e0 la facturation directe par l&rsquo;entremise de la Croix Bleue, ce qui signifie que les anciens combattants admissibles n&rsquo;ont pas \u00e0 d\u00e9bourser d&rsquo;argent. Si vous n&rsquo;avez pas encore votre carte de cannabis m\u00e9dical, <a href=\"https:\/\/mendomedical.ca\/fr\/carte-medicale\/\">obtenez votre carte m\u00e9dicale gratuite rapidement et facilement ici<\/a>. <\/p>\n<p><strong>Ingr\u00e9dients :<\/strong> Chocolat chaud en poudre (sucre de canne biologique, cacao, cacao brut, ar\u00f4me naturel de caramel, sel de l&rsquo;Himalaya), THC en poudre \u00e0 action rapide (maltodextrine, eau, extrait de cannabis, polysorbate (80), huile MCT, monool\u00e9ate de sorbitan, acide citrique).<\/p>\n<\/div>\n","protected":false},"featured_media":268400,"comment_status":"closed","ping_status":"closed","template":"","meta":{"_acf_changed":false,"site-sidebar-layout":"default","site-content-layout":"","ast-site-content-layout":"default","site-content-style":"default","site-sidebar-style":"default","ast-global-header-display":"","ast-banner-title-visibility":"","ast-main-header-display":"","ast-hfb-above-header-display":"","ast-hfb-below-header-display":"","ast-hfb-mobile-header-display":"","site-post-title":"","ast-breadcrumbs-content":"","ast-featured-img":"","footer-sml-layout":"","ast-disable-related-posts":"","theme-transparent-header-meta":"default","adv-header-id-meta":"","stick-header-meta":"","header-above-stick-meta":"","header-main-stick-meta":"","header-below-stick-meta":"","astra-migrate-meta-layouts":"set","ast-page-background-enabled":"default","ast-page-background-meta":{"desktop":{"background-color":"var(--ast-global-color-4)","background-image":"","background-repeat":"repeat","background-position":"center center","background-size":"auto","background-attachment":"scroll","background-type":"","background-media":"","overlay-type":"","overlay-color":"","overlay-opacity":"","overlay-gradient":""},"tablet":{"background-color":"","background-image":"","background-repeat":"repeat","background-position":"center center","background-size":"auto","background-attachment":"scroll","background-type":"","background-media":"","overlay-type":"","overlay-color":"","overlay-opacity":"","overlay-gradient":""},"mobile":{"background-color":"","background-image":"","background-repeat":"repeat","background-position":"center center","background-size":"auto","background-attachment":"scroll","background-type":"","background-media":"","overlay-type":"","overlay-color":"","overlay-opacity":"","overlay-gradient":""}},"ast-content-background-meta":{"desktop":{"background-color":"var(--ast-global-color-5)","background-image":"","background-repeat":"repeat","background-position":"center center","background-size":"auto","background-attachment":"scroll","background-type":"","background-media":"","overlay-type":"","overlay-color":"","overlay-opacity":"","overlay-gradient":""},"tablet":{"background-color":"var(--ast-global-color-5)","background-image":"","background-repeat":"repeat","background-position":"center center","background-size":"auto","background-attachment":"scroll","background-type":"","background-media":"","overlay-type":"","overlay-color":"","overlay-opacity":"","overlay-gradient":""},"mobile":{"background-color":"var(--ast-global-color-5)","background-image":"","background-repeat":"repeat","background-position":"center center","background-size":"auto","background-attachment":"scroll","background-type":"","background-media":"","overlay-type":"","overlay-color":"","overlay-opacity":"","overlay-gradient":""}}},"product_brand":[],"product_cat":[1131,1128],"product_tag":[],"product_format_filter":[],"class_list":{"0":"post-44993","1":"product","2":"type-product","3":"status-publish","4":"has-post-thumbnail","6":"product_cat-boissons","7":"product_cat-comestibles","8":"pa_flavours-chocolate-fr","9":"pa_intensity-thc-moyen","10":"pa_marques-emprise-fr","11":"pa_origin-alberta-fr","12":"pa_type-de-plante-thc-fr","13":"desktop-align-left","14":"tablet-align-left","15":"mobile-align-left","17":"first","18":"instock","19":"taxable","20":"shipping-taxable","21":"purchasable","22":"product-type-simple"},"group_of_quantity":0,"min_quantity":0,"max_quantity":"","exclude_order_quantity_value_rules":"no","exclude_category_quantity_rules":"no","combine_variations":"no","acf":[],"_links":{"self":[{"href":"https:\/\/mendomedical.ca\/fr\/wp-json\/wp\/v2\/product\/44993","targetHints":{"allow":["GET"]}}],"collection":[{"href":"https:\/\/mendomedical.ca\/fr\/wp-json\/wp\/v2\/product"}],"about":[{"href":"https:\/\/mendomedical.ca\/fr\/wp-json\/wp\/v2\/types\/product"}],"replies":[{"embeddable":true,"href":"https:\/\/mendomedical.ca\/fr\/wp-json\/wp\/v2\/comments?post=44993"}],"wp:featuredmedia":[{"embeddable":true,"href":"https:\/\/mendomedical.ca\/fr\/wp-json\/wp\/v2\/media\/268400"}],"wp:attachment":[{"href":"https:\/\/mendomedical.ca\/fr\/wp-json\/wp\/v2\/media?parent=44993"}],"wp:term":[{"taxonomy":"product_brand","embeddable":true,"href":"https:\/\/mendomedical.ca\/fr\/wp-json\/wp\/v2\/product_brand?post=44993"},{"taxonomy":"product_cat","embeddable":true,"href":"https:\/\/mendomedical.ca\/fr\/wp-json\/wp\/v2\/product_cat?post=44993"},{"taxonomy":"product_tag","embeddable":true,"href":"https:\/\/mendomedical.ca\/fr\/wp-json\/wp\/v2\/product_tag?post=44993"},{"taxonomy":"product_format_filter","embeddable":true,"href":"https:\/\/mendomedical.ca\/fr\/wp-json\/wp\/v2\/product_format_filter?post=44993"}],"curies":[{"name":"wp","href":"https:\/\/api.w.org\/{rel}","templated":true}]}}