{"id":44991,"date":"2023-12-31T07:04:41","date_gmt":"2023-12-31T12:04:41","guid":{"rendered":"https:\/\/mendomedical.ca\/?post_type=product&#038;p=44991"},"modified":"2025-10-20T13:05:20","modified_gmt":"2025-10-20T17:05:20","slug":"the-glace-peche-gingembre-copie","status":"publish","type":"product","link":"https:\/\/mendomedical.ca\/fr\/produit\/the-glace-peche-gingembre-copie\/","title":{"rendered":"THC Ginger Peach Ice Tea"},"content":{"rendered":"<p><strong>Ingr\u00e9dients :\u00a0<\/strong><\/p>\n<p>Poudre de th\u00e9 glac\u00e9 (sucre de canne biologique, th\u00e9 noir micro moulu biologique, gingembre, acide citrique, ar\u00f4me de p\u00eache biologique), poudre de CBD \u00e0 action rapide (maltodextrine, eau, extrait de cannabis, polysorbate (80), huile MCT, monool\u00e9ate de sorbitan, acide citrique ).<\/p>\n","protected":false},"excerpt":{"rendered":"<div class=\"ExternalClass29D7E4161C2342AB9D75967D6B2A4393\">\n<h3>THC Ginger Peach Ice Tea<\/h3>\n<p>Faites l&rsquo;exp\u00e9rience d&rsquo;un m\u00e9lange parfait de rafra\u00eechissement et de relaxation avec le th\u00e9 glac\u00e9 au gingembre et \u00e0 la p\u00eache THC d&rsquo;Emprise. Cette boisson biologique \u00e0 action rapide d\u00e9livre une dose pr\u00e9cise de 10 mg de THC dans chaque portion, combinant les qualit\u00e9s apaisantes du th\u00e9 noir avec la chaleur piquante du gingembre et les saveurs sucr\u00e9es de la p\u00eache. Con\u00e7u pour un usage quotidien discret, ce m\u00e9lange de poudres solubles dans l&rsquo;eau transforme n&rsquo;importe quelle tasse en une exp\u00e9rience th\u00e9rapeutique au cannabis.  <\/p>\n<h4>Caract\u00e9ristiques principales<\/h4>\n<ul>\n<li>Formule \u00e0 action rapide avec 10mg de THC par portion pour des effets rapides<\/li>\n<li>Ingr\u00e9dients biologiques : sucre de canne, th\u00e9 noir micro-moulu et ar\u00f4me naturel de p\u00eache.<\/li>\n<li>Poudre soluble dans l&rsquo;eau pour un m\u00e9lange facile et un dosage r\u00e9gulier<\/li>\n<li>Option de consommation discr\u00e8te parfaite pour une utilisation en journ\u00e9e ou en soir\u00e9e<\/li>\n<li>La formulation \u00e0 dominante THC est id\u00e9ale pour les patients qui consomment du cannabis \u00e0 des fins m\u00e9dicales et qui recherchent un dosage pr\u00e9cis.<\/li>\n<\/ul>\n<h4>Profil d&rsquo;ar\u00f4me<\/h4>\n<p>Ce th\u00e9 glac\u00e9 rafra\u00eechissant se compose d&rsquo;un m\u00e9lange harmonieux de th\u00e9 noir biologique, compl\u00e9t\u00e9 par des notes de gingembre et de p\u00eache sucr\u00e9e. L&rsquo;acide citrique naturel ajoute une subtile luminosit\u00e9 qui \u00e9quilibre le profil aromatique global, cr\u00e9ant ainsi une boisson douce et agr\u00e9able. <\/p>\n<h4>Pourquoi choisir Drinkables ?<\/h4>\n<p>Les boissons au cannabis offrent aux utilisateurs m\u00e9dicaux une m\u00e9thode de consommation sans fum\u00e9e et respectueuse des poumons, avec un dosage pr\u00e9visible et une action plus rapide que les edibles traditionnels. Le format hydrosoluble assure une meilleure biodisponibilit\u00e9, ce qui en fait un excellent choix pour les patients qui recherchent des effets th\u00e9rapeutiques constants. <\/p>\n<h4>Exp\u00e9dition dans tout le Canada<\/h4>\n<p>Le th\u00e9 glac\u00e9 au gingembre et \u00e0 la p\u00eache de THC est exp\u00e9di\u00e9 rapidement au Canada, avec une livraison gratuite pour les commandes de plus de 150 $. Comme il s&rsquo;agit d&rsquo;un produit en poudre, il est exp\u00e9di\u00e9 en toute s\u00e9curit\u00e9, quelles que soient les conditions m\u00e9t\u00e9orologiques, sans risque de fonte ou de d\u00e9gradation pendant le transport. <\/p>\n<h4>Avantages et couverture pour les anciens combattants<\/h4>\n<p>Le th\u00e9 glac\u00e9 au gingembre et \u00e0 la p\u00eache de THC est admissible \u00e0 la couverture d&rsquo;ACC (Anciens Combattants Canada) et \u00e0 la facturation directe par l&rsquo;entremise de la Croix Bleue, ce qui signifie que les anciens combattants admissibles n&rsquo;ont pas \u00e0 d\u00e9bourser d&rsquo;argent. Si vous n&rsquo;avez pas encore de carte m\u00e9dicale, obtenez-la gratuitement, rapidement et facilement, \u00e0 l&rsquo;<a href=\"https:\/\/mendomedical.ca\/fr\/carte-medicale\/\">adresse https:\/\/mendomedical.ca\/medical-card\/.<\/a> <\/p>\n<p><strong>Ingr\u00e9dients :<\/strong> Th\u00e9 glac\u00e9 en poudre (sucre de canne biologique, th\u00e9 noir micro-moulu biologique, gingembre, acide citrique, ar\u00f4me de p\u00eache biologique), THC en poudre \u00e0 action rapide (maltodextrine, eau, extrait de cannabis, polysorbate 80, huile MCT, monool\u00e9ate de sorbitan, acide citrique).<\/p>\n<\/div>\n","protected":false},"featured_media":268404,"comment_status":"closed","ping_status":"closed","template":"","meta":{"_acf_changed":false,"site-sidebar-layout":"default","site-content-layout":"","ast-site-content-layout":"default","site-content-style":"default","site-sidebar-style":"default","ast-global-header-display":"","ast-banner-title-visibility":"","ast-main-header-display":"","ast-hfb-above-header-display":"","ast-hfb-below-header-display":"","ast-hfb-mobile-header-display":"","site-post-title":"","ast-breadcrumbs-content":"","ast-featured-img":"","footer-sml-layout":"","ast-disable-related-posts":"","theme-transparent-header-meta":"default","adv-header-id-meta":"","stick-header-meta":"","header-above-stick-meta":"","header-main-stick-meta":"","header-below-stick-meta":"","astra-migrate-meta-layouts":"set","ast-page-background-enabled":"default","ast-page-background-meta":{"desktop":{"background-color":"var(--ast-global-color-4)","background-image":"","background-repeat":"repeat","background-position":"center center","background-size":"auto","background-attachment":"scroll","background-type":"","background-media":"","overlay-type":"","overlay-color":"","overlay-opacity":"","overlay-gradient":""},"tablet":{"background-color":"","background-image":"","background-repeat":"repeat","background-position":"center center","background-size":"auto","background-attachment":"scroll","background-type":"","background-media":"","overlay-type":"","overlay-color":"","overlay-opacity":"","overlay-gradient":""},"mobile":{"background-color":"","background-image":"","background-repeat":"repeat","background-position":"center center","background-size":"auto","background-attachment":"scroll","background-type":"","background-media":"","overlay-type":"","overlay-color":"","overlay-opacity":"","overlay-gradient":""}},"ast-content-background-meta":{"desktop":{"background-color":"var(--ast-global-color-5)","background-image":"","background-repeat":"repeat","background-position":"center center","background-size":"auto","background-attachment":"scroll","background-type":"","background-media":"","overlay-type":"","overlay-color":"","overlay-opacity":"","overlay-gradient":""},"tablet":{"background-color":"var(--ast-global-color-5)","background-image":"","background-repeat":"repeat","background-position":"center center","background-size":"auto","background-attachment":"scroll","background-type":"","background-media":"","overlay-type":"","overlay-color":"","overlay-opacity":"","overlay-gradient":""},"mobile":{"background-color":"var(--ast-global-color-5)","background-image":"","background-repeat":"repeat","background-position":"center center","background-size":"auto","background-attachment":"scroll","background-type":"","background-media":"","overlay-type":"","overlay-color":"","overlay-opacity":"","overlay-gradient":""}}},"product_brand":[],"product_cat":[1131,1128],"product_tag":[],"product_format_filter":[],"class_list":{"0":"post-44991","1":"product","2":"type-product","3":"status-publish","4":"has-post-thumbnail","6":"product_cat-boissons","7":"product_cat-comestibles","8":"pa_flavours-ginger-peach-fr","9":"pa_format-1-unit-fr","10":"pa_intensity-thc-moyen","11":"pa_marques-emprise-fr","12":"pa_origin-alberta-fr","13":"pa_thc-10mg-fr","14":"pa_type-de-plante-thc-fr","15":"desktop-align-left","16":"tablet-align-left","17":"mobile-align-left","19":"first","20":"instock","21":"taxable","22":"shipping-taxable","23":"purchasable","24":"product-type-simple"},"group_of_quantity":0,"min_quantity":0,"max_quantity":"","exclude_order_quantity_value_rules":"no","exclude_category_quantity_rules":"no","combine_variations":"no","acf":[],"_links":{"self":[{"href":"https:\/\/mendomedical.ca\/fr\/wp-json\/wp\/v2\/product\/44991","targetHints":{"allow":["GET"]}}],"collection":[{"href":"https:\/\/mendomedical.ca\/fr\/wp-json\/wp\/v2\/product"}],"about":[{"href":"https:\/\/mendomedical.ca\/fr\/wp-json\/wp\/v2\/types\/product"}],"replies":[{"embeddable":true,"href":"https:\/\/mendomedical.ca\/fr\/wp-json\/wp\/v2\/comments?post=44991"}],"wp:featuredmedia":[{"embeddable":true,"href":"https:\/\/mendomedical.ca\/fr\/wp-json\/wp\/v2\/media\/268404"}],"wp:attachment":[{"href":"https:\/\/mendomedical.ca\/fr\/wp-json\/wp\/v2\/media?parent=44991"}],"wp:term":[{"taxonomy":"product_brand","embeddable":true,"href":"https:\/\/mendomedical.ca\/fr\/wp-json\/wp\/v2\/product_brand?post=44991"},{"taxonomy":"product_cat","embeddable":true,"href":"https:\/\/mendomedical.ca\/fr\/wp-json\/wp\/v2\/product_cat?post=44991"},{"taxonomy":"product_tag","embeddable":true,"href":"https:\/\/mendomedical.ca\/fr\/wp-json\/wp\/v2\/product_tag?post=44991"},{"taxonomy":"product_format_filter","embeddable":true,"href":"https:\/\/mendomedical.ca\/fr\/wp-json\/wp\/v2\/product_format_filter?post=44991"}],"curies":[{"name":"wp","href":"https:\/\/api.w.org\/{rel}","templated":true}]}}