{"id":44942,"date":"2025-08-30T05:04:23","date_gmt":"2025-08-30T09:04:23","guid":{"rendered":"https:\/\/mendomedical.ca\/?post_type=product&#038;p=44942"},"modified":"2026-03-20T09:48:41","modified_gmt":"2026-03-20T13:48:41","slug":"peach-chamomile-rest-11-gummies","status":"publish","type":"product","link":"https:\/\/mendomedical.ca\/fr\/produit\/peach-chamomile-rest-11-gummies\/","title":{"rendered":"Peach Chamomile Rest 1:1 Gummies"},"content":{"rendered":"<p>Ingr\u00e9dients : <span data-sheets-value=\"{\" data-sheets-userformat=\"{\">Sucre, sirop de tapioca, eau, acide citrique, pectine, ar\u00f4me naturel, curcuma (colorant), jus de l\u00e9gumes (colorant), extrait de cannabis, terp\u00e8nes, huile MCT.<\/span><\/p>\n","protected":false},"excerpt":{"rendered":"<p>Care By Design est sp\u00e9cialis\u00e9 dans les m\u00e9langes de ratio de CBD. Avec 2 mg de THC, 2 mg de CBN et 4 mg de CBD par pi\u00e8ce, ces produits \u00e0 m\u00e2cher souples aromatis\u00e9s \u00e0 la p\u00eache et \u00e0 la camomille contiennent des ratios de CBD et des formules de qualit\u00e9 sup\u00e9rieure sans produits d&rsquo;origine animale. Infus\u00e9s avec un distillat de cannabis de haute qualit\u00e9 et un m\u00e9lange de terp\u00e8nes, ils sont l&rsquo;un des premiers produits lanc\u00e9s au Canada par la marque californienne.  <\/p>\n<p>Ingr\u00e9dients : <span data-sheets-value=\"{\"1\":2,\"2\":\"Sugar, Tapioca Syrup, Water, Citric Acid, Pectin, Natural Flavor, Turmeric (color), Vegetable Juice (color), Cannabis Extract, Terpenes, MCT oil\"}\" data-sheets-userformat=\"{\"2\":14717,\"3\":{\"1\":0,\"3\":1},\"5\":{\"1\":[{\"1\":2,\"2\":0,\"5\":{\"1\":2,\"2\":0}},{\"1\":0,\"2\":0,\"3\":3},{\"1\":1,\"2\":0,\"4\":2}]},\"6\":{\"1\":[{\"1\":2,\"2\":0,\"5\":{\"1\":2,\"2\":0}},{\"1\":0,\"2\":0,\"3\":3},{\"1\":1,\"2\":0,\"4\":2}]},\"7\":{\"1\":[{\"1\":2,\"2\":0,\"5\":{\"1\":2,\"2\":0}},{\"1\":0,\"2\":0,\"3\":3},{\"1\":1,\"2\":0,\"4\":1}]},\"8\":{\"1\":[{\"1\":2,\"2\":0,\"5\":{\"1\":2,\"2\":0}},{\"1\":0,\"2\":0,\"3\":3},{\"1\":1,\"2\":0,\"4\":2}]},\"9\":0,\"11\":4,\"14\":{\"1\":2,\"2\":0},\"15\":\"Arial\",\"16\":10}\">Sucre, sirop de tapioca, eau, acide citrique, pectine, ar\u00f4me naturel, curcuma (colorant), jus de l\u00e9gumes (colorant), extrait de cannabis, terp\u00e8nes, huile MCT.<\/span><\/p>\n<h5><em>Veuillez noter que les produits contenant de la g\u00e9latine peuvent fondre pendant le transport en \u00e9t\u00e9. Nous vous recommandons d&rsquo;\u00eatre conscient de ce probl\u00e8me potentiel lorsque vous passez votre commande. Malheureusement, nous ne pouvons pas offrir de remboursement ou de remplacement pour les produits qui fondent pendant le transport. Nous vous remercions de votre compr\u00e9hension.   <\/em><\/h5>\n","protected":false},"featured_media":227028,"comment_status":"closed","ping_status":"closed","template":"","meta":{"_acf_changed":false,"site-sidebar-layout":"default","site-content-layout":"","ast-site-content-layout":"default","site-content-style":"default","site-sidebar-style":"default","ast-global-header-display":"","ast-banner-title-visibility":"","ast-main-header-display":"","ast-hfb-above-header-display":"","ast-hfb-below-header-display":"","ast-hfb-mobile-header-display":"","site-post-title":"","ast-breadcrumbs-content":"","ast-featured-img":"","footer-sml-layout":"","ast-disable-related-posts":"","theme-transparent-header-meta":"default","adv-header-id-meta":"","stick-header-meta":"","header-above-stick-meta":"","header-main-stick-meta":"","header-below-stick-meta":"","astra-migrate-meta-layouts":"set","ast-page-background-enabled":"default","ast-page-background-meta":{"desktop":{"background-color":"var(--ast-global-color-4)","background-image":"","background-repeat":"repeat","background-position":"center center","background-size":"auto","background-attachment":"scroll","background-type":"","background-media":"","overlay-type":"","overlay-color":"","overlay-opacity":"","overlay-gradient":""},"tablet":{"background-color":"","background-image":"","background-repeat":"repeat","background-position":"center center","background-size":"auto","background-attachment":"scroll","background-type":"","background-media":"","overlay-type":"","overlay-color":"","overlay-opacity":"","overlay-gradient":""},"mobile":{"background-color":"","background-image":"","background-repeat":"repeat","background-position":"center center","background-size":"auto","background-attachment":"scroll","background-type":"","background-media":"","overlay-type":"","overlay-color":"","overlay-opacity":"","overlay-gradient":""}},"ast-content-background-meta":{"desktop":{"background-color":"var(--ast-global-color-5)","background-image":"","background-repeat":"repeat","background-position":"center center","background-size":"auto","background-attachment":"scroll","background-type":"","background-media":"","overlay-type":"","overlay-color":"","overlay-opacity":"","overlay-gradient":""},"tablet":{"background-color":"var(--ast-global-color-5)","background-image":"","background-repeat":"repeat","background-position":"center center","background-size":"auto","background-attachment":"scroll","background-type":"","background-media":"","overlay-type":"","overlay-color":"","overlay-opacity":"","overlay-gradient":""},"mobile":{"background-color":"var(--ast-global-color-5)","background-image":"","background-repeat":"repeat","background-position":"center center","background-size":"auto","background-attachment":"scroll","background-type":"","background-media":"","overlay-type":"","overlay-color":"","overlay-opacity":"","overlay-gradient":""}}},"product_brand":[],"product_cat":[1132,1128],"product_tag":[],"product_format_filter":[],"class_list":{"0":"post-44942","1":"product","2":"type-product","3":"status-publish","4":"has-post-thumbnail","6":"product_cat-bonbons","7":"product_cat-comestibles","8":"pa_cbd-20mg-fr","9":"pa_cbn-10mg-fr","10":"pa_flavours-peach-camomille-fr","11":"pa_format-5-unites","12":"pa_intensity-cbd-moyen","13":"pa_intensity-med-cbn-fr","14":"pa_intensity-thc-moyen","15":"pa_marques-care-by-design-fr","16":"pa_thc-10mg-fr","17":"pa_type-de-plante-cbd-fr","18":"pa_type-de-plante-cbn-fr","19":"pa_type-de-plante-thc-fr","20":"desktop-align-left","21":"tablet-align-left","22":"mobile-align-left","24":"first","25":"instock","26":"taxable","27":"shipping-taxable","28":"purchasable","29":"product-type-simple"},"group_of_quantity":0,"min_quantity":0,"max_quantity":"","exclude_order_quantity_value_rules":"no","exclude_category_quantity_rules":"no","combine_variations":"no","acf":[],"_links":{"self":[{"href":"https:\/\/mendomedical.ca\/fr\/wp-json\/wp\/v2\/product\/44942","targetHints":{"allow":["GET"]}}],"collection":[{"href":"https:\/\/mendomedical.ca\/fr\/wp-json\/wp\/v2\/product"}],"about":[{"href":"https:\/\/mendomedical.ca\/fr\/wp-json\/wp\/v2\/types\/product"}],"replies":[{"embeddable":true,"href":"https:\/\/mendomedical.ca\/fr\/wp-json\/wp\/v2\/comments?post=44942"}],"wp:featuredmedia":[{"embeddable":true,"href":"https:\/\/mendomedical.ca\/fr\/wp-json\/wp\/v2\/media\/227028"}],"wp:attachment":[{"href":"https:\/\/mendomedical.ca\/fr\/wp-json\/wp\/v2\/media?parent=44942"}],"wp:term":[{"taxonomy":"product_brand","embeddable":true,"href":"https:\/\/mendomedical.ca\/fr\/wp-json\/wp\/v2\/product_brand?post=44942"},{"taxonomy":"product_cat","embeddable":true,"href":"https:\/\/mendomedical.ca\/fr\/wp-json\/wp\/v2\/product_cat?post=44942"},{"taxonomy":"product_tag","embeddable":true,"href":"https:\/\/mendomedical.ca\/fr\/wp-json\/wp\/v2\/product_tag?post=44942"},{"taxonomy":"product_format_filter","embeddable":true,"href":"https:\/\/mendomedical.ca\/fr\/wp-json\/wp\/v2\/product_format_filter?post=44942"}],"curies":[{"name":"wp","href":"https:\/\/api.w.org\/{rel}","templated":true}]}}