{"id":44908,"date":"2021-07-01T11:19:21","date_gmt":"2021-07-01T15:19:21","guid":{"rendered":"https:\/\/mendomedical.ca\/?post_type=product&#038;p=44908"},"modified":"2025-09-02T15:04:42","modified_gmt":"2025-09-02T19:04:42","slug":"khalifa-mint-strain-specific-soft-chews","status":"publish","type":"product","link":"https:\/\/mendomedical.ca\/fr\/produit\/khalifa-mint-strain-specific-soft-chews\/","title":{"rendered":"Khalifa Mint Strain Specific Soft Chews"},"content":{"rendered":"","protected":false},"excerpt":{"rendered":"<p><strong>Sirop de Live Rosin \u00e0 haute teneur en terp\u00e8nes, sign\u00e9 First Press, infus\u00e9 avec des ar\u00f4mes compl\u00e9mentaires soigneusement s\u00e9lectionn\u00e9s par Persy. Nos edibles \u00e0 spectre complet de haute qualit\u00e9 offrent vraiment un spectre complet de cannabino\u00efdes et de terp\u00e8nes sp\u00e9cifique \u00e0 la souche sans les d\u00e9grader dans le processus de d\u00e9carboxylation. Appliquer la pression en mati\u00e8re de qualit\u00e9, de coh\u00e9rence et de transparence en utilisant du Live Rosin de premi\u00e8re pression, 100 % sans solvant et sp\u00e9cifique \u00e0 la souche, \u00e9lev\u00e9 et cultiv\u00e9 par les meilleurs producteurs du Canada. Que contiennent vos produits comestibles ?<\/strong><\/p>\n<p>&nbsp;<\/p>\n<h5><em>Veuillez noter que les produits contenant de la g\u00e9latine peuvent fondre pendant le transport en \u00e9t\u00e9. Nous vous recommandons d&rsquo;\u00eatre conscient de ce probl\u00e8me potentiel lorsque vous passez votre commande. Malheureusement, nous ne pouvons pas offrir de remboursement ou de remplacement pour les produits qui fondent pendant le transport. Nous vous remercions de votre compr\u00e9hension.   <\/em><\/h5>\n<p>&nbsp;<\/p>\n<h4>Ingr\u00e9dients<\/h4>\n<p>Sucre (sucre, sirop de ma\u00efs), eau, g\u00e9latine, acide citrique, ar\u00f4me naturel et artificiel, pectine, huile MCT, extrait de cannabis, jaune soleil FCF, huile de canola.<\/p>\n<h4>Peut contenir<\/h4>\n<p>SOY<\/p>\n","protected":false},"featured_media":44904,"comment_status":"closed","ping_status":"closed","template":"","meta":{"_acf_changed":false,"site-sidebar-layout":"default","site-content-layout":"","ast-site-content-layout":"default","site-content-style":"default","site-sidebar-style":"default","ast-global-header-display":"","ast-banner-title-visibility":"","ast-main-header-display":"","ast-hfb-above-header-display":"","ast-hfb-below-header-display":"","ast-hfb-mobile-header-display":"","site-post-title":"","ast-breadcrumbs-content":"","ast-featured-img":"","footer-sml-layout":"","ast-disable-related-posts":"","theme-transparent-header-meta":"default","adv-header-id-meta":"","stick-header-meta":"","header-above-stick-meta":"","header-main-stick-meta":"","header-below-stick-meta":"","astra-migrate-meta-layouts":"set","ast-page-background-enabled":"default","ast-page-background-meta":{"desktop":{"background-color":"var(--ast-global-color-4)","background-image":"","background-repeat":"repeat","background-position":"center center","background-size":"auto","background-attachment":"scroll","background-type":"","background-media":"","overlay-type":"","overlay-color":"","overlay-opacity":"","overlay-gradient":""},"tablet":{"background-color":"","background-image":"","background-repeat":"repeat","background-position":"center center","background-size":"auto","background-attachment":"scroll","background-type":"","background-media":"","overlay-type":"","overlay-color":"","overlay-opacity":"","overlay-gradient":""},"mobile":{"background-color":"","background-image":"","background-repeat":"repeat","background-position":"center center","background-size":"auto","background-attachment":"scroll","background-type":"","background-media":"","overlay-type":"","overlay-color":"","overlay-opacity":"","overlay-gradient":""}},"ast-content-background-meta":{"desktop":{"background-color":"var(--ast-global-color-5)","background-image":"","background-repeat":"repeat","background-position":"center center","background-size":"auto","background-attachment":"scroll","background-type":"","background-media":"","overlay-type":"","overlay-color":"","overlay-opacity":"","overlay-gradient":""},"tablet":{"background-color":"var(--ast-global-color-5)","background-image":"","background-repeat":"repeat","background-position":"center center","background-size":"auto","background-attachment":"scroll","background-type":"","background-media":"","overlay-type":"","overlay-color":"","overlay-opacity":"","overlay-gradient":""},"mobile":{"background-color":"var(--ast-global-color-5)","background-image":"","background-repeat":"repeat","background-position":"center center","background-size":"auto","background-attachment":"scroll","background-type":"","background-media":"","overlay-type":"","overlay-color":"","overlay-opacity":"","overlay-gradient":""}}},"product_brand":[],"product_cat":[1132,1511,1128],"product_tag":[2928],"product_format_filter":[],"class_list":{"0":"post-44908","1":"product","2":"type-product","3":"status-publish","4":"has-post-thumbnail","6":"product_cat-bonbons","7":"product_cat-full-spectrum-fr","8":"product_cat-comestibles","9":"product_tag-persy-fr","10":"pa_flavours-orange-fr","11":"pa_format-2-unites","12":"pa_intensity-thc-moyen","13":"pa_origin-ontario-fr","14":"pa_thc-10mg-fr","15":"desktop-align-left","16":"tablet-align-left","17":"mobile-align-left","19":"first","20":"outofstock","21":"taxable","22":"shipping-taxable","23":"purchasable","24":"product-type-simple"},"group_of_quantity":0,"min_quantity":0,"max_quantity":"","exclude_order_quantity_value_rules":"no","exclude_category_quantity_rules":"no","combine_variations":"no","acf":[],"_links":{"self":[{"href":"https:\/\/mendomedical.ca\/fr\/wp-json\/wp\/v2\/product\/44908","targetHints":{"allow":["GET"]}}],"collection":[{"href":"https:\/\/mendomedical.ca\/fr\/wp-json\/wp\/v2\/product"}],"about":[{"href":"https:\/\/mendomedical.ca\/fr\/wp-json\/wp\/v2\/types\/product"}],"replies":[{"embeddable":true,"href":"https:\/\/mendomedical.ca\/fr\/wp-json\/wp\/v2\/comments?post=44908"}],"wp:featuredmedia":[{"embeddable":true,"href":"https:\/\/mendomedical.ca\/fr\/wp-json\/wp\/v2\/media\/44904"}],"wp:attachment":[{"href":"https:\/\/mendomedical.ca\/fr\/wp-json\/wp\/v2\/media?parent=44908"}],"wp:term":[{"taxonomy":"product_brand","embeddable":true,"href":"https:\/\/mendomedical.ca\/fr\/wp-json\/wp\/v2\/product_brand?post=44908"},{"taxonomy":"product_cat","embeddable":true,"href":"https:\/\/mendomedical.ca\/fr\/wp-json\/wp\/v2\/product_cat?post=44908"},{"taxonomy":"product_tag","embeddable":true,"href":"https:\/\/mendomedical.ca\/fr\/wp-json\/wp\/v2\/product_tag?post=44908"},{"taxonomy":"product_format_filter","embeddable":true,"href":"https:\/\/mendomedical.ca\/fr\/wp-json\/wp\/v2\/product_format_filter?post=44908"}],"curies":[{"name":"wp","href":"https:\/\/api.w.org\/{rel}","templated":true}]}}