{"id":44894,"date":"2025-08-25T08:44:08","date_gmt":"2025-08-25T12:44:08","guid":{"rendered":"https:\/\/mendomedical.ca\/?post_type=product&#038;p=44894"},"modified":"2026-04-16T10:52:15","modified_gmt":"2026-04-16T14:52:15","slug":"the-dream-ampules-beverage-enhancer","status":"publish","type":"product","link":"https:\/\/mendomedical.ca\/fr\/produit\/the-dream-ampules-beverage-enhancer\/","title":{"rendered":"The Dream 2:1:1:2 Ampoules Am\u00e9lioration des boissons"},"content":{"rendered":"","protected":false},"excerpt":{"rendered":"<div class=\"ExternalClassB6DDDDB616D0499AB027AFF3A29E6A68\">\n<h3>The Dream 2:1:1:2 Ampoules Am\u00e9lioration des boissons<\/h3>\n<p>Transformez n&rsquo;importe quelle boisson en une boisson \u00e9nergisante infus\u00e9e au cannabis avec les ampoules The Dream 2:1:1:2 de Jane &amp; Juice. Ces exhausteurs de boissons hydrosolubles innovants offrent un dosage pr\u00e9cis et une portabilit\u00e9 pratique dans des ampoules faciles \u00e0 utiliser. Avec un ratio \u00e9quilibr\u00e9 de 2:1:1:2 cannabino\u00efdes, cette formulation est sp\u00e9cialement con\u00e7ue pour produire des effets stimulants et \u00e9nergisants, ce qui en fait un choix id\u00e9al pour la journ\u00e9e ou lorsque vous avez besoin d&rsquo;un coup de fouet suppl\u00e9mentaire.  <\/p>\n<h4>Caract\u00e9ristiques principales<\/h4>\n<ul>\n<li>Formule hydrosoluble \u00e0 action et compensation rapides pour des effets pr\u00e9visibles<\/li>\n<li>Ampoules pratiques \u00e0 ouverture par rotation et refermables pour un dosage en cours de route<\/li>\n<li>Formule enti\u00e8rement naturelle au go\u00fbt de plantes et sans additifs artificiels<\/li>\n<li>Fait partie du profil d&rsquo;humeur \u00ab\u00a0\u00c9nergie\u00a0\u00bb pour des effets stimulants et \u00e9nergisants.<\/li>\n<li>Le syst\u00e8me pr\u00e9cis de pressage-dosage permet de personnaliser la taille des portions.<\/li>\n<\/ul>\n<h4>Pourquoi choisir Drinkables ?<\/h4>\n<p>Les boissons infus\u00e9es au cannabis et les exhausteurs de boissons offrent aux utilisateurs m\u00e9dicaux une m\u00e9thode de consommation sans fum\u00e9e et respectueuse des poumons, avec un effet plus rapide que les edibles traditionnels. Le format hydrosoluble garantit une meilleure biodisponibilit\u00e9 et des effets plus pr\u00e9visibles, ce qui permet de trouver plus facilement la dose id\u00e9ale. <\/p>\n<h4>Exp\u00e9dition dans tout le Canada<\/h4>\n<p>Le produit The Dream 2:1:1:2 Ampules Beverage Enhancer est exp\u00e9di\u00e9 rapidement au Canada. Nous offrons la livraison gratuite pour toutes les commandes de plus de 150 $. <\/p>\n<h4>Avantages et couverture pour les anciens combattants<\/h4>\n<p>Le produit Dream 2:1:1:2 Ampules est admissible \u00e0 la couverture d&rsquo;ACC (Anciens Combattants Canada) et \u00e0 la facturation directe par l&rsquo;entremise de la Croix Bleue, ce qui signifie que les anciens combattants admissibles n&rsquo;ont pas \u00e0 d\u00e9bourser d&rsquo;argent. Si vous n&rsquo;avez pas encore de carte m\u00e9dicale, vous pouvez <a href=\"https:\/\/mendomedical.ca\/fr\/carte-medicale\/\">obtenir votre carte m\u00e9dicale gratuite rapidement et facilement<\/a>. <\/p>\n<p><strong>Ingr\u00e9dients :<\/strong> Eau purifi\u00e9e, huile de coco, vitamine E, l\u00e9cithine, acide sorbique, benzoate de sodium, 1,3 propanediol, gomme arabique et extrait de cannabis.<\/p>\n<\/div>\n","protected":false},"featured_media":44896,"comment_status":"closed","ping_status":"closed","template":"","meta":{"_acf_changed":false,"site-sidebar-layout":"default","site-content-layout":"","ast-site-content-layout":"default","site-content-style":"default","site-sidebar-style":"default","ast-global-header-display":"","ast-banner-title-visibility":"","ast-main-header-display":"","ast-hfb-above-header-display":"","ast-hfb-below-header-display":"","ast-hfb-mobile-header-display":"","site-post-title":"","ast-breadcrumbs-content":"","ast-featured-img":"","footer-sml-layout":"","ast-disable-related-posts":"","theme-transparent-header-meta":"default","adv-header-id-meta":"","stick-header-meta":"","header-above-stick-meta":"","header-main-stick-meta":"","header-below-stick-meta":"","astra-migrate-meta-layouts":"set","ast-page-background-enabled":"default","ast-page-background-meta":{"desktop":{"background-color":"var(--ast-global-color-4)","background-image":"","background-repeat":"repeat","background-position":"center center","background-size":"auto","background-attachment":"scroll","background-type":"","background-media":"","overlay-type":"","overlay-color":"","overlay-opacity":"","overlay-gradient":""},"tablet":{"background-color":"","background-image":"","background-repeat":"repeat","background-position":"center center","background-size":"auto","background-attachment":"scroll","background-type":"","background-media":"","overlay-type":"","overlay-color":"","overlay-opacity":"","overlay-gradient":""},"mobile":{"background-color":"","background-image":"","background-repeat":"repeat","background-position":"center center","background-size":"auto","background-attachment":"scroll","background-type":"","background-media":"","overlay-type":"","overlay-color":"","overlay-opacity":"","overlay-gradient":""}},"ast-content-background-meta":{"desktop":{"background-color":"var(--ast-global-color-5)","background-image":"","background-repeat":"repeat","background-position":"center center","background-size":"auto","background-attachment":"scroll","background-type":"","background-media":"","overlay-type":"","overlay-color":"","overlay-opacity":"","overlay-gradient":""},"tablet":{"background-color":"var(--ast-global-color-5)","background-image":"","background-repeat":"repeat","background-position":"center center","background-size":"auto","background-attachment":"scroll","background-type":"","background-media":"","overlay-type":"","overlay-color":"","overlay-opacity":"","overlay-gradient":""},"mobile":{"background-color":"var(--ast-global-color-5)","background-image":"","background-repeat":"repeat","background-position":"center center","background-size":"auto","background-attachment":"scroll","background-type":"","background-media":"","overlay-type":"","overlay-color":"","overlay-opacity":"","overlay-gradient":""}}},"product_brand":[],"product_cat":[1131,1135,1128],"product_tag":[2307],"product_format_filter":[],"class_list":{"0":"post-44894","1":"product","2":"type-product","3":"status-publish","4":"has-post-thumbnail","6":"product_cat-boissons","7":"product_cat-sans-sucre","8":"product_cat-comestibles","9":"product_tag-jane-juice-fr","10":"pa_cbd-100mg-fr","11":"pa_cbg-50mg","12":"pa_cbn-50mg-fr","13":"pa_format-10-unites","14":"pa_intensity-low-cbg-fr","15":"pa_intensity-low-cbn-fr","16":"pa_intensity-cbd-moyen","17":"pa_intensity-thc-moyen","18":"pa_marques-jane-juice-fr","19":"pa_origin-quebec-fr","20":"pa_thc-100mg-fr","21":"desktop-align-left","22":"tablet-align-left","23":"mobile-align-left","25":"first","26":"instock","27":"taxable","28":"shipping-taxable","29":"purchasable","30":"product-type-simple"},"group_of_quantity":0,"min_quantity":0,"max_quantity":"","exclude_order_quantity_value_rules":"no","exclude_category_quantity_rules":"no","combine_variations":"no","acf":[],"_links":{"self":[{"href":"https:\/\/mendomedical.ca\/fr\/wp-json\/wp\/v2\/product\/44894","targetHints":{"allow":["GET"]}}],"collection":[{"href":"https:\/\/mendomedical.ca\/fr\/wp-json\/wp\/v2\/product"}],"about":[{"href":"https:\/\/mendomedical.ca\/fr\/wp-json\/wp\/v2\/types\/product"}],"replies":[{"embeddable":true,"href":"https:\/\/mendomedical.ca\/fr\/wp-json\/wp\/v2\/comments?post=44894"}],"wp:featuredmedia":[{"embeddable":true,"href":"https:\/\/mendomedical.ca\/fr\/wp-json\/wp\/v2\/media\/44896"}],"wp:attachment":[{"href":"https:\/\/mendomedical.ca\/fr\/wp-json\/wp\/v2\/media?parent=44894"}],"wp:term":[{"taxonomy":"product_brand","embeddable":true,"href":"https:\/\/mendomedical.ca\/fr\/wp-json\/wp\/v2\/product_brand?post=44894"},{"taxonomy":"product_cat","embeddable":true,"href":"https:\/\/mendomedical.ca\/fr\/wp-json\/wp\/v2\/product_cat?post=44894"},{"taxonomy":"product_tag","embeddable":true,"href":"https:\/\/mendomedical.ca\/fr\/wp-json\/wp\/v2\/product_tag?post=44894"},{"taxonomy":"product_format_filter","embeddable":true,"href":"https:\/\/mendomedical.ca\/fr\/wp-json\/wp\/v2\/product_format_filter?post=44894"}],"curies":[{"name":"wp","href":"https:\/\/api.w.org\/{rel}","templated":true}]}}