{"id":44888,"date":"2025-08-25T08:50:54","date_gmt":"2025-08-25T12:50:54","guid":{"rendered":"https:\/\/mendomedical.ca\/?post_type=product&#038;p=44888"},"modified":"2026-03-18T10:37:53","modified_gmt":"2026-03-18T14:37:53","slug":"ampoules-gold-rush-rehausseur-de-boisson","status":"publish","type":"product","link":"https:\/\/mendomedical.ca\/fr\/produit\/ampoules-gold-rush-rehausseur-de-boisson\/","title":{"rendered":"Gold Rush Ampules Beverage Enhancer"},"content":{"rendered":"","protected":false},"excerpt":{"rendered":"<div class=\"ExternalClassF3DE848EB74444598DDBCC0CB7C781ED\">\n<h3>Gold Rush Ampules Beverage Enhancer<\/h3>\n<p>Transformez vos boissons pr\u00e9f\u00e9r\u00e9es avec les ampoules Gold Rush de Jane &amp; Juice. Cet extrait de cannabis hydrosoluble innovant offre un dosage pr\u00e9cis et des effets rapides dans un format pratique et portable. Con\u00e7ues pour ceux qui recherchent une exp\u00e9rience \u00e9nergisante, ces ampoules pr\u00e9sentent un design unique \u00e0 ouverture par rotation qui rend la consommation de cannabis \u00e0 la fois discr\u00e8te et sans effort.  <\/p>\n<h4>Caract\u00e9ristiques principales<\/h4>\n<ul>\n<li>Formule hydrosoluble \u00e0 action rapide avec des temps d&rsquo;action et d&rsquo;\u00e9limination rapides<\/li>\n<li>Ampoules portables \u00e0 ouverture par rotation et \u00e0 conception refermable pour une utilisation pratique en d\u00e9placement<\/li>\n<li>Effets \u00e9nergisants et stimulants dans le cadre du profil d&rsquo;humeur \u00ab\u00a0\u00c9nergie\u00a0\u00bb.<\/li>\n<li>Formule enti\u00e8rement naturelle au go\u00fbt de plantes et sans additifs artificiels<\/li>\n<li>Contr\u00f4le pr\u00e9cis du dosage avec application par simple pression<\/li>\n<\/ul>\n<h4>Profil d&rsquo;ar\u00f4me<\/h4>\n<p>Les ampoules Gold Rush ont un go\u00fbt naturel et herbac\u00e9, sans ar\u00f4mes ajout\u00e9s. La formulation enti\u00e8rement naturelle permet aux notes authentiques de l&rsquo;extrait de cannabis de se manifester, offrant une exp\u00e9rience propre et pure lorsqu&rsquo;elles sont ajout\u00e9es \u00e0 vos boissons. <\/p>\n<h4>Pourquoi choisir les exhausteurs de boissons \u00e0 base de cannabis ?<\/h4>\n<p>Les exhausteurs de boisson \u00e0 base de cannabis offrent aux utilisateurs m\u00e9dicaux une alternative sans fum\u00e9e et respectueuse des poumons, avec un contr\u00f4le pr\u00e9cis du dosage. Le format hydrosoluble garantit des effets constants et une absorption plus rapide que les edibles traditionnels, ce qui facilite la gestion de votre routine th\u00e9rapeutique. <\/p>\n<h4>Exp\u00e9dition dans tout le Canada<\/h4>\n<p>Le produit Gold Rush Ampules Beverage Enhancer est exp\u00e9di\u00e9 rapidement au Canada. Nous offrons une livraison gratuite pour les commandes de plus de 150 $. Veuillez noter que ce produit contient du liquide et qu&rsquo;il doit \u00eatre conserv\u00e9 dans un endroit frais et sec d\u00e8s son arriv\u00e9e.  <\/p>\n<h4>Avantages et couverture pour les anciens combattants<\/h4>\n<p>Gold Rush Ampules Beverage Enhancer est admissible \u00e0 la couverture d&rsquo;ACC (Anciens Combattants Canada) avec facturation directe par l&rsquo;entremise de la Croix Bleue, ce qui signifie que les anciens combattants admissibles n&rsquo;ont pas \u00e0 d\u00e9bourser d&rsquo;argent. Si vous n&rsquo;avez pas encore votre carte de cannabis m\u00e9dical, <a href=\"https:\/\/mendomedical.ca\/fr\/carte-medicale\/\">obtenez votre carte m\u00e9dicale gratuite rapidement et facilement ici<\/a>. <\/p>\n<h4>Ingr\u00e9dients<\/h4>\n<p>Eau purifi\u00e9e, huile de coco, vitamine E, l\u00e9cithine, acide sorbique, propanediol, gomme arabique, extrait de cannabis<br \/>Contient : MOUTARDE, SULFITES, S\u00c9SAME<\/p>\n<\/div>\n","protected":false},"featured_media":44890,"comment_status":"closed","ping_status":"closed","template":"","meta":{"_acf_changed":false,"site-sidebar-layout":"default","site-content-layout":"","ast-site-content-layout":"default","site-content-style":"default","site-sidebar-style":"default","ast-global-header-display":"","ast-banner-title-visibility":"","ast-main-header-display":"","ast-hfb-above-header-display":"","ast-hfb-below-header-display":"","ast-hfb-mobile-header-display":"","site-post-title":"","ast-breadcrumbs-content":"","ast-featured-img":"","footer-sml-layout":"","ast-disable-related-posts":"","theme-transparent-header-meta":"default","adv-header-id-meta":"","stick-header-meta":"","header-above-stick-meta":"","header-main-stick-meta":"","header-below-stick-meta":"","astra-migrate-meta-layouts":"set","ast-page-background-enabled":"default","ast-page-background-meta":{"desktop":{"background-color":"var(--ast-global-color-4)","background-image":"","background-repeat":"repeat","background-position":"center center","background-size":"auto","background-attachment":"scroll","background-type":"","background-media":"","overlay-type":"","overlay-color":"","overlay-opacity":"","overlay-gradient":""},"tablet":{"background-color":"","background-image":"","background-repeat":"repeat","background-position":"center center","background-size":"auto","background-attachment":"scroll","background-type":"","background-media":"","overlay-type":"","overlay-color":"","overlay-opacity":"","overlay-gradient":""},"mobile":{"background-color":"","background-image":"","background-repeat":"repeat","background-position":"center center","background-size":"auto","background-attachment":"scroll","background-type":"","background-media":"","overlay-type":"","overlay-color":"","overlay-opacity":"","overlay-gradient":""}},"ast-content-background-meta":{"desktop":{"background-color":"var(--ast-global-color-5)","background-image":"","background-repeat":"repeat","background-position":"center center","background-size":"auto","background-attachment":"scroll","background-type":"","background-media":"","overlay-type":"","overlay-color":"","overlay-opacity":"","overlay-gradient":""},"tablet":{"background-color":"var(--ast-global-color-5)","background-image":"","background-repeat":"repeat","background-position":"center center","background-size":"auto","background-attachment":"scroll","background-type":"","background-media":"","overlay-type":"","overlay-color":"","overlay-opacity":"","overlay-gradient":""},"mobile":{"background-color":"var(--ast-global-color-5)","background-image":"","background-repeat":"repeat","background-position":"center center","background-size":"auto","background-attachment":"scroll","background-type":"","background-media":"","overlay-type":"","overlay-color":"","overlay-opacity":"","overlay-gradient":""}}},"product_brand":[],"product_cat":[1131,1135,1128],"product_tag":[],"product_format_filter":[],"class_list":{"0":"post-44888","1":"product","2":"type-product","3":"status-publish","4":"has-post-thumbnail","6":"product_cat-boissons","7":"product_cat-sans-sucre","8":"product_cat-comestibles","9":"pa_format-10-unites","10":"pa_intensity-faible-thc","11":"pa_marques-jane-juice-fr","12":"pa_origin-quebec-fr","13":"pa_thc-100mg-fr","14":"pa_type-de-plante-thc-fr","15":"desktop-align-left","16":"tablet-align-left","17":"mobile-align-left","19":"first","20":"instock","21":"taxable","22":"shipping-taxable","23":"purchasable","24":"product-type-simple"},"group_of_quantity":0,"min_quantity":0,"max_quantity":"","exclude_order_quantity_value_rules":"no","exclude_category_quantity_rules":"no","combine_variations":"no","acf":[],"_links":{"self":[{"href":"https:\/\/mendomedical.ca\/fr\/wp-json\/wp\/v2\/product\/44888","targetHints":{"allow":["GET"]}}],"collection":[{"href":"https:\/\/mendomedical.ca\/fr\/wp-json\/wp\/v2\/product"}],"about":[{"href":"https:\/\/mendomedical.ca\/fr\/wp-json\/wp\/v2\/types\/product"}],"replies":[{"embeddable":true,"href":"https:\/\/mendomedical.ca\/fr\/wp-json\/wp\/v2\/comments?post=44888"}],"wp:featuredmedia":[{"embeddable":true,"href":"https:\/\/mendomedical.ca\/fr\/wp-json\/wp\/v2\/media\/44890"}],"wp:attachment":[{"href":"https:\/\/mendomedical.ca\/fr\/wp-json\/wp\/v2\/media?parent=44888"}],"wp:term":[{"taxonomy":"product_brand","embeddable":true,"href":"https:\/\/mendomedical.ca\/fr\/wp-json\/wp\/v2\/product_brand?post=44888"},{"taxonomy":"product_cat","embeddable":true,"href":"https:\/\/mendomedical.ca\/fr\/wp-json\/wp\/v2\/product_cat?post=44888"},{"taxonomy":"product_tag","embeddable":true,"href":"https:\/\/mendomedical.ca\/fr\/wp-json\/wp\/v2\/product_tag?post=44888"},{"taxonomy":"product_format_filter","embeddable":true,"href":"https:\/\/mendomedical.ca\/fr\/wp-json\/wp\/v2\/product_format_filter?post=44888"}],"curies":[{"name":"wp","href":"https:\/\/api.w.org\/{rel}","templated":true}]}}