{"id":44880,"date":"2025-08-25T08:50:54","date_gmt":"2025-08-25T12:50:54","guid":{"rendered":"https:\/\/mendomedical.ca\/?post_type=product&#038;p=44880"},"modified":"2026-03-25T12:38:59","modified_gmt":"2026-03-25T16:38:59","slug":"ampoules-rocket-man-rehausseur-de-boisson","status":"publish","type":"product","link":"https:\/\/mendomedical.ca\/fr\/produit\/ampoules-rocket-man-rehausseur-de-boisson\/","title":{"rendered":"Rocket Man Ampules Beverage Enhancer"},"content":{"rendered":"","protected":false},"excerpt":{"rendered":"<div class=\"ExternalClassF6130A99104D418CB9516E925F965BB2\">\n<h3>Rocket Man Ampules Beverage Enhancer<\/h3>\n<p>Transformez vos boissons pr\u00e9f\u00e9r\u00e9es avec les ampoules Rocket Man de Jane &amp; Juice, un exhausteur de boissons THC hydrosoluble innovant con\u00e7u pour un dosage pr\u00e9cis et une portabilit\u00e9 pratique. Ces ampoules de poche pr\u00e9sentent une formulation \u00e9nergisante qui offre des temps d&rsquo;apparition et de disparition rapides, ce qui les rend id\u00e9ales pour les consommateurs de cannabis m\u00e9dical \u00e0 la recherche d&rsquo;effets stimulants avec un timing pr\u00e9visible. L&rsquo;extrait enti\u00e8rement naturel, au go\u00fbt d&rsquo;herbe, s&rsquo;int\u00e8gre parfaitement dans n&rsquo;importe quelle boisson, sans additifs ni ar\u00f4mes artificiels.  <\/p>\n<h4>Caract\u00e9ristiques principales<\/h4>\n<ul>\n<li>Extrait de THC soluble dans l&rsquo;eau pour une absorption et des effets rapides<\/li>\n<li>Ampoules pratiques \u00e0 ouverture par rotation et refermables pour un contr\u00f4le pr\u00e9cis du dosage<\/li>\n<li>Le format portable se glisse facilement dans une poche ou un sac \u00e0 main pour une utilisation en d\u00e9placement.<\/li>\n<li>Fait partie de la gamme de profils d&rsquo;humeur \u00ab\u00a0Energy\u00a0\u00bb aux propri\u00e9t\u00e9s \u00e9nergisantes et stimulantes.<\/li>\n<li>Formule enti\u00e8rement naturelle au go\u00fbt de plantes, sans additifs artificiels.<\/li>\n<\/ul>\n<h4>Ingr\u00e9dients<\/h4>\n<p>Eau purifi\u00e9e, huile de coco, vitamine E, l\u00e9cithine, acide sorbique, benzoate de sodium, 1,3 propanediol, gomme arabique et extrait de cannabis THC.<\/p>\n<h4>Pourquoi choisir Drinkables ?<\/h4>\n<p>Les boissons infus\u00e9es au cannabis offrent aux utilisateurs m\u00e9dicaux une m\u00e9thode de consommation discr\u00e8te, sans fum\u00e9e, avec des capacit\u00e9s de dosage pr\u00e9cises. Le format hydrosoluble garantit des effets constants et plus rapides que les edibles traditionnels, ce qui les rend id\u00e9aux pour la gestion des sympt\u00f4mes pendant la journ\u00e9e. <\/p>\n<h4>Exp\u00e9dition dans tout le Canada<\/h4>\n<p>Rocket Man Ampules Beverage Enhancer est exp\u00e9di\u00e9 rapidement au Canada. Nous offrons la livraison gratuite pour les commandes de plus de 150 $. <\/p>\n<h4>Avantages et couverture pour les anciens combattants<\/h4>\n<p>Rocket Man Ampules Beverage Enhancer est admissible \u00e0 la couverture d&rsquo;ACC (Anciens Combattants Canada) et \u00e0 la facturation directe par l&rsquo;entremise de la Croix Bleue, sans aucun d\u00e9bours\u00e9. Si vous n&rsquo;avez pas encore de carte m\u00e9dicale, <a href=\"https:\/\/mendomedical.ca\/fr\/carte-medicale\/\">obtenez-la rapidement et facilement<\/a>. <\/p>\n<\/div>\n","protected":false},"featured_media":44882,"comment_status":"closed","ping_status":"closed","template":"","meta":{"_acf_changed":false,"site-sidebar-layout":"default","site-content-layout":"","ast-site-content-layout":"default","site-content-style":"default","site-sidebar-style":"default","ast-global-header-display":"","ast-banner-title-visibility":"","ast-main-header-display":"","ast-hfb-above-header-display":"","ast-hfb-below-header-display":"","ast-hfb-mobile-header-display":"","site-post-title":"","ast-breadcrumbs-content":"","ast-featured-img":"","footer-sml-layout":"","ast-disable-related-posts":"","theme-transparent-header-meta":"default","adv-header-id-meta":"","stick-header-meta":"","header-above-stick-meta":"","header-main-stick-meta":"","header-below-stick-meta":"","astra-migrate-meta-layouts":"set","ast-page-background-enabled":"default","ast-page-background-meta":{"desktop":{"background-color":"var(--ast-global-color-4)","background-image":"","background-repeat":"repeat","background-position":"center center","background-size":"auto","background-attachment":"scroll","background-type":"","background-media":"","overlay-type":"","overlay-color":"","overlay-opacity":"","overlay-gradient":""},"tablet":{"background-color":"","background-image":"","background-repeat":"repeat","background-position":"center center","background-size":"auto","background-attachment":"scroll","background-type":"","background-media":"","overlay-type":"","overlay-color":"","overlay-opacity":"","overlay-gradient":""},"mobile":{"background-color":"","background-image":"","background-repeat":"repeat","background-position":"center center","background-size":"auto","background-attachment":"scroll","background-type":"","background-media":"","overlay-type":"","overlay-color":"","overlay-opacity":"","overlay-gradient":""}},"ast-content-background-meta":{"desktop":{"background-color":"var(--ast-global-color-5)","background-image":"","background-repeat":"repeat","background-position":"center center","background-size":"auto","background-attachment":"scroll","background-type":"","background-media":"","overlay-type":"","overlay-color":"","overlay-opacity":"","overlay-gradient":""},"tablet":{"background-color":"var(--ast-global-color-5)","background-image":"","background-repeat":"repeat","background-position":"center center","background-size":"auto","background-attachment":"scroll","background-type":"","background-media":"","overlay-type":"","overlay-color":"","overlay-opacity":"","overlay-gradient":""},"mobile":{"background-color":"var(--ast-global-color-5)","background-image":"","background-repeat":"repeat","background-position":"center center","background-size":"auto","background-attachment":"scroll","background-type":"","background-media":"","overlay-type":"","overlay-color":"","overlay-opacity":"","overlay-gradient":""}}},"product_brand":[],"product_cat":[1131,1135,1128],"product_tag":[],"product_format_filter":[6366],"class_list":{"0":"post-44880","1":"product","2":"type-product","3":"status-publish","4":"has-post-thumbnail","6":"product_cat-boissons","7":"product_cat-sans-sucre","8":"product_cat-comestibles","9":"pa_format-10-unites","10":"pa_intensity-faible-thc","11":"pa_marques-jane-juice-fr","12":"pa_origin-quebec-fr","13":"pa_profil-terpene-limonene-fr","14":"pa_profil-terpene-pinene-fr","15":"pa_thc-100mg-fr","16":"pa_type-de-plante-sativa-fr","17":"product_format_filter-1units","18":"desktop-align-left","19":"tablet-align-left","20":"mobile-align-left","22":"first","23":"instock","24":"taxable","25":"shipping-taxable","26":"purchasable","27":"product-type-simple"},"group_of_quantity":0,"min_quantity":0,"max_quantity":"","exclude_order_quantity_value_rules":"no","exclude_category_quantity_rules":"no","combine_variations":"no","acf":[],"_links":{"self":[{"href":"https:\/\/mendomedical.ca\/fr\/wp-json\/wp\/v2\/product\/44880","targetHints":{"allow":["GET"]}}],"collection":[{"href":"https:\/\/mendomedical.ca\/fr\/wp-json\/wp\/v2\/product"}],"about":[{"href":"https:\/\/mendomedical.ca\/fr\/wp-json\/wp\/v2\/types\/product"}],"replies":[{"embeddable":true,"href":"https:\/\/mendomedical.ca\/fr\/wp-json\/wp\/v2\/comments?post=44880"}],"wp:featuredmedia":[{"embeddable":true,"href":"https:\/\/mendomedical.ca\/fr\/wp-json\/wp\/v2\/media\/44882"}],"wp:attachment":[{"href":"https:\/\/mendomedical.ca\/fr\/wp-json\/wp\/v2\/media?parent=44880"}],"wp:term":[{"taxonomy":"product_brand","embeddable":true,"href":"https:\/\/mendomedical.ca\/fr\/wp-json\/wp\/v2\/product_brand?post=44880"},{"taxonomy":"product_cat","embeddable":true,"href":"https:\/\/mendomedical.ca\/fr\/wp-json\/wp\/v2\/product_cat?post=44880"},{"taxonomy":"product_tag","embeddable":true,"href":"https:\/\/mendomedical.ca\/fr\/wp-json\/wp\/v2\/product_tag?post=44880"},{"taxonomy":"product_format_filter","embeddable":true,"href":"https:\/\/mendomedical.ca\/fr\/wp-json\/wp\/v2\/product_format_filter?post=44880"}],"curies":[{"name":"wp","href":"https:\/\/api.w.org\/{rel}","templated":true}]}}