{"id":44868,"date":"2025-08-25T08:00:49","date_gmt":"2025-08-25T12:00:49","guid":{"rendered":"https:\/\/mendomedical.ca\/?post_type=product&#038;p=44868"},"modified":"2026-04-16T12:29:46","modified_gmt":"2026-04-16T16:29:46","slug":"synchronicity-11-ampules-beverage-enhancer","status":"publish","type":"product","link":"https:\/\/mendomedical.ca\/fr\/produit\/synchronicity-11-ampules-beverage-enhancer\/","title":{"rendered":"Synchronicity 1:1 Ampoules Boisson am\u00e9lior\u00e9e"},"content":{"rendered":"","protected":false},"excerpt":{"rendered":"<div class=\"ExternalClassE7F2D07571184251B0EB3C9984B28321\">\n<h3>Synchronicity 1:1 Ampoules Boisson am\u00e9lior\u00e9e<\/h3>\n<p>Transformez vos boissons pr\u00e9f\u00e9r\u00e9es avec les ampoules Synchronicity 1:1 de Jane &amp; Juice - des extraits de cannabis pratiques et solubles dans l&rsquo;eau, con\u00e7us pour un dosage pr\u00e9cis et des effets rapides. Ces ampoules portables pr\u00e9sentent un design innovant avec un bouchon refermable, ce qui les rend parfaites pour une utilisation en d\u00e9placement. Faisant partie de la gamme de profils d&rsquo;humeur \u00ab\u00a0Energy\u00a0\u00bb, cette formulation enti\u00e8rement naturelle d\u00e9livre des effets \u00e9nergisants et stimulants sans additifs ni ar\u00f4mes artificiels.  <\/p>\n<h4>Caract\u00e9ristiques principales<\/h4>\n<ul>\n<li>La formule hydrosoluble garantit une apparition et une disparition rapides des effets.<\/li>\n<li>Ampoules pratiques \u00e0 ouverture par rotation avec pression dosable et conception refermable<\/li>\n<li>Le format portable se glisse facilement dans les poches ou les sacs \u00e0 main pour une utilisation discr\u00e8te.<\/li>\n<li>Ingr\u00e9dients enti\u00e8rement naturels au go\u00fbt de plantes<\/li>\n<li>Formule \u00e9nergisante con\u00e7ue pour favoriser une humeur positive<\/li>\n<\/ul>\n<h4>Pourquoi choisir Drinkables ?<\/h4>\n<p>Les boissons et exhausteurs infus\u00e9s au cannabis permettent aux utilisateurs m\u00e9dicaux de contr\u00f4ler pr\u00e9cis\u00e9ment leur dosage tout en offrant une alternative sans fum\u00e9e. Le format hydrosoluble assure une absorption constante et un timing pr\u00e9visible, ce qui facilite la gestion de votre routine de bien-\u00eatre tout au long de la journ\u00e9e. <\/p>\n<h4>Exp\u00e9dition dans tout le Canada<\/h4>\n<p>Le produit Synchronicity 1:1 Ampules Beverage Enhancer est exp\u00e9di\u00e9 rapidement au Canada. Nous offrons une livraison gratuite pour les commandes de plus de 150 $, ce qui vous assure de recevoir vos produits \u00e0 votre porte. <\/p>\n<h4>Avantages et couverture pour les anciens combattants<\/h4>\n<p>Le produit Synchronicity 1:1 Ampules Beverage Enhancer est admissible \u00e0 la couverture d&rsquo;ACC (Anciens Combattants Canada) avec facturation directe par la Croix Bleue, ce qui signifie que les anciens combattants admissibles n&rsquo;ont pas \u00e0 d\u00e9bourser de frais. Si vous n&rsquo;avez pas encore votre carte de cannabis m\u00e9dical, vous pouvez l&rsquo;obtenir rapidement et facilement gr\u00e2ce \u00e0 <a href=\"https:\/\/mendomedical.ca\/fr\/carte-medicale\/\">notre processus de demande simplifi\u00e9.<\/a><\/p>\n<p><strong>Ingr\u00e9dients :<\/strong> Eau purifi\u00e9e, huile de coco, vitamine E, l\u00e9cithine, acide sorbique, propanediol, gomme arabique, extrait de cannabis.<\/p>\n<p><strong>Contient des NOIX D&rsquo;ARBRE<\/strong><\/p>\n<\/div>\n","protected":false},"featured_media":44872,"comment_status":"closed","ping_status":"closed","template":"","meta":{"_acf_changed":false,"site-sidebar-layout":"default","site-content-layout":"","ast-site-content-layout":"default","site-content-style":"default","site-sidebar-style":"default","ast-global-header-display":"","ast-banner-title-visibility":"","ast-main-header-display":"","ast-hfb-above-header-display":"","ast-hfb-below-header-display":"","ast-hfb-mobile-header-display":"","site-post-title":"","ast-breadcrumbs-content":"","ast-featured-img":"","footer-sml-layout":"","ast-disable-related-posts":"","theme-transparent-header-meta":"default","adv-header-id-meta":"","stick-header-meta":"","header-above-stick-meta":"","header-main-stick-meta":"","header-below-stick-meta":"","astra-migrate-meta-layouts":"set","ast-page-background-enabled":"default","ast-page-background-meta":{"desktop":{"background-color":"var(--ast-global-color-4)","background-image":"","background-repeat":"repeat","background-position":"center center","background-size":"auto","background-attachment":"scroll","background-type":"","background-media":"","overlay-type":"","overlay-color":"","overlay-opacity":"","overlay-gradient":""},"tablet":{"background-color":"","background-image":"","background-repeat":"repeat","background-position":"center center","background-size":"auto","background-attachment":"scroll","background-type":"","background-media":"","overlay-type":"","overlay-color":"","overlay-opacity":"","overlay-gradient":""},"mobile":{"background-color":"","background-image":"","background-repeat":"repeat","background-position":"center center","background-size":"auto","background-attachment":"scroll","background-type":"","background-media":"","overlay-type":"","overlay-color":"","overlay-opacity":"","overlay-gradient":""}},"ast-content-background-meta":{"desktop":{"background-color":"var(--ast-global-color-5)","background-image":"","background-repeat":"repeat","background-position":"center center","background-size":"auto","background-attachment":"scroll","background-type":"","background-media":"","overlay-type":"","overlay-color":"","overlay-opacity":"","overlay-gradient":""},"tablet":{"background-color":"var(--ast-global-color-5)","background-image":"","background-repeat":"repeat","background-position":"center center","background-size":"auto","background-attachment":"scroll","background-type":"","background-media":"","overlay-type":"","overlay-color":"","overlay-opacity":"","overlay-gradient":""},"mobile":{"background-color":"var(--ast-global-color-5)","background-image":"","background-repeat":"repeat","background-position":"center center","background-size":"auto","background-attachment":"scroll","background-type":"","background-media":"","overlay-type":"","overlay-color":"","overlay-opacity":"","overlay-gradient":""}}},"product_brand":[],"product_cat":[1131,1135,1128],"product_tag":[2307],"product_format_filter":[],"class_list":{"0":"post-44868","1":"product","2":"type-product","3":"status-publish","4":"has-post-thumbnail","6":"product_cat-boissons","7":"product_cat-sans-sucre","8":"product_cat-comestibles","9":"product_tag-jane-juice-fr","10":"pa_cbd-100mg-fr","11":"pa_format-10-unites","12":"pa_intensity-cbd-moyen","13":"pa_intensity-thc-moyen","14":"pa_marques-jane-juice-fr","15":"pa_origin-quebec-fr","16":"pa_thc-100mg-fr","17":"desktop-align-left","18":"tablet-align-left","19":"mobile-align-left","21":"first","22":"instock","23":"taxable","24":"shipping-taxable","25":"purchasable","26":"product-type-simple"},"group_of_quantity":0,"min_quantity":0,"max_quantity":"","exclude_order_quantity_value_rules":"no","exclude_category_quantity_rules":"no","combine_variations":"no","acf":[],"_links":{"self":[{"href":"https:\/\/mendomedical.ca\/fr\/wp-json\/wp\/v2\/product\/44868","targetHints":{"allow":["GET"]}}],"collection":[{"href":"https:\/\/mendomedical.ca\/fr\/wp-json\/wp\/v2\/product"}],"about":[{"href":"https:\/\/mendomedical.ca\/fr\/wp-json\/wp\/v2\/types\/product"}],"replies":[{"embeddable":true,"href":"https:\/\/mendomedical.ca\/fr\/wp-json\/wp\/v2\/comments?post=44868"}],"wp:featuredmedia":[{"embeddable":true,"href":"https:\/\/mendomedical.ca\/fr\/wp-json\/wp\/v2\/media\/44872"}],"wp:attachment":[{"href":"https:\/\/mendomedical.ca\/fr\/wp-json\/wp\/v2\/media?parent=44868"}],"wp:term":[{"taxonomy":"product_brand","embeddable":true,"href":"https:\/\/mendomedical.ca\/fr\/wp-json\/wp\/v2\/product_brand?post=44868"},{"taxonomy":"product_cat","embeddable":true,"href":"https:\/\/mendomedical.ca\/fr\/wp-json\/wp\/v2\/product_cat?post=44868"},{"taxonomy":"product_tag","embeddable":true,"href":"https:\/\/mendomedical.ca\/fr\/wp-json\/wp\/v2\/product_tag?post=44868"},{"taxonomy":"product_format_filter","embeddable":true,"href":"https:\/\/mendomedical.ca\/fr\/wp-json\/wp\/v2\/product_format_filter?post=44868"}],"curies":[{"name":"wp","href":"https:\/\/api.w.org\/{rel}","templated":true}]}}