{"id":44842,"date":"2024-02-01T12:05:14","date_gmt":"2024-02-01T17:05:14","guid":{"rendered":"https:\/\/mendomedical.ca\/?post_type=product&#038;p=44842"},"modified":"2026-02-21T16:31:52","modified_gmt":"2026-02-21T21:31:52","slug":"thc-sublingual-strips-mint","status":"publish","type":"product","link":"https:\/\/mendomedical.ca\/fr\/produit\/thc-sublingual-strips-mint\/","title":{"rendered":"Bandelettes sublinguales de THC - Menthe"},"content":{"rendered":"","protected":false},"excerpt":{"rendered":"<div class=\"ExternalClass4412528BD01A4896B553A4ACA6D27A4C\">\n<h3>Bandelettes sublinguales de THC - Menthe par QuickStrip<\/h3>\n<p>Faites l&rsquo;exp\u00e9rience d&rsquo;un soulagement rapide gr\u00e2ce aux bandes sublinguales de THC innovantes de QuickStrip, au go\u00fbt de menthe rafra\u00eechissant. Ces bandes ultrafines et dissolvantes offrent une alternative sans fum\u00e9e \u00e0 la consommation traditionnelle de cannabis, d\u00e9livrant une dose pr\u00e9cise de 10 mg de THC gr\u00e2ce \u00e0 une technologie avanc\u00e9e d&rsquo;absorption sublinguale. Chaque bande emball\u00e9e individuellement se dissout rapidement sous la langue ou \u00e0 l&rsquo;int\u00e9rieur de la joue, en utilisant des mol\u00e9cules de cannabis micronis\u00e9es pour une meilleure biodisponibilit\u00e9 et un effet plus rapide que les edibles traditionnels.  <\/p>\n<h4>Caract\u00e9ristiques principales<\/h4>\n<ul>\n<li>L&rsquo;administration sublinguale \u00e0 action rapide contourne le syst\u00e8me digestif pour des effets plus rapides.<\/li>\n<li>Dosage pr\u00e9cis de 10mg de THC par bande emball\u00e9e individuellement<\/li>\n<li>Formulation sans sucre, sans noix, sans gluten et sans g\u00e9latine<\/li>\n<li>Bandelettes compactes et inodores \u00e0 l&rsquo;ar\u00f4me naturel de menthe poivr\u00e9e<\/li>\n<li>Technologie de micronisation avanc\u00e9e pour une absorption optimale des cannabino\u00efdes<\/li>\n<\/ul>\n<h4>Profil aromatique et gustatif<\/h4>\n<p>Chaque bande offre une exp\u00e9rience de menthe fra\u00eeche avec un ar\u00f4me subtil et un go\u00fbt naturel de menthe poivr\u00e9e. Au fur et \u00e0 mesure que la bande se dissout, vous remarquerez des notes rafra\u00eechissantes de menthe poivr\u00e9e compl\u00e9t\u00e9es par des notes terreuses de cannabino\u00efdes, cr\u00e9ant ainsi une exp\u00e9rience de consommation agr\u00e9able et discr\u00e8te. <\/p>\n<h4>Pourquoi choisir les bandelettes sublinguales<\/h4>\n<p>Les bandelettes sublinguales offrent aux consommateurs de cannabis m\u00e9dical une m\u00e9thode d&rsquo;administration discr\u00e8te, pr\u00e9cise et rapidement efficace. L&rsquo;absorption sublinguale peut apporter un soulagement plus rapide que les edibles traditionnels tout en \u00e9vitant les probl\u00e8mes respiratoires associ\u00e9s au tabagisme. <\/p>\n<h4>Exp\u00e9dition dans tout le Canada<\/h4>\n<p>Les bandes sublinguales de THC - Menthe sont exp\u00e9di\u00e9es rapidement au Canada. Nous offrons la livraison gratuite pour les commandes de plus de 150 $. <\/p>\n<h4>Avantages et couverture pour les anciens combattants<\/h4>\n<p>THC Sublingual Strips - La Monnaie est admissible \u00e0 la couverture d&rsquo;ACC (Anciens Combattants Canada) avec facturation directe par l&rsquo;entremise de la Croix Bleue, ce qui signifie que les anciens combattants admissibles n&rsquo;ont pas \u00e0 d\u00e9bourser d&rsquo;argent. Si vous n&rsquo;avez pas encore de carte de cannabis m\u00e9dical, obtenez-la rapidement et facilement sur <a href=\"https:\/\/mendomedical.ca\/fr\/carte-medicale\/\">https:\/\/mendomedical.ca\/medical-card\/.<\/a> <\/p>\n<p><strong>Ingr\u00e9dients :<\/strong> Pullulan, extrait de cannabis, glyc\u00e9rine, huile MCT, polysorbate 80, monool\u00e9ate de sorbitane, huile de menthe poivr\u00e9e, sulfone de dim\u00e9thyle.<\/p>\n<\/div>\n","protected":false},"featured_media":44831,"comment_status":"closed","ping_status":"closed","template":"","meta":{"_acf_changed":false,"site-sidebar-layout":"default","site-content-layout":"","ast-site-content-layout":"default","site-content-style":"default","site-sidebar-style":"default","ast-global-header-display":"","ast-banner-title-visibility":"","ast-main-header-display":"","ast-hfb-above-header-display":"","ast-hfb-below-header-display":"","ast-hfb-mobile-header-display":"","site-post-title":"","ast-breadcrumbs-content":"","ast-featured-img":"","footer-sml-layout":"","ast-disable-related-posts":"","theme-transparent-header-meta":"default","adv-header-id-meta":"","stick-header-meta":"","header-above-stick-meta":"","header-main-stick-meta":"","header-below-stick-meta":"","astra-migrate-meta-layouts":"set","ast-page-background-enabled":"default","ast-page-background-meta":{"desktop":{"background-color":"var(--ast-global-color-4)","background-image":"","background-repeat":"repeat","background-position":"center center","background-size":"auto","background-attachment":"scroll","background-type":"","background-media":"","overlay-type":"","overlay-color":"","overlay-opacity":"","overlay-gradient":""},"tablet":{"background-color":"","background-image":"","background-repeat":"repeat","background-position":"center center","background-size":"auto","background-attachment":"scroll","background-type":"","background-media":"","overlay-type":"","overlay-color":"","overlay-opacity":"","overlay-gradient":""},"mobile":{"background-color":"","background-image":"","background-repeat":"repeat","background-position":"center center","background-size":"auto","background-attachment":"scroll","background-type":"","background-media":"","overlay-type":"","overlay-color":"","overlay-opacity":"","overlay-gradient":""}},"ast-content-background-meta":{"desktop":{"background-color":"var(--ast-global-color-5)","background-image":"","background-repeat":"repeat","background-position":"center center","background-size":"auto","background-attachment":"scroll","background-type":"","background-media":"","overlay-type":"","overlay-color":"","overlay-opacity":"","overlay-gradient":""},"tablet":{"background-color":"var(--ast-global-color-5)","background-image":"","background-repeat":"repeat","background-position":"center center","background-size":"auto","background-attachment":"scroll","background-type":"","background-media":"","overlay-type":"","overlay-color":"","overlay-opacity":"","overlay-gradient":""},"mobile":{"background-color":"var(--ast-global-color-5)","background-image":"","background-repeat":"repeat","background-position":"center center","background-size":"auto","background-attachment":"scroll","background-type":"","background-media":"","overlay-type":"","overlay-color":"","overlay-opacity":"","overlay-gradient":""}}},"product_brand":[],"product_cat":[1133,1135,1128],"product_tag":[3668],"product_format_filter":[6366],"class_list":{"0":"post-44842","1":"product","2":"type-product","3":"status-publish","4":"has-post-thumbnail","6":"product_cat-thc-eleve","7":"product_cat-sans-sucre","8":"product_cat-comestibles","9":"product_tag-quickstrip-fr","10":"pa_flavours-mint","11":"pa_intensity-thc-eleve","12":"pa_marques-quickstrip-fr","13":"pa_origin-ontario-fr","14":"pa_type-de-plante-thc-fr","15":"product_format_filter-1units","16":"desktop-align-left","17":"tablet-align-left","18":"mobile-align-left","20":"first","21":"outofstock","22":"taxable","23":"shipping-taxable","24":"purchasable","25":"product-type-simple"},"group_of_quantity":0,"min_quantity":0,"max_quantity":"","exclude_order_quantity_value_rules":"no","exclude_category_quantity_rules":"no","combine_variations":"no","acf":[],"_links":{"self":[{"href":"https:\/\/mendomedical.ca\/fr\/wp-json\/wp\/v2\/product\/44842","targetHints":{"allow":["GET"]}}],"collection":[{"href":"https:\/\/mendomedical.ca\/fr\/wp-json\/wp\/v2\/product"}],"about":[{"href":"https:\/\/mendomedical.ca\/fr\/wp-json\/wp\/v2\/types\/product"}],"replies":[{"embeddable":true,"href":"https:\/\/mendomedical.ca\/fr\/wp-json\/wp\/v2\/comments?post=44842"}],"wp:featuredmedia":[{"embeddable":true,"href":"https:\/\/mendomedical.ca\/fr\/wp-json\/wp\/v2\/media\/44831"}],"wp:attachment":[{"href":"https:\/\/mendomedical.ca\/fr\/wp-json\/wp\/v2\/media?parent=44842"}],"wp:term":[{"taxonomy":"product_brand","embeddable":true,"href":"https:\/\/mendomedical.ca\/fr\/wp-json\/wp\/v2\/product_brand?post=44842"},{"taxonomy":"product_cat","embeddable":true,"href":"https:\/\/mendomedical.ca\/fr\/wp-json\/wp\/v2\/product_cat?post=44842"},{"taxonomy":"product_tag","embeddable":true,"href":"https:\/\/mendomedical.ca\/fr\/wp-json\/wp\/v2\/product_tag?post=44842"},{"taxonomy":"product_format_filter","embeddable":true,"href":"https:\/\/mendomedical.ca\/fr\/wp-json\/wp\/v2\/product_format_filter?post=44842"}],"curies":[{"name":"wp","href":"https:\/\/api.w.org\/{rel}","templated":true}]}}