{"id":44743,"date":"2025-10-06T08:00:25","date_gmt":"2025-10-06T12:00:25","guid":{"rendered":"https:\/\/mendomedical.ca\/?post_type=product&#038;p=44743"},"modified":"2026-04-27T14:31:57","modified_gmt":"2026-04-27T18:31:57","slug":"barre-de-chocolat-au-caramel-sale-hash-rosin-stix","status":"publish","type":"product","link":"https:\/\/mendomedical.ca\/fr\/produit\/barre-de-chocolat-au-caramel-sale-hash-rosin-stix\/","title":{"rendered":"Barre de chocolat au caramel sal\u00e9 Hash Rosin Stix"},"content":{"rendered":"","protected":false},"excerpt":{"rendered":"<div class=\"ExternalClassE500E9990C18417DA245159E2DD21A87\">\n<h3>Barre de chocolat au caramel sal\u00e9 Hash Rosin Stix par Rosin Heads<\/h3>\n<p>D\u00e9couvrez la fusion parfaite entre le chocolat au lait belge de premi\u00e8re qualit\u00e9 et la rosine de haschisch artisanale avec la barre de chocolat Salted Caramel Stix. Fabriqu\u00e9 par Rosin Heads, ce produit comestible d\u00e9cadent associe un chocolat au lait lisse et cr\u00e9meux \u00e0 un succulent caramel sal\u00e9, le tout rehauss\u00e9 par de la rosine de haschisch soigneusement extraite, pour une exp\u00e9rience de confiserie vraiment exceptionnelle.<\/p>\n<h4>Caract\u00e9ristiques principales<\/h4>\n<ul>\n<li>Chocolat au lait belge de premi\u00e8re qualit\u00e9 infus\u00e9 avec de la rosine de hachage de haute qualit\u00e9<\/li>\n<li>Riche garniture au caramel sal\u00e9 pour un profil sucr\u00e9-sal\u00e9 \u00e9quilibr\u00e9<\/li>\n<li>\u00c9labor\u00e9 avec soin, avec un ar\u00f4me naturel de vanille et des ingr\u00e9dients de qualit\u00e9<\/li>\n<li>Format pratique de la barre de chocolat pour un dosage facile<\/li>\n<li>Fabriqu\u00e9 selon des m\u00e9thodes artisanales d&rsquo;extraction de la colophane de haschisch.<\/li>\n<\/ul>\n<h4>Profil d&rsquo;ar\u00f4me<\/h4>\n<p>Cette barre de chocolat au lait offre un m\u00e9lange harmonieux de notes sucr\u00e9es et cr\u00e9meuses, avec un chocolat au lait belge lisse compl\u00e9t\u00e9 par un centre de caramel sal\u00e9 d\u00e9cadent. Les notes naturelles de vanille rehaussent l&rsquo;exp\u00e9rience gustative globale, cr\u00e9ant un go\u00fbt sophistiqu\u00e9 qui s\u00e9duit les connaisseurs de chocolat.<\/p>\n<h4>Pourquoi choisir les chocolats ?<\/h4>\n<p>Les chocolats infus\u00e9s au cannabis offrent aux utilisateurs m\u00e9dicaux une m\u00e9thode de consommation discr\u00e8te et agr\u00e9able. Le format familier et le go\u00fbt agr\u00e9able rendent le dosage plus confortable, tandis que les effets plus durables des edibles peuvent contribuer \u00e0 un soulagement durable tout au long de la journ\u00e9e.<\/p>\n<h4>Exp\u00e9dition dans tout le Canada<\/h4>\n<p>La barre de chocolat au caramel sal\u00e9 Stix Hash Rosin est exp\u00e9di\u00e9e rapidement dans tout le pays, la livraison \u00e9tant gratuite \u00e0 partir de 150 \u20ac d&rsquo;achat. Veuillez noter que les produits contenant du chocolat peuvent fondre pendant le transport durant les mois d&rsquo;\u00e9t\u00e9. Nous vous recommandons d&rsquo;\u00eatre conscient de ce probl\u00e8me potentiel lorsque vous passez votre commande. Malheureusement, nous ne pouvons pas offrir de remboursement ou de remplacement pour les produits qui fondent ou perdent leur forme originale pendant le transport. Nous vous remercions de votre compr\u00e9hension.<\/p>\n<h4>Avantages et couverture pour les anciens combattants<\/h4>\n<p>La barre de chocolat au caramel sal\u00e9 Stix Hash Rosin est admissible \u00e0 la couverture d&rsquo;ACC (Anciens Combattants Canada) avec facturation directe par l&rsquo;entremise de la Croix Bleue, ce qui signifie que les anciens combattants admissibles n&rsquo;ont pas \u00e0 d\u00e9bourser d&rsquo;argent. Si vous n&rsquo;avez pas encore de carte m\u00e9dicale, <a href=\"https:\/\/mendomedical.ca\/fr\/carte-medicale\/\">obtenez votre carte m\u00e9dicale gratuite rapidement et facilement<\/a>.<\/p>\n<p><strong>Ingr\u00e9dients :<\/strong> Garniture au caramel (sirop de glucose (bl\u00e9) ; lait \u00e9vapor\u00e9 (lait \u00e9cr\u00e9m\u00e9, sucre), huile de coco, mono- et diglyc\u00e9rides (\u00e9mulsifiant) ; sel ; ar\u00f4mes naturels), chocolat au lait belge (sucre, lait entier en poudre, beurre de cacao, chocolat non sucr\u00e9, l\u00e9cithine de soja (\u00e9mulsifiant), ar\u00f4me naturel de vanille), sel, beurre de cacao, Rosin de cendres.<\/p>\n<p><strong>Contient :<\/strong> Lait, soja, bl\u00e9 et triticale<br \/>\n<strong>Peut contenir :<\/strong> Cacahu\u00e8tes, fruits \u00e0 coque<\/p>\n<\/div>\n","protected":false},"featured_media":44746,"comment_status":"closed","ping_status":"closed","template":"","meta":{"_acf_changed":false,"site-sidebar-layout":"default","site-content-layout":"","ast-site-content-layout":"default","site-content-style":"default","site-sidebar-style":"default","ast-global-header-display":"","ast-banner-title-visibility":"","ast-main-header-display":"","ast-hfb-above-header-display":"","ast-hfb-below-header-display":"","ast-hfb-mobile-header-display":"","site-post-title":"","ast-breadcrumbs-content":"","ast-featured-img":"","footer-sml-layout":"","ast-disable-related-posts":"","theme-transparent-header-meta":"default","adv-header-id-meta":"","stick-header-meta":"","header-above-stick-meta":"","header-main-stick-meta":"","header-below-stick-meta":"","astra-migrate-meta-layouts":"set","ast-page-background-enabled":"default","ast-page-background-meta":{"desktop":{"background-color":"var(--ast-global-color-4)","background-image":"","background-repeat":"repeat","background-position":"center center","background-size":"auto","background-attachment":"scroll","background-type":"","background-media":"","overlay-type":"","overlay-color":"","overlay-opacity":"","overlay-gradient":""},"tablet":{"background-color":"","background-image":"","background-repeat":"repeat","background-position":"center center","background-size":"auto","background-attachment":"scroll","background-type":"","background-media":"","overlay-type":"","overlay-color":"","overlay-opacity":"","overlay-gradient":""},"mobile":{"background-color":"","background-image":"","background-repeat":"repeat","background-position":"center center","background-size":"auto","background-attachment":"scroll","background-type":"","background-media":"","overlay-type":"","overlay-color":"","overlay-opacity":"","overlay-gradient":""}},"ast-content-background-meta":{"desktop":{"background-color":"var(--ast-global-color-5)","background-image":"","background-repeat":"repeat","background-position":"center center","background-size":"auto","background-attachment":"scroll","background-type":"","background-media":"","overlay-type":"","overlay-color":"","overlay-opacity":"","overlay-gradient":""},"tablet":{"background-color":"var(--ast-global-color-5)","background-image":"","background-repeat":"repeat","background-position":"center center","background-size":"auto","background-attachment":"scroll","background-type":"","background-media":"","overlay-type":"","overlay-color":"","overlay-opacity":"","overlay-gradient":""},"mobile":{"background-color":"var(--ast-global-color-5)","background-image":"","background-repeat":"repeat","background-position":"center center","background-size":"auto","background-attachment":"scroll","background-type":"","background-media":"","overlay-type":"","overlay-color":"","overlay-opacity":"","overlay-gradient":""}}},"product_brand":[],"product_cat":[1130,1511,1128],"product_tag":[3638],"product_format_filter":[6366],"class_list":{"0":"post-44743","1":"product","2":"type-product","3":"status-publish","4":"has-post-thumbnail","6":"product_cat-chocolats","7":"product_cat-full-spectrum-fr","8":"product_cat-comestibles","9":"product_tag-rosin-heads-fr","10":"pa_flavours-salted-caramel-fr","11":"pa_flavours-chocolate-fr","12":"pa_intensity-thc-moyen","13":"pa_marques-rosin-heads-fr","14":"pa_origin-colombie-britannique-fr","15":"pa_type-de-plante-thc-fr","16":"product_format_filter-1units","17":"desktop-align-left","18":"tablet-align-left","19":"mobile-align-left","21":"first","22":"instock","23":"taxable","24":"shipping-taxable","25":"purchasable","26":"product-type-simple"},"group_of_quantity":0,"min_quantity":0,"max_quantity":"","exclude_order_quantity_value_rules":"no","exclude_category_quantity_rules":"no","combine_variations":"no","acf":[],"_links":{"self":[{"href":"https:\/\/mendomedical.ca\/fr\/wp-json\/wp\/v2\/product\/44743","targetHints":{"allow":["GET"]}}],"collection":[{"href":"https:\/\/mendomedical.ca\/fr\/wp-json\/wp\/v2\/product"}],"about":[{"href":"https:\/\/mendomedical.ca\/fr\/wp-json\/wp\/v2\/types\/product"}],"replies":[{"embeddable":true,"href":"https:\/\/mendomedical.ca\/fr\/wp-json\/wp\/v2\/comments?post=44743"}],"wp:featuredmedia":[{"embeddable":true,"href":"https:\/\/mendomedical.ca\/fr\/wp-json\/wp\/v2\/media\/44746"}],"wp:attachment":[{"href":"https:\/\/mendomedical.ca\/fr\/wp-json\/wp\/v2\/media?parent=44743"}],"wp:term":[{"taxonomy":"product_brand","embeddable":true,"href":"https:\/\/mendomedical.ca\/fr\/wp-json\/wp\/v2\/product_brand?post=44743"},{"taxonomy":"product_cat","embeddable":true,"href":"https:\/\/mendomedical.ca\/fr\/wp-json\/wp\/v2\/product_cat?post=44743"},{"taxonomy":"product_tag","embeddable":true,"href":"https:\/\/mendomedical.ca\/fr\/wp-json\/wp\/v2\/product_tag?post=44743"},{"taxonomy":"product_format_filter","embeddable":true,"href":"https:\/\/mendomedical.ca\/fr\/wp-json\/wp\/v2\/product_format_filter?post=44743"}],"curies":[{"name":"wp","href":"https:\/\/api.w.org\/{rel}","templated":true}]}}