{"id":44692,"date":"2024-01-01T04:19:56","date_gmt":"2024-01-01T09:19:56","guid":{"rendered":"https:\/\/mendomedical.ca\/?post_type=product&#038;p=44692"},"modified":"2026-01-29T16:24:38","modified_gmt":"2026-01-29T21:24:38","slug":"cbn-bleuets-lavande-copy","status":"publish","type":"product","link":"https:\/\/mendomedical.ca\/fr\/produit\/cbn-bleuets-lavande-copy\/","title":{"rendered":"CBG noix de coco et vanille"},"content":{"rendered":"","protected":false},"excerpt":{"rendered":"<div class=\"ExternalClass764304FA3E444AFEB227C03C56B9C275\">\n<h3>CBG noix de coco et vanille par Jublee<\/h3>\n<p>D\u00e9couvrez l&rsquo;harmonie parfaite de la noix de coco tropicale et de la vanille douce dans ces bouch\u00e9es de fruits innovantes infus\u00e9es au CBG. Le CBG Coconut &amp; Vanilla de Jublee offre une texture d\u00e9licieusement douce, semblable \u00e0 celle d&rsquo;une p\u00e2tisserie, qui fond sur le palais tout en offrant les bienfaits uniques du cannabig\u00e9rol (CBG). Ces bouch\u00e9es sans gluten, sans allerg\u00e8nes et v\u00e9g\u00e9taliennes ne contiennent pas de sucre ajout\u00e9, ce qui en fait un choix id\u00e9al pour les consommateurs de cannabis m\u00e9dical soucieux de leur sant\u00e9 qui recherchent une option comestible th\u00e9rapeutique sans culpabilit\u00e9.  <\/p>\n<h4>Caract\u00e9ristiques principales<\/h4>\n<ul>\n<li>Infus\u00e9 avec de l&rsquo;huile de haschisch \u00e0 spectre complet contenant du CBG pour une meilleure perception de l&rsquo;\u00e9nergie et un bien-\u00eatre \u00e9quilibr\u00e9.<\/li>\n<li>Ingr\u00e9dients 100% v\u00e9g\u00e9taux, dont des dattes, de la noix de coco et du beurre de tournesol pour une douceur naturelle.<\/li>\n<li>Sans gluten, sans allerg\u00e8nes courants et sans sucres ajout\u00e9s - convient \u00e0 divers r\u00e9gimes alimentaires<\/li>\n<li>Texture douce et moelleuse avec une consistance friable, semblable \u00e0 celle d&rsquo;une p\u00e2tisserie, facile \u00e0 consommer.<\/li>\n<li>Con\u00e7u avec pr\u00e9cision pour des effets relaxants, apaisants et euphorisants.<\/li>\n<\/ul>\n<h4>Profil aromatique et gustatif<\/h4>\n<p>Transportez-vous vers des horizons tropicaux gr\u00e2ce au parfum prononc\u00e9 de noix de coco, magnifiquement compl\u00e9t\u00e9 par de douces nuances de vanille. Les bouch\u00e9es rectangulaires et mall\u00e9ables offrent une sensation de friabilit\u00e9 qui se transforme en une indulgente saveur de p\u00e2tisserie au palais. Cette formulation riche en CBG procure des effets relaxants, apaisants et euphorisants, ce qui la rend id\u00e9ale pour un usage diurne lorsque l&rsquo;on recherche une l\u00e9g\u00e8re \u00e9l\u00e9vation sans psychoactivit\u00e9 \u00e9crasante.  <\/p>\n<h4>Pourquoi choisir Smart Food Edibles ?<\/h4>\n<p>Les produits comestibles intelligents comme ces bouch\u00e9es infus\u00e9es au CBG offrent un dosage pr\u00e9cis et coh\u00e9rent dans un format discret et pratique. Pour les utilisateurs m\u00e9dicaux, les edibles offrent des effets plus durables que les m\u00e9thodes d&rsquo;inhalation et peuvent contribuer \u00e0 un soulagement durable tout au long de la journ\u00e9e. <\/p>\n<h4>Exp\u00e9dition dans tout le Canada<\/h4>\n<p>CBG Coconut &amp; Vanilla est exp\u00e9di\u00e9 rapidement \u00e0 travers le Canada avec une livraison gratuite pour les commandes de plus de 150 $. Veuillez noter que les produits contenant des huiles et des beurres naturels peuvent se ramollir ou fondre pendant l&rsquo;exp\u00e9dition durant les mois d&rsquo;\u00e9t\u00e9.  Nous vous recommandons de tenir compte de ce probl\u00e8me potentiel lorsque vous passez votre commande. Malheureusement, nous ne pouvons pas offrir de remboursement ou de remplacement pour les produits qui fondent pendant le transport. Nous vous remercions de votre compr\u00e9hension.<\/p>\n<h4>Avantages et couverture pour les anciens combattants<\/h4>\n<p>CBG Coconut &amp; Vanilla est admissible \u00e0 la couverture d&rsquo;ACC (Anciens Combattants Canada) avec facturation directe par l&rsquo;entremise de la Croix Bleue, ce qui signifie que les anciens combattants admissibles n&rsquo;ont pas \u00e0 d\u00e9bourser d&rsquo;argent. Si vous n&rsquo;avez pas encore d&rsquo;ordonnance de cannabis m\u00e9dical, vous pouvez <a href=\"https:\/\/mendomedical.ca\/fr\/carte-medicale\/\">obtenir votre carte m\u00e9dicale gratuite rapidement et facilement<\/a> pour acc\u00e9der aux avantages de la couverture. <\/p>\n<p><strong>Ingr\u00e9dients :<\/strong> Dattes, noix de coco s\u00e9ch\u00e9e, beurre de tournesol (graines de tournesol grill\u00e9es), farine de coco biologique, f\u00e9cule de pomme de terre, huile de coco, extrait naturel de vanille, sel marin, vitamine E, extrait de cannabis (huile de haschisch \u00e0 spectre complet).<\/p>\n<\/div>\n","protected":false},"featured_media":44696,"comment_status":"closed","ping_status":"closed","template":"","meta":{"_acf_changed":false,"site-sidebar-layout":"default","site-content-layout":"","ast-site-content-layout":"default","site-content-style":"default","site-sidebar-style":"default","ast-global-header-display":"","ast-banner-title-visibility":"","ast-main-header-display":"","ast-hfb-above-header-display":"","ast-hfb-below-header-display":"","ast-hfb-mobile-header-display":"","site-post-title":"","ast-breadcrumbs-content":"","ast-featured-img":"","footer-sml-layout":"","ast-disable-related-posts":"","theme-transparent-header-meta":"default","adv-header-id-meta":"","stick-header-meta":"","header-above-stick-meta":"","header-main-stick-meta":"","header-below-stick-meta":"","astra-migrate-meta-layouts":"set","ast-page-background-enabled":"default","ast-page-background-meta":{"desktop":{"background-color":"var(--ast-global-color-4)","background-image":"","background-repeat":"repeat","background-position":"center center","background-size":"auto","background-attachment":"scroll","background-type":"","background-media":"","overlay-type":"","overlay-color":"","overlay-opacity":"","overlay-gradient":""},"tablet":{"background-color":"","background-image":"","background-repeat":"repeat","background-position":"center center","background-size":"auto","background-attachment":"scroll","background-type":"","background-media":"","overlay-type":"","overlay-color":"","overlay-opacity":"","overlay-gradient":""},"mobile":{"background-color":"","background-image":"","background-repeat":"repeat","background-position":"center center","background-size":"auto","background-attachment":"scroll","background-type":"","background-media":"","overlay-type":"","overlay-color":"","overlay-opacity":"","overlay-gradient":""}},"ast-content-background-meta":{"desktop":{"background-color":"var(--ast-global-color-5)","background-image":"","background-repeat":"repeat","background-position":"center center","background-size":"auto","background-attachment":"scroll","background-type":"","background-media":"","overlay-type":"","overlay-color":"","overlay-opacity":"","overlay-gradient":""},"tablet":{"background-color":"var(--ast-global-color-5)","background-image":"","background-repeat":"repeat","background-position":"center center","background-size":"auto","background-attachment":"scroll","background-type":"","background-media":"","overlay-type":"","overlay-color":"","overlay-opacity":"","overlay-gradient":""},"mobile":{"background-color":"var(--ast-global-color-5)","background-image":"","background-repeat":"repeat","background-position":"center center","background-size":"auto","background-attachment":"scroll","background-type":"","background-media":"","overlay-type":"","overlay-color":"","overlay-opacity":"","overlay-gradient":""}}},"product_brand":[],"product_cat":[1134,1511,1128],"product_tag":[2468],"product_format_filter":[6498],"class_list":{"0":"post-44692","1":"product","2":"type-product","3":"status-publish","4":"has-post-thumbnail","6":"product_cat-alimentation-intelligente","7":"product_cat-full-spectrum-fr","8":"product_cat-comestibles","9":"product_tag-jublee-fr","10":"pa_cbd-10mg-fr","11":"pa_cbg-10mg-4-fr","12":"pa_flavours-coconut-fr","13":"pa_flavours-vanille","14":"pa_format-2-unites","15":"pa_intensity-cbd-moyen","16":"pa_intensity-med-cbg-fr","17":"pa_intensity-thc-moyen","18":"pa_marques-jublee-fr","19":"pa_origin-quebec-fr","20":"pa_thc-10mg-fr","21":"pa_type-de-plante-cbd-fr","22":"pa_type-de-plante-cbg-fr","23":"pa_type-de-plante-hybride-fr-2","24":"pa_type-de-plante-thc-fr","25":"product_format_filter-2units","26":"desktop-align-left","27":"tablet-align-left","28":"mobile-align-left","30":"first","31":"outofstock","32":"taxable","33":"shipping-taxable","34":"purchasable","35":"product-type-simple"},"group_of_quantity":0,"min_quantity":0,"max_quantity":"","exclude_order_quantity_value_rules":"no","exclude_category_quantity_rules":"no","combine_variations":"no","acf":[],"_links":{"self":[{"href":"https:\/\/mendomedical.ca\/fr\/wp-json\/wp\/v2\/product\/44692","targetHints":{"allow":["GET"]}}],"collection":[{"href":"https:\/\/mendomedical.ca\/fr\/wp-json\/wp\/v2\/product"}],"about":[{"href":"https:\/\/mendomedical.ca\/fr\/wp-json\/wp\/v2\/types\/product"}],"replies":[{"embeddable":true,"href":"https:\/\/mendomedical.ca\/fr\/wp-json\/wp\/v2\/comments?post=44692"}],"wp:featuredmedia":[{"embeddable":true,"href":"https:\/\/mendomedical.ca\/fr\/wp-json\/wp\/v2\/media\/44696"}],"wp:attachment":[{"href":"https:\/\/mendomedical.ca\/fr\/wp-json\/wp\/v2\/media?parent=44692"}],"wp:term":[{"taxonomy":"product_brand","embeddable":true,"href":"https:\/\/mendomedical.ca\/fr\/wp-json\/wp\/v2\/product_brand?post=44692"},{"taxonomy":"product_cat","embeddable":true,"href":"https:\/\/mendomedical.ca\/fr\/wp-json\/wp\/v2\/product_cat?post=44692"},{"taxonomy":"product_tag","embeddable":true,"href":"https:\/\/mendomedical.ca\/fr\/wp-json\/wp\/v2\/product_tag?post=44692"},{"taxonomy":"product_format_filter","embeddable":true,"href":"https:\/\/mendomedical.ca\/fr\/wp-json\/wp\/v2\/product_format_filter?post=44692"}],"curies":[{"name":"wp","href":"https:\/\/api.w.org\/{rel}","templated":true}]}}