{"id":44686,"date":"2024-01-01T04:04:20","date_gmt":"2024-01-01T09:04:20","guid":{"rendered":"https:\/\/mendomedical.ca\/?post_type=product&#038;p=44686"},"modified":"2026-04-16T11:33:14","modified_gmt":"2026-04-16T15:33:14","slug":"cerise-et-cacao-copy-2","status":"publish","type":"product","link":"https:\/\/mendomedical.ca\/fr\/produit\/cerise-et-cacao-copy-2\/","title":{"rendered":"CBN Myrtille &amp; Lavande"},"content":{"rendered":"","protected":false},"excerpt":{"rendered":"<div class=\"ExternalClass543E94A074D34E4F9C5723E44400BC57\">\n<h3>CBN Myrtille &amp; Lavande par Jublee<\/h3>\n<p>Vivez des soir\u00e9es tranquilles avec les bouch\u00e9es de fruits CBN Blueberry &amp; Lavender de Jublee. Ces edibles sans gluten, sans allerg\u00e8nes et v\u00e9g\u00e9taliens combinent les propri\u00e9t\u00e9s calmantes du CBN avec les saveurs apaisantes de la lavande et de la myrtille. Fabriqu\u00e9es avec de l&rsquo;huile de haschisch \u00e0 spectre complet et des ingr\u00e9dients sains comme des myrtilles sauvages s\u00e9ch\u00e9es et des dattes, ces bouch\u00e9es douces et mall\u00e9ables offrent un moyen naturel de favoriser la relaxation et un sommeil r\u00e9parateur sans sucres ajout\u00e9s.  <\/p>\n<h4>Caract\u00e9ristiques principales<\/h4>\n<ul>\n<li>Infus\u00e9 avec du CBN et de l&rsquo;huile de haschisch \u00e0 spectre complet pour des effets s\u00e9datifs et calmants accrus.<\/li>\n<li>Formule 100% v\u00e9g\u00e9tale, sans gluten, sans allerg\u00e8nes et sans sucres ajout\u00e9s<\/li>\n<li>Saveur d\u00e9licate de lavande et de myrtille rappelant les p\u00e2tisseries orientales.<\/li>\n<li>Texture douce et moelleuse, facile \u00e0 consommer et agr\u00e9able au palais.<\/li>\n<li>Fabriqu\u00e9 \u00e0 partir d&rsquo;ingr\u00e9dients entiers, notamment des dattes, du beurre de tournesol et de la patate douce violette.<\/li>\n<\/ul>\n<h4>Profil aromatique et gustatif<\/h4>\n<p>Ces bouch\u00e9es de fruits artisanales offrent une exp\u00e9rience sensorielle sophistiqu\u00e9e. L&rsquo;ar\u00f4me dominant de lavande cr\u00e9e une introduction florale et raffin\u00e9e, suivie de notes de confiture de myrtille sucr\u00e9e. \u00c0 la d\u00e9gustation, la texture douce laisse place \u00e0 des notes florales d\u00e9licates et \u00e0 une douceur subtile, cr\u00e9ant un profil de saveur luxueux qui renforce l&rsquo;exp\u00e9rience apaisante globale.  <\/p>\n<h4>Pourquoi choisir les plantes aromatiques<\/h4>\n<p>Les edibles offrent aux consommateurs de cannabis m\u00e9dical un dosage pr\u00e9cis et des effets de longue dur\u00e9e, ce qui les rend id\u00e9aux pour g\u00e9rer les routines du soir et favoriser un meilleur sommeil. Le format discret et la dur\u00e9e prolong\u00e9e des effets font des edibles des produits particuli\u00e8rement adapt\u00e9s \u00e0 ceux qui recherchent un soulagement durable. <\/p>\n<h4>Exp\u00e9dition dans tout le Canada<\/h4>\n<p>Le CBN Bleuets et lavande est exp\u00e9di\u00e9 rapidement \u00e0 travers le Canada avec une livraison gratuite pour les commandes de plus de 150 $. Veuillez noter que les produits contenant de la g\u00e9latine peuvent fondre pendant l&rsquo;exp\u00e9dition durant les mois d&rsquo;\u00e9t\u00e9.  Nous vous recommandons de tenir compte de ce probl\u00e8me potentiel lorsque vous passez votre commande. Malheureusement, nous ne pouvons pas offrir de remboursement ou de remplacement pour les produits qui fondent pendant le transport. Nous vous remercions de votre compr\u00e9hension.<\/p>\n<h4>Avantages et couverture pour les anciens combattants<\/h4>\n<p>CBN Blueberry &amp; Lavender est admissible \u00e0 la couverture d&rsquo;ACC (Anciens Combattants Canada) et \u00e0 la facturation directe par l&rsquo;entremise de la Croix Bleue, ce qui signifie que les anciens combattants admissibles n&rsquo;ont pas \u00e0 d\u00e9bourser d&rsquo;argent. Si vous n&rsquo;avez pas encore de carte m\u00e9dicale, <a href=\"https:\/\/mendomedical.ca\/fr\/carte-medicale\/\">obtenez votre carte m\u00e9dicale gratuite rapidement et facilement<\/a> pour avoir acc\u00e8s \u00e0 ces avantages. <\/p>\n<p><strong>Ingr\u00e9dients :<\/strong> Myrtilles sauvages s\u00e9ch\u00e9es (myrtilles sauvages, jus de pomme concentr\u00e9, huile de tournesol), dattes, f\u00e9cule de pomme de terre, beurre de tournesol (graines de tournesol grill\u00e9es), huile de coco, fibres de carotte, poudre de patate douce violette, sel de mer, poudre de lavande, vitamine E, \u00e9pices, extrait de cannabis (huile de haschisch \u00e0 spectre complet).<\/p>\n<\/div>\n","protected":false},"featured_media":44665,"comment_status":"closed","ping_status":"closed","template":"","meta":{"_acf_changed":false,"site-sidebar-layout":"default","site-content-layout":"","ast-site-content-layout":"default","site-content-style":"default","site-sidebar-style":"default","ast-global-header-display":"","ast-banner-title-visibility":"","ast-main-header-display":"","ast-hfb-above-header-display":"","ast-hfb-below-header-display":"","ast-hfb-mobile-header-display":"","site-post-title":"","ast-breadcrumbs-content":"","ast-featured-img":"","footer-sml-layout":"","ast-disable-related-posts":"","theme-transparent-header-meta":"default","adv-header-id-meta":"","stick-header-meta":"","header-above-stick-meta":"","header-main-stick-meta":"","header-below-stick-meta":"","astra-migrate-meta-layouts":"set","ast-page-background-enabled":"default","ast-page-background-meta":{"desktop":{"background-color":"var(--ast-global-color-4)","background-image":"","background-repeat":"repeat","background-position":"center center","background-size":"auto","background-attachment":"scroll","background-type":"","background-media":"","overlay-type":"","overlay-color":"","overlay-opacity":"","overlay-gradient":""},"tablet":{"background-color":"","background-image":"","background-repeat":"repeat","background-position":"center center","background-size":"auto","background-attachment":"scroll","background-type":"","background-media":"","overlay-type":"","overlay-color":"","overlay-opacity":"","overlay-gradient":""},"mobile":{"background-color":"","background-image":"","background-repeat":"repeat","background-position":"center center","background-size":"auto","background-attachment":"scroll","background-type":"","background-media":"","overlay-type":"","overlay-color":"","overlay-opacity":"","overlay-gradient":""}},"ast-content-background-meta":{"desktop":{"background-color":"var(--ast-global-color-5)","background-image":"","background-repeat":"repeat","background-position":"center center","background-size":"auto","background-attachment":"scroll","background-type":"","background-media":"","overlay-type":"","overlay-color":"","overlay-opacity":"","overlay-gradient":""},"tablet":{"background-color":"var(--ast-global-color-5)","background-image":"","background-repeat":"repeat","background-position":"center center","background-size":"auto","background-attachment":"scroll","background-type":"","background-media":"","overlay-type":"","overlay-color":"","overlay-opacity":"","overlay-gradient":""},"mobile":{"background-color":"var(--ast-global-color-5)","background-image":"","background-repeat":"repeat","background-position":"center center","background-size":"auto","background-attachment":"scroll","background-type":"","background-media":"","overlay-type":"","overlay-color":"","overlay-opacity":"","overlay-gradient":""}}},"product_brand":[],"product_cat":[1134,1511,1128],"product_tag":[2468],"product_format_filter":[6498],"class_list":{"0":"post-44686","1":"product","2":"type-product","3":"status-publish","4":"has-post-thumbnail","6":"product_cat-alimentation-intelligente","7":"product_cat-full-spectrum-fr","8":"product_cat-comestibles","9":"product_tag-jublee-fr","10":"pa_cbd-10mg-fr","11":"pa_cbn-10mg-fr","12":"pa_flavours-lavender-fr","13":"pa_flavours-myrtille","14":"pa_format-2-unites","15":"pa_intensity-cbd-moyen","16":"pa_intensity-med-cbn-fr","17":"pa_intensity-thc-moyen","18":"pa_marques-jublee-fr","19":"pa_origin-quebec-fr","20":"pa_thc-10mg-fr","21":"pa_type-de-plante-cbd-fr","22":"pa_type-de-plante-cbn-fr","23":"pa_type-de-plante-hybride-fr","24":"pa_type-de-plante-thc-fr","25":"product_format_filter-2units","26":"desktop-align-left","27":"tablet-align-left","28":"mobile-align-left","30":"first","31":"instock","32":"taxable","33":"shipping-taxable","34":"purchasable","35":"product-type-simple"},"group_of_quantity":0,"min_quantity":0,"max_quantity":"","exclude_order_quantity_value_rules":"no","exclude_category_quantity_rules":"no","combine_variations":"no","acf":[],"_links":{"self":[{"href":"https:\/\/mendomedical.ca\/fr\/wp-json\/wp\/v2\/product\/44686","targetHints":{"allow":["GET"]}}],"collection":[{"href":"https:\/\/mendomedical.ca\/fr\/wp-json\/wp\/v2\/product"}],"about":[{"href":"https:\/\/mendomedical.ca\/fr\/wp-json\/wp\/v2\/types\/product"}],"replies":[{"embeddable":true,"href":"https:\/\/mendomedical.ca\/fr\/wp-json\/wp\/v2\/comments?post=44686"}],"wp:featuredmedia":[{"embeddable":true,"href":"https:\/\/mendomedical.ca\/fr\/wp-json\/wp\/v2\/media\/44665"}],"wp:attachment":[{"href":"https:\/\/mendomedical.ca\/fr\/wp-json\/wp\/v2\/media?parent=44686"}],"wp:term":[{"taxonomy":"product_brand","embeddable":true,"href":"https:\/\/mendomedical.ca\/fr\/wp-json\/wp\/v2\/product_brand?post=44686"},{"taxonomy":"product_cat","embeddable":true,"href":"https:\/\/mendomedical.ca\/fr\/wp-json\/wp\/v2\/product_cat?post=44686"},{"taxonomy":"product_tag","embeddable":true,"href":"https:\/\/mendomedical.ca\/fr\/wp-json\/wp\/v2\/product_tag?post=44686"},{"taxonomy":"product_format_filter","embeddable":true,"href":"https:\/\/mendomedical.ca\/fr\/wp-json\/wp\/v2\/product_format_filter?post=44686"}],"curies":[{"name":"wp","href":"https:\/\/api.w.org\/{rel}","templated":true}]}}