{"id":44674,"date":"2024-01-01T04:07:48","date_gmt":"2024-01-01T09:07:48","guid":{"rendered":"https:\/\/mendomedical.ca\/?post_type=product&#038;p=44674"},"modified":"2026-03-31T18:47:26","modified_gmt":"2026-03-31T22:47:26","slug":"bluet-et-lavande-copy","status":"publish","type":"product","link":"https:\/\/mendomedical.ca\/fr\/produit\/bluet-et-lavande-copy\/","title":{"rendered":"CBD Banane et chocolat"},"content":{"rendered":"","protected":false},"excerpt":{"rendered":"<div class=\"ExternalClassB77FB3A6AF284501B3E3F7F6769F567E\">\n<h3>CBD Banane &amp; Chocolat par Jublee<\/h3>\n<p>D\u00e9couvrez l&rsquo;\u00e9quilibre parfait entre le plaisir et le bien-\u00eatre avec les bouch\u00e9es aux fruits CBD Banane &amp; Chocolat de Jublee. Ces friandises sans gluten, m\u00e9ticuleusement \u00e9labor\u00e9es, combinent les saveurs r\u00e9confortantes du pain aux bananes et du riche chocolat dans un en-cas pratique et sans culpabilit\u00e9. Infus\u00e9e avec de l&rsquo;huile de haschisch \u00e0 spectre complet, chaque bouch\u00e9e contient du CBD de premi\u00e8re qualit\u00e9 tout en conservant une formule enti\u00e8rement v\u00e9g\u00e9talienne, sans allerg\u00e8ne et sans sucre, qui s&rsquo;int\u00e8gre parfaitement \u00e0 tout style de vie.  <\/p>\n<h4>Caract\u00e9ristiques principales<\/h4>\n<ul>\n<li>100% v\u00e9g\u00e9talien, sans gluten, sans allerg\u00e8nes et sans sucres ajout\u00e9s<\/li>\n<li>Infus\u00e9 avec de l&rsquo;huile de haschisch \u00e0 spectre complet pour une efficacit\u00e9 optimale du CBD<\/li>\n<li>Texture semblable \u00e0 celle d&rsquo;un brownie, avec des ar\u00f4mes naturels de banane et de chocolat<\/li>\n<li>Fabriqu\u00e9 \u00e0 partir d&rsquo;ingr\u00e9dients biologiques, notamment des bananes s\u00e9ch\u00e9es, des p\u00e9pites de cacao et de la farine de noix de coco.<\/li>\n<li>Bouch\u00e9es rectangulaires portables, parfaites pour un soutien discret du bien-\u00eatre en d\u00e9placement<\/li>\n<\/ul>\n<h4>Profil aromatique et gustatif<\/h4>\n<p>Ces bouch\u00e9es artisanales aux fruits offrent un voyage sensoriel qui rappelle celui d&rsquo;une p\u00e2tisserie haut de gamme. Les ar\u00f4mes dominants de pain aux bananes et de chocolat sont compl\u00e9t\u00e9s par de subtiles notes de vanille. \u00c0 la d\u00e9gustation, la texture douce et mall\u00e9able se fond dans de d\u00e9licieuses saveurs de banane confite et de cacao riche, cr\u00e9ant une exp\u00e9rience semblable \u00e0 celle d&rsquo;un brownie. Les effets sont con\u00e7us pour favoriser un \u00e9tat de calme, d&rsquo;apaisement et d&rsquo;attention.   <\/p>\n<h4>Pourquoi choisir les plantes aromatiques<\/h4>\n<p>Les edibles au CBD offrent aux utilisateurs m\u00e9dicaux une option discr\u00e8te, pr\u00e9cise et durable pour incorporer les cannabino\u00efdes dans leur routine de bien-\u00eatre. Les effets durent g\u00e9n\u00e9ralement plus longtemps que les autres m\u00e9thodes de consommation, ce qui les rend id\u00e9aux pour un soulagement durable tout au long de la journ\u00e9e. <\/p>\n<h4>Exp\u00e9dition dans tout le Canada<\/h4>\n<p>CBD Banana &amp; Chocolate est exp\u00e9di\u00e9 rapidement \u00e0 travers le Canada avec une livraison gratuite pour les commandes de plus de 150 $. Veuillez noter que les produits contenant du chocolat peuvent fondre pendant l&rsquo;exp\u00e9dition en \u00e9t\u00e9. Nous vous recommandons de tenir compte de ce probl\u00e8me potentiel lorsque vous passez votre commande.   Malheureusement, nous ne pouvons pas offrir de remboursement ou de remplacement pour les produits qui fondent pendant le transport. Nous vous remercions de votre compr\u00e9hension.<\/p>\n<h4>Avantages et couverture pour les anciens combattants<\/h4>\n<p>CBD Banana &amp; Chocolate est admissible \u00e0 la couverture d&rsquo;ACC (Anciens Combattants Canada) avec facturation directe par l&rsquo;entremise de la Croix Bleue, ce qui signifie que les anciens combattants admissibles n&rsquo;ont pas \u00e0 d\u00e9bourser d&rsquo;argent. Si vous n&rsquo;avez pas encore de carte m\u00e9dicale, <a href=\"https:\/\/mendomedical.ca\/fr\/carte-medicale\/\">obtenez votre carte m\u00e9dicale gratuite rapidement et facilement ici<\/a>. <\/p>\n<p><strong>Ingr\u00e9dients :<\/strong> Bananes s\u00e9ch\u00e9es biologiques, dattes, beurre de tournesol (graines de tournesol grill\u00e9es), gruau de cacao, poudre de cacao naturel, huile de noix de coco, farine de noix de coco biologique, fibres de pomme, f\u00e9cule de pomme de terre, extrait naturel de vanille, sel marin, vitamine E, extrait de cannabis (huile de haschisch \u00e0 spectre complet).<\/p>\n<\/div>\n","protected":false},"featured_media":44681,"comment_status":"closed","ping_status":"closed","template":"","meta":{"_acf_changed":false,"site-sidebar-layout":"default","site-content-layout":"","ast-site-content-layout":"default","site-content-style":"default","site-sidebar-style":"default","ast-global-header-display":"","ast-banner-title-visibility":"","ast-main-header-display":"","ast-hfb-above-header-display":"","ast-hfb-below-header-display":"","ast-hfb-mobile-header-display":"","site-post-title":"","ast-breadcrumbs-content":"","ast-featured-img":"","footer-sml-layout":"","ast-disable-related-posts":"","theme-transparent-header-meta":"default","adv-header-id-meta":"","stick-header-meta":"","header-above-stick-meta":"","header-main-stick-meta":"","header-below-stick-meta":"","astra-migrate-meta-layouts":"set","ast-page-background-enabled":"default","ast-page-background-meta":{"desktop":{"background-color":"var(--ast-global-color-4)","background-image":"","background-repeat":"repeat","background-position":"center center","background-size":"auto","background-attachment":"scroll","background-type":"","background-media":"","overlay-type":"","overlay-color":"","overlay-opacity":"","overlay-gradient":""},"tablet":{"background-color":"","background-image":"","background-repeat":"repeat","background-position":"center center","background-size":"auto","background-attachment":"scroll","background-type":"","background-media":"","overlay-type":"","overlay-color":"","overlay-opacity":"","overlay-gradient":""},"mobile":{"background-color":"","background-image":"","background-repeat":"repeat","background-position":"center center","background-size":"auto","background-attachment":"scroll","background-type":"","background-media":"","overlay-type":"","overlay-color":"","overlay-opacity":"","overlay-gradient":""}},"ast-content-background-meta":{"desktop":{"background-color":"var(--ast-global-color-5)","background-image":"","background-repeat":"repeat","background-position":"center center","background-size":"auto","background-attachment":"scroll","background-type":"","background-media":"","overlay-type":"","overlay-color":"","overlay-opacity":"","overlay-gradient":""},"tablet":{"background-color":"var(--ast-global-color-5)","background-image":"","background-repeat":"repeat","background-position":"center center","background-size":"auto","background-attachment":"scroll","background-type":"","background-media":"","overlay-type":"","overlay-color":"","overlay-opacity":"","overlay-gradient":""},"mobile":{"background-color":"var(--ast-global-color-5)","background-image":"","background-repeat":"repeat","background-position":"center center","background-size":"auto","background-attachment":"scroll","background-type":"","background-media":"","overlay-type":"","overlay-color":"","overlay-opacity":"","overlay-gradient":""}}},"product_brand":[],"product_cat":[1134,1511,1128],"product_tag":[2468],"product_format_filter":[],"class_list":{"0":"post-44674","1":"product","2":"type-product","3":"status-publish","4":"has-post-thumbnail","6":"product_cat-alimentation-intelligente","7":"product_cat-full-spectrum-fr","8":"product_cat-comestibles","9":"product_tag-jublee-fr","10":"pa_cbd-25mg-fr","11":"pa_flavours-banane","12":"pa_flavours-chocolate-fr","13":"pa_format-4-unites","14":"pa_intensity-cbd-moyen","15":"pa_marques-jublee-fr","16":"pa_origin-quebec-fr","17":"pa_type-de-plante-cbd-fr","18":"pa_type-de-plante-hybride-fr","19":"desktop-align-left","20":"tablet-align-left","21":"mobile-align-left","23":"first","24":"instock","25":"taxable","26":"shipping-taxable","27":"purchasable","28":"product-type-simple"},"group_of_quantity":0,"min_quantity":0,"max_quantity":"","exclude_order_quantity_value_rules":"no","exclude_category_quantity_rules":"no","combine_variations":"no","acf":[],"_links":{"self":[{"href":"https:\/\/mendomedical.ca\/fr\/wp-json\/wp\/v2\/product\/44674","targetHints":{"allow":["GET"]}}],"collection":[{"href":"https:\/\/mendomedical.ca\/fr\/wp-json\/wp\/v2\/product"}],"about":[{"href":"https:\/\/mendomedical.ca\/fr\/wp-json\/wp\/v2\/types\/product"}],"replies":[{"embeddable":true,"href":"https:\/\/mendomedical.ca\/fr\/wp-json\/wp\/v2\/comments?post=44674"}],"wp:featuredmedia":[{"embeddable":true,"href":"https:\/\/mendomedical.ca\/fr\/wp-json\/wp\/v2\/media\/44681"}],"wp:attachment":[{"href":"https:\/\/mendomedical.ca\/fr\/wp-json\/wp\/v2\/media?parent=44674"}],"wp:term":[{"taxonomy":"product_brand","embeddable":true,"href":"https:\/\/mendomedical.ca\/fr\/wp-json\/wp\/v2\/product_brand?post=44674"},{"taxonomy":"product_cat","embeddable":true,"href":"https:\/\/mendomedical.ca\/fr\/wp-json\/wp\/v2\/product_cat?post=44674"},{"taxonomy":"product_tag","embeddable":true,"href":"https:\/\/mendomedical.ca\/fr\/wp-json\/wp\/v2\/product_tag?post=44674"},{"taxonomy":"product_format_filter","embeddable":true,"href":"https:\/\/mendomedical.ca\/fr\/wp-json\/wp\/v2\/product_format_filter?post=44674"}],"curies":[{"name":"wp","href":"https:\/\/api.w.org\/{rel}","templated":true}]}}