{"id":44624,"date":"2024-01-01T04:23:04","date_gmt":"2024-01-01T09:23:04","guid":{"rendered":"https:\/\/mendomedical.ca\/?post_type=product&#038;p=44624"},"modified":"2025-11-30T10:38:09","modified_gmt":"2025-11-30T15:38:09","slug":"cerise-et-cacao","status":"publish","type":"product","link":"https:\/\/mendomedical.ca\/fr\/produit\/cerise-et-cacao\/","title":{"rendered":"Cerise et cacao"},"content":{"rendered":"","protected":false},"excerpt":{"rendered":"<div class=\"ExternalClass8066A839FA6D48A78892781077C6D223\">\n<h3>Cerisier et cacao par Jublee<\/h3>\n<p>Faites l&rsquo;exp\u00e9rience de l&rsquo;harmonie parfaite entre le plaisir et la relaxation avec Cherry &amp; Cocoa by Jublee. Ce produit comestible bien con\u00e7u combine les riches saveurs de la cerise et du cacao avec de l&rsquo;huile de haschisch \u00e0 spectre complet, cr\u00e9ant ainsi un voyage sensoriel con\u00e7u pour vous aider \u00e0 vous d\u00e9tendre. Chaque bouch\u00e9e offre un m\u00e9lange sophistiqu\u00e9 de notes sucr\u00e9es et am\u00e8res, ce qui en fait un choix id\u00e9al pour ceux qui recherchent une exp\u00e9rience comestible au cannabis de premi\u00e8re qualit\u00e9.  <\/p>\n<h4>Caract\u00e9ristiques principales<\/h4>\n<ul>\n<li>Infus\u00e9 avec de l&rsquo;huile de haschisch \u00e0 spectre complet pour un meilleur potentiel th\u00e9rapeutique.<\/li>\n<li>Profil de saveur complexe comprenant la cerise confite, le cacao amer, le sel de mer et le piment.<\/li>\n<li>Fabriqu\u00e9 \u00e0 partir d&rsquo;ingr\u00e9dients sains tels que des fruits secs, des \u00e9clats de cacao et du beurre de tournesol.<\/li>\n<li>Texture friable qui fond sur le palais pour une lib\u00e9ration optimale des ar\u00f4mes<\/li>\n<li>Formul\u00e9 pour favoriser la relaxation et la stimulation sensorielle<\/li>\n<\/ul>\n<h4>Profil gustatif et exp\u00e9rience sensorielle<\/h4>\n<p>Cherry &amp; Cocoa offre une exp\u00e9rience de d\u00e9gustation sophistiqu\u00e9e qui commence par des notes de cerise pro\u00e9minentes compl\u00e9t\u00e9es par des touches subtiles de torr\u00e9faction. La texture friable laisse place \u00e0 des couches de cerises confites et de cacao amer, qui se terminent par des \u00e9chos inattendus de sel marin et de piment qui ajoutent de la profondeur et de la complexit\u00e9 \u00e0 chaque bouch\u00e9e. <\/p>\n<h4>Pourquoi choisir Smart Food Edibles ?<\/h4>\n<p>Les edibles Smart Food comme Cherry &amp; Cocoa offrent un dosage pr\u00e9cis et coh\u00e9rent dans un format discret qui convient parfaitement aux consommateurs de cannabis m\u00e9dical. Ces produits peuvent contribuer \u00e0 la relaxation et au bien-\u00eatre g\u00e9n\u00e9ral tout en offrant une exp\u00e9rience de consommation agr\u00e9able. <\/p>\n<h4>Exp\u00e9dition dans tout le Canada<\/h4>\n<p>Cherry &amp; Cocoa est exp\u00e9di\u00e9 rapidement \u00e0 travers le Canada, avec une livraison gratuite pour les commandes de plus de 150 $. Veuillez noter que les produits contenant de la g\u00e9latine peuvent fondre pendant l&rsquo;exp\u00e9dition en \u00e9t\u00e9.  Nous vous recommandons de tenir compte de ce probl\u00e8me potentiel lorsque vous passez votre commande. Malheureusement, nous ne pouvons pas offrir de remboursement ou de remplacement pour les produits qui fondent pendant le transport. Nous vous remercions de votre compr\u00e9hension.<\/p>\n<h4>Avantages et couverture pour les anciens combattants<\/h4>\n<p>Cherry &amp; Cocoa est admissible \u00e0 la couverture d&rsquo;ACC (Anciens Combattants Canada) et \u00e0 la facturation directe par l&rsquo;entremise de la Croix Bleue, ce qui signifie que les anciens combattants admissibles n&rsquo;ont pas \u00e0 d\u00e9bourser d&rsquo;argent. Si vous n&rsquo;avez pas encore d&rsquo;ordonnance de cannabis m\u00e9dical, <a href=\"https:\/\/mendomedical.ca\/fr\/carte-medicale\/\">obtenez rapidement et facilement votre carte m\u00e9dicale gratuite<\/a>. <\/p>\n<p><strong>Ingr\u00e9dients :<\/strong> Cerises s\u00e9ch\u00e9es (cerises, jus de pomme concentr\u00e9, huile de tournesol), dattes, canneberges s\u00e9ch\u00e9es (canneberges, jus de pomme concentr\u00e9, huile de tournesol), gruau de cacao, extrait sec de graines de canneberges, beurre de tournesol (graines de tournesol grill\u00e9es), f\u00e9cule de pomme de terre, huile de noix de coco, sel marin, \u00e9pices, vitamine E, extrait de cannabis (huile de haschisch \u00e0 spectre complet).<\/p>\n<\/div>\n","protected":false},"featured_media":44628,"comment_status":"closed","ping_status":"closed","template":"","meta":{"_acf_changed":false,"site-sidebar-layout":"default","site-content-layout":"","ast-site-content-layout":"default","site-content-style":"default","site-sidebar-style":"default","ast-global-header-display":"","ast-banner-title-visibility":"","ast-main-header-display":"","ast-hfb-above-header-display":"","ast-hfb-below-header-display":"","ast-hfb-mobile-header-display":"","site-post-title":"","ast-breadcrumbs-content":"","ast-featured-img":"","footer-sml-layout":"","ast-disable-related-posts":"","theme-transparent-header-meta":"default","adv-header-id-meta":"","stick-header-meta":"","header-above-stick-meta":"","header-main-stick-meta":"","header-below-stick-meta":"","astra-migrate-meta-layouts":"set","ast-page-background-enabled":"default","ast-page-background-meta":{"desktop":{"background-color":"var(--ast-global-color-4)","background-image":"","background-repeat":"repeat","background-position":"center center","background-size":"auto","background-attachment":"scroll","background-type":"","background-media":"","overlay-type":"","overlay-color":"","overlay-opacity":"","overlay-gradient":""},"tablet":{"background-color":"","background-image":"","background-repeat":"repeat","background-position":"center center","background-size":"auto","background-attachment":"scroll","background-type":"","background-media":"","overlay-type":"","overlay-color":"","overlay-opacity":"","overlay-gradient":""},"mobile":{"background-color":"","background-image":"","background-repeat":"repeat","background-position":"center center","background-size":"auto","background-attachment":"scroll","background-type":"","background-media":"","overlay-type":"","overlay-color":"","overlay-opacity":"","overlay-gradient":""}},"ast-content-background-meta":{"desktop":{"background-color":"var(--ast-global-color-5)","background-image":"","background-repeat":"repeat","background-position":"center center","background-size":"auto","background-attachment":"scroll","background-type":"","background-media":"","overlay-type":"","overlay-color":"","overlay-opacity":"","overlay-gradient":""},"tablet":{"background-color":"var(--ast-global-color-5)","background-image":"","background-repeat":"repeat","background-position":"center center","background-size":"auto","background-attachment":"scroll","background-type":"","background-media":"","overlay-type":"","overlay-color":"","overlay-opacity":"","overlay-gradient":""},"mobile":{"background-color":"var(--ast-global-color-5)","background-image":"","background-repeat":"repeat","background-position":"center center","background-size":"auto","background-attachment":"scroll","background-type":"","background-media":"","overlay-type":"","overlay-color":"","overlay-opacity":"","overlay-gradient":""}}},"product_brand":[4206],"product_cat":[1134,1511,1128],"product_tag":[2468],"product_format_filter":[6498],"class_list":{"0":"post-44624","1":"product","2":"type-product","3":"status-publish","4":"has-post-thumbnail","6":"product_brand-jublee","7":"product_cat-alimentation-intelligente","8":"product_cat-full-spectrum-fr","9":"product_cat-comestibles","10":"product_tag-jublee-fr","11":"pa_cbd-20mg-fr","12":"pa_flavours-cacao","13":"pa_flavours-cherry-fr","14":"pa_format-2-unites","15":"pa_intensity-cbd-moyen","16":"pa_intensity-thc-moyen","17":"pa_marques-jublee-fr","18":"pa_origin-quebec-fr","19":"pa_thc-10mg-fr","20":"pa_type-de-plante-cbd-fr","21":"pa_type-de-plante-hybride-fr","22":"pa_type-de-plante-thc-fr","23":"product_format_filter-2units","24":"desktop-align-left","25":"tablet-align-left","26":"mobile-align-left","28":"first","29":"outofstock","30":"taxable","31":"shipping-taxable","32":"purchasable","33":"product-type-simple"},"group_of_quantity":0,"min_quantity":0,"max_quantity":"","exclude_order_quantity_value_rules":"no","exclude_category_quantity_rules":"no","combine_variations":"no","acf":[],"_links":{"self":[{"href":"https:\/\/mendomedical.ca\/fr\/wp-json\/wp\/v2\/product\/44624","targetHints":{"allow":["GET"]}}],"collection":[{"href":"https:\/\/mendomedical.ca\/fr\/wp-json\/wp\/v2\/product"}],"about":[{"href":"https:\/\/mendomedical.ca\/fr\/wp-json\/wp\/v2\/types\/product"}],"replies":[{"embeddable":true,"href":"https:\/\/mendomedical.ca\/fr\/wp-json\/wp\/v2\/comments?post=44624"}],"wp:featuredmedia":[{"embeddable":true,"href":"https:\/\/mendomedical.ca\/fr\/wp-json\/wp\/v2\/media\/44628"}],"wp:attachment":[{"href":"https:\/\/mendomedical.ca\/fr\/wp-json\/wp\/v2\/media?parent=44624"}],"wp:term":[{"taxonomy":"product_brand","embeddable":true,"href":"https:\/\/mendomedical.ca\/fr\/wp-json\/wp\/v2\/product_brand?post=44624"},{"taxonomy":"product_cat","embeddable":true,"href":"https:\/\/mendomedical.ca\/fr\/wp-json\/wp\/v2\/product_cat?post=44624"},{"taxonomy":"product_tag","embeddable":true,"href":"https:\/\/mendomedical.ca\/fr\/wp-json\/wp\/v2\/product_tag?post=44624"},{"taxonomy":"product_format_filter","embeddable":true,"href":"https:\/\/mendomedical.ca\/fr\/wp-json\/wp\/v2\/product_format_filter?post=44624"}],"curies":[{"name":"wp","href":"https:\/\/api.w.org\/{rel}","templated":true}]}}