{"id":44515,"date":"2024-01-01T00:04:41","date_gmt":"2024-01-01T05:04:41","guid":{"rendered":"https:\/\/mendomedical.ca\/?post_type=product&#038;p=44515"},"modified":"2026-04-03T09:38:48","modified_gmt":"2026-04-03T13:38:48","slug":"cbncbd-pomegranate-berry-gummy-15-pack","status":"publish","type":"product","link":"https:\/\/mendomedical.ca\/fr\/produit\/cbncbd-pomegranate-berry-gummy-15-pack\/","title":{"rendered":"CBZ\u2122 - CBN+CBD Grenade Berry Gummy (paquet de 15)"},"content":{"rendered":"","protected":false},"excerpt":{"rendered":"<p><em><strong>CBZ\u2122 - CBN+CBD Grenade Berry Gummy (paquet de 15)<\/strong><\/em><\/p>\n<p><strong>15 paquets de CBZ\u2122 - CBN + CBD Pomegranate Berry Gummy Drop - TERPENE ENHANCED. Gommes de confiserie \u00e0 la forme unique et au go\u00fbt naturel, contenant chacune 20 mg de CBD et 10 mg de CBN par gomme. <\/strong><\/p>\n<p><strong>Ce paquet de valeur \u00e0 haute puissance de CBZ\u2122 CBN + CBD Pomegranate Berry Gummy Drop contient 15 gommes de forme unique \u00e0 saveur naturelle, am\u00e9lior\u00e9es par les terp\u00e8nes et sans aspect, chacune avec un rapport 2:1 de 20 mg de CBD et 10 mg de CBN, sans l&rsquo;amertume attendue. Ces gommes de style confiserie europ\u00e9enne ont une excellente sensation en bouche et sont cr\u00e9\u00e9es \u00e0 la main selon un processus \u00e0 basse temp\u00e9rature qui pr\u00e9serve l&rsquo;effet \u00e0 large spectre de la combinaison de terp\u00e8nes et de cannabino\u00efdes. Cette gomme tr\u00e8s aromatique est pr\u00e9sent\u00e9e dans une forme de \u00ab\u00a0goutte\u00a0\u00bb personnalis\u00e9e tr\u00e8s agr\u00e9able \u00e0 l&rsquo;\u0153il. Nous nous approvisionnons en plantes \u00e0 faible teneur en THC, entretenues \u00e0 la main par des agriculteurs canadiens et cultiv\u00e9es \u00e0 l&rsquo;ext\u00e9rieur, sous le chaud soleil des terres agricoles du sud de l&rsquo;Ontario. Gr\u00e2ce \u00e0 des m\u00e9thodes d&rsquo;extraction efficaces, nous avons \u00e9limin\u00e9 le THC pour ne conserver que des cannabino\u00efdes mineurs \u00e0 large spectre, enrichis de formules terp\u00e9niques ax\u00e9es sur les effets rapport\u00e9s par les consommateurs, tels que document\u00e9s par Strainprint\u00ae. Les gommes Kinloch Wellness\u2122 sont finalistes des 2022 World CBD Awards, ce qui t\u00e9moigne de leur saveur et de leurs formulations uniques.     <\/strong><\/p>\n<p>&nbsp;<\/p>\n<h5><em>Veuillez noter que les produits contenant de la g\u00e9latine peuvent fondre pendant le transport en \u00e9t\u00e9. Nous vous recommandons d&rsquo;\u00eatre conscient de ce probl\u00e8me potentiel lorsque vous passez votre commande. Malheureusement, nous ne pouvons pas offrir de remboursement ou de remplacement pour les produits qui fondent pendant le transport. Nous vous remercions de votre compr\u00e9hension.   <\/em><\/h5>\n<p>&nbsp;<\/p>\n<h4>Ingr\u00e9dients<\/h4>\n<p>Sucres (sirop de glucose, sucre), eau, g\u00e9latine, acide tartrique, sorbitol, huile MCT, acide citrique, ar\u00f4mes naturels et artificiels, extrait de cannabis, tartrazine, colorants artificiels, terp\u00e8nes.<\/p>\n<h4>Peut contenir<\/h4>\n<p>LAIT<\/p>\n","protected":false},"featured_media":44517,"comment_status":"closed","ping_status":"closed","template":"","meta":{"_acf_changed":false,"site-sidebar-layout":"default","site-content-layout":"","ast-site-content-layout":"default","site-content-style":"default","site-sidebar-style":"default","ast-global-header-display":"","ast-banner-title-visibility":"","ast-main-header-display":"","ast-hfb-above-header-display":"","ast-hfb-below-header-display":"","ast-hfb-mobile-header-display":"","site-post-title":"","ast-breadcrumbs-content":"","ast-featured-img":"","footer-sml-layout":"","ast-disable-related-posts":"","theme-transparent-header-meta":"default","adv-header-id-meta":"","stick-header-meta":"","header-above-stick-meta":"","header-main-stick-meta":"","header-below-stick-meta":"","astra-migrate-meta-layouts":"set","ast-page-background-enabled":"default","ast-page-background-meta":{"desktop":{"background-color":"var(--ast-global-color-4)","background-image":"","background-repeat":"repeat","background-position":"center center","background-size":"auto","background-attachment":"scroll","background-type":"","background-media":"","overlay-type":"","overlay-color":"","overlay-opacity":"","overlay-gradient":""},"tablet":{"background-color":"","background-image":"","background-repeat":"repeat","background-position":"center center","background-size":"auto","background-attachment":"scroll","background-type":"","background-media":"","overlay-type":"","overlay-color":"","overlay-opacity":"","overlay-gradient":""},"mobile":{"background-color":"","background-image":"","background-repeat":"repeat","background-position":"center center","background-size":"auto","background-attachment":"scroll","background-type":"","background-media":"","overlay-type":"","overlay-color":"","overlay-opacity":"","overlay-gradient":""}},"ast-content-background-meta":{"desktop":{"background-color":"var(--ast-global-color-5)","background-image":"","background-repeat":"repeat","background-position":"center center","background-size":"auto","background-attachment":"scroll","background-type":"","background-media":"","overlay-type":"","overlay-color":"","overlay-opacity":"","overlay-gradient":""},"tablet":{"background-color":"var(--ast-global-color-5)","background-image":"","background-repeat":"repeat","background-position":"center center","background-size":"auto","background-attachment":"scroll","background-type":"","background-media":"","overlay-type":"","overlay-color":"","overlay-opacity":"","overlay-gradient":""},"mobile":{"background-color":"var(--ast-global-color-5)","background-image":"","background-repeat":"repeat","background-position":"center center","background-size":"auto","background-attachment":"scroll","background-type":"","background-media":"","overlay-type":"","overlay-color":"","overlay-opacity":"","overlay-gradient":""}}},"product_brand":[],"product_cat":[1132,1128],"product_tag":[3344],"product_format_filter":[6519],"class_list":{"0":"post-44515","1":"product","2":"type-product","3":"status-publish","4":"has-post-thumbnail","6":"product_cat-bonbons","7":"product_cat-comestibles","8":"product_tag-kinloch-wellness-fr","9":"pa_cbd-20mg-fr","10":"pa_cbn-10mg-fr","11":"pa_flavours-pomegranate-fr","12":"pa_format-15-units-fr","13":"pa_intensity-cbd-moyen","14":"pa_intensity-med-cbn-fr","15":"pa_marques-kinloch-wellness-fr","16":"product_format_filter-15units","17":"desktop-align-left","18":"tablet-align-left","19":"mobile-align-left","21":"first","22":"instock","23":"taxable","24":"shipping-taxable","25":"purchasable","26":"product-type-simple"},"group_of_quantity":0,"min_quantity":0,"max_quantity":"","exclude_order_quantity_value_rules":"no","exclude_category_quantity_rules":"no","combine_variations":"no","acf":[],"_links":{"self":[{"href":"https:\/\/mendomedical.ca\/fr\/wp-json\/wp\/v2\/product\/44515","targetHints":{"allow":["GET"]}}],"collection":[{"href":"https:\/\/mendomedical.ca\/fr\/wp-json\/wp\/v2\/product"}],"about":[{"href":"https:\/\/mendomedical.ca\/fr\/wp-json\/wp\/v2\/types\/product"}],"replies":[{"embeddable":true,"href":"https:\/\/mendomedical.ca\/fr\/wp-json\/wp\/v2\/comments?post=44515"}],"wp:featuredmedia":[{"embeddable":true,"href":"https:\/\/mendomedical.ca\/fr\/wp-json\/wp\/v2\/media\/44517"}],"wp:attachment":[{"href":"https:\/\/mendomedical.ca\/fr\/wp-json\/wp\/v2\/media?parent=44515"}],"wp:term":[{"taxonomy":"product_brand","embeddable":true,"href":"https:\/\/mendomedical.ca\/fr\/wp-json\/wp\/v2\/product_brand?post=44515"},{"taxonomy":"product_cat","embeddable":true,"href":"https:\/\/mendomedical.ca\/fr\/wp-json\/wp\/v2\/product_cat?post=44515"},{"taxonomy":"product_tag","embeddable":true,"href":"https:\/\/mendomedical.ca\/fr\/wp-json\/wp\/v2\/product_tag?post=44515"},{"taxonomy":"product_format_filter","embeddable":true,"href":"https:\/\/mendomedical.ca\/fr\/wp-json\/wp\/v2\/product_format_filter?post=44515"}],"curies":[{"name":"wp","href":"https:\/\/api.w.org\/{rel}","templated":true}]}}