{"id":44493,"date":"2000-04-11T23:01:21","date_gmt":"2000-04-12T03:01:21","guid":{"rendered":"https:\/\/mendomedical.ca\/?post_type=product&#038;p=44493"},"modified":"2025-11-25T13:04:09","modified_gmt":"2025-11-25T18:04:09","slug":"cbgcbd-mango-gummy","status":"publish","type":"product","link":"https:\/\/mendomedical.ca\/fr\/produit\/cbgcbd-mango-gummy\/","title":{"rendered":"Refresh\u2122 CBG+CBD Mango Gummy"},"content":{"rendered":"","protected":false},"excerpt":{"rendered":"<div class=\"ExternalClass8FBFB68ADEA14AE89A435755F28D2B01\">\n<h3>Refresh\u2122 CBG+CBD Mango Gummy<\/h3>\n<p>D\u00e9couvrez l&rsquo;\u00e9quilibre parfait des cannabino\u00efdes avec Refresh\u2122 CBD + CBG Mango Gummy Drops de Kinloch Wellness. Ce paquet de 4 premiums propose des gommes de forme unique, enrichies en terp\u00e8ne, qui d\u00e9livrent 20mg de CBD et 20mg de CBG par pi\u00e8ce. Fabriqu\u00e9es avec une v\u00e9ritable expertise en confiserie, ces gommes sans aspect offrent une saveur exceptionnelle sans l&rsquo;amertume souvent associ\u00e9e aux produits \u00e0 base de cannabis \u00e0 forte puissance.  <\/p>\n<h4>Caract\u00e9ristiques principales<\/h4>\n<ul>\n<li>40mg de cannabino\u00efdes totaux par gomme (20mg CBD + 20mg CBG)<\/li>\n<li>Ar\u00f4me naturel de mangue sans arri\u00e8re-go\u00fbt amer<\/li>\n<li>Formule enrichie en terp\u00e8nes pour des effets renforc\u00e9s<\/li>\n<li>Gommes de confiserie sanspectine, \u00e0 base de g\u00e9latine<\/li>\n<li>Format pratique de 4 paquets<\/li>\n<\/ul>\n<h4>Profil des terp\u00e8nes<\/h4>\n<p>Chaque gomme est enrichie d&rsquo;un m\u00e9lange de terp\u00e8nes soigneusement s\u00e9lectionn\u00e9s, comprenant du b\u00eata-caryophyll\u00e8ne, du D-limon\u00e8ne, de l&rsquo;alpha-pin\u00e8ne, du myrc\u00e8ne, du born\u00e9ol, du terpin\u00e9ol et du terpinol\u00e8ne. Ce profil sophistiqu\u00e9 compl\u00e8te l&rsquo;ar\u00f4me naturel de mangue tout en favorisant potentiellement l&rsquo;effet d&rsquo;entourage entre les cannabino\u00efdes et les terp\u00e8nes. <\/p>\n<h4>Pourquoi choisir les gommes<\/h4>\n<p>Les gommes de cannabis offrent un dosage pr\u00e9cis et des effets durables, ce qui les rend id\u00e9ales pour les utilisateurs m\u00e9dicaux \u00e0 la recherche d&rsquo;un soulagement constant. La combinaison de CBD et de CBG dans ces gommes peut contribuer au bien-\u00eatre g\u00e9n\u00e9ral et \u00e0 l&rsquo;\u00e9quilibre tout au long de la journ\u00e9e. <\/p>\n<h4>Exp\u00e9dition dans tout le Canada<\/h4>\n<p>Refresh\u2122 CBG+CBD Mango Gummy est exp\u00e9di\u00e9 rapidement dans tout le Canada, avec une livraison gratuite pour les commandes de plus de 150 $. Veuillez noter que les produits contenant de la g\u00e9latine peuvent fondre pendant l&rsquo;exp\u00e9dition durant les mois d&rsquo;\u00e9t\u00e9. Nous vous recommandons de tenir compte de ce probl\u00e8me potentiel lorsque vous passez votre commande.   Malheureusement, nous ne pouvons pas offrir de remboursement ou de remplacement pour les produits qui fondent pendant le transport. Nous vous remercions de votre compr\u00e9hension.<\/p>\n<h4>Avantages et couverture pour les anciens combattants<\/h4>\n<p>Refresh\u2122 CBG+CBD Mango Gummy est admissible \u00e0 la couverture d&rsquo;ACC (Anciens Combattants Canada) avec facturation directe par l&rsquo;entremise de la Croix Bleue, ce qui signifie qu&rsquo;aucun d\u00e9bours\u00e9 n&rsquo;est n\u00e9cessaire pour les anciens combattants admissibles. Si vous n&rsquo;avez pas encore de carte de cannabis m\u00e9dical, vous pouvez <a href=\"https:\/\/mendomedical.ca\/fr\/carte-medicale\/\">obtenir votre carte m\u00e9dicale gratuite rapidement et facilement<\/a>. <\/p>\n<\/div>\n","protected":false},"featured_media":229007,"comment_status":"closed","ping_status":"closed","template":"","meta":{"_acf_changed":false,"site-sidebar-layout":"default","site-content-layout":"","ast-site-content-layout":"default","site-content-style":"default","site-sidebar-style":"default","ast-global-header-display":"","ast-banner-title-visibility":"","ast-main-header-display":"","ast-hfb-above-header-display":"","ast-hfb-below-header-display":"","ast-hfb-mobile-header-display":"","site-post-title":"","ast-breadcrumbs-content":"","ast-featured-img":"","footer-sml-layout":"","ast-disable-related-posts":"","theme-transparent-header-meta":"default","adv-header-id-meta":"","stick-header-meta":"","header-above-stick-meta":"","header-main-stick-meta":"","header-below-stick-meta":"","astra-migrate-meta-layouts":"set","ast-page-background-enabled":"default","ast-page-background-meta":{"desktop":{"background-color":"var(--ast-global-color-4)","background-image":"","background-repeat":"repeat","background-position":"center center","background-size":"auto","background-attachment":"scroll","background-type":"","background-media":"","overlay-type":"","overlay-color":"","overlay-opacity":"","overlay-gradient":""},"tablet":{"background-color":"","background-image":"","background-repeat":"repeat","background-position":"center center","background-size":"auto","background-attachment":"scroll","background-type":"","background-media":"","overlay-type":"","overlay-color":"","overlay-opacity":"","overlay-gradient":""},"mobile":{"background-color":"","background-image":"","background-repeat":"repeat","background-position":"center center","background-size":"auto","background-attachment":"scroll","background-type":"","background-media":"","overlay-type":"","overlay-color":"","overlay-opacity":"","overlay-gradient":""}},"ast-content-background-meta":{"desktop":{"background-color":"var(--ast-global-color-5)","background-image":"","background-repeat":"repeat","background-position":"center center","background-size":"auto","background-attachment":"scroll","background-type":"","background-media":"","overlay-type":"","overlay-color":"","overlay-opacity":"","overlay-gradient":""},"tablet":{"background-color":"var(--ast-global-color-5)","background-image":"","background-repeat":"repeat","background-position":"center center","background-size":"auto","background-attachment":"scroll","background-type":"","background-media":"","overlay-type":"","overlay-color":"","overlay-opacity":"","overlay-gradient":""},"mobile":{"background-color":"var(--ast-global-color-5)","background-image":"","background-repeat":"repeat","background-position":"center center","background-size":"auto","background-attachment":"scroll","background-type":"","background-media":"","overlay-type":"","overlay-color":"","overlay-opacity":"","overlay-gradient":""}}},"product_brand":[],"product_cat":[1132,1128],"product_tag":[],"product_format_filter":[],"class_list":{"0":"post-44493","1":"product","2":"type-product","3":"status-publish","4":"has-post-thumbnail","6":"product_cat-bonbons","7":"product_cat-comestibles","8":"pa_cbd-20mg-fr","9":"pa_cbg-20mg-fr","10":"pa_flavours-mango-fr","11":"pa_format-4-unites","12":"pa_intensity-faible-cbd","13":"pa_intensity-med-cbg-fr","14":"pa_marques-kinloch-wellness-fr","15":"pa_origin-colombie-britannique-fr","16":"pa_profil-terpene-borneol-fr","17":"pa_profil-terpene-caryophyllene","18":"pa_profil-terpene-limonene-fr","19":"pa_profil-terpene-myrcene","20":"pa_profil-terpene-pinene-fr","21":"pa_profil-terpene-terpineol-fr","22":"pa_profil-terpene-terpinolene-fr","23":"pa_type-de-plante-cbd-fr","24":"pa_type-de-plante-cbg-fr","25":"desktop-align-left","26":"tablet-align-left","27":"mobile-align-left","29":"first","30":"outofstock","31":"taxable","32":"shipping-taxable","33":"purchasable","34":"product-type-simple"},"group_of_quantity":0,"min_quantity":0,"max_quantity":"","exclude_order_quantity_value_rules":"no","exclude_category_quantity_rules":"no","combine_variations":"no","acf":[],"_links":{"self":[{"href":"https:\/\/mendomedical.ca\/fr\/wp-json\/wp\/v2\/product\/44493","targetHints":{"allow":["GET"]}}],"collection":[{"href":"https:\/\/mendomedical.ca\/fr\/wp-json\/wp\/v2\/product"}],"about":[{"href":"https:\/\/mendomedical.ca\/fr\/wp-json\/wp\/v2\/types\/product"}],"replies":[{"embeddable":true,"href":"https:\/\/mendomedical.ca\/fr\/wp-json\/wp\/v2\/comments?post=44493"}],"wp:featuredmedia":[{"embeddable":true,"href":"https:\/\/mendomedical.ca\/fr\/wp-json\/wp\/v2\/media\/229007"}],"wp:attachment":[{"href":"https:\/\/mendomedical.ca\/fr\/wp-json\/wp\/v2\/media?parent=44493"}],"wp:term":[{"taxonomy":"product_brand","embeddable":true,"href":"https:\/\/mendomedical.ca\/fr\/wp-json\/wp\/v2\/product_brand?post=44493"},{"taxonomy":"product_cat","embeddable":true,"href":"https:\/\/mendomedical.ca\/fr\/wp-json\/wp\/v2\/product_cat?post=44493"},{"taxonomy":"product_tag","embeddable":true,"href":"https:\/\/mendomedical.ca\/fr\/wp-json\/wp\/v2\/product_tag?post=44493"},{"taxonomy":"product_format_filter","embeddable":true,"href":"https:\/\/mendomedical.ca\/fr\/wp-json\/wp\/v2\/product_format_filter?post=44493"}],"curies":[{"name":"wp","href":"https:\/\/api.w.org\/{rel}","templated":true}]}}