{"id":44485,"date":"2024-01-01T00:01:49","date_gmt":"2024-01-01T05:01:49","guid":{"rendered":"https:\/\/mendomedical.ca\/?post_type=product&#038;p=44485"},"modified":"2026-04-11T10:58:55","modified_gmt":"2026-04-11T14:58:55","slug":"cbgcbd-mango-gummy-15-pack","status":"publish","type":"product","link":"https:\/\/mendomedical.ca\/fr\/produit\/cbgcbd-mango-gummy-15-pack\/","title":{"rendered":"Refresh\u2122 - CBG+CBD Gomme \u00e0 la mangue (paquet de 15)"},"content":{"rendered":"","protected":false},"excerpt":{"rendered":"<div class=\"ExternalClass7A1A3708344942C88677658D3B36BBA3\">\n<h3>Refresh\u2122 - CBG+CBD Mango Gummy (paquet de 15) par Kinloch Wellness<\/h3>\n<p>D\u00e9couvrez le go\u00fbt rafra\u00eechissant de la mangue tropicale tout en profitant des bienfaits \u00e9quilibr\u00e9s du CBD et du CBG avec les gommes Kinloch Wellness Refresh\u2122. Ce paquet de valeur contient 15 gommes en forme de gouttes fabriqu\u00e9es \u00e0 la main, chacune d\u00e9livrant un ratio pr\u00e9cis de 1:1 de 20mg de CBD et 20mg de CBG. Reconnus comme meilleurs comestibles lors des 2022 World CBD Awards, ces gommes de style confiserie europ\u00e9enne combinent une saveur exceptionnelle avec des bienfaits cannabino\u00efdes \u00e0 large spectre, provenant de cannabis de l&rsquo;Ontario cultiv\u00e9 au soleil.  <\/p>\n<h4>Caract\u00e9ristiques principales<\/h4>\n<ul>\n<li>Rapport \u00e9quilibr\u00e9 1:1 avec 20 mg de CBD et 20 mg de CBG par gomme pour un meilleur potentiel th\u00e9rapeutique.<\/li>\n<li>La formulation prim\u00e9e a \u00e9t\u00e9 reconnue comme meilleur produit comestible lors des 2022 World CBD Awards.<\/li>\n<li>Fabriqu\u00e9 \u00e0 la main en utilisant un traitement \u00e0 basse temp\u00e9rature pour pr\u00e9server les terp\u00e8nes et les cannabino\u00efdes.<\/li>\n<li>Extrait \u00e0 large spectre sans THC am\u00e9lior\u00e9 par des formulations cibl\u00e9es de terp\u00e8nes<\/li>\n<li>Paquet de 15 gommes \u00e0 m\u00e2cher de forme unique et de texture sup\u00e9rieure.<\/li>\n<\/ul>\n<h4>Profil des ar\u00f4mes et des cannabino\u00efdes<\/h4>\n<p>Ces gommes aromatis\u00e9es \u00e0 la mangue pr\u00e9sentent un profil terp\u00e9nique soigneusement \u00e9labor\u00e9 qui compl\u00e8te le go\u00fbt tropical naturel tout en soutenant l&rsquo;effet d&rsquo;entourage. La combinaison de CBD et de CBG offre un profil cannabino\u00efde unique qui peut aider \u00e0 soutenir la concentration et la clart\u00e9. Chaque gomme est enrichie de terp\u00e8nes s\u00e9lectionn\u00e9s sur la base des effets rapport\u00e9s par les consommateurs et document\u00e9s par Strainprint\u00ae, ce qui garantit une exp\u00e9rience coh\u00e9rente et agr\u00e9able.  <\/p>\n<h4>Pourquoi choisir les gommes CBD+CBG ?<\/h4>\n<p>Les gommes CBD+CBG offrent aux consommateurs de cannabis m\u00e9dical une m\u00e9thode de dosage pr\u00e9cise et pratique, sans qu&rsquo;il soit n\u00e9cessaire de recourir \u00e0 l&rsquo;inhalation. La combinaison de ces deux cannabino\u00efdes peut apporter des b\u00e9n\u00e9fices th\u00e9rapeutiques accrus, tandis que les effets durables des edibles les rendent id\u00e9aux pour un soulagement soutenu tout au long de la journ\u00e9e. <\/p>\n<h4>Exp\u00e9dition dans tout le Canada<\/h4>\n<p>Refresh\u2122 - CBG+CBD Mango Gummy (paquet de 15) est exp\u00e9di\u00e9 rapidement au Canada avec la livraison gratuite pour les commandes de plus de 150 $. Veuillez noter que les produits contenant de la g\u00e9latine peuvent fondre pendant l&rsquo;exp\u00e9dition durant les mois d&rsquo;\u00e9t\u00e9. Nous vous recommandons d&rsquo;\u00eatre conscient de ce probl\u00e8me potentiel lorsque vous passez votre commande. Malheureusement, nous ne pouvons pas offrir de remboursement ou de remplacement pour les produits qui fondent pendant le transport. Nous vous remercions de votre compr\u00e9hension.    <\/p>\n<h4>Avantages et couverture pour les anciens combattants<\/h4>\n<p>Refresh\u2122 - CBG+CBD Mango Gummy (paquet de 15) est admissible \u00e0 la couverture d&rsquo;ACC (Anciens Combattants Canada) avec facturation directe par l&rsquo;entremise de la Croix Bleue, ce qui signifie qu&rsquo;aucun d\u00e9bours\u00e9 n&rsquo;est n\u00e9cessaire pour les anciens combattants admissibles. Si vous n&rsquo;avez pas encore de prescription m\u00e9dicale de cannabis, vous pouvez <a href=\"https:\/\/mendomedical.ca\/fr\/carte-medicale\/\">obtenir votre carte m\u00e9dicale gratuite rapidement et facilement<\/a>. <\/p>\n<p><strong>Ingr\u00e9dients :<\/strong> Sucres (sirop de glucose, sucre), eau, g\u00e9latine, acide tartrique, sorbitol, huile MCT, acide citrique, ar\u00f4mes naturels et artificiels, extrait de cannabis, tartrazine, colorants artificiels, terp\u00e8nes. Peut contenir du LAIT. <\/p>\n<\/div>\n","protected":false},"featured_media":44487,"comment_status":"closed","ping_status":"closed","template":"","meta":{"_acf_changed":false,"site-sidebar-layout":"default","site-content-layout":"","ast-site-content-layout":"default","site-content-style":"default","site-sidebar-style":"default","ast-global-header-display":"","ast-banner-title-visibility":"","ast-main-header-display":"","ast-hfb-above-header-display":"","ast-hfb-below-header-display":"","ast-hfb-mobile-header-display":"","site-post-title":"","ast-breadcrumbs-content":"","ast-featured-img":"","footer-sml-layout":"","ast-disable-related-posts":"","theme-transparent-header-meta":"default","adv-header-id-meta":"","stick-header-meta":"","header-above-stick-meta":"","header-main-stick-meta":"","header-below-stick-meta":"","astra-migrate-meta-layouts":"set","ast-page-background-enabled":"default","ast-page-background-meta":{"desktop":{"background-color":"var(--ast-global-color-4)","background-image":"","background-repeat":"repeat","background-position":"center center","background-size":"auto","background-attachment":"scroll","background-type":"","background-media":"","overlay-type":"","overlay-color":"","overlay-opacity":"","overlay-gradient":""},"tablet":{"background-color":"","background-image":"","background-repeat":"repeat","background-position":"center center","background-size":"auto","background-attachment":"scroll","background-type":"","background-media":"","overlay-type":"","overlay-color":"","overlay-opacity":"","overlay-gradient":""},"mobile":{"background-color":"","background-image":"","background-repeat":"repeat","background-position":"center center","background-size":"auto","background-attachment":"scroll","background-type":"","background-media":"","overlay-type":"","overlay-color":"","overlay-opacity":"","overlay-gradient":""}},"ast-content-background-meta":{"desktop":{"background-color":"var(--ast-global-color-5)","background-image":"","background-repeat":"repeat","background-position":"center center","background-size":"auto","background-attachment":"scroll","background-type":"","background-media":"","overlay-type":"","overlay-color":"","overlay-opacity":"","overlay-gradient":""},"tablet":{"background-color":"var(--ast-global-color-5)","background-image":"","background-repeat":"repeat","background-position":"center center","background-size":"auto","background-attachment":"scroll","background-type":"","background-media":"","overlay-type":"","overlay-color":"","overlay-opacity":"","overlay-gradient":""},"mobile":{"background-color":"var(--ast-global-color-5)","background-image":"","background-repeat":"repeat","background-position":"center center","background-size":"auto","background-attachment":"scroll","background-type":"","background-media":"","overlay-type":"","overlay-color":"","overlay-opacity":"","overlay-gradient":""}}},"product_brand":[],"product_cat":[1132,1128],"product_tag":[3344],"product_format_filter":[],"class_list":{"0":"post-44485","1":"product","2":"type-product","3":"status-publish","4":"has-post-thumbnail","6":"product_cat-bonbons","7":"product_cat-comestibles","8":"product_tag-kinloch-wellness-fr","9":"pa_cbd-20mg-fr","10":"pa_cbg-20mg-fr","11":"pa_flavours-mango-fr","12":"pa_format-15-units-fr","13":"pa_intensity-cbd-moyen","14":"pa_intensity-med-cbg-fr","15":"pa_marques-kinloch-wellness-fr","16":"pa_origin-alberta-fr","17":"desktop-align-left","18":"tablet-align-left","19":"mobile-align-left","21":"first","22":"instock","23":"taxable","24":"shipping-taxable","25":"purchasable","26":"product-type-simple"},"group_of_quantity":0,"min_quantity":0,"max_quantity":"","exclude_order_quantity_value_rules":"no","exclude_category_quantity_rules":"no","combine_variations":"no","acf":[],"_links":{"self":[{"href":"https:\/\/mendomedical.ca\/fr\/wp-json\/wp\/v2\/product\/44485","targetHints":{"allow":["GET"]}}],"collection":[{"href":"https:\/\/mendomedical.ca\/fr\/wp-json\/wp\/v2\/product"}],"about":[{"href":"https:\/\/mendomedical.ca\/fr\/wp-json\/wp\/v2\/types\/product"}],"replies":[{"embeddable":true,"href":"https:\/\/mendomedical.ca\/fr\/wp-json\/wp\/v2\/comments?post=44485"}],"wp:featuredmedia":[{"embeddable":true,"href":"https:\/\/mendomedical.ca\/fr\/wp-json\/wp\/v2\/media\/44487"}],"wp:attachment":[{"href":"https:\/\/mendomedical.ca\/fr\/wp-json\/wp\/v2\/media?parent=44485"}],"wp:term":[{"taxonomy":"product_brand","embeddable":true,"href":"https:\/\/mendomedical.ca\/fr\/wp-json\/wp\/v2\/product_brand?post=44485"},{"taxonomy":"product_cat","embeddable":true,"href":"https:\/\/mendomedical.ca\/fr\/wp-json\/wp\/v2\/product_cat?post=44485"},{"taxonomy":"product_tag","embeddable":true,"href":"https:\/\/mendomedical.ca\/fr\/wp-json\/wp\/v2\/product_tag?post=44485"},{"taxonomy":"product_format_filter","embeddable":true,"href":"https:\/\/mendomedical.ca\/fr\/wp-json\/wp\/v2\/product_format_filter?post=44485"}],"curies":[{"name":"wp","href":"https:\/\/api.w.org\/{rel}","templated":true}]}}