{"id":44454,"date":"2023-06-01T10:10:38","date_gmt":"2023-06-01T14:10:38","guid":{"rendered":"https:\/\/mendomedical.ca\/?post_type=product&#038;p=44454"},"modified":"2026-02-23T12:43:33","modified_gmt":"2026-02-23T17:43:33","slug":"solventless-thc-caps","status":"publish","type":"product","link":"https:\/\/mendomedical.ca\/fr\/produit\/solventless-thc-caps\/","title":{"rendered":"Capsules de THC sans solvant"},"content":{"rendered":"<p><strong>Fabriqu\u00e9 \u00e0 partir d\u2019extrait de cannabis obtenu gr\u00e2ce \u00e0 un processus d\u2019extraction sans solvant utilisant uniquement de l\u2019eau glac\u00e9e, qui conserve tout le spectre des cannabino\u00efdes, terp\u00e8nes et autres compos\u00e9s b\u00e9n\u00e9fiques pr\u00e9sents dans la plante de cannabis, garantissant ainsi un effet d\u2019entourage complet.<\/strong><\/p>\n<p><strong>Pour am\u00e9liorer l\u2019efficacit\u00e9 de nos capsules, nous utilisons de l\u2019huile MCT 100 % de qualit\u00e9 pharmaceutique et sans huile de palme d\u00e9riv\u00e9e \u00e0 100 % de noix de coco comme huile de support. L\u2019huile MCT est connue pour sa biodisponibilit\u00e9 exceptionnelle, elle est facilement absorb\u00e9e par le corps, conduisant \u00e0 une distribution plus rapide et plus efficace des cannabino\u00efdes dans le syst\u00e8me.<\/strong><\/p>\n<h5>Attrait visuel:<\/h5>\n<p>Capsules dures en bandes<\/p>\n<h5>Effets:<\/h5>\n<p>Avec un rapport THC\/CBD de 10:1, ils procurent un effet tr\u00e8s holistique sur tout le corps.<\/p>\n","protected":false},"excerpt":{"rendered":"<div class=\"ExternalClass26A5B7917E4B40B7BC65BEC84589AAEB\">\n<h3>Capsules de THC sans solvant<\/h3>\n<p>D\u00e9couvrez les bienfaits purs et complets du cannabis avec les Camp River Cannabis Solventless THC Caps. Ces capsules de qualit\u00e9 sup\u00e9rieure sont fabriqu\u00e9es \u00e0 l&rsquo;aide d&rsquo;une m\u00e9thode innovante d&rsquo;extraction \u00e0 l&rsquo;eau glac\u00e9e qui pr\u00e9serve le profil complet des cannabino\u00efdes, des terp\u00e8nes et des compos\u00e9s b\u00e9n\u00e9fiques que l&rsquo;on trouve naturellement dans la plante de cannabis. Chaque capsule dure et band\u00e9e d\u00e9livre un ratio pr\u00e9cis de 10:1 entre le THC et le CBD, offrant un effet \u00e9quilibr\u00e9 et holistique sur l&rsquo;ensemble du corps que les consommateurs de cannabis m\u00e9dical recherchent.  <\/p>\n<h4>Caract\u00e9ristiques principales<\/h4>\n<ul>\n<li>L&rsquo;extraction sans solvant utilisant uniquement de l&rsquo;eau glac\u00e9e pr\u00e9serve tout le spectre des cannabino\u00efdes et des terp\u00e8nes.<\/li>\n<li>100% d&rsquo;huile de coco MCT de qualit\u00e9 pharmaceutique, sans huile de palme, pour une biodisponibilit\u00e9 sup\u00e9rieure<\/li>\n<li>Le rapport THC\/CBD de 10:1 permet d&rsquo;obtenir des effets th\u00e9rapeutiques \u00e9quilibr\u00e9s sur l&rsquo;ensemble du corps.<\/li>\n<li>Les capsules dures cercl\u00e9es garantissent la qualit\u00e9 et l&rsquo;inviolabilit\u00e9 de l&#8217;emballage.<\/li>\n<li>L&rsquo;am\u00e9lioration de l&rsquo;absorption permet une action plus rapide et une lib\u00e9ration plus efficace des cannabino\u00efdes.<\/li>\n<\/ul>\n<h4>Pourquoi choisir les g\u00e9lules ?<\/h4>\n<p>Les capsules de cannabis offrent aux utilisateurs m\u00e9dicaux un dosage pr\u00e9cis, une consommation discr\u00e8te et des effets constants sans qu&rsquo;il soit n\u00e9cessaire de fumer ou de vaper. Leur format pratique les rend id\u00e9ales pour maintenir des routines th\u00e9rapeutiques r\u00e9guli\u00e8res. <\/p>\n<h4>Exp\u00e9dition dans tout le Canada<\/h4>\n<p>Les capsules de THC sans solvant sont exp\u00e9di\u00e9es rapidement dans tout le Canada et la livraison est gratuite pour les commandes de plus de 150 $. Votre commande arrivera dans un emballage discret pour assurer la confidentialit\u00e9 et l&rsquo;int\u00e9grit\u00e9 du produit. <\/p>\n<h4>Avantages et couverture pour les anciens combattants<\/h4>\n<p>Les capsules de THC sans solvant sont admissibles \u00e0 la couverture d&rsquo;ACC (Anciens Combattants Canada) avec facturation directe par l&rsquo;entremise de la Croix Bleue, ce qui signifie que les anciens combattants admissibles n&rsquo;ont pas \u00e0 d\u00e9bourser d&rsquo;argent. Si vous n&rsquo;avez pas encore votre carte de cannabis m\u00e9dical, <a href=\"https:\/\/mendomedical.ca\/fr\/carte-medicale\/\">obtenez votre carte m\u00e9dicale gratuite rapidement et facilement ici.<\/a> <\/p>\n<\/div>\n","protected":false},"featured_media":44456,"comment_status":"closed","ping_status":"closed","template":"","meta":{"_acf_changed":false,"site-sidebar-layout":"default","site-content-layout":"","ast-site-content-layout":"default","site-content-style":"default","site-sidebar-style":"default","ast-global-header-display":"","ast-banner-title-visibility":"","ast-main-header-display":"","ast-hfb-above-header-display":"","ast-hfb-below-header-display":"","ast-hfb-mobile-header-display":"","site-post-title":"","ast-breadcrumbs-content":"","ast-featured-img":"","footer-sml-layout":"","ast-disable-related-posts":"","theme-transparent-header-meta":"default","adv-header-id-meta":"","stick-header-meta":"","header-above-stick-meta":"","header-main-stick-meta":"","header-below-stick-meta":"","astra-migrate-meta-layouts":"set","ast-page-background-enabled":"default","ast-page-background-meta":{"desktop":{"background-color":"var(--ast-global-color-4)","background-image":"","background-repeat":"repeat","background-position":"center center","background-size":"auto","background-attachment":"scroll","background-type":"","background-media":"","overlay-type":"","overlay-color":"","overlay-opacity":"","overlay-gradient":""},"tablet":{"background-color":"","background-image":"","background-repeat":"repeat","background-position":"center center","background-size":"auto","background-attachment":"scroll","background-type":"","background-media":"","overlay-type":"","overlay-color":"","overlay-opacity":"","overlay-gradient":""},"mobile":{"background-color":"","background-image":"","background-repeat":"repeat","background-position":"center center","background-size":"auto","background-attachment":"scroll","background-type":"","background-media":"","overlay-type":"","overlay-color":"","overlay-opacity":"","overlay-gradient":""}},"ast-content-background-meta":{"desktop":{"background-color":"var(--ast-global-color-5)","background-image":"","background-repeat":"repeat","background-position":"center center","background-size":"auto","background-attachment":"scroll","background-type":"","background-media":"","overlay-type":"","overlay-color":"","overlay-opacity":"","overlay-gradient":""},"tablet":{"background-color":"var(--ast-global-color-5)","background-image":"","background-repeat":"repeat","background-position":"center center","background-size":"auto","background-attachment":"scroll","background-type":"","background-media":"","overlay-type":"","overlay-color":"","overlay-opacity":"","overlay-gradient":""},"mobile":{"background-color":"var(--ast-global-color-5)","background-image":"","background-repeat":"repeat","background-position":"center center","background-size":"auto","background-attachment":"scroll","background-type":"","background-media":"","overlay-type":"","overlay-color":"","overlay-opacity":"","overlay-gradient":""}}},"product_brand":[],"product_cat":[1115,1114],"product_tag":[2871],"product_format_filter":[],"class_list":{"0":"post-44454","1":"product","2":"type-product","3":"status-publish","4":"has-post-thumbnail","6":"product_cat-gelules-fr","7":"product_cat-gelules","8":"product_tag-camp-river-cannabis-fr","9":"pa_format-30-units-fr","10":"pa_intensity-thc-eleve","11":"pa_marques-camp-river-cannabis-fr","12":"pa_origin-colombie-britannique-fr","13":"pa_thc-10mg-fr","14":"pa_type-de-plante-thc-fr","15":"desktop-align-left","16":"tablet-align-left","17":"mobile-align-left","19":"first","20":"instock","21":"taxable","22":"shipping-taxable","23":"purchasable","24":"product-type-simple"},"group_of_quantity":0,"min_quantity":0,"max_quantity":"","exclude_order_quantity_value_rules":"no","exclude_category_quantity_rules":"no","combine_variations":"no","acf":[],"_links":{"self":[{"href":"https:\/\/mendomedical.ca\/fr\/wp-json\/wp\/v2\/product\/44454","targetHints":{"allow":["GET"]}}],"collection":[{"href":"https:\/\/mendomedical.ca\/fr\/wp-json\/wp\/v2\/product"}],"about":[{"href":"https:\/\/mendomedical.ca\/fr\/wp-json\/wp\/v2\/types\/product"}],"replies":[{"embeddable":true,"href":"https:\/\/mendomedical.ca\/fr\/wp-json\/wp\/v2\/comments?post=44454"}],"wp:featuredmedia":[{"embeddable":true,"href":"https:\/\/mendomedical.ca\/fr\/wp-json\/wp\/v2\/media\/44456"}],"wp:attachment":[{"href":"https:\/\/mendomedical.ca\/fr\/wp-json\/wp\/v2\/media?parent=44454"}],"wp:term":[{"taxonomy":"product_brand","embeddable":true,"href":"https:\/\/mendomedical.ca\/fr\/wp-json\/wp\/v2\/product_brand?post=44454"},{"taxonomy":"product_cat","embeddable":true,"href":"https:\/\/mendomedical.ca\/fr\/wp-json\/wp\/v2\/product_cat?post=44454"},{"taxonomy":"product_tag","embeddable":true,"href":"https:\/\/mendomedical.ca\/fr\/wp-json\/wp\/v2\/product_tag?post=44454"},{"taxonomy":"product_format_filter","embeddable":true,"href":"https:\/\/mendomedical.ca\/fr\/wp-json\/wp\/v2\/product_format_filter?post=44454"}],"curies":[{"name":"wp","href":"https:\/\/api.w.org\/{rel}","templated":true}]}}