{"id":44426,"date":"2024-01-01T05:56:48","date_gmt":"2024-01-01T10:56:48","guid":{"rendered":"https:\/\/mendomedical.ca\/?post_type=product&#038;p=44426"},"modified":"2026-01-29T09:59:53","modified_gmt":"2026-01-29T14:59:53","slug":"gummies-multi-cannabinoides-aux-framboises-surettes","status":"publish","type":"product","link":"https:\/\/mendomedical.ca\/fr\/produit\/gummies-multi-cannabinoides-aux-framboises-surettes\/","title":{"rendered":"Rapid Onset - Multicannabino\u00efdes Gummies Framboise Sour"},"content":{"rendered":"","protected":false},"excerpt":{"rendered":"<div class=\"ExternalClassF31439AEC5624AE2BCB719EFE67754F4\">\n<h3>Rapid Onset - Multicannabino\u00efdes Gummies Framboise Sour<\/h3>\n<p>D\u00e9couvrez le pouvoir innovant des Rapid Onset Sour Raspberry Gummies d&rsquo;Emprise, dot\u00e9s d&rsquo;une nanotechnologie avanc\u00e9e qui produit des effets en seulement 8 \u00e0 12 minutes. Chaque paquet contient deux gommes pr\u00e9cis\u00e9ment dos\u00e9es avec une formulation multicannabino\u00efde unique de THC, CBN, CBG, CBC et CBD (2,5 mg chacun par gomme). Ces gommes v\u00e9g\u00e9taliennes combinent l&rsquo;\u00e9clat acidul\u00e9 d&rsquo;une saveur de framboise acidul\u00e9e avec un profil terp\u00e9nique Sativa:Indica soigneusement \u00e9quilibr\u00e9, offrant des effets polyvalents adapt\u00e9s \u00e0 une utilisation de jour comme de nuit.  <\/p>\n<h4>Caract\u00e9ristiques principales<\/h4>\n<ul>\n<li>La technologie d&rsquo;action rapide s&rsquo;active en 8 \u00e0 12 minutes gr\u00e2ce \u00e0 la technologie avanc\u00e9e du nano THC.<\/li>\n<li>Profil multicannabino\u00efde \u00e9quilibr\u00e9 : 2,5 mg de THC, CBN, CBG, CBC et CBD par gomme.<\/li>\n<li>Extraits de cannabis \u00e0 spectre complet avec terp\u00e8nes naturels pour des effets renforc\u00e9s<\/li>\n<li>Formule v\u00e9g\u00e9talienne \u00e0 l&rsquo;ar\u00f4me naturel de framboise acidul\u00e9e<\/li>\n<li>Deux gommes par paquet pour un dosage pratique et contr\u00f4l\u00e9<\/li>\n<\/ul>\n<h4>Profil aromatique et terp\u00e9nique<\/h4>\n<p>Ces gommes d\u00e9livrent une d\u00e9licieuse saveur de framboise juteuse et acidul\u00e9e qui attise les papilles. Le m\u00e9lange de terp\u00e8nes soigneusement s\u00e9lectionn\u00e9 comprend du d-limon\u00e8ne, du b\u00eata-caryophyll\u00e8ne, du myrc\u00e8ne et du linalol, cr\u00e9ant un profil Sativa:Indica \u00e9quilibr\u00e9. Cette combinaison peut produire des effets \u00e9nergisants et stimulants qui favorisent les activit\u00e9s sociales et les conversations, tout en convenant \u00e0 une utilisation tout au long de la journ\u00e9e.  <\/p>\n<h4>Pourquoi choisir les gommes<\/h4>\n<p>Les gommes de cannabis offrent aux utilisateurs m\u00e9dicaux une option discr\u00e8te, sans fum\u00e9e, avec un dosage pr\u00e9cis et des effets durables. La technologie d&rsquo;action rapide de ces gommes procure un soulagement plus rapide que les edibles traditionnels, ce qui les rend id\u00e9ales pour g\u00e9rer les sympt\u00f4mes tout au long de la journ\u00e9e. <\/p>\n<h4>Exp\u00e9dition dans tout le Canada<\/h4>\n<p>Rapid Onset - Multicannabinoid Sour Raspberry Gummies est exp\u00e9di\u00e9 rapidement \u00e0 travers le Canada avec une livraison gratuite pour les commandes de plus de 150 $. Veuillez noter que les produits contenant de la g\u00e9latine peuvent fondre pendant l&rsquo;exp\u00e9dition durant les mois d&rsquo;\u00e9t\u00e9. Nous vous recommandons de tenir compte de ce probl\u00e8me potentiel lorsque vous passez votre commande.   Malheureusement, nous ne pouvons pas offrir de remboursement ou de remplacement pour les produits qui fondent pendant le transport. Nous vous remercions de votre compr\u00e9hension.<\/p>\n<h4>Avantages et couverture pour les anciens combattants<\/h4>\n<p>Rapid Onset - Multicannabinoid Sour Raspberry Gummies sont admissibles \u00e0 la couverture d&rsquo;ACC (Anciens Combattants Canada) et \u00e0 la facturation directe par l&rsquo;entremise de la Croix Bleue, sans avoir \u00e0 d\u00e9bourser quoi que ce soit. Si vous n&rsquo;avez pas encore de prescription m\u00e9dicale de cannabis, vous pouvez <a href=\"https:\/\/mendomedical.ca\/fr\/carte-medicale\/\">obtenir votre carte m\u00e9dicale gratuite rapidement et facilement<\/a>. <\/p>\n<p><strong>Ingr\u00e9dients :<\/strong> Sucre, sirop de tapioca, eau, Rapid Onset Nano (glyc\u00e9rine, eau, polysorbate 80, extraits de cannabis, huile MCT, monool\u00e9ate de sorbitan, sorbate de potassium, benzoate de sodium), pectine, ar\u00f4mes naturels, acide citrique, citrate de sodium, colorant naturel, terp\u00e8nes naturels.<\/p>\n<\/div>\n","protected":false},"featured_media":268394,"comment_status":"closed","ping_status":"closed","template":"","meta":{"_acf_changed":false,"site-sidebar-layout":"default","site-content-layout":"","ast-site-content-layout":"default","site-content-style":"default","site-sidebar-style":"default","ast-global-header-display":"","ast-banner-title-visibility":"","ast-main-header-display":"","ast-hfb-above-header-display":"","ast-hfb-below-header-display":"","ast-hfb-mobile-header-display":"","site-post-title":"","ast-breadcrumbs-content":"","ast-featured-img":"","footer-sml-layout":"","ast-disable-related-posts":"","theme-transparent-header-meta":"default","adv-header-id-meta":"","stick-header-meta":"","header-above-stick-meta":"","header-main-stick-meta":"","header-below-stick-meta":"","astra-migrate-meta-layouts":"set","ast-page-background-enabled":"default","ast-page-background-meta":{"desktop":{"background-color":"var(--ast-global-color-4)","background-image":"","background-repeat":"repeat","background-position":"center center","background-size":"auto","background-attachment":"scroll","background-type":"","background-media":"","overlay-type":"","overlay-color":"","overlay-opacity":"","overlay-gradient":""},"tablet":{"background-color":"","background-image":"","background-repeat":"repeat","background-position":"center center","background-size":"auto","background-attachment":"scroll","background-type":"","background-media":"","overlay-type":"","overlay-color":"","overlay-opacity":"","overlay-gradient":""},"mobile":{"background-color":"","background-image":"","background-repeat":"repeat","background-position":"center center","background-size":"auto","background-attachment":"scroll","background-type":"","background-media":"","overlay-type":"","overlay-color":"","overlay-opacity":"","overlay-gradient":""}},"ast-content-background-meta":{"desktop":{"background-color":"var(--ast-global-color-5)","background-image":"","background-repeat":"repeat","background-position":"center center","background-size":"auto","background-attachment":"scroll","background-type":"","background-media":"","overlay-type":"","overlay-color":"","overlay-opacity":"","overlay-gradient":""},"tablet":{"background-color":"var(--ast-global-color-5)","background-image":"","background-repeat":"repeat","background-position":"center center","background-size":"auto","background-attachment":"scroll","background-type":"","background-media":"","overlay-type":"","overlay-color":"","overlay-opacity":"","overlay-gradient":""},"mobile":{"background-color":"var(--ast-global-color-5)","background-image":"","background-repeat":"repeat","background-position":"center center","background-size":"auto","background-attachment":"scroll","background-type":"","background-media":"","overlay-type":"","overlay-color":"","overlay-opacity":"","overlay-gradient":""}}},"product_brand":[],"product_cat":[1132,1511,1128],"product_tag":[3632],"product_format_filter":[6391],"class_list":{"0":"post-44426","1":"product","2":"type-product","3":"status-publish","4":"has-post-thumbnail","6":"product_cat-bonbons","7":"product_cat-full-spectrum-fr","8":"product_cat-comestibles","9":"product_tag-emprise-fr","10":"pa_flavours-raspberry-fr","11":"pa_intensity-faible-thc","12":"pa_intensity-low-cbc-fr","13":"pa_intensity-faible-cbd","14":"pa_intensity-low-cbg-fr","15":"pa_intensity-low-cbn-fr","16":"pa_marques-emprise-fr","17":"pa_origin-ontario-fr","18":"pa_profil-terpene-caryophyllene","19":"pa_profil-terpene-limonene-fr","20":"pa_profil-terpene-linalol-fr","21":"pa_profil-terpene-myrcene","22":"pa_type-de-plante-hybride-fr","23":"product_format_filter-2g","24":"desktop-align-left","25":"tablet-align-left","26":"mobile-align-left","28":"first","29":"outofstock","30":"taxable","31":"shipping-taxable","32":"purchasable","33":"product-type-simple"},"group_of_quantity":0,"min_quantity":0,"max_quantity":"","exclude_order_quantity_value_rules":"no","exclude_category_quantity_rules":"no","combine_variations":"no","acf":[],"_links":{"self":[{"href":"https:\/\/mendomedical.ca\/fr\/wp-json\/wp\/v2\/product\/44426","targetHints":{"allow":["GET"]}}],"collection":[{"href":"https:\/\/mendomedical.ca\/fr\/wp-json\/wp\/v2\/product"}],"about":[{"href":"https:\/\/mendomedical.ca\/fr\/wp-json\/wp\/v2\/types\/product"}],"replies":[{"embeddable":true,"href":"https:\/\/mendomedical.ca\/fr\/wp-json\/wp\/v2\/comments?post=44426"}],"wp:featuredmedia":[{"embeddable":true,"href":"https:\/\/mendomedical.ca\/fr\/wp-json\/wp\/v2\/media\/268394"}],"wp:attachment":[{"href":"https:\/\/mendomedical.ca\/fr\/wp-json\/wp\/v2\/media?parent=44426"}],"wp:term":[{"taxonomy":"product_brand","embeddable":true,"href":"https:\/\/mendomedical.ca\/fr\/wp-json\/wp\/v2\/product_brand?post=44426"},{"taxonomy":"product_cat","embeddable":true,"href":"https:\/\/mendomedical.ca\/fr\/wp-json\/wp\/v2\/product_cat?post=44426"},{"taxonomy":"product_tag","embeddable":true,"href":"https:\/\/mendomedical.ca\/fr\/wp-json\/wp\/v2\/product_tag?post=44426"},{"taxonomy":"product_format_filter","embeddable":true,"href":"https:\/\/mendomedical.ca\/fr\/wp-json\/wp\/v2\/product_format_filter?post=44426"}],"curies":[{"name":"wp","href":"https:\/\/api.w.org\/{rel}","templated":true}]}}