{"id":44418,"date":"2024-01-01T05:43:31","date_gmt":"2024-01-01T10:43:31","guid":{"rendered":"https:\/\/mendomedical.ca\/?post_type=product&#038;p=44418"},"modified":"2026-02-11T09:34:29","modified_gmt":"2026-02-11T14:34:29","slug":"action-rapide-gummies-kiwi-fraise-surette","status":"publish","type":"product","link":"https:\/\/mendomedical.ca\/fr\/produit\/action-rapide-gummies-kiwi-fraise-surette\/","title":{"rendered":"Rapid Onset - Gummies fraise acide et kiwi"},"content":{"rendered":"","protected":false},"excerpt":{"rendered":"<div class=\"ExternalClass814146F536154407BF91D95897AC5CB4\">\n<h3>Rapid Onset - Gummies fraise acide et kiwi<\/h3>\n<p>Faites l&rsquo;exp\u00e9rience d&rsquo;un soulagement \u00e0 action rapide avec les Rapid Onset Sour Strawberry Kiwi Gummies d&rsquo;Emprise, qui pr\u00e9sentent une formulation \u00e9quilibr\u00e9e de 5 mg de CBN + 5 mg de THC qui s&rsquo;active en seulement 8 \u00e0 12 minutes. Ces gommes v\u00e9g\u00e9taliennes utilisent la technologie avanc\u00e9e Nano THC d&rsquo;Emprise pour offrir un m\u00e9lange nocturne puissant avec un profil terp\u00e9nique indica, parfait pour ceux qui recherchent la relaxation et le soutien au sommeil. Chaque paquet contient 2 gommes (2,5 mg de CBN + 2,5 mg de THC par gomme) infus\u00e9es avec des extraits de cannabis \u00e0 spectre complet et un d\u00e9licieux go\u00fbt de fraise acidul\u00e9e et de kiwi.  <\/p>\n<h4>Caract\u00e9ristiques principales<\/h4>\n<ul>\n<li>La formule \u00e0 action rapide s&rsquo;active en 8 \u00e0 12 minutes gr\u00e2ce \u00e0 la technologie avanc\u00e9e du nano THC.<\/li>\n<li>\u00c9quilibr\u00e9 2,5mg CBN + 2,5mg THC par gomme pour une utilisation nocturne<\/li>\n<li>Ingr\u00e9dients v\u00e9g\u00e9taliens et naturels avec des extraits de cannabis \u00e0 spectre complet<\/li>\n<li>Profil terp\u00e9nique indica avec myrc\u00e8ne, b\u00eata-caryophyll\u00e8ne et linalol<\/li>\n<li>Emballage pratique de 2 gommes pour un contr\u00f4le pr\u00e9cis du dosage<\/li>\n<\/ul>\n<h4>Profil aromatique et terp\u00e9nique<\/h4>\n<p>Ces gommes offrent une saveur de fraise kiwi acidul\u00e9e qui met l&rsquo;eau \u00e0 la bouche et masque le go\u00fbt du cannabis tout en procurant des bienfaits th\u00e9rapeutiques. Le m\u00e9lange de terp\u00e8nes soigneusement s\u00e9lectionn\u00e9 comprend du myrc\u00e8ne, du b\u00eata-caryophyll\u00e8ne et du linalol - un profil \u00e0 dominance indica connu pour ses propri\u00e9t\u00e9s relaxantes et s\u00e9datives. Cette combinaison cr\u00e9e un effet harmonieux qui peut contribuer \u00e0 un meilleur sommeil et \u00e0 la relaxation lorsqu&rsquo;il est consomm\u00e9 30 \u00e0 60 minutes avant le coucher.  <\/p>\n<h4>Pourquoi choisir les gommes<\/h4>\n<p>Les gommes de cannabis offrent aux utilisateurs m\u00e9dicaux une option discr\u00e8te, sans fum\u00e9e, avec un dosage pr\u00e9cis et des effets durables. La technologie d&rsquo;action rapide de ces gommes procure un soulagement plus rapide que les edibles traditionnels, ce qui les rend id\u00e9ales pour une utilisation en soir\u00e9e lorsqu&rsquo;une relaxation rapide est souhait\u00e9e. <\/p>\n<h4>Exp\u00e9dition dans tout le Canada<\/h4>\n<p>Rapid Onset - Sour Strawberry Kiwi Gummies est exp\u00e9di\u00e9 rapidement \u00e0 travers le Canada, avec une livraison gratuite pour les commandes de plus de 150 $. Veuillez noter que les produits contenant de la g\u00e9latine peuvent fondre pendant l&rsquo;exp\u00e9dition durant les mois d&rsquo;\u00e9t\u00e9. Nous vous recommandons de tenir compte de ce probl\u00e8me potentiel lorsque vous passez votre commande.   Malheureusement, nous ne pouvons pas offrir de remboursement ou de remplacement pour les produits qui fondent pendant le transport. Nous vous remercions de votre compr\u00e9hension.<\/p>\n<h4>Avantages et couverture pour les anciens combattants<\/h4>\n<p>Rapid Onset - Sour Strawberry Kiwi Gummies sont admissibles \u00e0 la couverture d&rsquo;ACC (Anciens Combattants Canada) et \u00e0 la facturation directe par l&rsquo;entremise de la Croix Bleue, ce qui signifie que les anciens combattants admissibles n&rsquo;ont pas \u00e0 d\u00e9bourser d&rsquo;argent. Si vous n&rsquo;avez pas encore d&rsquo;ordonnance de cannabis m\u00e9dical, vous pouvez obtenir votre carte m\u00e9dicale gratuite rapidement et facilement \u00e0 l&rsquo;<a href=\"https:\/\/mendomedical.ca\/fr\/carte-medicale\/\">adresse https:\/\/mendomedical.ca\/medical-card\/.<\/a> <\/p>\n<div><b>Ingr\u00e9dients<\/b><br \/>\nSucre, sirop de tapioca, eau, Rapid Onset Nano (glyc\u00e9rine, eau, polysorbate 80, extraits de cannabis, huile MCT, monool\u00e9ate de sorbitan, sorbate de potassium, benzoate de sodium), pectine, ar\u00f4mes naturels, acide citrique, citrate de sodium, colorant naturel, terp\u00e8nes naturels.<\/div>\n<\/div>\n","protected":false},"featured_media":44420,"comment_status":"closed","ping_status":"closed","template":"","meta":{"_acf_changed":false,"site-sidebar-layout":"default","site-content-layout":"","ast-site-content-layout":"default","site-content-style":"default","site-sidebar-style":"default","ast-global-header-display":"","ast-banner-title-visibility":"","ast-main-header-display":"","ast-hfb-above-header-display":"","ast-hfb-below-header-display":"","ast-hfb-mobile-header-display":"","site-post-title":"","ast-breadcrumbs-content":"","ast-featured-img":"","footer-sml-layout":"","ast-disable-related-posts":"","theme-transparent-header-meta":"default","adv-header-id-meta":"","stick-header-meta":"","header-above-stick-meta":"","header-main-stick-meta":"","header-below-stick-meta":"","astra-migrate-meta-layouts":"set","ast-page-background-enabled":"default","ast-page-background-meta":{"desktop":{"background-color":"var(--ast-global-color-4)","background-image":"","background-repeat":"repeat","background-position":"center center","background-size":"auto","background-attachment":"scroll","background-type":"","background-media":"","overlay-type":"","overlay-color":"","overlay-opacity":"","overlay-gradient":""},"tablet":{"background-color":"","background-image":"","background-repeat":"repeat","background-position":"center center","background-size":"auto","background-attachment":"scroll","background-type":"","background-media":"","overlay-type":"","overlay-color":"","overlay-opacity":"","overlay-gradient":""},"mobile":{"background-color":"","background-image":"","background-repeat":"repeat","background-position":"center center","background-size":"auto","background-attachment":"scroll","background-type":"","background-media":"","overlay-type":"","overlay-color":"","overlay-opacity":"","overlay-gradient":""}},"ast-content-background-meta":{"desktop":{"background-color":"var(--ast-global-color-5)","background-image":"","background-repeat":"repeat","background-position":"center center","background-size":"auto","background-attachment":"scroll","background-type":"","background-media":"","overlay-type":"","overlay-color":"","overlay-opacity":"","overlay-gradient":""},"tablet":{"background-color":"var(--ast-global-color-5)","background-image":"","background-repeat":"repeat","background-position":"center center","background-size":"auto","background-attachment":"scroll","background-type":"","background-media":"","overlay-type":"","overlay-color":"","overlay-opacity":"","overlay-gradient":""},"mobile":{"background-color":"var(--ast-global-color-5)","background-image":"","background-repeat":"repeat","background-position":"center center","background-size":"auto","background-attachment":"scroll","background-type":"","background-media":"","overlay-type":"","overlay-color":"","overlay-opacity":"","overlay-gradient":""}}},"product_brand":[],"product_cat":[1132,1511,1128],"product_tag":[3632],"product_format_filter":[],"class_list":{"0":"post-44418","1":"product","2":"type-product","3":"status-publish","4":"has-post-thumbnail","6":"product_cat-bonbons","7":"product_cat-full-spectrum-fr","8":"product_cat-comestibles","9":"product_tag-emprise-fr","10":"pa_cbn-10mg-fr","11":"pa_flavours-fraise","12":"pa_flavours-kiwi","13":"pa_format-2-unites","14":"pa_intensity-med-cbg-fr","15":"pa_intensity-thc-moyen","16":"pa_marques-emprise-fr","17":"pa_origin-alberta-fr","18":"pa_thc-10mg-fr","19":"desktop-align-left","20":"tablet-align-left","21":"mobile-align-left","23":"first","24":"outofstock","25":"taxable","26":"shipping-taxable","27":"purchasable","28":"product-type-simple"},"group_of_quantity":0,"min_quantity":0,"max_quantity":"","exclude_order_quantity_value_rules":"no","exclude_category_quantity_rules":"no","combine_variations":"no","acf":[],"_links":{"self":[{"href":"https:\/\/mendomedical.ca\/fr\/wp-json\/wp\/v2\/product\/44418","targetHints":{"allow":["GET"]}}],"collection":[{"href":"https:\/\/mendomedical.ca\/fr\/wp-json\/wp\/v2\/product"}],"about":[{"href":"https:\/\/mendomedical.ca\/fr\/wp-json\/wp\/v2\/types\/product"}],"replies":[{"embeddable":true,"href":"https:\/\/mendomedical.ca\/fr\/wp-json\/wp\/v2\/comments?post=44418"}],"wp:featuredmedia":[{"embeddable":true,"href":"https:\/\/mendomedical.ca\/fr\/wp-json\/wp\/v2\/media\/44420"}],"wp:attachment":[{"href":"https:\/\/mendomedical.ca\/fr\/wp-json\/wp\/v2\/media?parent=44418"}],"wp:term":[{"taxonomy":"product_brand","embeddable":true,"href":"https:\/\/mendomedical.ca\/fr\/wp-json\/wp\/v2\/product_brand?post=44418"},{"taxonomy":"product_cat","embeddable":true,"href":"https:\/\/mendomedical.ca\/fr\/wp-json\/wp\/v2\/product_cat?post=44418"},{"taxonomy":"product_tag","embeddable":true,"href":"https:\/\/mendomedical.ca\/fr\/wp-json\/wp\/v2\/product_tag?post=44418"},{"taxonomy":"product_format_filter","embeddable":true,"href":"https:\/\/mendomedical.ca\/fr\/wp-json\/wp\/v2\/product_format_filter?post=44418"}],"curies":[{"name":"wp","href":"https:\/\/api.w.org\/{rel}","templated":true}]}}