{"id":44405,"date":"2024-01-01T05:17:41","date_gmt":"2024-01-01T10:17:41","guid":{"rendered":"https:\/\/mendomedical.ca\/?post_type=product&#038;p=44405"},"modified":"2026-03-12T14:05:48","modified_gmt":"2026-03-12T18:05:48","slug":"rapid-onset-sour-green-apple-gummies","status":"publish","type":"product","link":"https:\/\/mendomedical.ca\/fr\/produit\/rapid-onset-sour-green-apple-gummies\/","title":{"rendered":"Rapid Onset Sour Green Apple Gummies (gommes \u00e0 m\u00e2cher)"},"content":{"rendered":"","protected":false},"excerpt":{"rendered":"<div class=\"ExternalClassCA62B382CC034905AF09737811F6FFA1\">\n<h3>Emprise Rapid Onset Sour Green Apple Gummies - 10mg CBG + 10mg THC<\/h3>\n<p>D\u00e9couvrez le futur des edibles au cannabis avec les Rapid Onset Sour Green Apple Gummies d&rsquo;Emprise. Ces gommes innovantes combinent 10mg de CBG et 10mg de THC dans une formulation parfaitement \u00e9quilibr\u00e9e qui s&rsquo;active en seulement 8-12 minutes gr\u00e2ce \u00e0 la technologie avanc\u00e9e Nano THC d&rsquo;Emprise. Chaque paquet contient 2 gommes v\u00e9g\u00e9taliennes (5mg CBG + 5mg THC par gomme) contenant des extraits de cannabis \u00e0 spectre complet et une saveur de pomme verte acidul\u00e9e qui met l&rsquo;eau \u00e0 la bouche et offre \u00e0 la fois du go\u00fbt et de l&rsquo;efficacit\u00e9.  <\/p>\n<h4>Caract\u00e9ristiques principales<\/h4>\n<ul>\n<li>La formule \u00e0 action rapide s&rsquo;active en 8 \u00e0 12 minutes gr\u00e2ce \u00e0 la technologie avanc\u00e9e du nano THC.<\/li>\n<li>Rapport \u00e9quilibr\u00e9 de 1:1 entre CBG et THC (5mg par gomme, 10mg au total par paquet)<\/li>\n<li>Ingr\u00e9dients v\u00e9g\u00e9taliens et naturels avec des extraits de cannabis \u00e0 spectre complet<\/li>\n<li>Effets \u00e9nergisants et stimulants adapt\u00e9s \u00e0 une utilisation tout au long de la journ\u00e9e ou de la nuit<\/li>\n<li>D\u00e9licieuse saveur de pomme verte acidul\u00e9e avec un profil terp\u00e9nique soigneusement s\u00e9lectionn\u00e9<\/li>\n<\/ul>\n<h4>Profil aromatique et terp\u00e9nique<\/h4>\n<p>Ces gommes d\u00e9livrent une authentique saveur de pomme verte juteuse et acidul\u00e9e qui titille les papilles. Le profil terp\u00e9nique soigneusement \u00e9labor\u00e9 comprend du d-limon\u00e8ne, du b\u00eata-caryophyll\u00e8ne, du myrc\u00e8ne et du linalol, cr\u00e9ant une exp\u00e9rience Sativa:Indica \u00e9quilibr\u00e9e. Cette combinaison de terp\u00e8nes compl\u00e8te la formulation CBG:THC pour fournir des effets \u00e9nergisants, stimulants et sociaux qui am\u00e9liorent vos activit\u00e9s quotidiennes.  <\/p>\n<h4>Pourquoi choisir les gommes<\/h4>\n<p>Les gommes de cannabis offrent aux utilisateurs m\u00e9dicaux un dosage pr\u00e9cis, une consommation discr\u00e8te et des effets durables sans qu&rsquo;il soit n\u00e9cessaire de fumer ou de vaper. La technologie d&rsquo;action rapide de ces gommes r\u00e9pond au probl\u00e8me courant des temps d&rsquo;activation lents, ce qui les rend id\u00e9ales pour ceux qui recherchent un soulagement rapide tout en gardant le contr\u00f4le de leur dosage. <\/p>\n<h4>Exp\u00e9dition dans tout le Canada<\/h4>\n<p>Les Emprise Rapid Onset Sour Green Apple Gummies sont exp\u00e9di\u00e9s rapidement \u00e0 travers le Canada, avec une livraison gratuite pour les commandes de plus de 150 $. Veuillez noter que les produits contenant de la g\u00e9latine peuvent fondre pendant l&rsquo;exp\u00e9dition durant les mois d&rsquo;\u00e9t\u00e9. Nous vous recommandons de tenir compte de ce probl\u00e8me potentiel lorsque vous passez votre commande.   Malheureusement, nous ne pouvons pas offrir de remboursement ou de remplacement pour les produits qui fondent pendant le transport. Nous vous remercions de votre compr\u00e9hension.<\/p>\n<h4>Avantages et couverture pour les anciens combattants<\/h4>\n<p>Ces gommes sont admissibles \u00e0 la couverture d&rsquo;ACC (Anciens Combattants Canada) et \u00e0 la facturation directe par l&rsquo;entremise de la Croix Bleue, ce qui signifie que les anciens combattants admissibles n&rsquo;ont pas \u00e0 d\u00e9bourser d&rsquo;argent. Si vous n&rsquo;avez pas encore d&rsquo;ordonnance de cannabis m\u00e9dical, vous pouvez <a href=\"https:\/\/mendomedical.ca\/fr\/carte-medicale\/\">obtenir votre carte m\u00e9dicale gratuite rapidement et facilement<\/a> gr\u00e2ce \u00e0 notre processus simplifi\u00e9. <\/p>\n<div><b>Ingr\u00e9dients<\/b><br \/>\nSucre, sirop de tapioca, eau, Rapid Onset Nano (glyc\u00e9rine, eau, polysorbate 80, extraits de cannabis, huile MCT, monool\u00e9ate de sorbitan, sorbate de potassium, benzoate de sodium), pectine, ar\u00f4mes naturels, acide citrique, citrate de sodium, colorant naturel, terp\u00e8nes naturels.<\/div>\n<\/div>\n","protected":false},"featured_media":44407,"comment_status":"closed","ping_status":"closed","template":"","meta":{"_acf_changed":false,"site-sidebar-layout":"default","site-content-layout":"","ast-site-content-layout":"default","site-content-style":"default","site-sidebar-style":"default","ast-global-header-display":"","ast-banner-title-visibility":"","ast-main-header-display":"","ast-hfb-above-header-display":"","ast-hfb-below-header-display":"","ast-hfb-mobile-header-display":"","site-post-title":"","ast-breadcrumbs-content":"","ast-featured-img":"","footer-sml-layout":"","ast-disable-related-posts":"","theme-transparent-header-meta":"default","adv-header-id-meta":"","stick-header-meta":"","header-above-stick-meta":"","header-main-stick-meta":"","header-below-stick-meta":"","astra-migrate-meta-layouts":"set","ast-page-background-enabled":"default","ast-page-background-meta":{"desktop":{"background-color":"var(--ast-global-color-4)","background-image":"","background-repeat":"repeat","background-position":"center center","background-size":"auto","background-attachment":"scroll","background-type":"","background-media":"","overlay-type":"","overlay-color":"","overlay-opacity":"","overlay-gradient":""},"tablet":{"background-color":"","background-image":"","background-repeat":"repeat","background-position":"center center","background-size":"auto","background-attachment":"scroll","background-type":"","background-media":"","overlay-type":"","overlay-color":"","overlay-opacity":"","overlay-gradient":""},"mobile":{"background-color":"","background-image":"","background-repeat":"repeat","background-position":"center center","background-size":"auto","background-attachment":"scroll","background-type":"","background-media":"","overlay-type":"","overlay-color":"","overlay-opacity":"","overlay-gradient":""}},"ast-content-background-meta":{"desktop":{"background-color":"var(--ast-global-color-5)","background-image":"","background-repeat":"repeat","background-position":"center center","background-size":"auto","background-attachment":"scroll","background-type":"","background-media":"","overlay-type":"","overlay-color":"","overlay-opacity":"","overlay-gradient":""},"tablet":{"background-color":"var(--ast-global-color-5)","background-image":"","background-repeat":"repeat","background-position":"center center","background-size":"auto","background-attachment":"scroll","background-type":"","background-media":"","overlay-type":"","overlay-color":"","overlay-opacity":"","overlay-gradient":""},"mobile":{"background-color":"var(--ast-global-color-5)","background-image":"","background-repeat":"repeat","background-position":"center center","background-size":"auto","background-attachment":"scroll","background-type":"","background-media":"","overlay-type":"","overlay-color":"","overlay-opacity":"","overlay-gradient":""}}},"product_brand":[],"product_cat":[1132,1511,1128],"product_tag":[3632],"product_format_filter":[],"class_list":{"0":"post-44405","1":"product","2":"type-product","3":"status-publish","4":"has-post-thumbnail","6":"product_cat-bonbons","7":"product_cat-full-spectrum-fr","8":"product_cat-comestibles","9":"product_tag-emprise-fr","10":"pa_cbg-10mg-4-fr","11":"pa_flavours-pomme-verte","12":"pa_format-2-unites","13":"pa_intensity-med-cbg-fr","14":"pa_intensity-thc-moyen","15":"pa_marques-emprise-fr","16":"pa_origin-alberta-fr","17":"pa_thc-10mg-fr","18":"desktop-align-left","19":"tablet-align-left","20":"mobile-align-left","22":"first","23":"outofstock","24":"taxable","25":"shipping-taxable","26":"purchasable","27":"product-type-simple"},"group_of_quantity":0,"min_quantity":0,"max_quantity":"","exclude_order_quantity_value_rules":"no","exclude_category_quantity_rules":"no","combine_variations":"no","acf":[],"_links":{"self":[{"href":"https:\/\/mendomedical.ca\/fr\/wp-json\/wp\/v2\/product\/44405","targetHints":{"allow":["GET"]}}],"collection":[{"href":"https:\/\/mendomedical.ca\/fr\/wp-json\/wp\/v2\/product"}],"about":[{"href":"https:\/\/mendomedical.ca\/fr\/wp-json\/wp\/v2\/types\/product"}],"replies":[{"embeddable":true,"href":"https:\/\/mendomedical.ca\/fr\/wp-json\/wp\/v2\/comments?post=44405"}],"wp:featuredmedia":[{"embeddable":true,"href":"https:\/\/mendomedical.ca\/fr\/wp-json\/wp\/v2\/media\/44407"}],"wp:attachment":[{"href":"https:\/\/mendomedical.ca\/fr\/wp-json\/wp\/v2\/media?parent=44405"}],"wp:term":[{"taxonomy":"product_brand","embeddable":true,"href":"https:\/\/mendomedical.ca\/fr\/wp-json\/wp\/v2\/product_brand?post=44405"},{"taxonomy":"product_cat","embeddable":true,"href":"https:\/\/mendomedical.ca\/fr\/wp-json\/wp\/v2\/product_cat?post=44405"},{"taxonomy":"product_tag","embeddable":true,"href":"https:\/\/mendomedical.ca\/fr\/wp-json\/wp\/v2\/product_tag?post=44405"},{"taxonomy":"product_format_filter","embeddable":true,"href":"https:\/\/mendomedical.ca\/fr\/wp-json\/wp\/v2\/product_format_filter?post=44405"}],"curies":[{"name":"wp","href":"https:\/\/api.w.org\/{rel}","templated":true}]}}