{"id":44397,"date":"2024-01-01T05:10:39","date_gmt":"2024-01-01T10:10:39","guid":{"rendered":"https:\/\/mendomedical.ca\/?post_type=product&#038;p=44397"},"modified":"2026-03-12T14:05:48","modified_gmt":"2026-03-12T18:05:48","slug":"rapid-act-sour-pomegranate-sativa-soft-chews","status":"publish","type":"product","link":"https:\/\/mendomedical.ca\/fr\/produit\/rapid-act-sour-pomegranate-sativa-soft-chews\/","title":{"rendered":"Rapid Onset Sour Grenade Gummies"},"content":{"rendered":"<p><strong>Ingr\u00e9dients:\u00a0<\/strong><\/p>\n<p>Sirop de tapioca, sucre, eau, nano \u00e0 action rapide (glyc\u00e9rine, eau, polysorbate (60), extrait de cannabis, huile MCT, monool\u00e9ate de sorbitan, sorbate de potassium, benzoate de sodium), pectine, acide citrique, ar\u00f4mes naturels, citrate de sodium, colorant naturel.<\/p>\n","protected":false},"excerpt":{"rendered":"<div class=\"ExternalClass7923808F933646BAAA876D4DE0374070\">\n<h3>Rapid Onset Sour Grenade Gummies<\/h3>\n<p>D\u00e9couvrez la puissance de la technologie avanc\u00e9e du cannabis avec les Rapid Onset Sour Pomegranate Gummies d&rsquo;Emprise. Ces edibles innovants \u00e0 dominante THC produisent des effets rapides en seulement 8 \u00e0 12 minutes gr\u00e2ce \u00e0 la technologie avanc\u00e9e Nano THC d&rsquo;Emprise. Chaque paquet contient deux gommes v\u00e9g\u00e9taliennes infus\u00e9es avec 5mg de THC \u00e0 spectre complet et un profil terp\u00e9nique sativa soigneusement s\u00e9lectionn\u00e9, offrant une d\u00e9licieuse saveur de grenade aigre qui rend la m\u00e9dication \u00e0 la fois efficace et agr\u00e9able.  <\/p>\n<h4>Caract\u00e9ristiques principales<\/h4>\n<ul>\n<li>La formule \u00e0 action rapide s&rsquo;active en 8 \u00e0 12 minutes gr\u00e2ce \u00e0 la technologie avanc\u00e9e du nano THC.<\/li>\n<li>Chaque gomme contient 5 mg de THC (10 mg au total par paquet).<\/li>\n<li>Ingr\u00e9dients v\u00e9g\u00e9taliens et naturels avec de l&rsquo;extrait de cannabis \u00e0 spectre complet<\/li>\n<li>Profil terp\u00e9nique \u00e0 dominante sativa pour des effets stimulants et \u00e9nergisants.<\/li>\n<li>Emballage pratique de 2 gommes, parfait pour un dosage pr\u00e9cis<\/li>\n<\/ul>\n<h4>Profil aromatique et terp\u00e9nique<\/h4>\n<p>Ces gommes offrent une saveur audacieuse et acidul\u00e9e de grenade qui attise les papilles gustatives tout en masquant tout go\u00fbt de cannabis. Le m\u00e9lange de terp\u00e8nes soigneusement s\u00e9lectionn\u00e9 comprend du d-limon\u00e8ne, du b\u00eata-caryophyll\u00e8ne et du myrc\u00e8ne, cr\u00e9ant un profil \u00e0 dominante sativa connu pour favoriser des effets joyeux, stimulants et \u00e9nergisants. Cette combinaison rend ces gommes id\u00e9ales pour les activit\u00e9s sociales et pour une utilisation tout au long de la journ\u00e9e ou de la soir\u00e9e.  <\/p>\n<h4>Pourquoi choisir les gommes<\/h4>\n<p>Les gommes de cannabis offrent aux utilisateurs m\u00e9dicaux une option discr\u00e8te, sans fum\u00e9e, avec un dosage pr\u00e9cis et des effets durables. La technologie d&rsquo;action rapide de ces gommes comble le foss\u00e9 entre les edibles traditionnels et les m\u00e9thodes \u00e0 action plus rapide, ce qui les rend parfaits pour les patients qui ont besoin d&rsquo;un soulagement plus rapide sans inhalation. <\/p>\n<h4>Exp\u00e9dition dans tout le Canada<\/h4>\n<p>Les gommes \u00e0 la grenade Rapid Onset Sour sont exp\u00e9di\u00e9es rapidement \u00e0 travers le Canada avec une livraison gratuite pour les commandes de plus de 150 $. Veuillez noter que les produits contenant de la g\u00e9latine peuvent fondre pendant l&rsquo;exp\u00e9dition durant les mois d&rsquo;\u00e9t\u00e9. Nous vous recommandons de tenir compte de ce probl\u00e8me potentiel lorsque vous passez votre commande.   Malheureusement, nous ne pouvons pas offrir de remboursement ou de remplacement pour les produits qui fondent pendant le transport. Nous vous remercions de votre compr\u00e9hension.<\/p>\n<h4>Avantages et couverture pour les anciens combattants<\/h4>\n<p>Les gommes \u00e0 la grenade Rapid Onset Sour sont admissibles \u00e0 la couverture d&rsquo;ACC (Anciens Combattants Canada) avec facturation directe par l&rsquo;entremise de la Croix Bleue, ce qui signifie que les anciens combattants admissibles n&rsquo;ont pas \u00e0 d\u00e9bourser d&rsquo;argent. Si vous n&rsquo;avez pas encore de carte m\u00e9dicale, <a href=\"https:\/\/mendomedical.ca\/fr\/carte-medicale\/\">obtenez votre carte m\u00e9dicale gratuite rapidement et facilement<\/a>. <\/p>\n<div><b>Ingr\u00e9dients<\/b><br \/>\nSucre, sirop de tapioca, eau, Rapid Onset Nano (glyc\u00e9rine, eau, polysorbate 80, extraits de cannabis, huile MCT, monool\u00e9ate de sorbitan, sorbate de potassium, benzoate de sodium), pectine, ar\u00f4mes naturels, acide citrique, citrate de sodium, colorant naturel, terp\u00e8nes naturels.<\/div>\n<\/div>\n","protected":false},"featured_media":44422,"comment_status":"closed","ping_status":"closed","template":"","meta":{"_acf_changed":false,"site-sidebar-layout":"default","site-content-layout":"","ast-site-content-layout":"default","site-content-style":"default","site-sidebar-style":"default","ast-global-header-display":"","ast-banner-title-visibility":"","ast-main-header-display":"","ast-hfb-above-header-display":"","ast-hfb-below-header-display":"","ast-hfb-mobile-header-display":"","site-post-title":"","ast-breadcrumbs-content":"","ast-featured-img":"","footer-sml-layout":"","ast-disable-related-posts":"","theme-transparent-header-meta":"default","adv-header-id-meta":"","stick-header-meta":"","header-above-stick-meta":"","header-main-stick-meta":"","header-below-stick-meta":"","astra-migrate-meta-layouts":"set","ast-page-background-enabled":"default","ast-page-background-meta":{"desktop":{"background-color":"var(--ast-global-color-4)","background-image":"","background-repeat":"repeat","background-position":"center center","background-size":"auto","background-attachment":"scroll","background-type":"","background-media":"","overlay-type":"","overlay-color":"","overlay-opacity":"","overlay-gradient":""},"tablet":{"background-color":"","background-image":"","background-repeat":"repeat","background-position":"center center","background-size":"auto","background-attachment":"scroll","background-type":"","background-media":"","overlay-type":"","overlay-color":"","overlay-opacity":"","overlay-gradient":""},"mobile":{"background-color":"","background-image":"","background-repeat":"repeat","background-position":"center center","background-size":"auto","background-attachment":"scroll","background-type":"","background-media":"","overlay-type":"","overlay-color":"","overlay-opacity":"","overlay-gradient":""}},"ast-content-background-meta":{"desktop":{"background-color":"var(--ast-global-color-5)","background-image":"","background-repeat":"repeat","background-position":"center center","background-size":"auto","background-attachment":"scroll","background-type":"","background-media":"","overlay-type":"","overlay-color":"","overlay-opacity":"","overlay-gradient":""},"tablet":{"background-color":"var(--ast-global-color-5)","background-image":"","background-repeat":"repeat","background-position":"center center","background-size":"auto","background-attachment":"scroll","background-type":"","background-media":"","overlay-type":"","overlay-color":"","overlay-opacity":"","overlay-gradient":""},"mobile":{"background-color":"var(--ast-global-color-5)","background-image":"","background-repeat":"repeat","background-position":"center center","background-size":"auto","background-attachment":"scroll","background-type":"","background-media":"","overlay-type":"","overlay-color":"","overlay-opacity":"","overlay-gradient":""}}},"product_brand":[],"product_cat":[1132,1511,1128],"product_tag":[3632],"product_format_filter":[],"class_list":{"0":"post-44397","1":"product","2":"type-product","3":"status-publish","4":"has-post-thumbnail","6":"product_cat-bonbons","7":"product_cat-full-spectrum-fr","8":"product_cat-comestibles","9":"product_tag-emprise-fr","10":"pa_flavours-pomegranate-fr","11":"pa_format-2-unites","12":"pa_intensity-thc-moyen","13":"pa_marques-emprise-fr","14":"pa_thc-10mg-fr","15":"pa_type-de-plante-sativa-fr","16":"desktop-align-left","17":"tablet-align-left","18":"mobile-align-left","20":"first","21":"instock","22":"taxable","23":"shipping-taxable","24":"purchasable","25":"product-type-simple"},"group_of_quantity":0,"min_quantity":0,"max_quantity":"","exclude_order_quantity_value_rules":"no","exclude_category_quantity_rules":"no","combine_variations":"no","acf":[],"_links":{"self":[{"href":"https:\/\/mendomedical.ca\/fr\/wp-json\/wp\/v2\/product\/44397","targetHints":{"allow":["GET"]}}],"collection":[{"href":"https:\/\/mendomedical.ca\/fr\/wp-json\/wp\/v2\/product"}],"about":[{"href":"https:\/\/mendomedical.ca\/fr\/wp-json\/wp\/v2\/types\/product"}],"replies":[{"embeddable":true,"href":"https:\/\/mendomedical.ca\/fr\/wp-json\/wp\/v2\/comments?post=44397"}],"wp:featuredmedia":[{"embeddable":true,"href":"https:\/\/mendomedical.ca\/fr\/wp-json\/wp\/v2\/media\/44422"}],"wp:attachment":[{"href":"https:\/\/mendomedical.ca\/fr\/wp-json\/wp\/v2\/media?parent=44397"}],"wp:term":[{"taxonomy":"product_brand","embeddable":true,"href":"https:\/\/mendomedical.ca\/fr\/wp-json\/wp\/v2\/product_brand?post=44397"},{"taxonomy":"product_cat","embeddable":true,"href":"https:\/\/mendomedical.ca\/fr\/wp-json\/wp\/v2\/product_cat?post=44397"},{"taxonomy":"product_tag","embeddable":true,"href":"https:\/\/mendomedical.ca\/fr\/wp-json\/wp\/v2\/product_tag?post=44397"},{"taxonomy":"product_format_filter","embeddable":true,"href":"https:\/\/mendomedical.ca\/fr\/wp-json\/wp\/v2\/product_format_filter?post=44397"}],"curies":[{"name":"wp","href":"https:\/\/api.w.org\/{rel}","templated":true}]}}