{"id":44390,"date":"2023-12-31T07:04:41","date_gmt":"2023-12-31T12:04:41","guid":{"rendered":"https:\/\/mendomedical.ca\/?post_type=product&#038;p=44390"},"modified":"2026-03-04T11:36:26","modified_gmt":"2026-03-04T16:36:26","slug":"chocolat-chaud-og","status":"publish","type":"product","link":"https:\/\/mendomedical.ca\/fr\/produit\/chocolat-chaud-og\/","title":{"rendered":"CBD OG Hot Chocolate"},"content":{"rendered":"<p><strong>Ingr\u00e9dients : <\/strong> Chocolat chaud en poudre (sucre de canne biologique, cacao, sel de l&rsquo;Himalaya), CBD en poudre \u00e0 absorption rapide (maltodextrine, eau, extrait de cannabis, polysorbate (80), huile MCT, monool\u00e9ate de sorbitane, acide citrique).<\/p>\n","protected":false},"excerpt":{"rendered":"<div class=\"ExternalClass7C5D3B28D61E46268C3F6370DCAF0680\">\n<h3>CBD OG Chocolat chaud d&rsquo;Emprise<\/h3>\n<p>D\u00e9couvrez le m\u00e9lange parfait de confort et de bien-\u00eatre avec le chocolat chaud CBD OG d&rsquo;Emprise. Ce chocolat chaud biologique et v\u00e9g\u00e9talien d\u00e9livre 20 mg de CBD \u00e0 absorption rapide dans chaque tasse d\u00e9licieuse. Fabriqu\u00e9 avec du cacao de premi\u00e8re qualit\u00e9 et rehauss\u00e9 de sel de l&rsquo;Himalaya, cette solution de boisson tout-en-un offre un moyen discret et agr\u00e9able d&rsquo;incorporer le CBD dans votre routine quotidienne.  <\/p>\n<h4>Caract\u00e9ristiques principales<\/h4>\n<ul>\n<li>20mg de formulation \u00e0 dominante CBD \u00e0 absorption rapide par portion<\/li>\n<li>Ingr\u00e9dients biologiques et v\u00e9g\u00e9taliens<\/li>\n<li>Chocolat chaud de qualit\u00e9 sup\u00e9rieure \u00e0 base de sucre de canne et de cacao biologiques<\/li>\n<li>Rehauss\u00e9 de sel de l&rsquo;Himalaya pour une saveur riche et \u00e9quilibr\u00e9e<\/li>\n<li>Format de poudre tout-en-un pratique pour une pr\u00e9paration ais\u00e9e<\/li>\n<\/ul>\n<h4>Profil d&rsquo;ar\u00f4me<\/h4>\n<p>Laissez-vous tenter par une exp\u00e9rience chocolat\u00e9e douce et paradisiaque, avec des saveurs de cacao riches et authentiques, compl\u00e9t\u00e9es par des notes subtiles de sel de l&rsquo;Himalaya. Ce chocolat chaud infus\u00e9 au CBD offre le confort classique d&rsquo;un chocolat chaud traditionnel tout en apportant les bienfaits potentiels du CBD. <\/p>\n<h4>Pourquoi choisir les produits comestibles au CBD ?<\/h4>\n<p>Les produits comestibles \u00e0 base de CBD, comme le chocolat chaud, constituent une m\u00e9thode de consommation discr\u00e8te et agr\u00e9able pour les utilisateurs m\u00e9dicaux. Le format familier rend le dosage simple et coh\u00e9rent, tandis que la formule d&rsquo;absorption rapide peut aider les utilisateurs \u00e0 ressentir les effets plus rapidement que les edibles traditionnels. <\/p>\n<h4>Exp\u00e9dition dans tout le Canada<\/h4>\n<p>Le chocolat chaud CBD OG est exp\u00e9di\u00e9 rapidement \u00e0 travers le Canada, avec une livraison gratuite pour les commandes de plus de 150 $. Veuillez noter que les produits peuvent \u00eatre affect\u00e9s par la chaleur pendant les exp\u00e9ditions estivales.  Malheureusement, nous ne pouvons pas offrir de remboursement ou de remplacement pour les produits qui fondent pendant le transport. Nous vous remercions de votre compr\u00e9hension.<\/p>\n<h4>Avantages et couverture pour les anciens combattants<\/h4>\n<p>Le chocolat chaud CBD OG est admissible \u00e0 la couverture d&rsquo;ACC (Anciens Combattants Canada) avec facturation directe par l&rsquo;entremise de la Croix Bleue, ce qui signifie que les anciens combattants admissibles n&rsquo;ont pas \u00e0 d\u00e9bourser d&rsquo;argent. Si vous n&rsquo;avez pas encore d&rsquo;ordonnance de cannabis m\u00e9dical, <a href=\"https:\/\/mendomedical.ca\/fr\/carte-medicale\/\">obtenez rapidement et facilement votre carte m\u00e9dicale gratuite<\/a>. <\/p>\n<p><strong>Ingr\u00e9dients :<\/strong> Chocolat chaud en poudre (sucre de canne biologique, cacao, sel de l&rsquo;Himalaya), CBD en poudre \u00e0 absorption rapide (maltodextrine, eau, extrait de cannabis, polysorbate (80), huile MCT, monool\u00e9ate de sorbitane, acide citrique).<\/p>\n<\/div>\n","protected":false},"featured_media":268413,"comment_status":"closed","ping_status":"closed","template":"","meta":{"_acf_changed":false,"site-sidebar-layout":"default","site-content-layout":"","ast-site-content-layout":"default","site-content-style":"default","site-sidebar-style":"default","ast-global-header-display":"","ast-banner-title-visibility":"","ast-main-header-display":"","ast-hfb-above-header-display":"","ast-hfb-below-header-display":"","ast-hfb-mobile-header-display":"","site-post-title":"","ast-breadcrumbs-content":"","ast-featured-img":"","footer-sml-layout":"","ast-disable-related-posts":"","theme-transparent-header-meta":"default","adv-header-id-meta":"","stick-header-meta":"","header-above-stick-meta":"","header-main-stick-meta":"","header-below-stick-meta":"","astra-migrate-meta-layouts":"set","ast-page-background-enabled":"default","ast-page-background-meta":{"desktop":{"background-color":"var(--ast-global-color-4)","background-image":"","background-repeat":"repeat","background-position":"center center","background-size":"auto","background-attachment":"scroll","background-type":"","background-media":"","overlay-type":"","overlay-color":"","overlay-opacity":"","overlay-gradient":""},"tablet":{"background-color":"","background-image":"","background-repeat":"repeat","background-position":"center center","background-size":"auto","background-attachment":"scroll","background-type":"","background-media":"","overlay-type":"","overlay-color":"","overlay-opacity":"","overlay-gradient":""},"mobile":{"background-color":"","background-image":"","background-repeat":"repeat","background-position":"center center","background-size":"auto","background-attachment":"scroll","background-type":"","background-media":"","overlay-type":"","overlay-color":"","overlay-opacity":"","overlay-gradient":""}},"ast-content-background-meta":{"desktop":{"background-color":"var(--ast-global-color-5)","background-image":"","background-repeat":"repeat","background-position":"center center","background-size":"auto","background-attachment":"scroll","background-type":"","background-media":"","overlay-type":"","overlay-color":"","overlay-opacity":"","overlay-gradient":""},"tablet":{"background-color":"var(--ast-global-color-5)","background-image":"","background-repeat":"repeat","background-position":"center center","background-size":"auto","background-attachment":"scroll","background-type":"","background-media":"","overlay-type":"","overlay-color":"","overlay-opacity":"","overlay-gradient":""},"mobile":{"background-color":"var(--ast-global-color-5)","background-image":"","background-repeat":"repeat","background-position":"center center","background-size":"auto","background-attachment":"scroll","background-type":"","background-media":"","overlay-type":"","overlay-color":"","overlay-opacity":"","overlay-gradient":""}}},"product_brand":[],"product_cat":[1131,3825,1128],"product_tag":[],"product_format_filter":[],"class_list":{"0":"post-44390","1":"product","2":"type-product","3":"status-publish","4":"has-post-thumbnail","6":"product_cat-boissons","7":"product_cat-cbd-minors-3-fr","8":"product_cat-comestibles","9":"pa_cbd-20mg-fr","10":"pa_flavours-chocolate-fr","11":"pa_format-1-unit-fr","12":"pa_intensity-cbd-moyen","13":"pa_marques-emprise-fr","14":"pa_origin-alberta-fr","15":"desktop-align-left","16":"tablet-align-left","17":"mobile-align-left","19":"first","20":"instock","21":"taxable","22":"shipping-taxable","23":"purchasable","24":"product-type-simple"},"group_of_quantity":0,"min_quantity":0,"max_quantity":"","exclude_order_quantity_value_rules":"no","exclude_category_quantity_rules":"no","combine_variations":"no","acf":[],"_links":{"self":[{"href":"https:\/\/mendomedical.ca\/fr\/wp-json\/wp\/v2\/product\/44390","targetHints":{"allow":["GET"]}}],"collection":[{"href":"https:\/\/mendomedical.ca\/fr\/wp-json\/wp\/v2\/product"}],"about":[{"href":"https:\/\/mendomedical.ca\/fr\/wp-json\/wp\/v2\/types\/product"}],"replies":[{"embeddable":true,"href":"https:\/\/mendomedical.ca\/fr\/wp-json\/wp\/v2\/comments?post=44390"}],"wp:featuredmedia":[{"embeddable":true,"href":"https:\/\/mendomedical.ca\/fr\/wp-json\/wp\/v2\/media\/268413"}],"wp:attachment":[{"href":"https:\/\/mendomedical.ca\/fr\/wp-json\/wp\/v2\/media?parent=44390"}],"wp:term":[{"taxonomy":"product_brand","embeddable":true,"href":"https:\/\/mendomedical.ca\/fr\/wp-json\/wp\/v2\/product_brand?post=44390"},{"taxonomy":"product_cat","embeddable":true,"href":"https:\/\/mendomedical.ca\/fr\/wp-json\/wp\/v2\/product_cat?post=44390"},{"taxonomy":"product_tag","embeddable":true,"href":"https:\/\/mendomedical.ca\/fr\/wp-json\/wp\/v2\/product_tag?post=44390"},{"taxonomy":"product_format_filter","embeddable":true,"href":"https:\/\/mendomedical.ca\/fr\/wp-json\/wp\/v2\/product_format_filter?post=44390"}],"curies":[{"name":"wp","href":"https:\/\/api.w.org\/{rel}","templated":true}]}}