{"id":44343,"date":"2023-12-31T07:55:24","date_gmt":"2023-12-31T12:55:24","guid":{"rendered":"https:\/\/mendomedical.ca\/?post_type=product&#038;p=44343"},"modified":"2026-04-16T10:39:47","modified_gmt":"2026-04-16T14:39:47","slug":"hash-rosin-infused-hot-chocolate-k-cup","status":"publish","type":"product","link":"https:\/\/mendomedical.ca\/fr\/produit\/hash-rosin-infused-hot-chocolate-k-cup\/","title":{"rendered":"Chocolat chaud infus\u00e9 \u00e0 la Rosine (K-Cup)"},"content":{"rendered":"","protected":false},"excerpt":{"rendered":"<p><strong>Offrez-vous le luxe d&rsquo;un chocolat chaud de qualit\u00e9 sup\u00e9rieure dans le confort de votre maison gr\u00e2ce \u00e0 nos dosettes de chocolat chaud Hash Rosin. Notre dosette de chocolat chaud \u00e0 la rosine est compos\u00e9e d&rsquo;une poudre de chocolat chaud riche et velout\u00e9e, m\u00e9lang\u00e9e \u00e0 un extrait vivant de rosine de haschisch. Notre engagement en faveur de la qualit\u00e9 et de l&rsquo;innovation se refl\u00e8te dans chaque dosette. Seuls les ingr\u00e9dients et les extraits les plus fins sont utilis\u00e9s pour cr\u00e9er une exp\u00e9rience vraiment indulgente et m\u00e9morable.  <\/strong><\/p>\n<p>&nbsp;<\/p>\n<p><strong>Pour de meilleurs r\u00e9sultats, veuillez utiliser la plus petite taille de tasse de votre machine \u00e0 caf\u00e9.<\/strong><\/p>\n<p>&nbsp;<\/p>\n<h4>Ingr\u00e9dients<\/h4>\n<p>Sucre, Glucose, Lait modifi\u00e9, Cacao, Huile de coco hydrog\u00e9n\u00e9e, Cas\u00e9inate de sodium, Sel, Phosphate de potassium dibasique, Silicoaluminate de sodium, Ar\u00f4me artificiel, Mono- et diglyc\u00e9rides, Esters diac\u00e9tyl tartriques des mono- et diglyc\u00e9rides, M<\/p>\n<h4>Contient<\/h4>\n<p>LAIT<\/p>\n<h4>Peut contenir<\/h4>\n<p>SOY<\/p>\n","protected":false},"featured_media":44345,"comment_status":"closed","ping_status":"closed","template":"","meta":{"_acf_changed":false,"site-sidebar-layout":"default","site-content-layout":"","ast-site-content-layout":"default","site-content-style":"default","site-sidebar-style":"default","ast-global-header-display":"","ast-banner-title-visibility":"","ast-main-header-display":"","ast-hfb-above-header-display":"","ast-hfb-below-header-display":"","ast-hfb-mobile-header-display":"","site-post-title":"","ast-breadcrumbs-content":"","ast-featured-img":"","footer-sml-layout":"","ast-disable-related-posts":"","theme-transparent-header-meta":"default","adv-header-id-meta":"","stick-header-meta":"","header-above-stick-meta":"","header-main-stick-meta":"","header-below-stick-meta":"","astra-migrate-meta-layouts":"set","ast-page-background-enabled":"default","ast-page-background-meta":{"desktop":{"background-color":"var(--ast-global-color-4)","background-image":"","background-repeat":"repeat","background-position":"center center","background-size":"auto","background-attachment":"scroll","background-type":"","background-media":"","overlay-type":"","overlay-color":"","overlay-opacity":"","overlay-gradient":""},"tablet":{"background-color":"","background-image":"","background-repeat":"repeat","background-position":"center center","background-size":"auto","background-attachment":"scroll","background-type":"","background-media":"","overlay-type":"","overlay-color":"","overlay-opacity":"","overlay-gradient":""},"mobile":{"background-color":"","background-image":"","background-repeat":"repeat","background-position":"center center","background-size":"auto","background-attachment":"scroll","background-type":"","background-media":"","overlay-type":"","overlay-color":"","overlay-opacity":"","overlay-gradient":""}},"ast-content-background-meta":{"desktop":{"background-color":"var(--ast-global-color-5)","background-image":"","background-repeat":"repeat","background-position":"center center","background-size":"auto","background-attachment":"scroll","background-type":"","background-media":"","overlay-type":"","overlay-color":"","overlay-opacity":"","overlay-gradient":""},"tablet":{"background-color":"var(--ast-global-color-5)","background-image":"","background-repeat":"repeat","background-position":"center center","background-size":"auto","background-attachment":"scroll","background-type":"","background-media":"","overlay-type":"","overlay-color":"","overlay-opacity":"","overlay-gradient":""},"mobile":{"background-color":"var(--ast-global-color-5)","background-image":"","background-repeat":"repeat","background-position":"center center","background-size":"auto","background-attachment":"scroll","background-type":"","background-media":"","overlay-type":"","overlay-color":"","overlay-opacity":"","overlay-gradient":""}}},"product_brand":[],"product_cat":[1131,1511,1128],"product_tag":[3658],"product_format_filter":[],"class_list":{"0":"post-44343","1":"product","2":"type-product","3":"status-publish","4":"has-post-thumbnail","6":"product_cat-boissons","7":"product_cat-full-spectrum-fr","8":"product_cat-comestibles","9":"product_tag-steeprock-fr","10":"pa_flavours-chocolate-fr","11":"pa_format-2-unites","12":"pa_intensity-thc-moyen","13":"pa_marques-steeprock-fr","14":"pa_thc-10mg-fr","15":"desktop-align-left","16":"tablet-align-left","17":"mobile-align-left","19":"first","20":"instock","21":"taxable","22":"shipping-taxable","23":"purchasable","24":"product-type-simple"},"group_of_quantity":0,"min_quantity":0,"max_quantity":"","exclude_order_quantity_value_rules":"no","exclude_category_quantity_rules":"no","combine_variations":"no","acf":[],"_links":{"self":[{"href":"https:\/\/mendomedical.ca\/fr\/wp-json\/wp\/v2\/product\/44343","targetHints":{"allow":["GET"]}}],"collection":[{"href":"https:\/\/mendomedical.ca\/fr\/wp-json\/wp\/v2\/product"}],"about":[{"href":"https:\/\/mendomedical.ca\/fr\/wp-json\/wp\/v2\/types\/product"}],"replies":[{"embeddable":true,"href":"https:\/\/mendomedical.ca\/fr\/wp-json\/wp\/v2\/comments?post=44343"}],"wp:featuredmedia":[{"embeddable":true,"href":"https:\/\/mendomedical.ca\/fr\/wp-json\/wp\/v2\/media\/44345"}],"wp:attachment":[{"href":"https:\/\/mendomedical.ca\/fr\/wp-json\/wp\/v2\/media?parent=44343"}],"wp:term":[{"taxonomy":"product_brand","embeddable":true,"href":"https:\/\/mendomedical.ca\/fr\/wp-json\/wp\/v2\/product_brand?post=44343"},{"taxonomy":"product_cat","embeddable":true,"href":"https:\/\/mendomedical.ca\/fr\/wp-json\/wp\/v2\/product_cat?post=44343"},{"taxonomy":"product_tag","embeddable":true,"href":"https:\/\/mendomedical.ca\/fr\/wp-json\/wp\/v2\/product_tag?post=44343"},{"taxonomy":"product_format_filter","embeddable":true,"href":"https:\/\/mendomedical.ca\/fr\/wp-json\/wp\/v2\/product_format_filter?post=44343"}],"curies":[{"name":"wp","href":"https:\/\/api.w.org\/{rel}","templated":true}]}}