{"id":44312,"date":"2024-01-01T13:33:01","date_gmt":"2024-01-01T18:33:01","guid":{"rendered":"https:\/\/mendomedical.ca\/?post_type=product&#038;p=44312"},"modified":"2026-04-05T17:39:39","modified_gmt":"2026-04-05T21:39:39","slug":"hash-rosin-coin-70-chocolat-noir","status":"publish","type":"product","link":"https:\/\/mendomedical.ca\/fr\/produit\/hash-rosin-coin-70-chocolat-noir\/","title":{"rendered":"Pi\u00e8ce de Rosin - Chocolat noir \u00e0 70"},"content":{"rendered":"","protected":false},"excerpt":{"rendered":"<div class=\"ExternalClassF32A5756567E42D0A0FB93DA29264A99\">\n<h3>Pi\u00e8ce de Rosin - Chocolat noir \u00e0 70<\/h3>\n<p>D\u00e9couvrez la fusion parfaite entre le chocolat noir de qualit\u00e9 sup\u00e9rieure et l&rsquo;extraction de cannabis sans solvant avec le Hash Rosin Coin de Rosin Heads. Cette pi\u00e8ce comestible en portion individuelle combine un riche chocolat noir \u00e0 70 % avec 10 mg de rosine vivante sp\u00e9cifique \u00e0 la souche, offrant un point d&rsquo;entr\u00e9e accessible \u00e0 ceux qui recherchent une exp\u00e9rience sophistiqu\u00e9e du chocolat au cannabis. Infus\u00e9e avec la rosine vivante Strawberry Cough, chaque pi\u00e8ce offre une puissance constante dans un format pratique et rentable.  <\/p>\n<h4>Caract\u00e9ristiques principales<\/h4>\n<ul>\n<li>10mg de Live Rosin sp\u00e9cifique \u00e0 la souche par pi\u00e8ce de chocolat<\/li>\n<li>Chocolat noir 70 % de premi\u00e8re qualit\u00e9 pour une saveur riche et intense<\/li>\n<li>Format en portion unique pour un dosage pr\u00e9cis et un prix abordable<\/li>\n<li>L&rsquo;extraction de la rosine de haschisch sans solvant pr\u00e9serve les terp\u00e8nes naturels.<\/li>\n<li>Infus\u00e9 avec de la souche de fraise contre la toux pour des effets stimulants.<\/li>\n<\/ul>\n<h4>Profil d&rsquo;ar\u00f4me et de souche<\/h4>\n<p>Cette pi\u00e8ce en chocolat est compos\u00e9e de la vari\u00e9t\u00e9 Strawberry Cough, connue pour ses notes de baies sucr\u00e9es et ses effets c\u00e9r\u00e9braux. Le chocolat noir \u00e0 70 % offre une saveur de cacao profonde et l\u00e9g\u00e8rement am\u00e8re qui compl\u00e8te les notes fruit\u00e9es du Live Rosin, cr\u00e9ant ainsi une exp\u00e9rience gustative bien \u00e9quilibr\u00e9e qui pla\u00eet \u00e0 la fois aux amateurs de chocolat et de cannabis. <\/p>\n<h4>Pourquoi choisir les chocolats ?<\/h4>\n<p>Les chocolats infus\u00e9s au cannabis offrent aux utilisateurs m\u00e9dicaux une alternative discr\u00e8te et durable aux m\u00e9thodes d&rsquo;inhalation. Le format familier facilite le dosage, tandis que les effets durent g\u00e9n\u00e9ralement de 4 \u00e0 8 heures, ce qui peut permettre un soulagement prolong\u00e9 tout au long de la journ\u00e9e ou de la nuit. <\/p>\n<h4>Exp\u00e9dition dans tout le Canada<\/h4>\n<p>La pi\u00e8ce de monnaie Hash Rosin - Chocolat noir 70 % est exp\u00e9di\u00e9e rapidement dans tout le Canada, et la livraison est gratuite \u00e0 partir de 150 $ d&rsquo;achats. Veuillez noter que les produits contenant du chocolat peuvent fondre pendant l&rsquo;exp\u00e9dition durant les mois d&rsquo;\u00e9t\u00e9.  Nous vous recommandons d&rsquo;\u00eatre conscient de ce probl\u00e8me potentiel lorsque vous passez votre commande. Malheureusement, nous ne pouvons pas offrir de remboursement ou de remplacement pour les produits qui fondent ou perdent leur forme originale pendant le transport. Nous vous remercions de votre compr\u00e9hension.<\/p>\n<h4>Avantages et couverture pour les anciens combattants<\/h4>\n<p>Hash Rosin Coin - 70% Dark Chocolate est admissible \u00e0 la couverture d&rsquo;ACC (Anciens Combattants Canada) avec facturation directe par la Croix Bleue, ce qui signifie qu&rsquo;il n&rsquo;y a pas de frais \u00e0 d\u00e9bourser pour les anciens combattants admissibles. Si vous n&rsquo;avez pas encore d&rsquo;ordonnance de cannabis m\u00e9dical, vous pouvez <a href=\"https:\/\/mendomedical.ca\/fr\/carte-medicale\/\">obtenir votre carte m\u00e9dicale gratuite rapidement et facilement<\/a> gr\u00e2ce \u00e0 notre processus simplifi\u00e9. <\/p>\n<\/div>\n","protected":false},"featured_media":44314,"comment_status":"closed","ping_status":"closed","template":"","meta":{"_acf_changed":false,"site-sidebar-layout":"default","site-content-layout":"","ast-site-content-layout":"default","site-content-style":"default","site-sidebar-style":"default","ast-global-header-display":"","ast-banner-title-visibility":"","ast-main-header-display":"","ast-hfb-above-header-display":"","ast-hfb-below-header-display":"","ast-hfb-mobile-header-display":"","site-post-title":"","ast-breadcrumbs-content":"","ast-featured-img":"","footer-sml-layout":"","ast-disable-related-posts":"","theme-transparent-header-meta":"default","adv-header-id-meta":"","stick-header-meta":"","header-above-stick-meta":"","header-main-stick-meta":"","header-below-stick-meta":"","astra-migrate-meta-layouts":"set","ast-page-background-enabled":"default","ast-page-background-meta":{"desktop":{"background-color":"var(--ast-global-color-4)","background-image":"","background-repeat":"repeat","background-position":"center center","background-size":"auto","background-attachment":"scroll","background-type":"","background-media":"","overlay-type":"","overlay-color":"","overlay-opacity":"","overlay-gradient":""},"tablet":{"background-color":"","background-image":"","background-repeat":"repeat","background-position":"center center","background-size":"auto","background-attachment":"scroll","background-type":"","background-media":"","overlay-type":"","overlay-color":"","overlay-opacity":"","overlay-gradient":""},"mobile":{"background-color":"","background-image":"","background-repeat":"repeat","background-position":"center center","background-size":"auto","background-attachment":"scroll","background-type":"","background-media":"","overlay-type":"","overlay-color":"","overlay-opacity":"","overlay-gradient":""}},"ast-content-background-meta":{"desktop":{"background-color":"var(--ast-global-color-5)","background-image":"","background-repeat":"repeat","background-position":"center center","background-size":"auto","background-attachment":"scroll","background-type":"","background-media":"","overlay-type":"","overlay-color":"","overlay-opacity":"","overlay-gradient":""},"tablet":{"background-color":"var(--ast-global-color-5)","background-image":"","background-repeat":"repeat","background-position":"center center","background-size":"auto","background-attachment":"scroll","background-type":"","background-media":"","overlay-type":"","overlay-color":"","overlay-opacity":"","overlay-gradient":""},"mobile":{"background-color":"var(--ast-global-color-5)","background-image":"","background-repeat":"repeat","background-position":"center center","background-size":"auto","background-attachment":"scroll","background-type":"","background-media":"","overlay-type":"","overlay-color":"","overlay-opacity":"","overlay-gradient":""}}},"product_brand":[],"product_cat":[1130,1511,1128],"product_tag":[3638],"product_format_filter":[6366],"class_list":{"0":"post-44312","1":"product","2":"type-product","3":"status-publish","4":"has-post-thumbnail","6":"product_cat-chocolats","7":"product_cat-full-spectrum-fr","8":"product_cat-comestibles","9":"product_tag-rosin-heads-fr","10":"pa_flavours-chocolate-fr","11":"pa_format-1-unit-fr","12":"pa_marques-rosin-heads-fr","13":"pa_thc-10mg-fr","14":"product_format_filter-1units","15":"desktop-align-left","16":"tablet-align-left","17":"mobile-align-left","19":"first","20":"instock","21":"taxable","22":"shipping-taxable","23":"purchasable","24":"product-type-simple"},"group_of_quantity":0,"min_quantity":0,"max_quantity":"","exclude_order_quantity_value_rules":"no","exclude_category_quantity_rules":"no","combine_variations":"no","acf":[],"_links":{"self":[{"href":"https:\/\/mendomedical.ca\/fr\/wp-json\/wp\/v2\/product\/44312","targetHints":{"allow":["GET"]}}],"collection":[{"href":"https:\/\/mendomedical.ca\/fr\/wp-json\/wp\/v2\/product"}],"about":[{"href":"https:\/\/mendomedical.ca\/fr\/wp-json\/wp\/v2\/types\/product"}],"replies":[{"embeddable":true,"href":"https:\/\/mendomedical.ca\/fr\/wp-json\/wp\/v2\/comments?post=44312"}],"wp:featuredmedia":[{"embeddable":true,"href":"https:\/\/mendomedical.ca\/fr\/wp-json\/wp\/v2\/media\/44314"}],"wp:attachment":[{"href":"https:\/\/mendomedical.ca\/fr\/wp-json\/wp\/v2\/media?parent=44312"}],"wp:term":[{"taxonomy":"product_brand","embeddable":true,"href":"https:\/\/mendomedical.ca\/fr\/wp-json\/wp\/v2\/product_brand?post=44312"},{"taxonomy":"product_cat","embeddable":true,"href":"https:\/\/mendomedical.ca\/fr\/wp-json\/wp\/v2\/product_cat?post=44312"},{"taxonomy":"product_tag","embeddable":true,"href":"https:\/\/mendomedical.ca\/fr\/wp-json\/wp\/v2\/product_tag?post=44312"},{"taxonomy":"product_format_filter","embeddable":true,"href":"https:\/\/mendomedical.ca\/fr\/wp-json\/wp\/v2\/product_format_filter?post=44312"}],"curies":[{"name":"wp","href":"https:\/\/api.w.org\/{rel}","templated":true}]}}