{"id":44259,"date":"2024-01-01T14:43:49","date_gmt":"2024-01-01T19:43:49","guid":{"rendered":"https:\/\/mendomedical.ca\/?post_type=product&#038;p=44259"},"modified":"2026-04-14T18:24:16","modified_gmt":"2026-04-14T22:24:16","slug":"electric-blue-razz-berries","status":"publish","type":"product","link":"https:\/\/mendomedical.ca\/fr\/produit\/electric-blue-razz-berries\/","title":{"rendered":"Electric Blue Live Rosin Razz Berries"},"content":{"rendered":"","protected":false},"excerpt":{"rendered":"<div class=\"ExternalClassB11E1234FE3143BFAEE130454BE9194C\">\n<h3>Electric Blue Live Rosin Razz Berries<\/h3>\n<p>D\u00e9couvrez la combinaison parfaite d&rsquo;une saveur nostalgique et d&rsquo;un cannabis de qualit\u00e9 sup\u00e9rieure avec les Electric Blue Live Rosin Razz Berries de A-Ha ! Ces gommes infus\u00e9es au THC, soigneusement \u00e9labor\u00e9es, offrent le go\u00fbt classique de framboise bleue dont vous vous souvenez, rehauss\u00e9 d&rsquo;une coquille de bonbon croquante pour une texture et une douceur accrues. Chaque paquet pratique de deux gommes contient un dosage pr\u00e9cis de 5mg de THC, offrant une exp\u00e9rience de cannabis contr\u00f4l\u00e9e et agr\u00e9able pour les utilisateurs m\u00e9dicaux \u00e0 la recherche d&rsquo;effets constants.  <\/p>\n<h4>Caract\u00e9ristiques principales<\/h4>\n<ul>\n<li>Gommes infus\u00e9es de Live Rosin avec 5mg de THC par pi\u00e8ce<\/li>\n<li>Go\u00fbt classique de framboise bleue avec enrobage de bonbons croquants<\/li>\n<li>Format pratique de 2 paquets pour un dosage facile et une bonne portabilit\u00e9<\/li>\n<li>Fabriqu\u00e9 avec de l&rsquo;extrait de Live Rosin de premi\u00e8re qualit\u00e9 pour une meilleure qualit\u00e9.<\/li>\n<li>Format discret et agr\u00e9able pour la consommation de cannabis m\u00e9dical<\/li>\n<\/ul>\n<h4>Profil d&rsquo;ar\u00f4me<\/h4>\n<p>Ces gommes ont une saveur authentique de framboise bleue qui offre une exp\u00e9rience gustative sucr\u00e9e et l\u00e9g\u00e8rement acidul\u00e9e. L&rsquo;enveloppe croquante du bonbon procure un premier \u00e9clat de douceur qui c\u00e8de la place \u00e0 la saveur famili\u00e8re de framboise bleue, cr\u00e9ant ainsi une sensation gustative \u00e0 plusieurs niveaux qui rend la prise de m\u00e9dicaments plus agr\u00e9able. <\/p>\n<h4>Pourquoi choisir les gommes<\/h4>\n<p>Les gommes de cannabis offrent aux utilisateurs m\u00e9dicaux une option pr\u00e9cise, discr\u00e8te et durable pour la gestion des sympt\u00f4mes. Le dosage constant de 5 mg dans chaque Electric Blue Live Rosin Razz Berry permet un titrage pr\u00e9cis et des effets pr\u00e9visibles, ce qui les rend id\u00e9aux pour les patients qui ont besoin d&rsquo;un soulagement fiable tout au long de la journ\u00e9e. <\/p>\n<h4>Exp\u00e9dition dans tout le Canada<\/h4>\n<p>Electric Blue Live Rosin Razz Berries est exp\u00e9di\u00e9 rapidement dans tout le Canada, avec une livraison gratuite pour les commandes de plus de 150 $. Veuillez noter que les produits contenant de la g\u00e9latine peuvent fondre pendant l&rsquo;exp\u00e9dition durant les mois d&rsquo;\u00e9t\u00e9. Nous vous recommandons de tenir compte de ce probl\u00e8me potentiel lorsque vous passez votre commande.   Malheureusement, nous ne pouvons pas offrir de remboursement ou de remplacement pour les produits qui fondent pendant le transport. Nous vous remercions de votre compr\u00e9hension.<\/p>\n<h4>Avantages et couverture pour les anciens combattants<\/h4>\n<p>Electric Blue Live Rosin Razz Berries sont admissibles \u00e0 la couverture d&rsquo;ACC (Anciens Combattants Canada) et \u00e0 la facturation directe par l&rsquo;entremise de la Croix Bleue, sans aucun d\u00e9bours\u00e9. Si vous n&rsquo;avez pas encore de carte m\u00e9dicale, <a href=\"https:\/\/mendomedical.ca\/fr\/carte-medicale\/\">obtenez-la rapidement et facilement<\/a>. <\/p>\n<p><strong>Ingr\u00e9dients :<\/strong> Sucres (sucre, sirop de ma\u00efs, dextrose), g\u00e9latine, acide citrique, pectine, ar\u00f4me artificiel, cire d&rsquo;abeille, cire de carnauba, huile d&rsquo;olive, gomme arabique, huile de palme, colorant artificiel (bleu brillant FCF).<\/p>\n<p><strong>Peut contenir :<\/strong> \u0152UFS, LAIT, SOJA<\/p>\n<\/div>\n","protected":false},"featured_media":44261,"comment_status":"closed","ping_status":"closed","template":"","meta":{"_acf_changed":false,"site-sidebar-layout":"default","site-content-layout":"","ast-site-content-layout":"default","site-content-style":"default","site-sidebar-style":"default","ast-global-header-display":"","ast-banner-title-visibility":"","ast-main-header-display":"","ast-hfb-above-header-display":"","ast-hfb-below-header-display":"","ast-hfb-mobile-header-display":"","site-post-title":"","ast-breadcrumbs-content":"","ast-featured-img":"","footer-sml-layout":"","ast-disable-related-posts":"","theme-transparent-header-meta":"default","adv-header-id-meta":"","stick-header-meta":"","header-above-stick-meta":"","header-main-stick-meta":"","header-below-stick-meta":"","astra-migrate-meta-layouts":"set","ast-page-background-enabled":"default","ast-page-background-meta":{"desktop":{"background-color":"var(--ast-global-color-4)","background-image":"","background-repeat":"repeat","background-position":"center center","background-size":"auto","background-attachment":"scroll","background-type":"","background-media":"","overlay-type":"","overlay-color":"","overlay-opacity":"","overlay-gradient":""},"tablet":{"background-color":"","background-image":"","background-repeat":"repeat","background-position":"center center","background-size":"auto","background-attachment":"scroll","background-type":"","background-media":"","overlay-type":"","overlay-color":"","overlay-opacity":"","overlay-gradient":""},"mobile":{"background-color":"","background-image":"","background-repeat":"repeat","background-position":"center center","background-size":"auto","background-attachment":"scroll","background-type":"","background-media":"","overlay-type":"","overlay-color":"","overlay-opacity":"","overlay-gradient":""}},"ast-content-background-meta":{"desktop":{"background-color":"var(--ast-global-color-5)","background-image":"","background-repeat":"repeat","background-position":"center center","background-size":"auto","background-attachment":"scroll","background-type":"","background-media":"","overlay-type":"","overlay-color":"","overlay-opacity":"","overlay-gradient":""},"tablet":{"background-color":"var(--ast-global-color-5)","background-image":"","background-repeat":"repeat","background-position":"center center","background-size":"auto","background-attachment":"scroll","background-type":"","background-media":"","overlay-type":"","overlay-color":"","overlay-opacity":"","overlay-gradient":""},"mobile":{"background-color":"var(--ast-global-color-5)","background-image":"","background-repeat":"repeat","background-position":"center center","background-size":"auto","background-attachment":"scroll","background-type":"","background-media":"","overlay-type":"","overlay-color":"","overlay-opacity":"","overlay-gradient":""}}},"product_brand":[],"product_cat":[1132,1511,1128],"product_tag":[3637],"product_format_filter":[],"class_list":{"0":"post-44259","1":"product","2":"type-product","3":"status-publish","4":"has-post-thumbnail","6":"product_cat-bonbons","7":"product_cat-full-spectrum-fr","8":"product_cat-comestibles","9":"product_tag-a-ha-fr","10":"pa_flavours-framboise-bleue-fr","11":"pa_format-2-unites","12":"pa_intensity-thc-moyen","13":"pa_marques-a-ha-fr","14":"pa_origin-ontario-fr","15":"pa_thc-10mg-fr","16":"desktop-align-left","17":"tablet-align-left","18":"mobile-align-left","20":"first","21":"instock","22":"taxable","23":"shipping-taxable","24":"purchasable","25":"product-type-simple"},"group_of_quantity":0,"min_quantity":0,"max_quantity":"","exclude_order_quantity_value_rules":"no","exclude_category_quantity_rules":"no","combine_variations":"no","acf":[],"_links":{"self":[{"href":"https:\/\/mendomedical.ca\/fr\/wp-json\/wp\/v2\/product\/44259","targetHints":{"allow":["GET"]}}],"collection":[{"href":"https:\/\/mendomedical.ca\/fr\/wp-json\/wp\/v2\/product"}],"about":[{"href":"https:\/\/mendomedical.ca\/fr\/wp-json\/wp\/v2\/types\/product"}],"replies":[{"embeddable":true,"href":"https:\/\/mendomedical.ca\/fr\/wp-json\/wp\/v2\/comments?post=44259"}],"wp:featuredmedia":[{"embeddable":true,"href":"https:\/\/mendomedical.ca\/fr\/wp-json\/wp\/v2\/media\/44261"}],"wp:attachment":[{"href":"https:\/\/mendomedical.ca\/fr\/wp-json\/wp\/v2\/media?parent=44259"}],"wp:term":[{"taxonomy":"product_brand","embeddable":true,"href":"https:\/\/mendomedical.ca\/fr\/wp-json\/wp\/v2\/product_brand?post=44259"},{"taxonomy":"product_cat","embeddable":true,"href":"https:\/\/mendomedical.ca\/fr\/wp-json\/wp\/v2\/product_cat?post=44259"},{"taxonomy":"product_tag","embeddable":true,"href":"https:\/\/mendomedical.ca\/fr\/wp-json\/wp\/v2\/product_tag?post=44259"},{"taxonomy":"product_format_filter","embeddable":true,"href":"https:\/\/mendomedical.ca\/fr\/wp-json\/wp\/v2\/product_format_filter?post=44259"}],"curies":[{"name":"wp","href":"https:\/\/api.w.org\/{rel}","templated":true}]}}