{"id":44204,"date":"2024-01-01T09:01:07","date_gmt":"2024-01-01T14:01:07","guid":{"rendered":"https:\/\/mendomedical.ca\/?post_type=product&#038;p=44204"},"modified":"2025-11-05T11:12:02","modified_gmt":"2025-11-05T16:12:02","slug":"key-lime-hash-rosin-gummies","status":"publish","type":"product","link":"https:\/\/mendomedical.ca\/fr\/produit\/key-lime-hash-rosin-gummies\/","title":{"rendered":"Key Lime Hash Rosin Gummies (gommes \u00e0 m\u00e2cher)"},"content":{"rendered":"","protected":false},"excerpt":{"rendered":"<p><strong>Les gommes Key Lime Hash Rosin de RGB contiennent 10 mg de THC chacune, une super-dose de cannabis \u00e0 spectre complet fabriqu\u00e9e sans solvants. Disponible dans un d\u00e9licieux paquet de 1, ce chewing-gum transformera une journ\u00e9e ordinaire en quelque chose de vraiment sp\u00e9cial. Sucr\u00e9s avec une touche d&rsquo;amertume, ces gommes rafra\u00eechissantes \u00e0 l&rsquo;ancienne regorgent de saveurs classiques des desserts d&rsquo;\u00e9t\u00e9.  <\/strong><\/p>\n<p><strong>Visualisez votre exp\u00e9rience du cannabis et suivez le spectre. Ce Key Lime Hash Rosin Gummie fait partie de notre ligne de produits Green - allez dans le cosmique et plongez dans le divin.<\/strong><\/p>\n<p>&nbsp;<\/p>\n<h5>Aspect Visuel:<\/h5>\n<p>Vers\u00e9 \u00e0 la main et termin\u00e9 par un m\u00e9lange sucr\u00e9-sal\u00e9.<\/p>\n<h5>Profil de saveur :<\/h5>\n<p>Sucr\u00e9 avec une touche d&rsquo;amertume acidul\u00e9e, ce chewing-gum rafra\u00eechissant \u00e0 l&rsquo;ancienne regorge de saveurs estivales \u00e9clatantes.<\/p>\n<h5>Profil des cannabino\u00efdes et des terp\u00e8nes :<\/h5>\n<p>Proc\u00e9d\u00e9 sans solvant pour purifier les cannabino\u00efdes et pr\u00e9server les terp\u00e8nes.<\/p>\n<h5>Effets :<\/h5>\n<p>L&rsquo;extrait \u00e0 spectre complet, combin\u00e9 \u00e0 la dose maximale de THC autoris\u00e9e, offre au consommateur une exp\u00e9rience in\u00e9gal\u00e9e.<\/p>\n<h5><b>Ce que les patients disent de ce produit<\/b>:<\/h5>\n<p>Pour le papillon social - illuminez la f\u00eate sans avoir la gueule de bois. La recette du march\u00e9 de l&rsquo;h\u00e9ritage pour une exp\u00e9rience haut de gamme.<\/p>\n<p>&nbsp;<\/p>\n<p><strong><em>Veuillez noter que les produits contenant de la g\u00e9latine peuvent fondre pendant le transport en \u00e9t\u00e9. Nous vous recommandons d&rsquo;\u00eatre conscient de ce probl\u00e8me potentiel lorsque vous passez votre commande. Malheureusement, nous ne pouvons pas offrir de remboursement ou de remplacement pour les produits qui fondent pendant le transport. Nous vous remercions de votre compr\u00e9hension.   <\/em><\/strong><\/p>\n","protected":false},"featured_media":44206,"comment_status":"closed","ping_status":"closed","template":"","meta":{"_acf_changed":false,"site-sidebar-layout":"default","site-content-layout":"","ast-site-content-layout":"default","site-content-style":"default","site-sidebar-style":"default","ast-global-header-display":"","ast-banner-title-visibility":"","ast-main-header-display":"","ast-hfb-above-header-display":"","ast-hfb-below-header-display":"","ast-hfb-mobile-header-display":"","site-post-title":"","ast-breadcrumbs-content":"","ast-featured-img":"","footer-sml-layout":"","ast-disable-related-posts":"","theme-transparent-header-meta":"default","adv-header-id-meta":"","stick-header-meta":"","header-above-stick-meta":"","header-main-stick-meta":"","header-below-stick-meta":"","astra-migrate-meta-layouts":"set","ast-page-background-enabled":"default","ast-page-background-meta":{"desktop":{"background-color":"var(--ast-global-color-4)","background-image":"","background-repeat":"repeat","background-position":"center center","background-size":"auto","background-attachment":"scroll","background-type":"","background-media":"","overlay-type":"","overlay-color":"","overlay-opacity":"","overlay-gradient":""},"tablet":{"background-color":"","background-image":"","background-repeat":"repeat","background-position":"center center","background-size":"auto","background-attachment":"scroll","background-type":"","background-media":"","overlay-type":"","overlay-color":"","overlay-opacity":"","overlay-gradient":""},"mobile":{"background-color":"","background-image":"","background-repeat":"repeat","background-position":"center center","background-size":"auto","background-attachment":"scroll","background-type":"","background-media":"","overlay-type":"","overlay-color":"","overlay-opacity":"","overlay-gradient":""}},"ast-content-background-meta":{"desktop":{"background-color":"var(--ast-global-color-5)","background-image":"","background-repeat":"repeat","background-position":"center center","background-size":"auto","background-attachment":"scroll","background-type":"","background-media":"","overlay-type":"","overlay-color":"","overlay-opacity":"","overlay-gradient":""},"tablet":{"background-color":"var(--ast-global-color-5)","background-image":"","background-repeat":"repeat","background-position":"center center","background-size":"auto","background-attachment":"scroll","background-type":"","background-media":"","overlay-type":"","overlay-color":"","overlay-opacity":"","overlay-gradient":""},"mobile":{"background-color":"var(--ast-global-color-5)","background-image":"","background-repeat":"repeat","background-position":"center center","background-size":"auto","background-attachment":"scroll","background-type":"","background-media":"","overlay-type":"","overlay-color":"","overlay-opacity":"","overlay-gradient":""}}},"product_brand":[],"product_cat":[1132,1511,1128],"product_tag":[3655],"product_format_filter":[6366],"class_list":{"0":"post-44204","1":"product","2":"type-product","3":"status-publish","4":"has-post-thumbnail","6":"product_cat-bonbons","7":"product_cat-full-spectrum-fr","8":"product_cat-comestibles","9":"product_tag-rgb-fr","10":"pa_flavours-key-lime-fr","11":"pa_format-1-unit-fr","12":"pa_intensity-thc-moyen","13":"pa_marques-rgb-fr","14":"pa_origin-alberta-fr","15":"pa_thc-10mg-fr","16":"product_format_filter-1units","17":"desktop-align-left","18":"tablet-align-left","19":"mobile-align-left","21":"first","22":"outofstock","23":"taxable","24":"shipping-taxable","25":"purchasable","26":"product-type-simple"},"group_of_quantity":0,"min_quantity":0,"max_quantity":"","exclude_order_quantity_value_rules":"no","exclude_category_quantity_rules":"no","combine_variations":"no","acf":[],"_links":{"self":[{"href":"https:\/\/mendomedical.ca\/fr\/wp-json\/wp\/v2\/product\/44204","targetHints":{"allow":["GET"]}}],"collection":[{"href":"https:\/\/mendomedical.ca\/fr\/wp-json\/wp\/v2\/product"}],"about":[{"href":"https:\/\/mendomedical.ca\/fr\/wp-json\/wp\/v2\/types\/product"}],"replies":[{"embeddable":true,"href":"https:\/\/mendomedical.ca\/fr\/wp-json\/wp\/v2\/comments?post=44204"}],"wp:featuredmedia":[{"embeddable":true,"href":"https:\/\/mendomedical.ca\/fr\/wp-json\/wp\/v2\/media\/44206"}],"wp:attachment":[{"href":"https:\/\/mendomedical.ca\/fr\/wp-json\/wp\/v2\/media?parent=44204"}],"wp:term":[{"taxonomy":"product_brand","embeddable":true,"href":"https:\/\/mendomedical.ca\/fr\/wp-json\/wp\/v2\/product_brand?post=44204"},{"taxonomy":"product_cat","embeddable":true,"href":"https:\/\/mendomedical.ca\/fr\/wp-json\/wp\/v2\/product_cat?post=44204"},{"taxonomy":"product_tag","embeddable":true,"href":"https:\/\/mendomedical.ca\/fr\/wp-json\/wp\/v2\/product_tag?post=44204"},{"taxonomy":"product_format_filter","embeddable":true,"href":"https:\/\/mendomedical.ca\/fr\/wp-json\/wp\/v2\/product_format_filter?post=44204"}],"curies":[{"name":"wp","href":"https:\/\/api.w.org\/{rel}","templated":true}]}}