{"id":44194,"date":"2024-01-01T02:04:42","date_gmt":"2024-01-01T07:04:42","guid":{"rendered":"https:\/\/mendomedical.ca\/?post_type=product&#038;p=44194"},"modified":"2026-04-11T10:58:55","modified_gmt":"2026-04-11T14:58:55","slug":"real-fruit-elderberry-cbdcbn-gummies","status":"publish","type":"product","link":"https:\/\/mendomedical.ca\/fr\/produit\/real-fruit-elderberry-cbdcbn-gummies\/","title":{"rendered":"Real Fruit Elderberry CBD:CBN Gummies (gommes)"},"content":{"rendered":"<h5>Ingr\u00e9dients :<\/h5>\n<p>Sucres [sucre, sirop de tapioca, concentr\u00e9 de jus de Sureau], eau, pectine (Pectine, Citrate de sodium), ar\u00f4me naturel, huile de coco, Extrait de cannabis, acide citrique, acide malique, l\u00e9cithine de tournesol.<\/p>\n","protected":false},"excerpt":{"rendered":"<h3>CBD:CBN Real Fruit Elderberry Gummies (gommes aux baies de sureau)<\/h3>\n<p>D\u00e9couvrez les bienfaits apaisants d&rsquo;un produit comestible multicannabino\u00efde parfaitement \u00e9quilibr\u00e9 avec les Real Fruit Elderberry Gummies de <a title=\"Leanr plus sur Wyld\" href=\"https:\/\/wyldcanna.ca\/\" target=\"_blank\" rel=\"noopener\">Wyld<\/a>. Con\u00e7us pour ceux qui recherchent un moyen naturel de se d\u00e9tendre, ces gommes offrent un m\u00e9lange harmonieux de CBD et de CBN dans un format pratique et d\u00e9licieux. <\/p>\n<p>&nbsp;<\/p>\n<h3>Un dosage pr\u00e9cis pour des effets constants<\/h3>\n<p>Chaque paquet contient  <strong>30 gommes<\/strong>, chacune d&rsquo;entre elles \u00e9tant formul\u00e9e avec un  <strong>Rapport 5:1<\/strong> de cannabino\u00efdes :<\/p>\n<ul>\n<li>25mg CBD<\/li>\n<li>5mg CBN<\/li>\n<\/ul>\n<p><strong>Total :<\/strong> 750mg CBD - 150mg CBN<\/p>\n<p>&nbsp;<\/p>\n<h3>Con\u00e7u pour la relaxation et le soutien au sommeil<\/h3>\n<p>Les gommes au sureau de Real Fruit sont con\u00e7ues pour favoriser la relaxation et un sommeil r\u00e9parateur. L&rsquo;inclusion de CBN, connu pour ses effets calmants potentiels, fait de ces gommes un excellent choix pour ceux qui cherchent \u00e0 passer une nuit paisible. Que vous g\u00e9riez des troubles du sommeil ou que vous cherchiez simplement \u00e0 vous calmer, les Real Fruit Elderberry Gummies offrent une <strong>option<\/strong> douce et <strong>non intoxicante<\/strong>.  <\/p>\n<p>&nbsp;<\/p>\n<h3>Ingr\u00e9dients naturels et qualit\u00e9 sup\u00e9rieure<\/h3>\n<p>Fabriqu\u00e9s avec de vrais fruits, les Real Fruit Elderberry Gummies sont non seulement d\u00e9licieux, mais aussi v\u00e9g\u00e9taliens et sans gluten, ce qui leur permet de s&rsquo;int\u00e9grer parfaitement dans les diff\u00e9rents r\u00e9gimes alimentaires. L&rsquo;engagement de Wyld en faveur du d\u00e9veloppement durable se traduit par l&rsquo;utilisation d&rsquo;ingr\u00e9dients naturels et par la certification \u00ab\u00a0Climate Neutral\u00a0\u00bb. <\/p>\n<p>&nbsp;<\/p>\n<h3>Am\u00e9lioration de la biodisponibilit\u00e9 et de la stabilit\u00e9<\/h3>\n<p>Les Wyld Real Fruit Elderberry Gummies utilisent de la l\u00e9cithine de tournesol pour am\u00e9liorer la biodisponibilit\u00e9 et le temps d&rsquo;action, ce qui vous permet de ressentir les effets plus efficacement. Con\u00e7ues pour \u00eatre thermostables jusqu&rsquo;\u00e0 60\u00b0C, ces gommes conservent une texture ferme qui ne collera pas \u00e0 vos dents. <\/p>\n<p>&nbsp;<\/p>\n<h3>Livraison rapide et discr\u00e8te dans tout le Canada<\/h3>\n<p>Profitez d&rsquo;une livraison rapide et discr\u00e8te dans tout le Canada. Les commandes de plus de 150 $ b\u00e9n\u00e9ficient de la livraison gratuite, ce qui garantit que vos <a title=\"Acheter des edibles de cannabis chez Mendo Medical\" href=\"https:\/\/mendomedical.ca\/fr\/categorie-produit\/comestibles\/\" target=\"_blank\" rel=\"noopener\">edibles de cannabis<\/a> arrivent rapidement et en toute s\u00e9curit\u00e9. Chaque colis est trait\u00e9 avec soin afin de pr\u00e9server la confidentialit\u00e9 et la qualit\u00e9. <\/p>\n<p><strong>Avis de fonte estivale : <\/strong>Veuillez noter que, bien que ces gommes soient con\u00e7ues pour r\u00e9sister \u00e0 des temp\u00e9ratures plus \u00e9lev\u00e9es, les produits contenant de la g\u00e9latine peuvent fondre pendant l&rsquo;exp\u00e9dition durant les mois d&rsquo;\u00e9t\u00e9. Nous vous recommandons d&rsquo;en tenir compte lorsque vous passez votre commande, car nous ne pouvons pas offrir de remboursement ou de remplacement pour les produits fondus. <\/p>\n<p>&nbsp;<\/p>\n<h3>Avantages et couverture pour les anciens combattants<\/h3>\n<p>Pour soutenir les anciens combattants canadiens, les gommes de sureau Real Fruit sont admissibles \u00e0 la <strong>facturation directe par l&rsquo;entremise d&rsquo;Anciens Combattants Canada (ACC)<\/strong> et de la Croix Bleue. Si vous \u00eates admissible, vous pouvez profiter de ces avantages sans avoir \u00e0 d\u00e9bourser quoi que ce soit. <\/p>\n<p>Si vous \u00eates \u00e0 la recherche d&rsquo;un moyen fiable et naturel d&rsquo;am\u00e9liorer la relaxation et de favoriser le sommeil, les CBD:CBN Real Fruit Elderberry Gummies sont \u00e0 essayer absolument. <strong>Besoin d&rsquo;un document m\u00e9dical ? <\/strong><a title=\"Obtenez votre document de cannabis m\u00e9dical avec Mendo Medical\" href=\"https:\/\/mendomedical.ca\/fr\/carte-medicale\/\" target=\"_blank\" rel=\"noopener\">Obtenez votre document gratuit sur le cannabis m\u00e9dical<\/a> rapidement et facilement pour commencer \u00e0 acheter d\u00e8s aujourd&rsquo;hui !<\/p>\n<p>&nbsp;<\/p>\n<h5><strong>Ingr\u00e9dients :  <\/strong><\/h5>\n<p>Sucres [sucre, sirop de tapioca, concentr\u00e9 de jus de sureau], eau, pectine (citrate de sodium), ar\u00f4me naturel, huile de coco, extrait de cannabis, acide citrique, acide malique, l\u00e9cithine de tournesol.<\/p>\n","protected":false},"featured_media":44198,"comment_status":"closed","ping_status":"closed","template":"","meta":{"_acf_changed":false,"site-sidebar-layout":"default","site-content-layout":"","ast-site-content-layout":"default","site-content-style":"default","site-sidebar-style":"default","ast-global-header-display":"","ast-banner-title-visibility":"","ast-main-header-display":"","ast-hfb-above-header-display":"","ast-hfb-below-header-display":"","ast-hfb-mobile-header-display":"","site-post-title":"","ast-breadcrumbs-content":"","ast-featured-img":"","footer-sml-layout":"","ast-disable-related-posts":"","theme-transparent-header-meta":"default","adv-header-id-meta":"","stick-header-meta":"","header-above-stick-meta":"","header-main-stick-meta":"","header-below-stick-meta":"","astra-migrate-meta-layouts":"set","ast-page-background-enabled":"default","ast-page-background-meta":{"desktop":{"background-color":"var(--ast-global-color-4)","background-image":"","background-repeat":"repeat","background-position":"center center","background-size":"auto","background-attachment":"scroll","background-type":"","background-media":"","overlay-type":"","overlay-color":"","overlay-opacity":"","overlay-gradient":""},"tablet":{"background-color":"","background-image":"","background-repeat":"repeat","background-position":"center center","background-size":"auto","background-attachment":"scroll","background-type":"","background-media":"","overlay-type":"","overlay-color":"","overlay-opacity":"","overlay-gradient":""},"mobile":{"background-color":"","background-image":"","background-repeat":"repeat","background-position":"center center","background-size":"auto","background-attachment":"scroll","background-type":"","background-media":"","overlay-type":"","overlay-color":"","overlay-opacity":"","overlay-gradient":""}},"ast-content-background-meta":{"desktop":{"background-color":"var(--ast-global-color-5)","background-image":"","background-repeat":"repeat","background-position":"center center","background-size":"auto","background-attachment":"scroll","background-type":"","background-media":"","overlay-type":"","overlay-color":"","overlay-opacity":"","overlay-gradient":""},"tablet":{"background-color":"var(--ast-global-color-5)","background-image":"","background-repeat":"repeat","background-position":"center center","background-size":"auto","background-attachment":"scroll","background-type":"","background-media":"","overlay-type":"","overlay-color":"","overlay-opacity":"","overlay-gradient":""},"mobile":{"background-color":"var(--ast-global-color-5)","background-image":"","background-repeat":"repeat","background-position":"center center","background-size":"auto","background-attachment":"scroll","background-type":"","background-media":"","overlay-type":"","overlay-color":"","overlay-opacity":"","overlay-gradient":""}}},"product_brand":[],"product_cat":[1132,1128],"product_tag":[3652],"product_format_filter":[],"class_list":{"0":"post-44194","1":"product","2":"type-product","3":"status-publish","4":"has-post-thumbnail","6":"product_cat-bonbons","7":"product_cat-comestibles","8":"product_tag-wyld-fr","9":"pa_cbd-750mg-fr","10":"pa_cbn-150-mg","11":"pa_flavours-elderberry-fr","12":"pa_format-30-units-fr","13":"pa_intensity-cbd-moyen","14":"pa_marques-wyld-fr","15":"pa_origin-colombie-britannique-fr","16":"desktop-align-left","17":"tablet-align-left","18":"mobile-align-left","20":"first","21":"instock","22":"taxable","23":"shipping-taxable","24":"purchasable","25":"product-type-simple"},"group_of_quantity":0,"min_quantity":0,"max_quantity":"","exclude_order_quantity_value_rules":"no","exclude_category_quantity_rules":"no","combine_variations":"no","acf":[],"_links":{"self":[{"href":"https:\/\/mendomedical.ca\/fr\/wp-json\/wp\/v2\/product\/44194","targetHints":{"allow":["GET"]}}],"collection":[{"href":"https:\/\/mendomedical.ca\/fr\/wp-json\/wp\/v2\/product"}],"about":[{"href":"https:\/\/mendomedical.ca\/fr\/wp-json\/wp\/v2\/types\/product"}],"replies":[{"embeddable":true,"href":"https:\/\/mendomedical.ca\/fr\/wp-json\/wp\/v2\/comments?post=44194"}],"wp:featuredmedia":[{"embeddable":true,"href":"https:\/\/mendomedical.ca\/fr\/wp-json\/wp\/v2\/media\/44198"}],"wp:attachment":[{"href":"https:\/\/mendomedical.ca\/fr\/wp-json\/wp\/v2\/media?parent=44194"}],"wp:term":[{"taxonomy":"product_brand","embeddable":true,"href":"https:\/\/mendomedical.ca\/fr\/wp-json\/wp\/v2\/product_brand?post=44194"},{"taxonomy":"product_cat","embeddable":true,"href":"https:\/\/mendomedical.ca\/fr\/wp-json\/wp\/v2\/product_cat?post=44194"},{"taxonomy":"product_tag","embeddable":true,"href":"https:\/\/mendomedical.ca\/fr\/wp-json\/wp\/v2\/product_tag?post=44194"},{"taxonomy":"product_format_filter","embeddable":true,"href":"https:\/\/mendomedical.ca\/fr\/wp-json\/wp\/v2\/product_format_filter?post=44194"}],"curies":[{"name":"wp","href":"https:\/\/api.w.org\/{rel}","templated":true}]}}