{"id":44182,"date":"2024-01-01T02:03:26","date_gmt":"2024-01-01T07:03:26","guid":{"rendered":"https:\/\/mendomedical.ca\/?post_type=product&#038;p=44182"},"modified":"2026-04-11T10:58:55","modified_gmt":"2026-04-11T14:58:55","slug":"real-fruit-pear-cbdcbg-gummies","status":"publish","type":"product","link":"https:\/\/mendomedical.ca\/fr\/produit\/real-fruit-pear-cbdcbg-gummies\/","title":{"rendered":"Real Fruit Pear CBD:CBG Gummies (gommes au CBD et au CBG)"},"content":{"rendered":"<h5>Ingr\u00e9dients :<\/h5>\n<p>Sucres [sucre, sirop de tapioca, concentr\u00e9 de jus de Poire], eau, pectine (Pectine, Citrate de sodium), ar\u00f4me naturel, huile de coco, Extrait de cannabis, acide citrique, acide malique, l\u00e9cithine de tournesol.<\/p>\n","protected":false},"excerpt":{"rendered":"<h3>CBD:CBG Real Fruit Pear Flavour Gummies de WYLD<\/h3>\n<p>D\u00e9couvrez l&rsquo;\u00e9quilibre parfait entre relaxation et concentration avec les Real Fruit Pear Flavour Gummies de <a title=\"En savoir plus sur Wyld Cannabis\" href=\"https:\/\/wyldcanna.ca\/\" target=\"_blank\" rel=\"noopener\">WYLD<\/a>. Con\u00e7us pour ceux qui recherchent une exp\u00e9rience sans THC, ces gommes combinent les bienfaits du CBD et du CBG pour am\u00e9liorer votre bien-\u00eatre. <\/p>\n<p>&nbsp;<\/p>\n<h3>Composition du produit<\/h3>\n<p>Chaque paquet contient  <strong>30 gommes<\/strong>, m\u00e9ticuleusement formul\u00e9es pour d\u00e9livrer une dose constante et efficace :<\/p>\n<ul>\n<li>20mg de CBD par gomme<\/li>\n<li>10mg CBG par gomme<\/li>\n<\/ul>\n<p><strong>Total :<\/strong> 600 mg de CBD - 300 mg de CBG<\/p>\n<p>&nbsp;<\/p>\n<h3>Les avantages du CBD et du CBG<\/h3>\n<p>Les gommes WYLD&rsquo;s Pear Flavour Gummies offrent un m\u00e9lange harmonieux de CBD et de CBG, des cannabino\u00efdes connus pour leur potentiel de relaxation, de r\u00e9duction de l&rsquo;anxi\u00e9t\u00e9 et de soutien \u00e0 la clart\u00e9 mentale g\u00e9n\u00e9rale. Id\u00e9ales pour ceux qui cherchent \u00e0 maintenir un \u00e9tat d&rsquo;\u00e9quilibre et de concentration tout au long de la journ\u00e9e sans les effets psychoactifs du THC. <\/p>\n<p>&nbsp;<\/p>\n<h3>Fabriqu\u00e9 de mani\u00e8re durable avec de vrais fruits<\/h3>\n<p>Les gommes \u00e0 la saveur de poire sont fabriqu\u00e9es \u00e0 partir de vrais fruits et d&rsquo;ingr\u00e9dients naturels et v\u00e9g\u00e9taliens, ce qui garantit une friandise d\u00e9licieuse et sans culpabilit\u00e9. WYLD s&rsquo;engage en faveur du d\u00e9veloppement durable et est fi\u00e8re d&rsquo;\u00eatre une marque certifi\u00e9e climatiquement neutre, ce qui t\u00e9moigne de son engagement en faveur de la responsabilit\u00e9 environnementale. <\/p>\n<p>&nbsp;<\/p>\n<h3>Biodisponibilit\u00e9 am\u00e9lior\u00e9e<\/h3>\n<p>Les gommes WYLD au go\u00fbt de poire contiennent de la l\u00e9cithine de tournesol pour am\u00e9liorer la biodisponibilit\u00e9 et le temps d&rsquo;action, ce qui vous permet de profiter rapidement et efficacement des bienfaits du produit. Con\u00e7ues pour \u00eatre thermostables jusqu&rsquo;\u00e0 60\u00b0C, ces gommes conservent une texture ferme qui ne colle pas \u00e0 vos dents. <\/p>\n<p>&nbsp;<\/p>\n<h3>Pourquoi choisir WYLD Pear CBD:CBG Gummies ?<\/h3>\n<ul>\n<li>Formule sans THC pour une exp\u00e9rience non intoxicante<\/li>\n<li>Vegan et \u00e0 base d&rsquo;ingr\u00e9dients naturels<\/li>\n<li>Biodisponibilit\u00e9 accrue pour des effets plus rapides<\/li>\n<li>Marque certifi\u00e9e climatiquement neutre<\/li>\n<li>Admissible \u00e0 la facturation directe d&rsquo;ACC (soutien aux anciens combattants inclus)<\/li>\n<\/ul>\n<p>&nbsp;<\/p>\n<h3>Avantages et couverture pour les anciens combattants<\/h3>\n<p>Dans le cadre de notre engagement envers les anciens combattants canadiens, les gommes \u00e0 saveur de poire sont admissibles \u00e0 la <strong>facturation directe par l&rsquo;entremise d&rsquo;Anciens Combattants Canada (ACC)<\/strong> et de la Croix Bleue. Les anciens combattants admissibles peuvent donc profiter de ces produits sans avoir \u00e0 d\u00e9bourser quoi que ce soit. <\/p>\n<p>&nbsp;<\/p>\n<h3>Livraison rapide et discr\u00e8te dans tout le Canada<\/h3>\n<p>Nous offrons une livraison rapide et discr\u00e8te \u00e0 travers le Canada. Les commandes de plus de 150 $ sont admissibles \u00e0 la livraison gratuite, ce qui vous assure de recevoir vos <a title=\"Acheter des edibles de cannabis chez Mendo Medical\" href=\"https:\/\/mendomedical.ca\/fr\/categorie-produit\/comestibles\/\">edibles de cannabis<\/a> en toute confidentialit\u00e9 et avec soin. <\/p>\n<p><strong>Avis de fonte estivale :<\/strong> Bien que les gommes \u00e0 la saveur de poire soient con\u00e7ues pour \u00eatre thermostables, veuillez faire attention au risque de fonte pendant les mois les plus chauds. Malheureusement, nous ne pouvons pas rembourser ou remplacer les produits qui fondent pendant le transport. <\/p>\n<p>&nbsp;<\/p>\n<p>D\u00e9couvrez les bienfaits \u00e9quilibr\u00e9s du CBD et du CBG avec les Real Fruit Pear Flavour Gummies de WYLD. Ils sont parfaits pour ceux qui recherchent une <strong>option<\/strong> naturelle, <strong>sans THC<\/strong>, pour am\u00e9liorer leur routine quotidienne. <strong>Besoin d&rsquo;un document m\u00e9dical ? <\/strong><a title=\"Obtenez votre document de cannabis m\u00e9dical avec Mendo Medical\" href=\"https:\/\/mendomedical.ca\/fr\/carte-medicale\/\">Obtenez rapidementvotre document gratuit sur le cannabis m\u00e9dical<\/a> et commencez \u00e0 faire vos achats d\u00e8s aujourd&rsquo;hui ! <\/p>\n<p>&nbsp;<\/p>\n<h5><strong>Ingr\u00e9dients :  <\/strong><\/h5>\n<p>Sucres [sucre, sirop de tapioca, concentr\u00e9 de jus de poire], eau, pectine (citrate de sodium), ar\u00f4me naturel, huile de coco, extrait de cannabis, acide citrique, acide malique, l\u00e9cithine de tournesol.<\/p>\n","protected":false},"featured_media":44190,"comment_status":"closed","ping_status":"closed","template":"","meta":{"_acf_changed":false,"site-sidebar-layout":"default","site-content-layout":"","ast-site-content-layout":"default","site-content-style":"default","site-sidebar-style":"default","ast-global-header-display":"","ast-banner-title-visibility":"","ast-main-header-display":"","ast-hfb-above-header-display":"","ast-hfb-below-header-display":"","ast-hfb-mobile-header-display":"","site-post-title":"","ast-breadcrumbs-content":"","ast-featured-img":"","footer-sml-layout":"","ast-disable-related-posts":"","theme-transparent-header-meta":"default","adv-header-id-meta":"","stick-header-meta":"","header-above-stick-meta":"","header-main-stick-meta":"","header-below-stick-meta":"","astra-migrate-meta-layouts":"set","ast-page-background-enabled":"default","ast-page-background-meta":{"desktop":{"background-color":"var(--ast-global-color-4)","background-image":"","background-repeat":"repeat","background-position":"center center","background-size":"auto","background-attachment":"scroll","background-type":"","background-media":"","overlay-type":"","overlay-color":"","overlay-opacity":"","overlay-gradient":""},"tablet":{"background-color":"","background-image":"","background-repeat":"repeat","background-position":"center center","background-size":"auto","background-attachment":"scroll","background-type":"","background-media":"","overlay-type":"","overlay-color":"","overlay-opacity":"","overlay-gradient":""},"mobile":{"background-color":"","background-image":"","background-repeat":"repeat","background-position":"center center","background-size":"auto","background-attachment":"scroll","background-type":"","background-media":"","overlay-type":"","overlay-color":"","overlay-opacity":"","overlay-gradient":""}},"ast-content-background-meta":{"desktop":{"background-color":"var(--ast-global-color-5)","background-image":"","background-repeat":"repeat","background-position":"center center","background-size":"auto","background-attachment":"scroll","background-type":"","background-media":"","overlay-type":"","overlay-color":"","overlay-opacity":"","overlay-gradient":""},"tablet":{"background-color":"var(--ast-global-color-5)","background-image":"","background-repeat":"repeat","background-position":"center center","background-size":"auto","background-attachment":"scroll","background-type":"","background-media":"","overlay-type":"","overlay-color":"","overlay-opacity":"","overlay-gradient":""},"mobile":{"background-color":"var(--ast-global-color-5)","background-image":"","background-repeat":"repeat","background-position":"center center","background-size":"auto","background-attachment":"scroll","background-type":"","background-media":"","overlay-type":"","overlay-color":"","overlay-opacity":"","overlay-gradient":""}}},"product_brand":[],"product_cat":[1132,1128],"product_tag":[3652],"product_format_filter":[],"class_list":{"0":"post-44182","1":"product","2":"type-product","3":"status-publish","4":"has-post-thumbnail","6":"product_cat-bonbons","7":"product_cat-comestibles","8":"product_tag-wyld-fr","9":"pa_cbd-600mg","10":"pa_cbg-300mg","11":"pa_flavours-pear","12":"pa_format-30-units-fr","13":"pa_intensity-cbd-moyen","14":"pa_marques-wyld-fr","15":"pa_origin-colombie-britannique-fr","16":"desktop-align-left","17":"tablet-align-left","18":"mobile-align-left","20":"first","21":"instock","22":"taxable","23":"shipping-taxable","24":"purchasable","25":"product-type-simple"},"group_of_quantity":0,"min_quantity":0,"max_quantity":"","exclude_order_quantity_value_rules":"no","exclude_category_quantity_rules":"no","combine_variations":"no","acf":[],"_links":{"self":[{"href":"https:\/\/mendomedical.ca\/fr\/wp-json\/wp\/v2\/product\/44182","targetHints":{"allow":["GET"]}}],"collection":[{"href":"https:\/\/mendomedical.ca\/fr\/wp-json\/wp\/v2\/product"}],"about":[{"href":"https:\/\/mendomedical.ca\/fr\/wp-json\/wp\/v2\/types\/product"}],"replies":[{"embeddable":true,"href":"https:\/\/mendomedical.ca\/fr\/wp-json\/wp\/v2\/comments?post=44182"}],"wp:featuredmedia":[{"embeddable":true,"href":"https:\/\/mendomedical.ca\/fr\/wp-json\/wp\/v2\/media\/44190"}],"wp:attachment":[{"href":"https:\/\/mendomedical.ca\/fr\/wp-json\/wp\/v2\/media?parent=44182"}],"wp:term":[{"taxonomy":"product_brand","embeddable":true,"href":"https:\/\/mendomedical.ca\/fr\/wp-json\/wp\/v2\/product_brand?post=44182"},{"taxonomy":"product_cat","embeddable":true,"href":"https:\/\/mendomedical.ca\/fr\/wp-json\/wp\/v2\/product_cat?post=44182"},{"taxonomy":"product_tag","embeddable":true,"href":"https:\/\/mendomedical.ca\/fr\/wp-json\/wp\/v2\/product_tag?post=44182"},{"taxonomy":"product_format_filter","embeddable":true,"href":"https:\/\/mendomedical.ca\/fr\/wp-json\/wp\/v2\/product_format_filter?post=44182"}],"curies":[{"name":"wp","href":"https:\/\/api.w.org\/{rel}","templated":true}]}}