{"id":44172,"date":"2024-01-01T02:01:11","date_gmt":"2024-01-01T07:01:11","guid":{"rendered":"https:\/\/mendomedical.ca\/?post_type=product&#038;p=44172"},"modified":"2026-03-24T11:47:16","modified_gmt":"2026-03-24T15:47:16","slug":"real-fruit-mixed-berry-cbd-gummies","status":"publish","type":"product","link":"https:\/\/mendomedical.ca\/fr\/produit\/real-fruit-mixed-berry-cbd-gummies\/","title":{"rendered":"Real Fruit Mixed Berry CBD Gummies (gommes au CBD)"},"content":{"rendered":"<h5>Ingr\u00e9dients :<\/h5>\n<p>Sucres [sucre, sirop de tapioca, concentr\u00e9 de jus de Framboise OR de M\u00fbre], eau, pectine (Pectine, Citrate de sodium), ar\u00f4me naturel, huile de coco, Extrait de cannabis, acide citrique, acide malique, l\u00e9cithine de tournesol.<\/p>\n","protected":false},"excerpt":{"rendered":"<h3>Real Fruit Mixed Berry CBD Gummies de WYLD<\/h3>\n<p>D\u00e9couvrez une fa\u00e7on d\u00e9licieuse de profiter des bienfaits du CBD avec les Real Fruit Mixed Berry CBD Gummies de <a title=\"En savoir plus sur Wyld Cannabis\" href=\"https:\/\/wyldcanna.ca\/\" target=\"_blank\" rel=\"noopener\">WYLD<\/a>. Con\u00e7us avec de vrais fruits et des ingr\u00e9dients naturels, ces gommes sans THC offrent une exp\u00e9rience de CBD \u00e0 haute dose dans un format pratique et adapt\u00e9 aux v\u00e9g\u00e9taliens. <\/p>\n<p>&nbsp;<\/p>\n<h3>D\u00e9tails du produit<\/h3>\n<p>Chaque <strong>paquet<\/strong> contient <strong>30 gommes<\/strong>, chacune infus\u00e9e avec <strong>25 mg de CBD<\/strong>, soit un total de <strong>750 mg de CBD par paquet<\/strong>. Les Mixed Berry CBD Gummies ont \u00e9t\u00e9 con\u00e7us pour vous offrir une exp\u00e9rience coh\u00e9rente et agr\u00e9able du CBD. <\/p>\n<ul>\n<li>25mg de CBD par gomme<\/li>\n<li>750mg de CBD par paquet<\/li>\n<li>Formulation sans THC<\/li>\n<\/ul>\n<p>&nbsp;<\/p>\n<h3>Savoureux et durable<\/h3>\n<p>Les Mixed Berry CBD Gummies de WYLD ne sont pas seulement d\u00e9licieux, ils sont aussi fabriqu\u00e9s dans un souci de durabilit\u00e9. Utilisant de vrais fruits, ces gommes offrent des saveurs authentiques de baies tout en \u00e9tant v\u00e9g\u00e9taliennes et sans gluten. L&rsquo;utilisation de l\u00e9cithine de tournesol am\u00e9liore la biodisponibilit\u00e9 et le temps d&rsquo;action, ce qui vous permet de tirer le meilleur parti de chaque dose.  <\/p>\n<p>&nbsp;<\/p>\n<h3>Pourquoi choisir les WYLD Mixed Berry CBD Gummies ?<\/h3>\n<ul>\n<li>D\u00e9licieux ar\u00f4mes de vraies baies<\/li>\n<li>Sans THC pour une exp\u00e9rience non intoxicante<\/li>\n<li>Ingr\u00e9dients v\u00e9g\u00e9taliens et sans gluten<\/li>\n<li>Marque certifi\u00e9e climatiquement neutre<\/li>\n<\/ul>\n<p>&nbsp;<\/p>\n<h3>Avantages et couverture pour les anciens combattants<\/h3>\n<p>Les Mixed Berry CBD Gummies de WYLD sont admissibles \u00e0 la <strong>facturation directe par l&rsquo;entremise d&rsquo;Anciens Combattants Canada (ACC)<\/strong> et de la Croix Bleue, ce qui permet aux anciens combattants d&rsquo;avoir acc\u00e8s \u00e0 ces produits facilement et sans avoir \u00e0 d\u00e9bourser quoi que ce soit.<\/p>\n<p>&nbsp;<\/p>\n<h3>Livraison rapide et discr\u00e8te dans tout le Canada<\/h3>\n<p>Profitez d&rsquo;une livraison rapide et discr\u00e8te de vos <a title=\"Acheter des edibles de cannabis chez Mendo Medical\" href=\"https:\/\/mendomedical.ca\/fr\/categorie-produit\/comestibles\/\" target=\"_blank\" rel=\"noopener\">edibles de cannabis \u00e0<\/a> travers le Canada. Les commandes de plus de 150 $ sont admissibles \u00e0 la livraison gratuite. Tous les produits sont emball\u00e9s avec soin afin de pr\u00e9server leur confidentialit\u00e9 et leur qualit\u00e9.  <\/p>\n<p><strong>Avis de fonte estivale :<\/strong> Bien que les WYLD Mixed Berry CBD Gummies soient thermostables jusqu&rsquo;\u00e0 60\u00b0C, veuillez faire attention au risque de fonte pendant les mois les plus chauds. Malheureusement, nous ne pouvons pas offrir de remboursement ou de remplacement pour les produits qui fondent pendant le transport.<\/p>\n<p>&nbsp;<\/p>\n<p>Si vous \u00eates \u00e0 la recherche d&rsquo;une exp\u00e9rience CBD sans THC avec les avantages suppl\u00e9mentaires de vrais ar\u00f4mes de fruits, les Mixed Berry CBD Gummies de WYLD sont un excellent choix. Parfaites pour les civils et les v\u00e9t\u00e9rans, ces gommes sont un moyen pratique et agr\u00e9able d&rsquo;int\u00e9grer le CBD \u00e0 votre routine de bien-\u00eatre. <strong>Besoin d&rsquo;un document m\u00e9dical ? <\/strong><a title=\"Obtenez votre document de cannabis m\u00e9dical avec Mendo Medical\" href=\"https:\/\/mendomedical.ca\/fr\/carte-medicale\/\" target=\"_blank\" rel=\"noopener\">Obtenez votre document m\u00e9dical gratuit<\/a> et commencez \u00e0 acheter chez Mendo Medical d\u00e8s aujourd&rsquo;hui ! <\/p>\n<p>&nbsp;<\/p>\n<h5><strong>Ingr\u00e9dients :  <\/strong><\/h5>\n<p>Sucres [sucre, sirop de tapioca, concentr\u00e9 de jus de framboise ou de m\u00fbre], eau, pectine (citrate de sodium), ar\u00f4me naturel, huile de coco, extrait de cannabis, acide citrique, acide malique, l\u00e9cithine de tournesol.<\/p>\n","protected":false},"featured_media":44176,"comment_status":"closed","ping_status":"closed","template":"","meta":{"_acf_changed":false,"site-sidebar-layout":"default","site-content-layout":"","ast-site-content-layout":"default","site-content-style":"default","site-sidebar-style":"default","ast-global-header-display":"","ast-banner-title-visibility":"","ast-main-header-display":"","ast-hfb-above-header-display":"","ast-hfb-below-header-display":"","ast-hfb-mobile-header-display":"","site-post-title":"","ast-breadcrumbs-content":"","ast-featured-img":"","footer-sml-layout":"","ast-disable-related-posts":"","theme-transparent-header-meta":"default","adv-header-id-meta":"","stick-header-meta":"","header-above-stick-meta":"","header-main-stick-meta":"","header-below-stick-meta":"","astra-migrate-meta-layouts":"set","ast-page-background-enabled":"default","ast-page-background-meta":{"desktop":{"background-color":"var(--ast-global-color-4)","background-image":"","background-repeat":"repeat","background-position":"center center","background-size":"auto","background-attachment":"scroll","background-type":"","background-media":"","overlay-type":"","overlay-color":"","overlay-opacity":"","overlay-gradient":""},"tablet":{"background-color":"","background-image":"","background-repeat":"repeat","background-position":"center center","background-size":"auto","background-attachment":"scroll","background-type":"","background-media":"","overlay-type":"","overlay-color":"","overlay-opacity":"","overlay-gradient":""},"mobile":{"background-color":"","background-image":"","background-repeat":"repeat","background-position":"center center","background-size":"auto","background-attachment":"scroll","background-type":"","background-media":"","overlay-type":"","overlay-color":"","overlay-opacity":"","overlay-gradient":""}},"ast-content-background-meta":{"desktop":{"background-color":"var(--ast-global-color-5)","background-image":"","background-repeat":"repeat","background-position":"center center","background-size":"auto","background-attachment":"scroll","background-type":"","background-media":"","overlay-type":"","overlay-color":"","overlay-opacity":"","overlay-gradient":""},"tablet":{"background-color":"var(--ast-global-color-5)","background-image":"","background-repeat":"repeat","background-position":"center center","background-size":"auto","background-attachment":"scroll","background-type":"","background-media":"","overlay-type":"","overlay-color":"","overlay-opacity":"","overlay-gradient":""},"mobile":{"background-color":"var(--ast-global-color-5)","background-image":"","background-repeat":"repeat","background-position":"center center","background-size":"auto","background-attachment":"scroll","background-type":"","background-media":"","overlay-type":"","overlay-color":"","overlay-opacity":"","overlay-gradient":""}}},"product_brand":[],"product_cat":[3825,1132,1696,1128],"product_tag":[3652],"product_format_filter":[],"class_list":{"0":"post-44172","1":"product","2":"type-product","3":"status-publish","4":"has-post-thumbnail","6":"product_cat-cbd-minors-3-fr","7":"product_cat-bonbons","8":"product_cat-sans-thc-fr","9":"product_cat-comestibles","10":"product_tag-wyld-fr","11":"pa_cbd-750mg-fr","12":"pa_flavours-blackberry","13":"pa_flavours-raspberry-fr","14":"pa_format-30-units-fr","15":"pa_intensity-cbd-moyen","16":"pa_marques-wyld-fr","17":"pa_origin-colombie-britannique-fr","18":"pa_type-de-plante-cbd-fr","19":"desktop-align-left","20":"tablet-align-left","21":"mobile-align-left","23":"first","24":"instock","25":"taxable","26":"shipping-taxable","27":"purchasable","28":"product-type-simple"},"group_of_quantity":0,"min_quantity":0,"max_quantity":"","exclude_order_quantity_value_rules":"no","exclude_category_quantity_rules":"no","combine_variations":"no","acf":[],"_links":{"self":[{"href":"https:\/\/mendomedical.ca\/fr\/wp-json\/wp\/v2\/product\/44172","targetHints":{"allow":["GET"]}}],"collection":[{"href":"https:\/\/mendomedical.ca\/fr\/wp-json\/wp\/v2\/product"}],"about":[{"href":"https:\/\/mendomedical.ca\/fr\/wp-json\/wp\/v2\/types\/product"}],"replies":[{"embeddable":true,"href":"https:\/\/mendomedical.ca\/fr\/wp-json\/wp\/v2\/comments?post=44172"}],"wp:featuredmedia":[{"embeddable":true,"href":"https:\/\/mendomedical.ca\/fr\/wp-json\/wp\/v2\/media\/44176"}],"wp:attachment":[{"href":"https:\/\/mendomedical.ca\/fr\/wp-json\/wp\/v2\/media?parent=44172"}],"wp:term":[{"taxonomy":"product_brand","embeddable":true,"href":"https:\/\/mendomedical.ca\/fr\/wp-json\/wp\/v2\/product_brand?post=44172"},{"taxonomy":"product_cat","embeddable":true,"href":"https:\/\/mendomedical.ca\/fr\/wp-json\/wp\/v2\/product_cat?post=44172"},{"taxonomy":"product_tag","embeddable":true,"href":"https:\/\/mendomedical.ca\/fr\/wp-json\/wp\/v2\/product_tag?post=44172"},{"taxonomy":"product_format_filter","embeddable":true,"href":"https:\/\/mendomedical.ca\/fr\/wp-json\/wp\/v2\/product_format_filter?post=44172"}],"curies":[{"name":"wp","href":"https:\/\/api.w.org\/{rel}","templated":true}]}}