{"id":44164,"date":"2024-01-01T02:32:33","date_gmt":"2024-01-01T07:32:33","guid":{"rendered":"https:\/\/mendomedical.ca\/?post_type=product&#038;p=44164"},"modified":"2026-04-13T13:44:33","modified_gmt":"2026-04-13T17:44:33","slug":"real-fruit-elderberry-gummies","status":"publish","type":"product","link":"https:\/\/mendomedical.ca\/fr\/produit\/real-fruit-elderberry-gummies\/","title":{"rendered":"Gommes de sureau Real Fruit"},"content":{"rendered":"<h5>Ingr\u00e9dients :<\/h5>\n<p>Sucres [sucre, sirop de tapioca, concentr\u00e9 de jus de Sureau, concentr\u00e9 de jus de Myrtille], eau, g\u00e9latine, acide malique, huile de coco, ar\u00f4me naturel, acide citrique, pectine (pectine, citrate de sodium), extrait de cannabis, l\u00e9cithine de tournesol, terp\u00e8nes (linalol, myrc\u00e8ne, b\u00eata-caryophyll\u00e8ne, Terpin\u00e9ol).<\/p>\n","protected":false},"excerpt":{"rendered":"<h3>Gommes de sureau Real Fruit de WYLD<\/h3>\n<p>Faites l&rsquo;exp\u00e9rience d&rsquo;un produit comestible \u00e9quilibr\u00e9 THC:CBN con\u00e7u pour la relaxation avec les Real Fruit Elderberry Gummies de <a title=\"En savoir plus sur Wyld Cannabis\" href=\"https:\/\/wyldcanna.ca\/\" target=\"_blank\" rel=\"noopener\">WYLD<\/a>. Con\u00e7us pour ceux qui recherchent une exp\u00e9rience apaisante, ces gommes combinent les bienfaits des cannabino\u00efdes avec le go\u00fbt riche des vraies baies de sureau. <\/p>\n<p>&nbsp;<\/p>\n<h3>Composition du produit<\/h3>\n<p>Chaque paquet contient <strong>2 gommes<\/strong> avec un m\u00e9lange pr\u00e9cis   <strong>par pi\u00e8ce :<\/strong><\/p>\n<ul>\n<li>5mg THC<\/li>\n<li>2,5 mg de CBN<\/li>\n<\/ul>\n<p><strong>Total :<\/strong> 10mg THC - 5mg CBN<\/p>\n<p>&nbsp;<\/p>\n<h3>Relaxation accrue gr\u00e2ce \u00e0 un m\u00e9lange \u00e9quilibr\u00e9<\/h3>\n<p>Les WYLD Elderberry Gummies offrent un rapport THC:CBN de 2:1, fournissant un m\u00e9lange harmonieux qui <strong>peut favoriser la relaxation et soulager la tension.<\/strong> L&rsquo;inclusion du CBN, souvent associ\u00e9 \u00e0 des effets calmants, fait de ces gommes un excellent choix pour ceux qui recherchent la tranquillit\u00e9. <\/p>\n<p>&nbsp;<\/p>\n<h3>Fabriqu\u00e9 de mani\u00e8re durable avec de vrais fruits<\/h3>\n<p>Fabriqu\u00e9s \u00e0 partir de vrais fruits et de terp\u00e8nes botaniques, les Real Fruit Elderberry Gummies offrent un profil aromatique naturel. WYLD s&rsquo;engage en faveur du d\u00e9veloppement durable, en utilisant des emballages compostables et en veillant \u00e0 ce que ses produits soient certifi\u00e9s neutres sur le plan climatique. <\/p>\n<p>&nbsp;<\/p>\n<h3>Pourquoi choisir les gommes de sureau WYLD ?<\/h3>\n<ul>\n<li>Peut favoriser la relaxation et le soulagement du stress<\/li>\n<li>Formulation \u00e9quilibr\u00e9e THC:CBN<\/li>\n<li>Ar\u00f4mes naturels avec des ingr\u00e9dients \u00e0 base de vrais fruits<\/li>\n<li>Thermostable jusqu&rsquo;\u00e0 60\u00b0C pour une texture homog\u00e8ne<\/li>\n<li>Am\u00e9lioration de la biodisponibilit\u00e9 gr\u00e2ce \u00e0 la l\u00e9cithine de tournesol<\/li>\n<\/ul>\n<p>&nbsp;<\/p>\n<h3>Livraison rapide et discr\u00e8te dans tout le Canada<\/h3>\n<p>Profitez d&rsquo;une <strong>livraison rapide et discr\u00e8te<\/strong> dans tout le Canada. Les commandes de plus de 150 $ sont admissibles \u00e0 la livraison gratuite, ce qui garantit que vos <a title=\"Acheter des edibles de cannabis chez Mendo Medical\" href=\"https:\/\/mendomedical.ca\/fr\/categorie-produit\/comestibles\/\" target=\"_blank\" rel=\"noopener\">edibles de cannabis<\/a> arriveront en toute confidentialit\u00e9 et avec soin. <\/p>\n<p>&nbsp;<\/p>\n<p><strong>Avis de fonte estivale :<\/strong> Les Real Fruit Elderberry Gummies contiennent de la g\u00e9latine et peuvent se ramollir \u00e0 des temp\u00e9ratures \u00e9lev\u00e9es. Veuillez en tenir compte lors de votre commande pendant les mois les plus chauds.  Malheureusement, nous ne pouvons pas offrir de remboursement ou de remplacement pour les produits qui fondent pendant le transport.<\/p>\n<p>&nbsp;<\/p>\n<p>Si vous recherchez une exp\u00e9rience THC:CBN \u00e9quilibr\u00e9e, les Real Fruit Elderberry Gummies de WYLD sont \u00e0 essayer absolument. Ils sont parfaits pour ceux qui recherchent un produit comestible naturel et apaisant. <strong>Besoin d&rsquo;un document m\u00e9dical ? <\/strong><a title=\"Obtenez votre document de cannabis m\u00e9dical avec Mendo Medical\" href=\"https:\/\/mendomedical.ca\/fr\/carte-medicale\/\" target=\"_blank\" rel=\"noopener\">Obtenez votre document m\u00e9dical gratuit<\/a> et commencez \u00e0 acheter avec Mendo Medical d\u00e8s aujourd&rsquo;hui ! <\/p>\n<p>&nbsp;<\/p>\n<h5><strong>Ingr\u00e9dients :  <\/strong><\/h5>\n<p>Sucres [sucre, sirop de tapioca, concentr\u00e9 de jus de sureau], eau, g\u00e9latine, acide malique, huile de coco, ar\u00f4me naturel, acide citrique, pectine (pectine, citrate de sodium), extrait de cannabis, l\u00e9cithine de tournesol, terp\u00e8nes (linalol, myrc\u00e8ne, b\u00eata-caryophyll\u00e8ne, terpin\u00e9ol).<\/p>\n","protected":false},"featured_media":44168,"comment_status":"closed","ping_status":"closed","template":"","meta":{"_acf_changed":false,"site-sidebar-layout":"default","site-content-layout":"","ast-site-content-layout":"default","site-content-style":"default","site-sidebar-style":"default","ast-global-header-display":"","ast-banner-title-visibility":"","ast-main-header-display":"","ast-hfb-above-header-display":"","ast-hfb-below-header-display":"","ast-hfb-mobile-header-display":"","site-post-title":"","ast-breadcrumbs-content":"","ast-featured-img":"","footer-sml-layout":"","ast-disable-related-posts":"","theme-transparent-header-meta":"default","adv-header-id-meta":"","stick-header-meta":"","header-above-stick-meta":"","header-main-stick-meta":"","header-below-stick-meta":"","astra-migrate-meta-layouts":"set","ast-page-background-enabled":"default","ast-page-background-meta":{"desktop":{"background-color":"var(--ast-global-color-4)","background-image":"","background-repeat":"repeat","background-position":"center center","background-size":"auto","background-attachment":"scroll","background-type":"","background-media":"","overlay-type":"","overlay-color":"","overlay-opacity":"","overlay-gradient":""},"tablet":{"background-color":"","background-image":"","background-repeat":"repeat","background-position":"center center","background-size":"auto","background-attachment":"scroll","background-type":"","background-media":"","overlay-type":"","overlay-color":"","overlay-opacity":"","overlay-gradient":""},"mobile":{"background-color":"","background-image":"","background-repeat":"repeat","background-position":"center center","background-size":"auto","background-attachment":"scroll","background-type":"","background-media":"","overlay-type":"","overlay-color":"","overlay-opacity":"","overlay-gradient":""}},"ast-content-background-meta":{"desktop":{"background-color":"var(--ast-global-color-5)","background-image":"","background-repeat":"repeat","background-position":"center center","background-size":"auto","background-attachment":"scroll","background-type":"","background-media":"","overlay-type":"","overlay-color":"","overlay-opacity":"","overlay-gradient":""},"tablet":{"background-color":"var(--ast-global-color-5)","background-image":"","background-repeat":"repeat","background-position":"center center","background-size":"auto","background-attachment":"scroll","background-type":"","background-media":"","overlay-type":"","overlay-color":"","overlay-opacity":"","overlay-gradient":""},"mobile":{"background-color":"var(--ast-global-color-5)","background-image":"","background-repeat":"repeat","background-position":"center center","background-size":"auto","background-attachment":"scroll","background-type":"","background-media":"","overlay-type":"","overlay-color":"","overlay-opacity":"","overlay-gradient":""}}},"product_brand":[],"product_cat":[1132,1128],"product_tag":[3652],"product_format_filter":[6498],"class_list":{"0":"post-44164","1":"product","2":"type-product","3":"status-publish","4":"has-post-thumbnail","6":"product_cat-bonbons","7":"product_cat-comestibles","8":"product_tag-wyld-fr","9":"pa_cbn-5mg-fr","10":"pa_flavours-elderberry-fr","11":"pa_format-2-unites","12":"pa_intensity-cbd-moyen","13":"pa_intensity-thc-moyen","14":"pa_marques-wyld-fr","15":"pa_origin-colombie-britannique-fr","16":"pa_profil-terpene-caryophyllene","17":"pa_profil-terpene-linalol-fr","18":"pa_profil-terpene-myrcene","19":"pa_thc-10mg-fr","20":"pa_type-de-plante-indica-fr","21":"product_format_filter-2units","22":"desktop-align-left","23":"tablet-align-left","24":"mobile-align-left","26":"first","27":"outofstock","28":"taxable","29":"shipping-taxable","30":"purchasable","31":"product-type-simple"},"group_of_quantity":0,"min_quantity":0,"max_quantity":"","exclude_order_quantity_value_rules":"no","exclude_category_quantity_rules":"no","combine_variations":"no","acf":[],"_links":{"self":[{"href":"https:\/\/mendomedical.ca\/fr\/wp-json\/wp\/v2\/product\/44164","targetHints":{"allow":["GET"]}}],"collection":[{"href":"https:\/\/mendomedical.ca\/fr\/wp-json\/wp\/v2\/product"}],"about":[{"href":"https:\/\/mendomedical.ca\/fr\/wp-json\/wp\/v2\/types\/product"}],"replies":[{"embeddable":true,"href":"https:\/\/mendomedical.ca\/fr\/wp-json\/wp\/v2\/comments?post=44164"}],"wp:featuredmedia":[{"embeddable":true,"href":"https:\/\/mendomedical.ca\/fr\/wp-json\/wp\/v2\/media\/44168"}],"wp:attachment":[{"href":"https:\/\/mendomedical.ca\/fr\/wp-json\/wp\/v2\/media?parent=44164"}],"wp:term":[{"taxonomy":"product_brand","embeddable":true,"href":"https:\/\/mendomedical.ca\/fr\/wp-json\/wp\/v2\/product_brand?post=44164"},{"taxonomy":"product_cat","embeddable":true,"href":"https:\/\/mendomedical.ca\/fr\/wp-json\/wp\/v2\/product_cat?post=44164"},{"taxonomy":"product_tag","embeddable":true,"href":"https:\/\/mendomedical.ca\/fr\/wp-json\/wp\/v2\/product_tag?post=44164"},{"taxonomy":"product_format_filter","embeddable":true,"href":"https:\/\/mendomedical.ca\/fr\/wp-json\/wp\/v2\/product_format_filter?post=44164"}],"curies":[{"name":"wp","href":"https:\/\/api.w.org\/{rel}","templated":true}]}}