{"id":44144,"date":"2024-01-01T02:24:25","date_gmt":"2024-01-01T07:24:25","guid":{"rendered":"https:\/\/mendomedical.ca\/?post_type=product&#038;p=44144"},"modified":"2026-04-16T09:47:45","modified_gmt":"2026-04-16T13:47:45","slug":"real-fruit-sour-tangerine-gummies","status":"publish","type":"product","link":"https:\/\/mendomedical.ca\/fr\/produit\/real-fruit-sour-tangerine-gummies\/","title":{"rendered":"Real Fruit Sour Tangerine Gummies"},"content":{"rendered":"<h5><strong>Ingr\u00e9dients :\u00a0<\/strong><\/h5>\n<p>Sucres [sucre, sirop de tapioca, concentr\u00e9 de jus de mandarine], eau, g\u00e9latine, ar\u00f4me naturel, huile de noix de coco, pectine (pectine, citrate de sodium), acide citrique, acide malique, extrait de cannabis, L\u00e9cithine de tournesol, Terp\u00e8nes (Limon\u00e8ne, Linalol, Alpha Pin\u00e8ne, B\u00eata Pin\u00e8ne).<\/p>\n","protected":false},"excerpt":{"rendered":"<h3>Real Fruit Sour Tangerine Gummies de WYLD<\/h3>\n<p>Vous cherchez un produit comestible d\u00e9licieux et efficace \u00e0 base de THC ?  Les Real Fruit Sour Tangerine Gummies de <a title=\"En savoir plus sur Wyld Cannabis\" href=\"https:\/\/wyldcanna.ca\/\" target=\"_blank\" rel=\"noopener\">WYLD<\/a> offrent un m\u00e9lange parfait de go\u00fbt et de puissance, con\u00e7u pour les civils et les v\u00e9t\u00e9rans. Chaque gomme est infus\u00e9e de 5 mg de THC, pour un total de <strong>10 mg par paquet<\/strong>, ce qui en fait un produit id\u00e9al pour ceux qui recherchent une exp\u00e9rience contr\u00f4l\u00e9e et agr\u00e9able du cannabis. <\/p>\n<p>&nbsp;<\/p>\n<h3>Ingr\u00e9dients naturels et pratiques durables<\/h3>\n<p>L&rsquo;engagement de WYLD en faveur de la qualit\u00e9 se traduit par l&rsquo;utilisation de vrais fruits, de terp\u00e8nes botaniques et d&rsquo;ar\u00f4mes naturels.  Les <span data-sheets-root=\"1\">Sour Tangerine Gummies<\/span> sont non seulement savoureux, mais aussi respectueux de l&rsquo;environnement, puisqu&rsquo;ils sont conditionn\u00e9s dans des mat\u00e9riaux compostables. En tant que marque certifi\u00e9e climatiquement neutre, WYLD s&rsquo;assure que ses produits sont fabriqu\u00e9s de mani\u00e8re durable, dans le respect des pratiques \u00e9cologiques. <\/p>\n<p>&nbsp;<\/p>\n<h3>Biodisponibilit\u00e9 et thermostabilit\u00e9 am\u00e9lior\u00e9es<\/h3>\n<p>Les WYLD <span data-sheets-root=\"1\">Sour Tangerine Gummies<\/span> sont formul\u00e9s avec de la l\u00e9cithine de tournesol pour am\u00e9liorer la biodisponibilit\u00e9 et le temps d&rsquo;action, ce qui vous permet de ressentir les effets plus efficacement. Con\u00e7ues pour \u00eatre thermostables jusqu&rsquo;\u00e0 60\u00b0C, ces gommes conservent une texture ferme qui ne colle pas \u00e0 vos dents, ce qui vous permet de les consommer sans probl\u00e8me. <\/p>\n<p>&nbsp;<\/p>\n<h3>Pourquoi choisir les bonbons acidul\u00e9s \u00e0 la mandarine de WYLD ?<\/h3>\n<ul>\n<li>Fabriqu\u00e9 avec de vrais fruits et des ingr\u00e9dients naturels<\/li>\n<li>5mg de THC par gomme pour un dosage pr\u00e9cis<\/li>\n<li>Emballage \u00e9cologique et certifi\u00e9 neutre pour le climat<\/li>\n<li>Biodisponibilit\u00e9 accrue pour des effets plus rapides<\/li>\n<li>Thermostable jusqu&rsquo;\u00e0 60\u00b0C pour une r\u00e9silience estivale<\/li>\n<\/ul>\n<p>&nbsp;<\/p>\n<h3>Avantages et couverture pour les anciens combattants<\/h3>\n<p>Les Sour Tangerine Gummies de WYLD sont admissibles \u00e0 la <strong>facturation directe par l&rsquo;entremise d&rsquo;Anciens Combattants Canada (ACC)<\/strong> et de la Croix Bleue, ce qui permet aux anciens combattants canadiens de ne pas avoir \u00e0 d\u00e9bourser d&rsquo;argent. Il est ainsi plus facile pour les anciens combattants d&rsquo;acc\u00e9der \u00e0 des produits de cannabis de haute qualit\u00e9 adapt\u00e9s \u00e0 leurs besoins. <\/p>\n<p>&nbsp;<\/p>\n<h3>Livraison rapide et discr\u00e8te dans tout le Canada<\/h3>\n<p>Profitez d&rsquo;une livraison rapide et discr\u00e8te dans tout le Canada. Les commandes de plus de 150 $ sont admissibles \u00e0 la livraison gratuite, ce qui garantit que vos <a title=\"Acheter des edibles de cannabis chez Mendo Medical\" href=\"https:\/\/mendomedical.ca\/fr\/categorie-produit\/comestibles\/\" target=\"_blank\" rel=\"noopener\">edibles de cannabis<\/a> arrivent en toute intimit\u00e9 et avec soin. <strong>Veuillez noter notre avis de fonte estivale :<\/strong> les produits contenant de la g\u00e9latine peuvent se ramollir \u00e0 des temp\u00e9ratures \u00e9lev\u00e9es, et nous ne pouvons pas offrir de remboursement ou de remplacement pour les articles fondus pendant le transport. <\/p>\n<p>&nbsp;<\/p>\n<p>Pour ceux qui recherchent un produit comestible au THC savoureux et fiable, les Real Fruit Sour Tangerine Gummies de WYLD sont \u00e0 essayer absolument. Ils sont parfaits pour agr\u00e9menter votre consommation de cannabis d&rsquo;une touche de douceur naturelle et de pratiques durables. <strong>Besoin d&rsquo;un document m\u00e9dical ? <\/strong><a title=\"Obtenez votre document de cannabis m\u00e9dical avec Mendo Medical\" href=\"https:\/\/mendomedical.ca\/fr\/carte-medicale\/\" target=\"_blank\" rel=\"noopener\">Obtenez votre document m\u00e9dical gratuit<\/a> et commencez \u00e0 acheter chez Mendo Medical d\u00e8s aujourd&rsquo;hui ! <\/p>\n<p>&nbsp;<\/p>\n<h5><strong>Ingr\u00e9dients :  <\/strong><\/h5>\n<p>Sucres [sucre, sirop de tapioca, concentr\u00e9 de mandarine], eau, g\u00e9latine, ar\u00f4me naturel, huile de coco, pectine (pectine, citrate de sodium), acide citrique, acide malique, extrait de cannabis, l\u00e9cithine de tournesol, terp\u00e8nes (limon\u00e8ne, linalol, alpha-pin\u00e8ne, b\u00eata-pin\u00e8ne).<\/p>\n","protected":false},"featured_media":44148,"comment_status":"closed","ping_status":"closed","template":"","meta":{"_acf_changed":false,"site-sidebar-layout":"default","site-content-layout":"","ast-site-content-layout":"default","site-content-style":"default","site-sidebar-style":"default","ast-global-header-display":"","ast-banner-title-visibility":"","ast-main-header-display":"","ast-hfb-above-header-display":"","ast-hfb-below-header-display":"","ast-hfb-mobile-header-display":"","site-post-title":"","ast-breadcrumbs-content":"","ast-featured-img":"","footer-sml-layout":"","ast-disable-related-posts":"","theme-transparent-header-meta":"default","adv-header-id-meta":"","stick-header-meta":"","header-above-stick-meta":"","header-main-stick-meta":"","header-below-stick-meta":"","astra-migrate-meta-layouts":"set","ast-page-background-enabled":"default","ast-page-background-meta":{"desktop":{"background-color":"var(--ast-global-color-4)","background-image":"","background-repeat":"repeat","background-position":"center center","background-size":"auto","background-attachment":"scroll","background-type":"","background-media":"","overlay-type":"","overlay-color":"","overlay-opacity":"","overlay-gradient":""},"tablet":{"background-color":"","background-image":"","background-repeat":"repeat","background-position":"center center","background-size":"auto","background-attachment":"scroll","background-type":"","background-media":"","overlay-type":"","overlay-color":"","overlay-opacity":"","overlay-gradient":""},"mobile":{"background-color":"","background-image":"","background-repeat":"repeat","background-position":"center center","background-size":"auto","background-attachment":"scroll","background-type":"","background-media":"","overlay-type":"","overlay-color":"","overlay-opacity":"","overlay-gradient":""}},"ast-content-background-meta":{"desktop":{"background-color":"var(--ast-global-color-5)","background-image":"","background-repeat":"repeat","background-position":"center center","background-size":"auto","background-attachment":"scroll","background-type":"","background-media":"","overlay-type":"","overlay-color":"","overlay-opacity":"","overlay-gradient":""},"tablet":{"background-color":"var(--ast-global-color-5)","background-image":"","background-repeat":"repeat","background-position":"center center","background-size":"auto","background-attachment":"scroll","background-type":"","background-media":"","overlay-type":"","overlay-color":"","overlay-opacity":"","overlay-gradient":""},"mobile":{"background-color":"var(--ast-global-color-5)","background-image":"","background-repeat":"repeat","background-position":"center center","background-size":"auto","background-attachment":"scroll","background-type":"","background-media":"","overlay-type":"","overlay-color":"","overlay-opacity":"","overlay-gradient":""}}},"product_brand":[],"product_cat":[1132,1128],"product_tag":[3652],"product_format_filter":[],"class_list":{"0":"post-44144","1":"product","2":"type-product","3":"status-publish","4":"has-post-thumbnail","6":"product_cat-bonbons","7":"product_cat-comestibles","8":"product_tag-wyld-fr","9":"pa_flavours-mandarine-aigre","10":"pa_format-2-unites","11":"pa_intensity-thc-moyen","12":"pa_marques-wyld-fr","13":"pa_origin-colombie-britannique-fr","14":"pa_profil-terpene-limonene-fr","15":"pa_profil-terpene-linalol-fr","16":"pa_profil-terpene-myrcene","17":"pa_thc-10mg-fr","18":"pa_type-de-plante-hybride-fr","19":"desktop-align-left","20":"tablet-align-left","21":"mobile-align-left","23":"first","24":"outofstock","25":"taxable","26":"shipping-taxable","27":"purchasable","28":"product-type-simple"},"group_of_quantity":0,"min_quantity":0,"max_quantity":"","exclude_order_quantity_value_rules":"no","exclude_category_quantity_rules":"no","combine_variations":"no","acf":[],"_links":{"self":[{"href":"https:\/\/mendomedical.ca\/fr\/wp-json\/wp\/v2\/product\/44144","targetHints":{"allow":["GET"]}}],"collection":[{"href":"https:\/\/mendomedical.ca\/fr\/wp-json\/wp\/v2\/product"}],"about":[{"href":"https:\/\/mendomedical.ca\/fr\/wp-json\/wp\/v2\/types\/product"}],"replies":[{"embeddable":true,"href":"https:\/\/mendomedical.ca\/fr\/wp-json\/wp\/v2\/comments?post=44144"}],"wp:featuredmedia":[{"embeddable":true,"href":"https:\/\/mendomedical.ca\/fr\/wp-json\/wp\/v2\/media\/44148"}],"wp:attachment":[{"href":"https:\/\/mendomedical.ca\/fr\/wp-json\/wp\/v2\/media?parent=44144"}],"wp:term":[{"taxonomy":"product_brand","embeddable":true,"href":"https:\/\/mendomedical.ca\/fr\/wp-json\/wp\/v2\/product_brand?post=44144"},{"taxonomy":"product_cat","embeddable":true,"href":"https:\/\/mendomedical.ca\/fr\/wp-json\/wp\/v2\/product_cat?post=44144"},{"taxonomy":"product_tag","embeddable":true,"href":"https:\/\/mendomedical.ca\/fr\/wp-json\/wp\/v2\/product_tag?post=44144"},{"taxonomy":"product_format_filter","embeddable":true,"href":"https:\/\/mendomedical.ca\/fr\/wp-json\/wp\/v2\/product_format_filter?post=44144"}],"curies":[{"name":"wp","href":"https:\/\/api.w.org\/{rel}","templated":true}]}}