{"id":44136,"date":"2024-01-01T02:27:32","date_gmt":"2024-01-01T07:27:32","guid":{"rendered":"https:\/\/mendomedical.ca\/?post_type=product&#038;p=44136"},"modified":"2026-03-24T11:47:18","modified_gmt":"2026-03-24T15:47:18","slug":"real-fruit-pear-gummies","status":"publish","type":"product","link":"https:\/\/mendomedical.ca\/fr\/produit\/real-fruit-pear-gummies\/","title":{"rendered":"Real Fruit Pear Gummies"},"content":{"rendered":"<h5><strong>Ingr\u00e9dients :\u00a0<\/strong><\/h5>\n<p>Sucres (sucre, sirop de tapioca, jus de poire concentr\u00e9), eau, g\u00e9latine, huile de coco, ar\u00f4me naturel, acide citrique, acide malique, pectine (pectine, citrate de sodium), extrait de cannabis, l\u00e9cithine de tournesol, terp\u00e8nes (limon\u00e8ne, linalol, alpha pin\u00e8ne, B\u00eata Pin\u00e8ne).<\/p>\n","protected":false},"excerpt":{"rendered":"<h3>CBG Real Fruit Pear Gummies de WYLD<\/h3>\n<p>D\u00e9couvrez une mani\u00e8re d\u00e9licieuse et \u00e9quilibr\u00e9e de vous d\u00e9tendre avec les Real Fruit Pear Gummies de <a title=\"En savoir plus sur le cannabis Wyld\" href=\"https:\/\/wyldcanna.ca\/\" target=\"_blank\" rel=\"noopener\">WYLD<\/a>. Ces edibles fabriqu\u00e9s par des experts combinent les bienfaits du THC et du CBG dans un rapport de 1:1, offrant un m\u00e9lange harmonieux con\u00e7u pour la relaxation et la tranquillit\u00e9. <\/p>\n<p>&nbsp;<\/p>\n<h3>D\u00e9tails du produit<\/h3>\n<p>Chaque paquet contient  <strong>2 gommes<\/strong>, chacune avec un dosage pr\u00e9cis de :<\/p>\n<ul>\n<li>5mg THC<\/li>\n<li>5mg CBG<\/li>\n<\/ul>\n<p><strong>Total :<\/strong> 10mg THC - 10mg CBG<\/p>\n<p>&nbsp;<\/p>\n<h3>Con\u00e7u pour l&rsquo;\u00e9quilibre et la d\u00e9tente<\/h3>\n<p>Les Real Fruit Pear Gummies de WYLD sont formul\u00e9s avec une dose \u00e9quilibr\u00e9e de THC et de CBG, ce qui les rend id\u00e9aux pour ceux qui recherchent une exp\u00e9rience douce et calmante. L&rsquo;inclusion du CBG, souvent appel\u00e9 la m\u00e8re de tous les cannabino\u00efdes, renforce le potentiel th\u00e9rapeutique de ces gommes, en apportant un soutien \u00e0 la relaxation sans l&rsquo;effet d&rsquo;euphorie intense. <\/p>\n<p>&nbsp;<\/p>\n<h3>Fabriqu\u00e9 de mani\u00e8re durable avec de vrais fruits<\/h3>\n<p>Les Real Fruit Pear Gummies sont fabriqu\u00e9s \u00e0 partir de vrais fruits et de terp\u00e8nes botaniques, ce qui garantit une exp\u00e9rience gustative naturelle et d\u00e9licieuse. WYLD s&rsquo;engage en faveur du d\u00e9veloppement durable, en utilisant des emballages compostables et en conservant une certification de neutralit\u00e9 climatique, ce qui t\u00e9moigne de son engagement en faveur de la responsabilit\u00e9 environnementale. <\/p>\n<p>&nbsp;<\/p>\n<h3>Biodisponibilit\u00e9 am\u00e9lior\u00e9e<\/h3>\n<p>Les WYLD Real Fruit Pear Gummies contiennent de la l\u00e9cithine de tournesol pour am\u00e9liorer la biodisponibilit\u00e9 et le temps d&rsquo;action, ce qui vous permet de ressentir les effets plus efficacement. Con\u00e7ues pour \u00eatre thermostables jusqu&rsquo;\u00e0 60\u00b0C, ces gommes conservent une texture ferme qui ne collera pas \u00e0 vos dents. <\/p>\n<p>&nbsp;<\/p>\n<h3>Pourquoi choisir les WYLD Real Fruit Pear Gummies ?<\/h3>\n<ul>\n<li>Formule \u00e9quilibr\u00e9e 1:1 THC:CBG pour la relaxation<\/li>\n<li>Fabriqu\u00e9 avec de vrais fruits et des ar\u00f4mes naturels<\/li>\n<li>Emballage respectueux de l&rsquo;environnement et compostable<\/li>\n<li>Marque certifi\u00e9e climatiquement neutre<\/li>\n<li>Exp\u00e9dition rapide et discr\u00e8te dans tout le Canada<\/li>\n<\/ul>\n<p>&nbsp;<\/p>\n<h3>Avis de fonte estivale<\/h3>\n<p>Veuillez noter que les produits contenant de la g\u00e9latine peuvent fondre pendant le transport au cours des mois les plus chauds. Nous vous recommandons d&rsquo;en tenir compte lorsque vous passez votre commande.  Malheureusement, nous ne pouvons pas offrir de remboursement ou de remplacement pour les produits qui fondent pendant le transport. Nous vous remercions de votre compr\u00e9hension.<\/p>\n<p>&nbsp;<\/p>\n<h3>Avantages et couverture pour les anciens combattants<\/h3>\n<p>Dans le cadre de notre soutien aux anciens combattants canadiens, les Real Fruit Pear Gummies sont admissibles \u00e0 la <strong>facturation directe par l&rsquo;entremise d&rsquo;Anciens Combattants Canada (ACC)<\/strong> et de la Croix Bleue, ce qui vous permet de savourer vos <a title=\"Acheter des gommes de cannabis chez Mendo Medical\" href=\"https:\/\/mendomedical.ca\/fr\/categorie-produit\/comestibles\/?swoof=1&#038;product_cat=gummies&#038;really_curr_tax=624-product_cat\" target=\"_blank\" rel=\"noopener\">gommes de cannabis<\/a> sans avoir \u00e0 d\u00e9bourser quoi que ce soit si vous y \u00eates admissible.<\/p>\n<p>&nbsp;<\/p>\n<p>Faites l&rsquo;exp\u00e9rience d&rsquo;un m\u00e9lange parfait de d\u00e9tente et de saveur avec les Real Fruit Pear Gummies de WYLD, con\u00e7us pour ceux qui accordent de l&rsquo;importance \u00e0 la qualit\u00e9 et \u00e0 la durabilit\u00e9. <strong>Besoin d&rsquo;un document m\u00e9dical ? <\/strong><a title=\"Obtenez votre document de cannabis m\u00e9dical avec Mendo Medical\" href=\"https:\/\/mendomedical.ca\/fr\/carte-medicale\/\" target=\"_blank\" rel=\"noopener\">Obtenez votre document m\u00e9dical gratuit<\/a> et commencez \u00e0 acheter chez Mendo Medical d\u00e8s aujourd&rsquo;hui !<\/p>\n<p>&nbsp;<\/p>\n<h5><strong>Ingr\u00e9dients :  <\/strong><\/h5>\n<p>Sucres (sucre, sirop de tapioca, concentr\u00e9 de jus de poire), eau, g\u00e9latine, huile de coco, ar\u00f4me naturel, acide citrique, acide malique, pectine (pectine, citrate de sodium), extrait de cannabis, l\u00e9cithine de tournesol, terp\u00e8nes (limon\u00e8ne, linalol, alpha-pin\u00e8ne, b\u00eata-pin\u00e8ne).<\/p>\n","protected":false},"featured_media":44142,"comment_status":"closed","ping_status":"closed","template":"","meta":{"_acf_changed":false,"site-sidebar-layout":"default","site-content-layout":"","ast-site-content-layout":"default","site-content-style":"default","site-sidebar-style":"default","ast-global-header-display":"","ast-banner-title-visibility":"","ast-main-header-display":"","ast-hfb-above-header-display":"","ast-hfb-below-header-display":"","ast-hfb-mobile-header-display":"","site-post-title":"","ast-breadcrumbs-content":"","ast-featured-img":"","footer-sml-layout":"","ast-disable-related-posts":"","theme-transparent-header-meta":"default","adv-header-id-meta":"","stick-header-meta":"","header-above-stick-meta":"","header-main-stick-meta":"","header-below-stick-meta":"","astra-migrate-meta-layouts":"set","ast-page-background-enabled":"default","ast-page-background-meta":{"desktop":{"background-color":"var(--ast-global-color-4)","background-image":"","background-repeat":"repeat","background-position":"center center","background-size":"auto","background-attachment":"scroll","background-type":"","background-media":"","overlay-type":"","overlay-color":"","overlay-opacity":"","overlay-gradient":""},"tablet":{"background-color":"","background-image":"","background-repeat":"repeat","background-position":"center center","background-size":"auto","background-attachment":"scroll","background-type":"","background-media":"","overlay-type":"","overlay-color":"","overlay-opacity":"","overlay-gradient":""},"mobile":{"background-color":"","background-image":"","background-repeat":"repeat","background-position":"center center","background-size":"auto","background-attachment":"scroll","background-type":"","background-media":"","overlay-type":"","overlay-color":"","overlay-opacity":"","overlay-gradient":""}},"ast-content-background-meta":{"desktop":{"background-color":"var(--ast-global-color-5)","background-image":"","background-repeat":"repeat","background-position":"center center","background-size":"auto","background-attachment":"scroll","background-type":"","background-media":"","overlay-type":"","overlay-color":"","overlay-opacity":"","overlay-gradient":""},"tablet":{"background-color":"var(--ast-global-color-5)","background-image":"","background-repeat":"repeat","background-position":"center center","background-size":"auto","background-attachment":"scroll","background-type":"","background-media":"","overlay-type":"","overlay-color":"","overlay-opacity":"","overlay-gradient":""},"mobile":{"background-color":"var(--ast-global-color-5)","background-image":"","background-repeat":"repeat","background-position":"center center","background-size":"auto","background-attachment":"scroll","background-type":"","background-media":"","overlay-type":"","overlay-color":"","overlay-opacity":"","overlay-gradient":""}}},"product_brand":[],"product_cat":[1132,1128],"product_tag":[3652],"product_format_filter":[],"class_list":{"0":"post-44136","1":"product","2":"type-product","3":"status-publish","4":"has-post-thumbnail","6":"product_cat-bonbons","7":"product_cat-comestibles","8":"product_tag-wyld-fr","9":"pa_cbg-10mg-4-fr","10":"pa_flavours-pear","11":"pa_format-2-unites","12":"pa_intensity-thc-moyen","13":"pa_marques-wyld-fr","14":"pa_origin-colombie-britannique-fr","15":"pa_profil-terpene-limonene-fr","16":"pa_profil-terpene-linalol-fr","17":"pa_profil-terpene-myrcene","18":"pa_thc-10mg-fr","19":"pa_type-de-plante-hybride-fr","20":"desktop-align-left","21":"tablet-align-left","22":"mobile-align-left","24":"first","25":"instock","26":"taxable","27":"shipping-taxable","28":"purchasable","29":"product-type-simple"},"group_of_quantity":0,"min_quantity":0,"max_quantity":"","exclude_order_quantity_value_rules":"no","exclude_category_quantity_rules":"no","combine_variations":"no","acf":[],"_links":{"self":[{"href":"https:\/\/mendomedical.ca\/fr\/wp-json\/wp\/v2\/product\/44136","targetHints":{"allow":["GET"]}}],"collection":[{"href":"https:\/\/mendomedical.ca\/fr\/wp-json\/wp\/v2\/product"}],"about":[{"href":"https:\/\/mendomedical.ca\/fr\/wp-json\/wp\/v2\/types\/product"}],"replies":[{"embeddable":true,"href":"https:\/\/mendomedical.ca\/fr\/wp-json\/wp\/v2\/comments?post=44136"}],"wp:featuredmedia":[{"embeddable":true,"href":"https:\/\/mendomedical.ca\/fr\/wp-json\/wp\/v2\/media\/44142"}],"wp:attachment":[{"href":"https:\/\/mendomedical.ca\/fr\/wp-json\/wp\/v2\/media?parent=44136"}],"wp:term":[{"taxonomy":"product_brand","embeddable":true,"href":"https:\/\/mendomedical.ca\/fr\/wp-json\/wp\/v2\/product_brand?post=44136"},{"taxonomy":"product_cat","embeddable":true,"href":"https:\/\/mendomedical.ca\/fr\/wp-json\/wp\/v2\/product_cat?post=44136"},{"taxonomy":"product_tag","embeddable":true,"href":"https:\/\/mendomedical.ca\/fr\/wp-json\/wp\/v2\/product_tag?post=44136"},{"taxonomy":"product_format_filter","embeddable":true,"href":"https:\/\/mendomedical.ca\/fr\/wp-json\/wp\/v2\/product_format_filter?post=44136"}],"curies":[{"name":"wp","href":"https:\/\/api.w.org\/{rel}","templated":true}]}}