{"id":44120,"date":"2024-01-01T02:54:35","date_gmt":"2024-01-01T07:54:35","guid":{"rendered":"https:\/\/mendomedical.ca\/?post_type=product&#038;p=44120"},"modified":"2026-04-16T09:36:46","modified_gmt":"2026-04-16T13:36:46","slug":"real-fruit-huckleberry-gummies","status":"publish","type":"product","link":"https:\/\/mendomedical.ca\/fr\/produit\/real-fruit-huckleberry-gummies\/","title":{"rendered":"Gummies Real Fruit Huckleberry"},"content":{"rendered":"<h5><strong>Ingr\u00e9dients :\u00a0<\/strong><\/h5>\n<p>Sucres [sucre, sirop de tapioca, m\u00e9lange de jus de myrtille (jus de myrtille concentr\u00e9, pur\u00e9e de myrtille, pur\u00e9e de myrtille)], eau, g\u00e9latine, ar\u00f4me naturel, huile de noix de coco, pectine (pectine, citrate de sodium), acide citrique, acide malique, extrait de cannabis, L\u00e9cithine de tournesol, Terp\u00e8nes (Limon\u00e8ne, Linalol, Alpha Pin\u00e8ne, B\u00eata Pin\u00e8ne).<\/p>\n","protected":false},"excerpt":{"rendered":"<h3>Real Fruit Huckleberry Gummies de WYLD<\/h3>\n<p>D\u00e9couvrez le go\u00fbt d\u00e9licieux d&rsquo;un vrai fruit avec les Real Fruit Huckleberry Gummies de <a title=\"En savoir plus sur Wyld Cannabis\" href=\"https:\/\/wyldcanna.ca\/\" target=\"_blank\" rel=\"noopener\">WYLD<\/a>. Fabriqu\u00e9s avec pr\u00e9cision et soin, ces gommes offrent un m\u00e9lange unique de saveur et de puissance, parfait pour les utilisateurs m\u00e9dicaux et r\u00e9cr\u00e9atifs \u00e0 la recherche d&rsquo;une exp\u00e9rience THC \u00e9quilibr\u00e9e. <\/p>\n<p>&nbsp;<\/p>\n<h3>Composition du produit<\/h3>\n<p>Chaque paquet contient <strong>2 gommes<\/strong>, chacune infus\u00e9e avec <strong>5mg de THC<\/strong>, soit un total de <strong>10mg de THC<\/strong> par paquet. Les gommes Real Fruit Huckleberry sont enrichies de terp\u00e8nes botaniques et d&rsquo;ar\u00f4mes naturels, garantissant une exp\u00e9rience comestible de premi\u00e8re qualit\u00e9. <\/p>\n<ul>\n<li>5mg THC par gomme<\/li>\n<li>Total : 10 mg de THC par paquet<\/li>\n<\/ul>\n<p>&nbsp;<\/p>\n<h3>Am\u00e9lioration de la biodisponibilit\u00e9 et de la durabilit\u00e9<\/h3>\n<p>Les WYLD Real Fruit Huckleberry Gummies utilisent de la l\u00e9cithine de tournesol pour am\u00e9liorer la biodisponibilit\u00e9 et le temps d&rsquo;action, ce qui vous permet de ressentir les effets plus efficacement. Con\u00e7ues pour \u00eatre thermostables jusqu&rsquo;\u00e0 60\u00b0C, ces gommes conservent une texture ferme qui ne colle pas \u00e0 vos dents. Fi\u00e8re d&rsquo;\u00eatre une marque certifi\u00e9e climatiquement neutre, WYLD s&rsquo;engage en faveur du d\u00e9veloppement durable et utilise des emballages compostables pour r\u00e9duire l&rsquo;impact sur l&rsquo;environnement.  <\/p>\n<p>&nbsp;<\/p>\n<h3>Pourquoi choisir les WYLD Real Fruit Huckleberry Gummies ?<\/h3>\n<ul>\n<li>Fabriqu\u00e9 avec de vrais fruits pour une saveur authentique<\/li>\n<li>Am\u00e9lior\u00e9 avec des terp\u00e8nes botaniques pour une exp\u00e9rience \u00e9quilibr\u00e9e<\/li>\n<li>Texture thermostable et non collante<\/li>\n<li>Certifi\u00e9 neutre pour le climat et emball\u00e9 de mani\u00e8re durable<\/li>\n<li>Parfait pour les utilisateurs civils et v\u00e9t\u00e9rans<\/li>\n<\/ul>\n<p>&nbsp;<\/p>\n<h3>Avantages et couverture pour les anciens combattants<\/h3>\n<p>Les Real Fruit Huckleberry Gummies de WYLD sont admissibles \u00e0 la <strong>facturation directe par l&rsquo;entremise d&rsquo;Anciens Combattants Canada (ACC)<\/strong> et de la Croix Bleue, ce qui permet aux anciens combattants d&rsquo;avoir facilement acc\u00e8s aux <a title=\"Acheter des edibles de cannabis chez Mendo Medical\" href=\"https:\/\/mendomedical.ca\/fr\/categorie-produit\/comestibles\/\" target=\"_blank\" rel=\"noopener\">edibles de cannabis<\/a> sans avoir \u00e0 d\u00e9bourser quoi que ce soit.<\/p>\n<p>&nbsp;<\/p>\n<h3>Livraison rapide et discr\u00e8te dans tout le Canada<\/h3>\n<p>Profitez d&rsquo;une livraison rapide et discr\u00e8te dans tout le Canada. Les commandes de plus de 150 $ donnent droit \u00e0 une livraison gratuite. Tous les produits sont soigneusement emball\u00e9s pour garantir leur confidentialit\u00e9 et leur qualit\u00e9. <\/p>\n<p><strong>Avis de fonte estivale :<\/strong> Veuillez noter que les produits contenant de la g\u00e9latine peuvent fondre pendant le transport durant les mois d&rsquo;\u00e9t\u00e9. Nous vous recommandons d&rsquo;en tenir compte lorsque vous passez votre commande, car nous ne pouvons pas offrir de remboursement ou de remplacement pour les produits fondus pendant le transport.<\/p>\n<p>&nbsp;<\/p>\n<p>D\u00e9couvrez le m\u00e9lange parfait de go\u00fbt et de puissance avec les Real Fruit Huckleberry Gummies de WYLD, con\u00e7us pour ceux qui recherchent une exp\u00e9rience comestible de premi\u00e8re qualit\u00e9. <strong>Besoin d&rsquo;un document m\u00e9dical ? <\/strong><a title=\"Obtenez votre document de cannabis m\u00e9dical avec Mendo Medical\" href=\"https:\/\/mendomedical.ca\/fr\/carte-medicale\/\" target=\"_blank\" rel=\"noopener\">Obtenez votre document m\u00e9dical gratuit<\/a> et commencez \u00e0 acheter chez Mendo Medical d\u00e8s aujourd&rsquo;hui !<\/p>\n<p>&nbsp;<\/p>\n<h4><strong>Ingr\u00e9dients :<\/strong><\/h4>\n<p>Sucre (sucre, sirop de tapioca, concentr\u00e9 de jus de myrtille), eau, g\u00e9latine, ar\u00f4me naturel, huile de coco, pectine (pectine, citrate de sodium), acide citrique, acide malique, extrait de cannabis, l\u00e9cithine de tournesol,  <span class=\"s1\">Terp\u00e8nes (limon\u00e8ne, linalol, alpha pin\u00e8ne, b\u00eata pin\u00e8ne)  <\/span><\/p>\n<p><strong>Contient :<\/strong> Noix de coco<\/p>\n","protected":false},"featured_media":44124,"comment_status":"closed","ping_status":"closed","template":"","meta":{"_acf_changed":false,"site-sidebar-layout":"default","site-content-layout":"","ast-site-content-layout":"default","site-content-style":"default","site-sidebar-style":"default","ast-global-header-display":"","ast-banner-title-visibility":"","ast-main-header-display":"","ast-hfb-above-header-display":"","ast-hfb-below-header-display":"","ast-hfb-mobile-header-display":"","site-post-title":"","ast-breadcrumbs-content":"","ast-featured-img":"","footer-sml-layout":"","ast-disable-related-posts":"","theme-transparent-header-meta":"default","adv-header-id-meta":"","stick-header-meta":"","header-above-stick-meta":"","header-main-stick-meta":"","header-below-stick-meta":"","astra-migrate-meta-layouts":"set","ast-page-background-enabled":"default","ast-page-background-meta":{"desktop":{"background-color":"var(--ast-global-color-4)","background-image":"","background-repeat":"repeat","background-position":"center center","background-size":"auto","background-attachment":"scroll","background-type":"","background-media":"","overlay-type":"","overlay-color":"","overlay-opacity":"","overlay-gradient":""},"tablet":{"background-color":"","background-image":"","background-repeat":"repeat","background-position":"center center","background-size":"auto","background-attachment":"scroll","background-type":"","background-media":"","overlay-type":"","overlay-color":"","overlay-opacity":"","overlay-gradient":""},"mobile":{"background-color":"","background-image":"","background-repeat":"repeat","background-position":"center center","background-size":"auto","background-attachment":"scroll","background-type":"","background-media":"","overlay-type":"","overlay-color":"","overlay-opacity":"","overlay-gradient":""}},"ast-content-background-meta":{"desktop":{"background-color":"var(--ast-global-color-5)","background-image":"","background-repeat":"repeat","background-position":"center center","background-size":"auto","background-attachment":"scroll","background-type":"","background-media":"","overlay-type":"","overlay-color":"","overlay-opacity":"","overlay-gradient":""},"tablet":{"background-color":"var(--ast-global-color-5)","background-image":"","background-repeat":"repeat","background-position":"center center","background-size":"auto","background-attachment":"scroll","background-type":"","background-media":"","overlay-type":"","overlay-color":"","overlay-opacity":"","overlay-gradient":""},"mobile":{"background-color":"var(--ast-global-color-5)","background-image":"","background-repeat":"repeat","background-position":"center center","background-size":"auto","background-attachment":"scroll","background-type":"","background-media":"","overlay-type":"","overlay-color":"","overlay-opacity":"","overlay-gradient":""}}},"product_brand":[],"product_cat":[1132,1128],"product_tag":[3652],"product_format_filter":[],"class_list":{"0":"post-44120","1":"product","2":"type-product","3":"status-publish","4":"has-post-thumbnail","6":"product_cat-bonbons","7":"product_cat-comestibles","8":"product_tag-wyld-fr","9":"pa_flavours-huckleberry-fr","10":"pa_format-2-unites","11":"pa_intensity-thc-moyen","12":"pa_marques-wyld-fr","13":"pa_origin-colombie-britannique-fr","14":"pa_profil-terpene-limonene-fr","15":"pa_profil-terpene-linalol-fr","16":"pa_profil-terpene-myrcene","17":"pa_thc-10mg-fr","18":"pa_type-de-plante-hybride-fr","19":"desktop-align-left","20":"tablet-align-left","21":"mobile-align-left","23":"first","24":"outofstock","25":"taxable","26":"shipping-taxable","27":"purchasable","28":"product-type-simple"},"group_of_quantity":0,"min_quantity":0,"max_quantity":"","exclude_order_quantity_value_rules":"no","exclude_category_quantity_rules":"no","combine_variations":"no","acf":[],"_links":{"self":[{"href":"https:\/\/mendomedical.ca\/fr\/wp-json\/wp\/v2\/product\/44120","targetHints":{"allow":["GET"]}}],"collection":[{"href":"https:\/\/mendomedical.ca\/fr\/wp-json\/wp\/v2\/product"}],"about":[{"href":"https:\/\/mendomedical.ca\/fr\/wp-json\/wp\/v2\/types\/product"}],"replies":[{"embeddable":true,"href":"https:\/\/mendomedical.ca\/fr\/wp-json\/wp\/v2\/comments?post=44120"}],"wp:featuredmedia":[{"embeddable":true,"href":"https:\/\/mendomedical.ca\/fr\/wp-json\/wp\/v2\/media\/44124"}],"wp:attachment":[{"href":"https:\/\/mendomedical.ca\/fr\/wp-json\/wp\/v2\/media?parent=44120"}],"wp:term":[{"taxonomy":"product_brand","embeddable":true,"href":"https:\/\/mendomedical.ca\/fr\/wp-json\/wp\/v2\/product_brand?post=44120"},{"taxonomy":"product_cat","embeddable":true,"href":"https:\/\/mendomedical.ca\/fr\/wp-json\/wp\/v2\/product_cat?post=44120"},{"taxonomy":"product_tag","embeddable":true,"href":"https:\/\/mendomedical.ca\/fr\/wp-json\/wp\/v2\/product_tag?post=44120"},{"taxonomy":"product_format_filter","embeddable":true,"href":"https:\/\/mendomedical.ca\/fr\/wp-json\/wp\/v2\/product_format_filter?post=44120"}],"curies":[{"name":"wp","href":"https:\/\/api.w.org\/{rel}","templated":true}]}}