{"id":44112,"date":"2024-01-01T02:45:20","date_gmt":"2024-01-01T07:45:20","guid":{"rendered":"https:\/\/mendomedical.ca\/?post_type=product&#038;p=44112"},"modified":"2026-04-16T09:37:41","modified_gmt":"2026-04-16T13:37:41","slug":"real-fruit-marionberry-gummies","status":"publish","type":"product","link":"https:\/\/mendomedical.ca\/fr\/produit\/real-fruit-marionberry-gummies\/","title":{"rendered":"Real Fruit Marionberry Gummies"},"content":{"rendered":"<h5><strong>Ingr\u00e9dients :\u00a0<\/strong><\/h5>\n<p>Sugars [Sugar, Tapioca Syrup, Marionberry Juice Blend (Blackberry Juice Concentrate, Marionberry Juice Concentrate)], Water, Gelatin, Natural Flavouring, Coconut Oil, Citric Acid, Pectin (Pectin, Sodium Citrate), Cannabis Extract, Sunflower Lecithin, Terpenes (Linalool, Myrcene, Beta Caryophyllene, Terpineol)<\/p>\n","protected":false},"excerpt":{"rendered":"<h3>Real Fruit Marionberry Gummies de WYLD<\/h3>\n<p>D\u00e9couvrez le go\u00fbt d\u00e9licieux d&rsquo;un vrai fruit avec les Real Fruit Marionberry Gummies de WYLD. Fabriqu\u00e9s avec soin, ces gommes offrent un moyen d\u00e9licieux et efficace de profiter des bienfaits du THC. Chaque paquet contient <strong>2 gommes<\/strong>, fournissant un total de <strong>10mg de THC<\/strong> par paquet, parfait pour ceux qui recherchent une exp\u00e9rience comestible contr\u00f4l\u00e9e et agr\u00e9able.  <\/p>\n<p>&nbsp;<\/p>\n<h3>Fabriqu\u00e9 avec de vrais fruits et des terp\u00e8nes botaniques<\/h3>\n<p>Les Real Fruit Marionberry Gummies de WYLD sont fabriqu\u00e9s \u00e0 partir de vrais fruits et enrichis de terp\u00e8nes botaniques, ce qui garantit une exp\u00e9rience naturelle et savoureuse. L&rsquo;utilisation de l\u00e9cithine de tournesol am\u00e9liore la biodisponibilit\u00e9 et le temps d&rsquo;action, permettant une absorption plus efficace du THC. Ces gommes sont con\u00e7ues pour \u00eatre thermostables jusqu&rsquo;\u00e0 60\u00b0C, conservant une texture ferme qui ne colle pas aux dents.  <\/p>\n<p>&nbsp;<\/p>\n<h3>Respectueux de l&rsquo;environnement et neutre sur le plan climatique<\/h3>\n<p><a title=\"En savoir plus sur Wyld Cannabis\" href=\"https:\/\/wyldcanna.ca\/\" target=\"_blank\" rel=\"noopener\">WYLD<\/a> s&rsquo;engage en faveur du d\u00e9veloppement durable, en utilisant des emballages compostables et en \u00e9tant une marque certifi\u00e9e climatiquement neutre. Savourez vos Real Fruit Marionberry Gummies en sachant qu&rsquo;ils sont produits dans le respect de l&rsquo;environnement. <\/p>\n<p>&nbsp;<\/p>\n<h3>Pourquoi choisir les gommes \u00e0 la m\u00fbre de WYLD ?<\/h3>\n<ul>\n<li>Fabriqu\u00e9 avec de vrais fruits pour un go\u00fbt authentique<\/li>\n<li>Am\u00e9lior\u00e9 avec des terp\u00e8nes botaniques pour une exp\u00e9rience naturelle<\/li>\n<li>5mg de THC par gomme, id\u00e9al pour un dosage contr\u00f4l\u00e9<\/li>\n<li>Texture thermostable et non collante<\/li>\n<li>Certifi\u00e9 \u00e9cologique et neutre pour le climat<\/li>\n<\/ul>\n<p>&nbsp;<\/p>\n<h3>Avantages et couverture pour les anciens combattants<\/h3>\n<p>Les Real Fruit Marionberry Gummies de WYLD sont admissibles \u00e0 la facturation directe par l&rsquo;entremise d&rsquo;Anciens Combattants Canada (ACC) et de la Croix Bleue. Les anciens combattants peuvent profiter de ces gommes sans avoir \u00e0 d\u00e9bourser quoi que ce soit, et nous offrons des <strong>commandes provisoires allant jusqu&rsquo;\u00e0 300 g<\/strong> pour les nouveaux anciens combattants. <\/p>\n<p>&nbsp;<\/p>\n<h3>Livraison rapide et discr\u00e8te dans tout le Canada<\/h3>\n<p>Nous offrons un <strong>service d&rsquo;exp\u00e9dition rapide et discret dans tout le Canada.<\/strong> Les commandes de plus de 150 $ b\u00e9n\u00e9ficient de la livraison gratuite, ce qui garantit que vos produits arriveront dans le respect de la vie priv\u00e9e et avec le plus grand soin.<\/p>\n<p><strong>Avis de fonte estivale :<\/strong> Veuillez noter que les produits contenant de la g\u00e9latine peuvent fondre pendant le transport durant les mois d&rsquo;\u00e9t\u00e9. Nous vous recommandons de tenir compte de ce probl\u00e8me potentiel lorsque vous passez votre commande. Malheureusement, nous ne pouvons pas offrir de remboursement ou de remplacement pour les produits qui fondent pendant le transport. Nous vous remercions de votre compr\u00e9hension.<\/p>\n<p>&nbsp;<\/p>\n<p>Si vous recherchez des <a title=\"Acheter des edibles chez mendo medical\" href=\"https:\/\/mendomedical.ca\/fr\/categorie-produit\/comestibles\/\" target=\"_blank\" rel=\"noopener\">edibles THC d\u00e9licieux et efficaces<\/a>, les Real Fruit Marionberry Gummies de WYLD sont \u00e0 essayer absolument. Profitez des bienfaits du THC avec le go\u00fbt d&rsquo;un vrai fruit, con\u00e7u pour une exp\u00e9rience d\u00e9licieuse\u00a0\u00bb. <\/p>\n<p>&nbsp;<\/p>\n<h5><strong>Ingr\u00e9dients :  <\/strong><\/h5>\n<p>Sucres [sucre, sirop de tapioca, m\u00e9lange de jus de m\u00fbre (concentr\u00e9 de jus de m\u00fbre, concentr\u00e9 de jus de m\u00fbre)], eau, g\u00e9latine, ar\u00f4me naturel, huile de coco, acide citrique, pectine (pectine, citrate de sodium), extrait de cannabis, l\u00e9cithine de tournesol, terp\u00e8nes (linalol, myrc\u00e8ne, b\u00eata-caryophyll\u00e8ne, terpin\u00e9ol).<\/p>\n","protected":false},"featured_media":44116,"comment_status":"closed","ping_status":"closed","template":"","meta":{"_acf_changed":false,"site-sidebar-layout":"default","site-content-layout":"","ast-site-content-layout":"default","site-content-style":"default","site-sidebar-style":"default","ast-global-header-display":"","ast-banner-title-visibility":"","ast-main-header-display":"","ast-hfb-above-header-display":"","ast-hfb-below-header-display":"","ast-hfb-mobile-header-display":"","site-post-title":"","ast-breadcrumbs-content":"","ast-featured-img":"","footer-sml-layout":"","ast-disable-related-posts":"","theme-transparent-header-meta":"default","adv-header-id-meta":"","stick-header-meta":"","header-above-stick-meta":"","header-main-stick-meta":"","header-below-stick-meta":"","astra-migrate-meta-layouts":"set","ast-page-background-enabled":"default","ast-page-background-meta":{"desktop":{"background-color":"var(--ast-global-color-4)","background-image":"","background-repeat":"repeat","background-position":"center center","background-size":"auto","background-attachment":"scroll","background-type":"","background-media":"","overlay-type":"","overlay-color":"","overlay-opacity":"","overlay-gradient":""},"tablet":{"background-color":"","background-image":"","background-repeat":"repeat","background-position":"center center","background-size":"auto","background-attachment":"scroll","background-type":"","background-media":"","overlay-type":"","overlay-color":"","overlay-opacity":"","overlay-gradient":""},"mobile":{"background-color":"","background-image":"","background-repeat":"repeat","background-position":"center center","background-size":"auto","background-attachment":"scroll","background-type":"","background-media":"","overlay-type":"","overlay-color":"","overlay-opacity":"","overlay-gradient":""}},"ast-content-background-meta":{"desktop":{"background-color":"var(--ast-global-color-5)","background-image":"","background-repeat":"repeat","background-position":"center center","background-size":"auto","background-attachment":"scroll","background-type":"","background-media":"","overlay-type":"","overlay-color":"","overlay-opacity":"","overlay-gradient":""},"tablet":{"background-color":"var(--ast-global-color-5)","background-image":"","background-repeat":"repeat","background-position":"center center","background-size":"auto","background-attachment":"scroll","background-type":"","background-media":"","overlay-type":"","overlay-color":"","overlay-opacity":"","overlay-gradient":""},"mobile":{"background-color":"var(--ast-global-color-5)","background-image":"","background-repeat":"repeat","background-position":"center center","background-size":"auto","background-attachment":"scroll","background-type":"","background-media":"","overlay-type":"","overlay-color":"","overlay-opacity":"","overlay-gradient":""}}},"product_brand":[],"product_cat":[1132,1128],"product_tag":[3652],"product_format_filter":[],"class_list":{"0":"post-44112","1":"product","2":"type-product","3":"status-publish","4":"has-post-thumbnail","6":"product_cat-bonbons","7":"product_cat-comestibles","8":"product_tag-wyld-fr","9":"pa_flavours-myrtille-2","10":"pa_format-2-unites","11":"pa_intensity-thc-moyen","12":"pa_marques-wyld-fr","13":"pa_origin-colombie-britannique-fr","14":"pa_profil-terpene-caryophyllene","15":"pa_profil-terpene-linalol-fr","16":"pa_profil-terpene-myrcene","17":"pa_thc-10mg-fr","18":"pa_type-de-plante-indica-fr","19":"desktop-align-left","20":"tablet-align-left","21":"mobile-align-left","23":"first","24":"outofstock","25":"taxable","26":"shipping-taxable","27":"purchasable","28":"product-type-simple"},"group_of_quantity":0,"min_quantity":0,"max_quantity":"","exclude_order_quantity_value_rules":"no","exclude_category_quantity_rules":"no","combine_variations":"no","acf":[],"_links":{"self":[{"href":"https:\/\/mendomedical.ca\/fr\/wp-json\/wp\/v2\/product\/44112","targetHints":{"allow":["GET"]}}],"collection":[{"href":"https:\/\/mendomedical.ca\/fr\/wp-json\/wp\/v2\/product"}],"about":[{"href":"https:\/\/mendomedical.ca\/fr\/wp-json\/wp\/v2\/types\/product"}],"replies":[{"embeddable":true,"href":"https:\/\/mendomedical.ca\/fr\/wp-json\/wp\/v2\/comments?post=44112"}],"wp:featuredmedia":[{"embeddable":true,"href":"https:\/\/mendomedical.ca\/fr\/wp-json\/wp\/v2\/media\/44116"}],"wp:attachment":[{"href":"https:\/\/mendomedical.ca\/fr\/wp-json\/wp\/v2\/media?parent=44112"}],"wp:term":[{"taxonomy":"product_brand","embeddable":true,"href":"https:\/\/mendomedical.ca\/fr\/wp-json\/wp\/v2\/product_brand?post=44112"},{"taxonomy":"product_cat","embeddable":true,"href":"https:\/\/mendomedical.ca\/fr\/wp-json\/wp\/v2\/product_cat?post=44112"},{"taxonomy":"product_tag","embeddable":true,"href":"https:\/\/mendomedical.ca\/fr\/wp-json\/wp\/v2\/product_tag?post=44112"},{"taxonomy":"product_format_filter","embeddable":true,"href":"https:\/\/mendomedical.ca\/fr\/wp-json\/wp\/v2\/product_format_filter?post=44112"}],"curies":[{"name":"wp","href":"https:\/\/api.w.org\/{rel}","templated":true}]}}