{"id":44104,"date":"2024-01-01T02:36:59","date_gmt":"2024-01-01T07:36:59","guid":{"rendered":"https:\/\/mendomedical.ca\/?post_type=product&#038;p=44104"},"modified":"2026-03-16T09:12:44","modified_gmt":"2026-03-16T13:12:44","slug":"real-fruit-pomegranate-gummies","status":"publish","type":"product","link":"https:\/\/mendomedical.ca\/fr\/produit\/real-fruit-pomegranate-gummies\/","title":{"rendered":"Real Fruit Grenade Gummies"},"content":{"rendered":"<h5><strong>Ingr\u00e9dients :\u00a0<\/strong><\/h5>\n<p>Sucres (sucre, sirop de tapioca, jus concentr\u00e9 de grenade, jus concentr\u00e9 de myrtille) Eau, g\u00e9latine, ar\u00f4me naturel, huile de coco, acide citrique, acide malique, pectine (pectine, citrate de sodium), extrait de cannabis, l\u00e9cithine de tournesol, terp\u00e8nes (limon\u00e8ne, linalol, Alpha Pin\u00e8ne, B\u00eata Pin\u00e8ne).<\/p>\n","protected":false},"excerpt":{"rendered":"<h3>1:1 Real Fruit Pomegranate Gummies de WYLD<\/h3>\n<p>D\u00e9couvrez l&rsquo;\u00e9quilibre parfait des cannabino\u00efdes avec les Real Fruit Pomegranate Gummies de WYLD. Con\u00e7us pour ceux qui recherchent un m\u00e9lange harmonieux de THC et de CBD, ces gommes offrent une exp\u00e9rience d\u00e9licieuse avec de vrais fruits et des terp\u00e8nes botaniques. <\/p>\n<p>&nbsp;<\/p>\n<h3>Composition et avantages du produit<\/h3>\n<p>Chaque paquet contient <strong>2 gommes<\/strong>, chacune d\u00e9livrant une dose \u00e9quilibr\u00e9e de <strong>5mg de THC et 5mg de CBD<\/strong>. Ce ratio 1:1 est con\u00e7u pour fournir un effet apaisant et \u00e9quilibr\u00e9, convenant \u00e0 la fois aux nouveaux utilisateurs et aux utilisateurs exp\u00e9riment\u00e9s. <\/p>\n<ul>\n<li><strong>Total par paquet :<\/strong> 10mg THC - 10mg CBD<\/li>\n<\/ul>\n<p>Les <span data-sheets-root=\"1\">Real Fruit Pomegranate Gummies de<\/span> WYLD sont fabriqu\u00e9s de mani\u00e8re durable avec des ar\u00f4mes naturels et un emballage compostable, ce qui t\u00e9moigne de leur engagement en mati\u00e8re de responsabilit\u00e9 environnementale.<\/p>\n<p>&nbsp;<\/p>\n<h3>Biodisponibilit\u00e9 et stabilit\u00e9 accrues<\/h3>\n<p><a title=\"En savoir plus sur Wyld Cannabis\" href=\"https:\/\/wyldcanna.ca\/\" target=\"_blank\" rel=\"noopener\">WYLD<\/a> utilise de la l\u00e9cithine de tournesol pour am\u00e9liorer la biodisponibilit\u00e9 et le temps d&rsquo;action de ces gommes, ce qui vous permet d&rsquo;en ressentir les effets plus efficacement. Con\u00e7ues pour \u00eatre thermostables jusqu&rsquo;\u00e0 60\u00b0C, ces gommes conservent une texture ferme qui ne colle pas \u00e0 vos dents, m\u00eame dans des conditions plus chaudes. <\/p>\n<p>&nbsp;<\/p>\n<h3>Pourquoi choisir les gommes \u00e0 la grenade WYLD ?<\/h3>\n<ul>\n<li>Rapport THC:CBD \u00e9quilibr\u00e9 pour une exp\u00e9rience harmonieuse<\/li>\n<li>Fabriqu\u00e9 avec de vrais fruits et des ar\u00f4mes naturels<\/li>\n<li>Marque certifi\u00e9e climatiquement neutre<\/li>\n<li>Texture thermostable et non collante<\/li>\n<li>Parfait pour les civils et les v\u00e9t\u00e9rans<\/li>\n<\/ul>\n<p>&nbsp;<\/p>\n<h3>Avantages et couverture pour les anciens combattants<\/h3>\n<p>Les <span data-sheets-root=\"1\">Real Fruit Pomegranate Gummies de Wyld<\/span> sont admissibles \u00e0 la <strong>facturation directe par l&rsquo;entremise d&rsquo;Anciens Combattants Canada (ACC)<\/strong> et de la Croix Bleue, ce qui permet aux anciens combattants d&rsquo;y avoir acc\u00e8s sans avoir \u00e0 d\u00e9bourser quoi que ce soit. Ce soutien souligne notre engagement \u00e0 fournir des solutions de cannabis accessibles \u00e0 ceux qui ont servi. <\/p>\n<p>&nbsp;<\/p>\n<h3>Livraison rapide et discr\u00e8te dans tout le Canada<\/h3>\n<p>Nous offrons un service d&rsquo;exp\u00e9dition rapide et discret dans tout le Canada. Les commandes de plus de 150 $ b\u00e9n\u00e9ficient de la livraison gratuite, ce qui garantit que vos produits arriveront dans le respect de la vie priv\u00e9e et avec le plus grand soin.<\/p>\n<p><strong>Avis de fonte estivale :<\/strong> Veuillez noter que les produits contenant de la g\u00e9latine peuvent fondre pendant le transport au cours des mois les plus chauds. Nous vous recommandons d&rsquo;en tenir compte lorsque vous passez votre commande, car nous ne pouvons pas offrir de remboursement ou de remplacement pour les produits fondus. <\/p>\n<p>&nbsp;<\/p>\n<p>D\u00e9couvrez les effets \u00e9quilibr\u00e9s des Real Fruit Pomegranate Gummies de WYLD et profitez d&rsquo;un voyage savoureux \u00e0 chaque bouch\u00e9e. Que vous recherchiez la relaxation ou une exp\u00e9rience \u00e9quilibr\u00e9e des cannabino\u00efdes, ces gommes sont un must pour les utilisateurs m\u00e9dicaux et r\u00e9cr\u00e9atifs. <strong>Besoin d&rsquo;un document m\u00e9dical ? <\/strong><a title=\"Obtenez votre document de cannabis m\u00e9dical avec Mendo Medical\" href=\"https:\/\/mendomedical.ca\/fr\/carte-medicale\/\" target=\"_blank\" rel=\"noopener\">Obtenez votre document m\u00e9dical gratuit sur le cannabis<\/a> et commencez \u00e0 acheter chez Mendo Medical d\u00e8s aujourd&rsquo;hui ! <\/p>\n<p>&nbsp;<\/p>\n<h5><strong>Ingr\u00e9dients :  <\/strong><\/h5>\n<p>Sucres (sucre, sirop de tapioca, concentr\u00e9 de jus de grenade, concentr\u00e9 de jus de myrtille) Eau, g\u00e9latine, ar\u00f4me naturel, huile de coco, acide citrique, acide malique, pectine (pectine, citrate de sodium), extrait de cannabis, l\u00e9cithine de tournesol, terp\u00e8nes (limon\u00e8ne, linalol, alpha-pin\u00e8ne, b\u00eata-pin\u00e8ne).<\/p>\n","protected":false},"featured_media":44108,"comment_status":"closed","ping_status":"closed","template":"","meta":{"_acf_changed":false,"site-sidebar-layout":"default","site-content-layout":"","ast-site-content-layout":"default","site-content-style":"default","site-sidebar-style":"default","ast-global-header-display":"","ast-banner-title-visibility":"","ast-main-header-display":"","ast-hfb-above-header-display":"","ast-hfb-below-header-display":"","ast-hfb-mobile-header-display":"","site-post-title":"","ast-breadcrumbs-content":"","ast-featured-img":"","footer-sml-layout":"","ast-disable-related-posts":"","theme-transparent-header-meta":"default","adv-header-id-meta":"","stick-header-meta":"","header-above-stick-meta":"","header-main-stick-meta":"","header-below-stick-meta":"","astra-migrate-meta-layouts":"set","ast-page-background-enabled":"default","ast-page-background-meta":{"desktop":{"background-color":"var(--ast-global-color-4)","background-image":"","background-repeat":"repeat","background-position":"center center","background-size":"auto","background-attachment":"scroll","background-type":"","background-media":"","overlay-type":"","overlay-color":"","overlay-opacity":"","overlay-gradient":""},"tablet":{"background-color":"","background-image":"","background-repeat":"repeat","background-position":"center center","background-size":"auto","background-attachment":"scroll","background-type":"","background-media":"","overlay-type":"","overlay-color":"","overlay-opacity":"","overlay-gradient":""},"mobile":{"background-color":"","background-image":"","background-repeat":"repeat","background-position":"center center","background-size":"auto","background-attachment":"scroll","background-type":"","background-media":"","overlay-type":"","overlay-color":"","overlay-opacity":"","overlay-gradient":""}},"ast-content-background-meta":{"desktop":{"background-color":"var(--ast-global-color-5)","background-image":"","background-repeat":"repeat","background-position":"center center","background-size":"auto","background-attachment":"scroll","background-type":"","background-media":"","overlay-type":"","overlay-color":"","overlay-opacity":"","overlay-gradient":""},"tablet":{"background-color":"var(--ast-global-color-5)","background-image":"","background-repeat":"repeat","background-position":"center center","background-size":"auto","background-attachment":"scroll","background-type":"","background-media":"","overlay-type":"","overlay-color":"","overlay-opacity":"","overlay-gradient":""},"mobile":{"background-color":"var(--ast-global-color-5)","background-image":"","background-repeat":"repeat","background-position":"center center","background-size":"auto","background-attachment":"scroll","background-type":"","background-media":"","overlay-type":"","overlay-color":"","overlay-opacity":"","overlay-gradient":""}}},"product_brand":[],"product_cat":[1132,1128],"product_tag":[3652],"product_format_filter":[6498],"class_list":{"0":"post-44104","1":"product","2":"type-product","3":"status-publish","4":"has-post-thumbnail","6":"product_cat-bonbons","7":"product_cat-comestibles","8":"product_tag-wyld-fr","9":"pa_cbd-10mg-fr","10":"pa_flavours-pomegranate-fr","11":"pa_format-2-unites","12":"pa_intensity-cbd-moyen","13":"pa_intensity-thc-moyen","14":"pa_marques-wyld-fr","15":"pa_origin-colombie-britannique-fr","16":"pa_profil-terpene-limonene-fr","17":"pa_profil-terpene-linalol-fr","18":"pa_profil-terpene-pinene-fr","19":"pa_thc-10mg-fr","20":"pa_type-de-plante-hybride-fr","21":"product_format_filter-2units","22":"desktop-align-left","23":"tablet-align-left","24":"mobile-align-left","26":"first","27":"instock","28":"taxable","29":"shipping-taxable","30":"purchasable","31":"product-type-simple"},"group_of_quantity":0,"min_quantity":0,"max_quantity":"","exclude_order_quantity_value_rules":"no","exclude_category_quantity_rules":"no","combine_variations":"no","acf":[],"_links":{"self":[{"href":"https:\/\/mendomedical.ca\/fr\/wp-json\/wp\/v2\/product\/44104","targetHints":{"allow":["GET"]}}],"collection":[{"href":"https:\/\/mendomedical.ca\/fr\/wp-json\/wp\/v2\/product"}],"about":[{"href":"https:\/\/mendomedical.ca\/fr\/wp-json\/wp\/v2\/types\/product"}],"replies":[{"embeddable":true,"href":"https:\/\/mendomedical.ca\/fr\/wp-json\/wp\/v2\/comments?post=44104"}],"wp:featuredmedia":[{"embeddable":true,"href":"https:\/\/mendomedical.ca\/fr\/wp-json\/wp\/v2\/media\/44108"}],"wp:attachment":[{"href":"https:\/\/mendomedical.ca\/fr\/wp-json\/wp\/v2\/media?parent=44104"}],"wp:term":[{"taxonomy":"product_brand","embeddable":true,"href":"https:\/\/mendomedical.ca\/fr\/wp-json\/wp\/v2\/product_brand?post=44104"},{"taxonomy":"product_cat","embeddable":true,"href":"https:\/\/mendomedical.ca\/fr\/wp-json\/wp\/v2\/product_cat?post=44104"},{"taxonomy":"product_tag","embeddable":true,"href":"https:\/\/mendomedical.ca\/fr\/wp-json\/wp\/v2\/product_tag?post=44104"},{"taxonomy":"product_format_filter","embeddable":true,"href":"https:\/\/mendomedical.ca\/fr\/wp-json\/wp\/v2\/product_format_filter?post=44104"}],"curies":[{"name":"wp","href":"https:\/\/api.w.org\/{rel}","templated":true}]}}