{"id":44088,"date":"2024-01-01T02:18:56","date_gmt":"2024-01-01T07:18:56","guid":{"rendered":"https:\/\/mendomedical.ca\/?post_type=product&#038;p=44088"},"modified":"2026-04-16T09:42:02","modified_gmt":"2026-04-16T13:42:02","slug":"real-fruit-sour-cherry-gummies","status":"publish","type":"product","link":"https:\/\/mendomedical.ca\/fr\/produit\/real-fruit-sour-cherry-gummies\/","title":{"rendered":"Real Fruit Sour Cherry Gummies"},"content":{"rendered":"<h5>Ingr\u00e9dients :<\/h5>\n<p>Sucres [sucre, sirop de tapioca, jus de cerise concentr\u00e9], eau, g\u00e9latine, acide malique, huile de coco, ar\u00f4me naturel, acide citrique, pectine (pectine, citrate de sodium), extrait de cannabis, l\u00e9cithine de tournesol, terp\u00e8nes (linalol, myrc\u00e8ne, b\u00eata-caryophyll\u00e8ne, Terpin\u00e9ol).<\/p>\n","protected":false},"excerpt":{"rendered":"<h3>Real Fruit Sour Cherry Gummies de WYLD<\/h3>\n<p>D\u00e9couvrez le go\u00fbt d\u00e9licieux et les bienfaits th\u00e9rapeutiques des Real Fruit Sour Cherry Gummies de WYLD. Fabriqu\u00e9s avec de vrais fruits et des terp\u00e8nes botaniques, ces gommes sont con\u00e7ues pour offrir une exp\u00e9rience coh\u00e9rente et agr\u00e9able du cannabis. <\/p>\n<p>&nbsp;<\/p>\n<h3>Composition du produit et dosage<\/h3>\n<p>Chaque paquet de WYLD Sour Cherry Gummies comprend <strong>2 gommes<\/strong> avec un dosage pr\u00e9cis de <strong>5mg THC par gomme<\/strong>, soit un total de <strong>10mg THC<\/strong> par paquet. Cette formulation est id\u00e9ale pour les nouveaux consommateurs et les consommateurs exp\u00e9riment\u00e9s \u00e0 la recherche d&rsquo;une exp\u00e9rience \u00e9quilibr\u00e9e et contr\u00f4l\u00e9e du cannabis. <\/p>\n<ul>\n<li>5mg THC par gomme<\/li>\n<li>Total : 10 mg de THC par paquet<\/li>\n<\/ul>\n<p>&nbsp;<\/p>\n<h3>Am\u00e9lioration de la biodisponibilit\u00e9 et de la durabilit\u00e9<\/h3>\n<p>Les gommes WYLD sont formul\u00e9es avec de la l\u00e9cithine de tournesol pour am\u00e9liorer la biodisponibilit\u00e9 et r\u00e9duire le temps d&rsquo;action, afin que vous ressentiez les effets plus rapidement. Ces gommes sont thermostables jusqu&rsquo;\u00e0 60\u00b0C et conservent une texture ferme qui ne colle pas aux dents. <a title=\"En savoir plus sur Wyld Cannabis\" href=\"https:\/\/wyldcanna.ca\/\" target=\"_blank\" rel=\"noopener\">WYLD<\/a> est fi\u00e8re d&rsquo;\u00eatre une marque certifi\u00e9e climatiquement neutre, engag\u00e9e dans le d\u00e9veloppement durable avec des emballages compostables. <\/p>\n<p>&nbsp;<\/p>\n<h3>Pourquoi choisir WYLD Sour Cherry Gummies ?<\/h3>\n<ul>\n<li>Fabriqu\u00e9 avec de vrais fruits et des ar\u00f4mes naturels<\/li>\n<li>Am\u00e9lior\u00e9 avec des terp\u00e8nes botaniques pour une exp\u00e9rience sup\u00e9rieure<\/li>\n<li>Id\u00e9al pour les civils et les v\u00e9t\u00e9rans<\/li>\n<li>Discret et facile \u00e0 consommer<\/li>\n<li>La facturation directe d&rsquo;ACC est disponible pour les anciens combattants<\/li>\n<\/ul>\n<p>&nbsp;<\/p>\n<h3>Avantages et couverture pour les anciens combattants<\/h3>\n<p>Dans le cadre de notre engagement \u00e0 soutenir les anciens combattants canadiens, les WYLD Sour Cherry Gummies sont admissibles \u00e0 la <strong>facturation directe par l&rsquo;entremise d&rsquo;Anciens Combattants Canada (ACC)<\/strong> et de la Croix Bleue. Ainsi, les anciens combattants admissibles peuvent savourer ces gommes sans avoir \u00e0 d\u00e9bourser quoi que ce soit. <\/p>\n<p>&nbsp;<\/p>\n<h3>Livraison rapide et discr\u00e8te dans tout le Canada<\/h3>\n<p>Nous offrons un <strong>service d&rsquo;exp\u00e9dition rapide et discret<\/strong> dans tout le Canada. Les commandes de plus de 150 dollars b\u00e9n\u00e9ficient de la livraison gratuite, ce qui garantit que vos produits arrivent en toute s\u00e9curit\u00e9 et en toute intimit\u00e9.<\/p>\n<p><strong>Avis de fonte estivale :<\/strong> Veuillez noter que les produits contenant de la g\u00e9latine peuvent fondre pendant l&rsquo;exp\u00e9dition au cours des mois les plus chauds. Nous vous recommandons d&rsquo;en tenir compte lorsque vous passez votre commande, car nous ne pouvons pas offrir de remboursement ou de remplacement pour les produits fondus. <\/p>\n<p>&nbsp;<\/p>\n<p>Si vous recherchez des <a title=\"Acheter des edibles de cannabis chez mendo medical\" href=\"https:\/\/mendomedical.ca\/fr\/categorie-produit\/comestibles\/\" target=\"_blank\" rel=\"noopener\">edibles THC d\u00e9licieux et efficaces<\/a>, les Real Fruit Sour Cherry Gummies de WYLD sont un choix parfait. Profitez de la commodit\u00e9 et de la qualit\u00e9 de ces gommes fabriqu\u00e9es par des experts, con\u00e7ues pour am\u00e9liorer votre exp\u00e9rience du cannabis. <strong>Besoin d&rsquo;un document m\u00e9dical ? <\/strong><a title=\"Obtenez votre document de cannabis m\u00e9dical avec Mendo Medical\" href=\"https:\/\/mendomedical.ca\/fr\/carte-medicale\/\" target=\"_blank\" rel=\"noopener\">Obtenez votre document m\u00e9dical gratuit<\/a> et commencez \u00e0 acheter chez Mendo Medical d\u00e8s aujourd&rsquo;hui ! <\/p>\n<p>&nbsp;<\/p>\n<h5><strong>Ingr\u00e9dients :  <\/strong><\/h5>\n<p>Sucres [sucre, sirop de tapioca, concentr\u00e9 de jus de cerise], eau, g\u00e9latine, acide malique, huile de coco, ar\u00f4me naturel, acide citrique, pectine (pectine, citrate de sodium), extrait de cannabis, l\u00e9cithine de tournesol, terp\u00e8nes (linalol, myrc\u00e8ne, b\u00eata-caryophyll\u00e8ne, terpin\u00e9ol).<\/p>\n","protected":false},"featured_media":44092,"comment_status":"closed","ping_status":"closed","template":"","meta":{"_acf_changed":false,"site-sidebar-layout":"default","site-content-layout":"","ast-site-content-layout":"default","site-content-style":"default","site-sidebar-style":"default","ast-global-header-display":"","ast-banner-title-visibility":"","ast-main-header-display":"","ast-hfb-above-header-display":"","ast-hfb-below-header-display":"","ast-hfb-mobile-header-display":"","site-post-title":"","ast-breadcrumbs-content":"","ast-featured-img":"","footer-sml-layout":"","ast-disable-related-posts":"","theme-transparent-header-meta":"default","adv-header-id-meta":"","stick-header-meta":"","header-above-stick-meta":"","header-main-stick-meta":"","header-below-stick-meta":"","astra-migrate-meta-layouts":"set","ast-page-background-enabled":"default","ast-page-background-meta":{"desktop":{"background-color":"var(--ast-global-color-4)","background-image":"","background-repeat":"repeat","background-position":"center center","background-size":"auto","background-attachment":"scroll","background-type":"","background-media":"","overlay-type":"","overlay-color":"","overlay-opacity":"","overlay-gradient":""},"tablet":{"background-color":"","background-image":"","background-repeat":"repeat","background-position":"center center","background-size":"auto","background-attachment":"scroll","background-type":"","background-media":"","overlay-type":"","overlay-color":"","overlay-opacity":"","overlay-gradient":""},"mobile":{"background-color":"","background-image":"","background-repeat":"repeat","background-position":"center center","background-size":"auto","background-attachment":"scroll","background-type":"","background-media":"","overlay-type":"","overlay-color":"","overlay-opacity":"","overlay-gradient":""}},"ast-content-background-meta":{"desktop":{"background-color":"var(--ast-global-color-5)","background-image":"","background-repeat":"repeat","background-position":"center center","background-size":"auto","background-attachment":"scroll","background-type":"","background-media":"","overlay-type":"","overlay-color":"","overlay-opacity":"","overlay-gradient":""},"tablet":{"background-color":"var(--ast-global-color-5)","background-image":"","background-repeat":"repeat","background-position":"center center","background-size":"auto","background-attachment":"scroll","background-type":"","background-media":"","overlay-type":"","overlay-color":"","overlay-opacity":"","overlay-gradient":""},"mobile":{"background-color":"var(--ast-global-color-5)","background-image":"","background-repeat":"repeat","background-position":"center center","background-size":"auto","background-attachment":"scroll","background-type":"","background-media":"","overlay-type":"","overlay-color":"","overlay-opacity":"","overlay-gradient":""}}},"product_brand":[],"product_cat":[1132,1128],"product_tag":[3652],"product_format_filter":[],"class_list":{"0":"post-44088","1":"product","2":"type-product","3":"status-publish","4":"has-post-thumbnail","6":"product_cat-bonbons","7":"product_cat-comestibles","8":"product_tag-wyld-fr","9":"pa_flavours-sour-cherry-fr","10":"pa_format-2-unites","11":"pa_intensity-cbd-moyen","12":"pa_intensity-thc-moyen","13":"pa_marques-wyld-fr","14":"pa_origin-colombie-britannique-fr","15":"pa_profil-terpene-caryophyllene","16":"pa_profil-terpene-linalol-fr","17":"pa_profil-terpene-myrcene","18":"pa_thc-10mg-fr","19":"pa_type-de-plante-indica-fr","20":"desktop-align-left","21":"tablet-align-left","22":"mobile-align-left","24":"first","25":"outofstock","26":"taxable","27":"shipping-taxable","28":"purchasable","29":"product-type-simple"},"group_of_quantity":0,"min_quantity":0,"max_quantity":"","exclude_order_quantity_value_rules":"no","exclude_category_quantity_rules":"no","combine_variations":"no","acf":[],"_links":{"self":[{"href":"https:\/\/mendomedical.ca\/fr\/wp-json\/wp\/v2\/product\/44088","targetHints":{"allow":["GET"]}}],"collection":[{"href":"https:\/\/mendomedical.ca\/fr\/wp-json\/wp\/v2\/product"}],"about":[{"href":"https:\/\/mendomedical.ca\/fr\/wp-json\/wp\/v2\/types\/product"}],"replies":[{"embeddable":true,"href":"https:\/\/mendomedical.ca\/fr\/wp-json\/wp\/v2\/comments?post=44088"}],"wp:featuredmedia":[{"embeddable":true,"href":"https:\/\/mendomedical.ca\/fr\/wp-json\/wp\/v2\/media\/44092"}],"wp:attachment":[{"href":"https:\/\/mendomedical.ca\/fr\/wp-json\/wp\/v2\/media?parent=44088"}],"wp:term":[{"taxonomy":"product_brand","embeddable":true,"href":"https:\/\/mendomedical.ca\/fr\/wp-json\/wp\/v2\/product_brand?post=44088"},{"taxonomy":"product_cat","embeddable":true,"href":"https:\/\/mendomedical.ca\/fr\/wp-json\/wp\/v2\/product_cat?post=44088"},{"taxonomy":"product_tag","embeddable":true,"href":"https:\/\/mendomedical.ca\/fr\/wp-json\/wp\/v2\/product_tag?post=44088"},{"taxonomy":"product_format_filter","embeddable":true,"href":"https:\/\/mendomedical.ca\/fr\/wp-json\/wp\/v2\/product_format_filter?post=44088"}],"curies":[{"name":"wp","href":"https:\/\/api.w.org\/{rel}","templated":true}]}}