{"id":44080,"date":"2024-01-01T02:34:46","date_gmt":"2024-01-01T07:34:46","guid":{"rendered":"https:\/\/mendomedical.ca\/?post_type=product&#038;p=44080"},"modified":"2026-03-26T13:11:29","modified_gmt":"2026-03-26T17:11:29","slug":"real-fruit-strawberry-gummies","status":"publish","type":"product","link":"https:\/\/mendomedical.ca\/fr\/produit\/real-fruit-strawberry-gummies\/","title":{"rendered":"Real Fruit Fraise 20:1 Gummies"},"content":{"rendered":"<h5>Ingr\u00e9dients :<\/h5>\n<p>Sucres [Sucre, Sirop de Tapioca, Jus de Fraise Concentr\u00e9, Jus de Fruits et L\u00e9gumes (colorant)], Eau, G\u00e9latine, Ar\u00f4me Naturel, Huile de Coco, Acide Citrique, Pectine (Pectine, Citrate de Sodium), Extrait de Cannabis, Acide Malique, L\u00e9cithine de Tournesol, Terp\u00e8nes (Limon\u00e8ne, Linalol, Alpha Pin\u00e8ne, B\u00eata Pin\u00e8ne)<\/p>\n","protected":false},"excerpt":{"rendered":"<h3>Real Fruit Strawberry 20:1 Gummies de WYLD<\/h3>\n<p>Faites l&rsquo;exp\u00e9rience de l&rsquo;\u00e9quilibre parfait entre relaxation et bien-\u00eatre avec les Real Fruit Strawberry Gummies 20:1 de WYLD. Ces edibles \u00e0 dominante CBD sont fabriqu\u00e9s \u00e0 partir de vrais fruits et de terp\u00e8nes botaniques, offrant un moyen d\u00e9licieux et naturel de se d\u00e9tendre. <\/p>\n<p>Chaque paquet contient <strong>10 gommes<\/strong> avec un m\u00e9lange pr\u00e9cis <strong>par pi\u00e8ce :<\/strong><\/p>\n<ul>\n<li>20mg CBD<\/li>\n<li>1mg THC<\/li>\n<\/ul>\n<p><strong>Total :<\/strong> 200mg CBD - 10mg THC<\/p>\n<p>&nbsp;<\/p>\n<h3>Formule \u00e0 dominante CBD pour la relaxation<\/h3>\n<p>Les Real Fruit Strawberry Gummies de WYLD sont con\u00e7us pour procurer une exp\u00e9rience apaisante en mettant l&rsquo;accent sur le CBD. Le rapport de 20:1 entre le CBD et le THC garantit un effet non intoxicant, ce qui rend ces gommes id\u00e9ales pour ceux qui recherchent la relaxation sans la d\u00e9fonce. Ils sont parfaits pour les consommateurs de cannabis m\u00e9dical qui cherchent \u00e0 g\u00e9rer le stress ou l&rsquo;inconfort.  <\/p>\n<p>&nbsp;<\/p>\n<h3>Ingr\u00e9dients naturels et emballages durables<\/h3>\n<p>Les <span data-sheets-root=\"1\">Real Fruit Strawberry Gummies<\/span> sont fabriqu\u00e9s \u00e0 partir de vrais fruits et d&rsquo;ar\u00f4mes naturels, garantissant une exp\u00e9rience savoureuse et authentique. <a title=\"En savoir plus sur Wyld Cannabis\" href=\"https:\/\/wyldcanna.ca\/\" target=\"_blank\" rel=\"noopener\">WYLD<\/a> s&rsquo;engage en faveur du d\u00e9veloppement durable, en utilisant des emballages compostables et en \u00e9tant une marque certifi\u00e9e climatiquement neutre. Profitez d&rsquo;une friandise sans culpabilit\u00e9 qui correspond \u00e0 vos valeurs. <\/p>\n<p>&nbsp;<\/p>\n<h3>Biodisponibilit\u00e9 et thermostabilit\u00e9 am\u00e9lior\u00e9es<\/h3>\n<p>Les WYLD <span data-sheets-root=\"1\">Real Fruit Strawberry Gummies<\/span> contiennent de la l\u00e9cithine de tournesol pour am\u00e9liorer la biodisponibilit\u00e9 et le temps d&rsquo;action, ce qui vous permet de ressentir les effets plus efficacement. Elles sont \u00e9galement thermostables jusqu&rsquo;\u00e0 60\u00b0C, conservant une texture ferme qui ne colle pas \u00e0 vos dents, m\u00eame dans des conditions plus chaudes. <\/p>\n<p>&nbsp;<\/p>\n<h3>Pourquoi choisir les Real Fruit Strawberry Gummies de WYLD&rsquo;s ?<\/h3>\n<ul>\n<li>Formule riche en CBD pour la relaxation et le soulagement du stress<\/li>\n<li>Fabriqu\u00e9 avec de vrais fruits et des ingr\u00e9dients naturels<\/li>\n<li>Emballage \u00e9cologique et compostable<\/li>\n<li>Non-intoxiquant, id\u00e9al pour une utilisation diurne<\/li>\n<li>Admissible \u00e0 la facturation directe d&rsquo;ACC (soutien aux anciens combattants inclus)<\/li>\n<\/ul>\n<p>&nbsp;<\/p>\n<h3>Avantages et couverture pour les anciens combattants<\/h3>\n<p>Le soutien aux anciens combattants canadiens est une priorit\u00e9. Ce produit est admissible \u00e0 la facturation directe par l&rsquo;entremise d&rsquo;Anciens Combattants Canada (ACC) et de la Croix Bleue. Les anciens combattants admissibles peuvent profiter de ces gommes sans avoir \u00e0 d\u00e9bourser quoi que ce soit, et nous offrons des <strong>commandes provisoires allant jusqu&rsquo;\u00e0 300 g<\/strong> pour les nouveaux anciens combattants.  <\/p>\n<p>&nbsp;<\/p>\n<h3>Livraison rapide et discr\u00e8te dans tout le Canada<\/h3>\n<p>Nous offrons un service d&rsquo;exp\u00e9dition rapide et discret dans tout le Canada. Les commandes de plus de 150 $ b\u00e9n\u00e9ficient de la livraison gratuite, ce qui garantit que vos <a title=\"Acheter des edibles de cannabis chez Mendo Medical\" href=\"https:\/\/mendomedical.ca\/fr\/categorie-produit\/comestibles\/\" target=\"_blank\" rel=\"noopener\">edibles de cannabis<\/a> arrivent rapidement et en toute confidentialit\u00e9. Tous les colis sont trait\u00e9s avec soin afin de pr\u00e9server la qualit\u00e9 et la confidentialit\u00e9. <\/p>\n<p><strong>Avis de fonte estivale :<\/strong> Ces gommes contiennent de la g\u00e9latine et peuvent se ramollir \u00e0 des temp\u00e9ratures \u00e9lev\u00e9es. Veuillez en tenir compte lors de votre commande pendant les mois les plus chauds, car nous ne pouvons pas rembourser ou remplacer les produits fondus. <\/p>\n<p>&nbsp;<\/p>\n<p>D\u00e9couvrez les avantages des edibles riches en CBD avec les Real Fruit Strawberry Gummies 20:1 de WYLD. Id\u00e9al pour ceux qui recherchent un moyen naturel, durable et efficace de se d\u00e9tendre. <strong>Besoin d&rsquo;un document m\u00e9dical ? <\/strong><a title=\"Obtenez votre document de cannabis m\u00e9dical avec Mendo Medical\" href=\"https:\/\/mendomedical.ca\/fr\/carte-medicale\/\" target=\"_blank\" rel=\"noopener\">Obtenez votre document m\u00e9dical gratuit<\/a> et commencez \u00e0 acheter chez Mendo Medical d\u00e8s aujourd&rsquo;hui ! <\/p>\n<p>&nbsp;<\/p>\n<h4><strong>Ingr\u00e9dients :<\/strong><\/h4>\n<p>Sucre (sucre, sirop de tapioca, concentr\u00e9 de jus de fraise), eau, g\u00e9latine, ar\u00f4me naturel, huile de coco, pectine (pectine, citrate de sodium), acide citrique, acide malique, extrait de cannabis, l\u00e9cithine de tournesol,  <span class=\"s1\">Terp\u00e8nes (limon\u00e8ne, linalol, alpha pin\u00e8ne, b\u00eata pin\u00e8ne)  <\/span><\/p>\n<p><strong>Contient :<\/strong> Noix de coco<\/p>\n","protected":false},"featured_media":44082,"comment_status":"closed","ping_status":"closed","template":"","meta":{"_acf_changed":false,"site-sidebar-layout":"default","site-content-layout":"","ast-site-content-layout":"default","site-content-style":"default","site-sidebar-style":"default","ast-global-header-display":"","ast-banner-title-visibility":"","ast-main-header-display":"","ast-hfb-above-header-display":"","ast-hfb-below-header-display":"","ast-hfb-mobile-header-display":"","site-post-title":"","ast-breadcrumbs-content":"","ast-featured-img":"","footer-sml-layout":"","ast-disable-related-posts":"","theme-transparent-header-meta":"default","adv-header-id-meta":"","stick-header-meta":"","header-above-stick-meta":"","header-main-stick-meta":"","header-below-stick-meta":"","astra-migrate-meta-layouts":"set","ast-page-background-enabled":"default","ast-page-background-meta":{"desktop":{"background-color":"var(--ast-global-color-4)","background-image":"","background-repeat":"repeat","background-position":"center center","background-size":"auto","background-attachment":"scroll","background-type":"","background-media":"","overlay-type":"","overlay-color":"","overlay-opacity":"","overlay-gradient":""},"tablet":{"background-color":"","background-image":"","background-repeat":"repeat","background-position":"center center","background-size":"auto","background-attachment":"scroll","background-type":"","background-media":"","overlay-type":"","overlay-color":"","overlay-opacity":"","overlay-gradient":""},"mobile":{"background-color":"","background-image":"","background-repeat":"repeat","background-position":"center center","background-size":"auto","background-attachment":"scroll","background-type":"","background-media":"","overlay-type":"","overlay-color":"","overlay-opacity":"","overlay-gradient":""}},"ast-content-background-meta":{"desktop":{"background-color":"var(--ast-global-color-5)","background-image":"","background-repeat":"repeat","background-position":"center center","background-size":"auto","background-attachment":"scroll","background-type":"","background-media":"","overlay-type":"","overlay-color":"","overlay-opacity":"","overlay-gradient":""},"tablet":{"background-color":"var(--ast-global-color-5)","background-image":"","background-repeat":"repeat","background-position":"center center","background-size":"auto","background-attachment":"scroll","background-type":"","background-media":"","overlay-type":"","overlay-color":"","overlay-opacity":"","overlay-gradient":""},"mobile":{"background-color":"var(--ast-global-color-5)","background-image":"","background-repeat":"repeat","background-position":"center center","background-size":"auto","background-attachment":"scroll","background-type":"","background-media":"","overlay-type":"","overlay-color":"","overlay-opacity":"","overlay-gradient":""}}},"product_brand":[],"product_cat":[1132,1128],"product_tag":[3652],"product_format_filter":[],"class_list":{"0":"post-44080","1":"product","2":"type-product","3":"status-publish","4":"has-post-thumbnail","6":"product_cat-bonbons","7":"product_cat-comestibles","8":"product_tag-wyld-fr","9":"pa_cbd-200mg-fr","10":"pa_flavours-fraise","11":"pa_format-10-unites","12":"pa_intensity-eleve-en-cbd","13":"pa_intensity-thc-moyen","14":"pa_marques-wyld-fr","15":"pa_origin-colombie-britannique-fr","16":"pa_profil-terpene-limonene-fr","17":"pa_profil-terpene-linalol-fr","18":"pa_profil-terpene-pinene-fr","19":"pa_thc-10mg-fr","20":"pa_type-de-plante-hybride-fr","21":"desktop-align-left","22":"tablet-align-left","23":"mobile-align-left","25":"first","26":"instock","27":"taxable","28":"shipping-taxable","29":"purchasable","30":"product-type-simple"},"group_of_quantity":0,"min_quantity":0,"max_quantity":"","exclude_order_quantity_value_rules":"no","exclude_category_quantity_rules":"no","combine_variations":"no","acf":[],"_links":{"self":[{"href":"https:\/\/mendomedical.ca\/fr\/wp-json\/wp\/v2\/product\/44080","targetHints":{"allow":["GET"]}}],"collection":[{"href":"https:\/\/mendomedical.ca\/fr\/wp-json\/wp\/v2\/product"}],"about":[{"href":"https:\/\/mendomedical.ca\/fr\/wp-json\/wp\/v2\/types\/product"}],"replies":[{"embeddable":true,"href":"https:\/\/mendomedical.ca\/fr\/wp-json\/wp\/v2\/comments?post=44080"}],"wp:featuredmedia":[{"embeddable":true,"href":"https:\/\/mendomedical.ca\/fr\/wp-json\/wp\/v2\/media\/44082"}],"wp:attachment":[{"href":"https:\/\/mendomedical.ca\/fr\/wp-json\/wp\/v2\/media?parent=44080"}],"wp:term":[{"taxonomy":"product_brand","embeddable":true,"href":"https:\/\/mendomedical.ca\/fr\/wp-json\/wp\/v2\/product_brand?post=44080"},{"taxonomy":"product_cat","embeddable":true,"href":"https:\/\/mendomedical.ca\/fr\/wp-json\/wp\/v2\/product_cat?post=44080"},{"taxonomy":"product_tag","embeddable":true,"href":"https:\/\/mendomedical.ca\/fr\/wp-json\/wp\/v2\/product_tag?post=44080"},{"taxonomy":"product_format_filter","embeddable":true,"href":"https:\/\/mendomedical.ca\/fr\/wp-json\/wp\/v2\/product_format_filter?post=44080"}],"curies":[{"name":"wp","href":"https:\/\/api.w.org\/{rel}","templated":true}]}}