{"id":44070,"date":"2024-01-01T02:44:28","date_gmt":"2024-01-01T07:44:28","guid":{"rendered":"https:\/\/mendomedical.ca\/?post_type=product&#038;p=44070"},"modified":"2026-01-25T11:28:18","modified_gmt":"2026-01-25T16:28:18","slug":"real-fruit-peach-51-cbdthc-hybrid","status":"publish","type":"product","link":"https:\/\/mendomedical.ca\/fr\/produit\/real-fruit-peach-51-cbdthc-hybrid\/","title":{"rendered":"Real Fruit Peach Gummies"},"content":{"rendered":"<h5>Ingr\u00e9dients :<\/h5>\n<p>Sucres (sucre, sirop de tapioca, jus de p\u00eache concentr\u00e9), eau, g\u00e9latine, huile de coco, ar\u00f4me naturel, acide citrique, extrait de cannabis, pectine (pectine, citrate de sodium), l\u00e9cithine de tournesol, terp\u00e8nes (limon\u00e8ne, linalol, alpha-pin\u00e8ne, b\u00eata-pin\u00e8ne).<\/p>\n","protected":false},"excerpt":{"rendered":"<h3>5:1 Real Fruit Peach Gummies de WYLD<\/h3>\n<p>Vous recherchez une exp\u00e9rience comestible d\u00e9licieuse et \u00e9quilibr\u00e9e ? Les Real Fruit Peach Gummies de WYLD offrent un m\u00e9lange parfait de CBD et de THC, con\u00e7u pour ceux qui recherchent un \u00e9quilibre harmonieux. Fabriqu\u00e9s avec de vrais fruits et des terp\u00e8nes botaniques, ces gommes sont un moyen d\u00e9licieux de profiter des bienfaits des cannabino\u00efdes.  <\/p>\n<p>Chaque paquet contient <strong>2 gommes<\/strong> avec un m\u00e9lange pr\u00e9cis <strong>par pi\u00e8ce :<\/strong><\/p>\n<ul>\n<li>25mg CBD<\/li>\n<li>5mg THC<\/li>\n<\/ul>\n<p><strong>Total :<\/strong> 50mg CBD - 10mg THC<\/p>\n<p>&nbsp;<\/p>\n<h3>Ingr\u00e9dients naturels et emballages durables<\/h3>\n<p>Les WYLD Real Fruit Peach Gummies sont fabriqu\u00e9s de mani\u00e8re durable avec de vrais fruits et des ar\u00f4mes naturels, garantissant un go\u00fbt d\u00e9licieux \u00e0 chaque bouch\u00e9e. L&rsquo;utilisation de l\u00e9cithine de tournesol am\u00e9liore la biodisponibilit\u00e9 et le temps d&rsquo;action, ce qui fait de ces gommes un choix efficace pour votre programme de bien-\u00eatre. De plus, <a title=\"En savoir plus sur Wyld Cannabis\" href=\"https:\/\/wyldcanna.ca\/\" target=\"_blank\" rel=\"noopener\">WYLD<\/a> est une marque certifi\u00e9e climatiquement neutre, engag\u00e9e dans des pratiques respectueuses de l&rsquo;environnement.  <\/p>\n<p>&nbsp;<\/p>\n<h3>Thermostable et pratique<\/h3>\n<p>Con\u00e7us pour r\u00e9sister \u00e0 des temp\u00e9ratures allant jusqu&rsquo;\u00e0 60\u00b0C, les Real Fruit Peach Gummies conservent une texture ferme qui ne colle pas \u00e0 vos dents, pour une exp\u00e9rience sans tracas. Leur taille compacte et leur emballage compostable en font un choix id\u00e9al pour une utilisation nomade, que vous soyez un civil ou un v\u00e9t\u00e9ran. <\/p>\n<p>&nbsp;<\/p>\n<h3>Pourquoi choisir les WYLD Real Fruit Peach Gummies ?<\/h3>\n<ul>\n<li>Rapport \u00e9quilibr\u00e9 de 5:1 entre le CBD et le THC pour une exp\u00e9rience harmonieuse<\/li>\n<li>Fabriqu\u00e9 avec de vrais fruits et des ar\u00f4mes naturels<\/li>\n<li>Texture thermostable et non collante<\/li>\n<li>Certifi\u00e9 respectueux de l&rsquo;environnement et neutre sur le plan climatique<\/li>\n<li>Admissible \u00e0 la facturation directe d&rsquo;ACC (soutien aux anciens combattants inclus)<\/li>\n<\/ul>\n<p>&nbsp;<\/p>\n<h3>Avantages et couverture pour les anciens combattants<\/h3>\n<p>Le soutien aux anciens combattants canadiens est une priorit\u00e9, et lesReal Fruit Peach Gummies sont admissibles \u00e0 la <strong>facturation directe par l&rsquo;entremise d&rsquo;Anciens Combattants Canada (ACC)<\/strong> et de la Croix Bleue. Les anciens combattants admissibles peuvent savourer ces gommes sans avoir \u00e0 d\u00e9bourser quoi que ce soit, ce qui garantit l&rsquo;acc\u00e8s \u00e0 des produits cannabino\u00efdes de qualit\u00e9. <\/p>\n<p>&nbsp;<\/p>\n<h3>Livraison rapide et discr\u00e8te dans tout le Canada<\/h3>\n<p>Nous offrons une <strong>livraison rapide et discr\u00e8te<\/strong> \u00e0 travers le Canada. Les commandes de plus de 150 $ sont admissibles \u00e0 la livraison gratuite. Tous les <a title=\"Acheter des edibles de cannabis chez Mendo Medical\" href=\"https:\/\/mendomedical.ca\/fr\/categorie-produit\/comestibles\/\" target=\"_blank\" rel=\"noopener\">edibles de cannabis<\/a> sont emball\u00e9s avec soin pour assurer la confidentialit\u00e9 et la qualit\u00e9. <\/p>\n<p><strong>Avis de fonte estivale :<\/strong> Veuillez noter que les produits contenant de la g\u00e9latine peuvent fondre pendant les mois d&rsquo;\u00e9t\u00e9. Nous vous recommandons d&rsquo;en tenir compte lorsque vous passez votre commande. Malheureusement, il n&rsquo;est pas possible de rembourser ou de remplacer les produits qui ont fondu.  <\/p>\n<p>&nbsp;<\/p>\n<p>Si vous \u00eates \u00e0 la recherche d&rsquo;un produit comestible CBD:THC \u00e9quilibr\u00e9 ou si vous voulez essayer les Real Fruit Peach Gummies de WYLD, ce produit est \u00e0 essayer absolument. Appr\u00e9ciez le m\u00e9lange parfait de cannabino\u00efdes avec l&rsquo;assurance de la qualit\u00e9 et de la durabilit\u00e9. <strong>Besoin d&rsquo;un document m\u00e9dical ? <\/strong><a title=\"Obtenez votre document de cannabis m\u00e9dical avec Mendo Medical\" href=\"https:\/\/mendomedical.ca\/fr\/carte-medicale\/\" target=\"_blank\" rel=\"noopener\">Obtenez votre document m\u00e9dical gratuit<\/a> et commencez \u00e0 acheter chez Mendo Medical d\u00e8s aujourd&rsquo;hui ! <\/p>\n<p>&nbsp;<\/p>\n<h5><strong>Ingr\u00e9dients :  <\/strong><\/h5>\n<p>Sucres (sucre, sirop de tapioca, concentr\u00e9 de jus de p\u00eache), eau, g\u00e9latine, huile de coco, ar\u00f4me naturel, acide citrique, extrait de cannabis, pectine (pectine, citrate de sodium), l\u00e9cithine de tournesol, terp\u00e8nes (limon\u00e8ne, linalol, alpha-pin\u00e8ne, b\u00eata-pin\u00e8ne).<\/p>\n","protected":false},"featured_media":44078,"comment_status":"closed","ping_status":"closed","template":"","meta":{"_acf_changed":false,"site-sidebar-layout":"default","site-content-layout":"","ast-site-content-layout":"default","site-content-style":"default","site-sidebar-style":"default","ast-global-header-display":"","ast-banner-title-visibility":"","ast-main-header-display":"","ast-hfb-above-header-display":"","ast-hfb-below-header-display":"","ast-hfb-mobile-header-display":"","site-post-title":"","ast-breadcrumbs-content":"","ast-featured-img":"","footer-sml-layout":"","ast-disable-related-posts":"","theme-transparent-header-meta":"default","adv-header-id-meta":"","stick-header-meta":"","header-above-stick-meta":"","header-main-stick-meta":"","header-below-stick-meta":"","astra-migrate-meta-layouts":"set","ast-page-background-enabled":"default","ast-page-background-meta":{"desktop":{"background-color":"var(--ast-global-color-4)","background-image":"","background-repeat":"repeat","background-position":"center center","background-size":"auto","background-attachment":"scroll","background-type":"","background-media":"","overlay-type":"","overlay-color":"","overlay-opacity":"","overlay-gradient":""},"tablet":{"background-color":"","background-image":"","background-repeat":"repeat","background-position":"center center","background-size":"auto","background-attachment":"scroll","background-type":"","background-media":"","overlay-type":"","overlay-color":"","overlay-opacity":"","overlay-gradient":""},"mobile":{"background-color":"","background-image":"","background-repeat":"repeat","background-position":"center center","background-size":"auto","background-attachment":"scroll","background-type":"","background-media":"","overlay-type":"","overlay-color":"","overlay-opacity":"","overlay-gradient":""}},"ast-content-background-meta":{"desktop":{"background-color":"var(--ast-global-color-5)","background-image":"","background-repeat":"repeat","background-position":"center center","background-size":"auto","background-attachment":"scroll","background-type":"","background-media":"","overlay-type":"","overlay-color":"","overlay-opacity":"","overlay-gradient":""},"tablet":{"background-color":"var(--ast-global-color-5)","background-image":"","background-repeat":"repeat","background-position":"center center","background-size":"auto","background-attachment":"scroll","background-type":"","background-media":"","overlay-type":"","overlay-color":"","overlay-opacity":"","overlay-gradient":""},"mobile":{"background-color":"var(--ast-global-color-5)","background-image":"","background-repeat":"repeat","background-position":"center center","background-size":"auto","background-attachment":"scroll","background-type":"","background-media":"","overlay-type":"","overlay-color":"","overlay-opacity":"","overlay-gradient":""}}},"product_brand":[],"product_cat":[1132,1128],"product_tag":[3652],"product_format_filter":[],"class_list":{"0":"post-44070","1":"product","2":"type-product","3":"status-publish","4":"has-post-thumbnail","6":"product_cat-bonbons","7":"product_cat-comestibles","8":"product_tag-wyld-fr","9":"pa_cbd-50mg-fr","10":"pa_flavours-peach-fr","11":"pa_format-2-unites","12":"pa_intensity-cbd-moyen","13":"pa_intensity-thc-moyen","14":"pa_marques-wyld-fr","15":"pa_origin-colombie-britannique-fr","16":"pa_profil-terpene-limonene-fr","17":"pa_profil-terpene-linalol-fr","18":"pa_profil-terpene-myrcene","19":"pa_thc-10mg-fr","20":"pa_type-de-plante-hybride-fr","21":"desktop-align-left","22":"tablet-align-left","23":"mobile-align-left","25":"first","26":"instock","27":"taxable","28":"shipping-taxable","29":"purchasable","30":"product-type-simple"},"group_of_quantity":0,"min_quantity":0,"max_quantity":"","exclude_order_quantity_value_rules":"no","exclude_category_quantity_rules":"no","combine_variations":"no","acf":[],"_links":{"self":[{"href":"https:\/\/mendomedical.ca\/fr\/wp-json\/wp\/v2\/product\/44070","targetHints":{"allow":["GET"]}}],"collection":[{"href":"https:\/\/mendomedical.ca\/fr\/wp-json\/wp\/v2\/product"}],"about":[{"href":"https:\/\/mendomedical.ca\/fr\/wp-json\/wp\/v2\/types\/product"}],"replies":[{"embeddable":true,"href":"https:\/\/mendomedical.ca\/fr\/wp-json\/wp\/v2\/comments?post=44070"}],"wp:featuredmedia":[{"embeddable":true,"href":"https:\/\/mendomedical.ca\/fr\/wp-json\/wp\/v2\/media\/44078"}],"wp:attachment":[{"href":"https:\/\/mendomedical.ca\/fr\/wp-json\/wp\/v2\/media?parent=44070"}],"wp:term":[{"taxonomy":"product_brand","embeddable":true,"href":"https:\/\/mendomedical.ca\/fr\/wp-json\/wp\/v2\/product_brand?post=44070"},{"taxonomy":"product_cat","embeddable":true,"href":"https:\/\/mendomedical.ca\/fr\/wp-json\/wp\/v2\/product_cat?post=44070"},{"taxonomy":"product_tag","embeddable":true,"href":"https:\/\/mendomedical.ca\/fr\/wp-json\/wp\/v2\/product_tag?post=44070"},{"taxonomy":"product_format_filter","embeddable":true,"href":"https:\/\/mendomedical.ca\/fr\/wp-json\/wp\/v2\/product_format_filter?post=44070"}],"curies":[{"name":"wp","href":"https:\/\/api.w.org\/{rel}","templated":true}]}}