{"id":44022,"date":"2024-01-01T01:53:44","date_gmt":"2024-01-01T06:53:44","guid":{"rendered":"https:\/\/mendomedical.ca\/?post_type=product&#038;p=44022"},"modified":"2026-01-26T20:32:26","modified_gmt":"2026-01-27T01:32:26","slug":"interstellar-strawberries-gummy-2","status":"publish","type":"product","link":"https:\/\/mendomedical.ca\/fr\/produit\/interstellar-strawberries-gummy-2\/","title":{"rendered":"Interstellar Strawberries Gummy"},"content":{"rendered":"","protected":false},"excerpt":{"rendered":"<div class=\"ExternalClassD0363C6055944B7C9426E818D688C477\">\n<h3>Interstellar Strawberries Gummy<\/h3>\n<p>D\u00e9couvrez l&rsquo;\u00e9quilibre parfait entre le sucr\u00e9 et l&rsquo;acidul\u00e9 avec les Interstellar Strawberries Gummies de BLAST. Ces edibles infus\u00e9s au THC de premi\u00e8re qualit\u00e9 offrent une saveur de fraise authentique \u00e0 chaque bouch\u00e9e, offrant une exp\u00e9rience coh\u00e9rente et agr\u00e9able aux consommateurs de cannabis m\u00e9dical. Fabriqu\u00e9s avec des ingr\u00e9dients de qualit\u00e9 et un dosage pr\u00e9cis, ces gommes sont un moyen discret et pratique d&rsquo;incorporer le cannabis dans votre routine de bien-\u00eatre.  <\/p>\n<h4>Caract\u00e9ristiques principales<\/h4>\n<ul>\n<li>Des gommes infus\u00e9es au THC de premi\u00e8re qualit\u00e9 au go\u00fbt authentique de fraise<\/li>\n<li>Un dosage pr\u00e9cis pour des effets constants et des exp\u00e9riences fiables<\/li>\n<li>Fabriqu\u00e9 avec un ar\u00f4me naturel de fraise et un concentr\u00e9 de carotte noire pour une couleur \u00e9clatante.<\/li>\n<li>Contient de l&rsquo;huile MCT pour une meilleure absorption et biodisponibilit\u00e9<\/li>\n<li>Format pratique et discret, id\u00e9al pour le dosage en d\u00e9placement<\/li>\n<\/ul>\n<h4>Profil d&rsquo;ar\u00f4me<\/h4>\n<p>Ces gommes ont un d\u00e9licieux go\u00fbt de fraise aigre-doux qui masque efficacement la saveur du cannabis. L&rsquo;ar\u00f4me naturel de fruit cr\u00e9e une exp\u00e9rience de consommation agr\u00e9able, ce qui rend ces edibles particuli\u00e8rement attrayants pour ceux qui pr\u00e9f\u00e8rent ne pas sentir le cannabis dans leurs m\u00e9dicaments. <\/p>\n<h4>Pourquoi choisir les Gummies ?<\/h4>\n<p>Les gommes de cannabis offrent aux utilisateurs m\u00e9dicaux un dosage pr\u00e9cis, des effets plus durables que les m\u00e9thodes d&rsquo;inhalation et une alternative sans fum\u00e9e. Elles sont id\u00e9ales pour les patients qui recherchent un soulagement durable tout au long de la journ\u00e9e, sans avoir \u00e0 refaire fr\u00e9quemment le dosage. <\/p>\n<h4>Exp\u00e9dition dans tout le Canada<\/h4>\n<p>Interstellar Strawberries Gummy est exp\u00e9di\u00e9 rapidement \u00e0 travers le Canada avec une livraison gratuite \u00e0 partir d&rsquo;une commande de \u00a3150. Veuillez noter que les produits contenant de la g\u00e9latine peuvent fondre pendant le transport durant les mois d&rsquo;\u00e9t\u00e9. Nous vous recommandons de tenir compte de ce probl\u00e8me potentiel lorsque vous passez votre commande.   Malheureusement, nous ne pouvons pas offrir de remboursement ou de remplacement pour les produits qui fondent pendant le transport. Nous vous remercions de votre compr\u00e9hension.<\/p>\n<h4>Avantages et couverture pour les anciens combattants<\/h4>\n<p>Interstellar Strawberries Gummy est admissible \u00e0 la couverture d&rsquo;ACC (Anciens Combattants Canada) et \u00e0 la facturation directe par l&rsquo;entremise de la Croix Bleue, sans aucun d\u00e9bours\u00e9. Vous n&rsquo;avez pas encore d&rsquo;ordonnance de cannabis m\u00e9dical ?  Obtenez rapidement et facilement votre carte m\u00e9dicale gratuite sur <a href=\"https:\/\/mendomedical.ca\/fr\/carte-medicale\/\">https:\/\/mendomedical.ca\/medical-card\/<\/a>.<\/p>\n<p><strong>Ingr\u00e9dients :<\/strong> Sirop de glucose, sucre, eau, g\u00e9latine, acide citrique, ar\u00f4me naturel, huile MCT, concentr\u00e9 de carotte noire, pectine, l\u00e9cithine de tournesol, extrait de cannabis.<\/p>\n<\/div>\n","protected":false},"featured_media":44030,"comment_status":"closed","ping_status":"closed","template":"","meta":{"_acf_changed":false,"site-sidebar-layout":"default","site-content-layout":"","ast-site-content-layout":"default","site-content-style":"default","site-sidebar-style":"default","ast-global-header-display":"","ast-banner-title-visibility":"","ast-main-header-display":"","ast-hfb-above-header-display":"","ast-hfb-below-header-display":"","ast-hfb-mobile-header-display":"","site-post-title":"","ast-breadcrumbs-content":"","ast-featured-img":"","footer-sml-layout":"","ast-disable-related-posts":"","theme-transparent-header-meta":"default","adv-header-id-meta":"","stick-header-meta":"","header-above-stick-meta":"","header-main-stick-meta":"","header-below-stick-meta":"","astra-migrate-meta-layouts":"set","ast-page-background-enabled":"default","ast-page-background-meta":{"desktop":{"background-color":"var(--ast-global-color-4)","background-image":"","background-repeat":"repeat","background-position":"center center","background-size":"auto","background-attachment":"scroll","background-type":"","background-media":"","overlay-type":"","overlay-color":"","overlay-opacity":"","overlay-gradient":""},"tablet":{"background-color":"","background-image":"","background-repeat":"repeat","background-position":"center center","background-size":"auto","background-attachment":"scroll","background-type":"","background-media":"","overlay-type":"","overlay-color":"","overlay-opacity":"","overlay-gradient":""},"mobile":{"background-color":"","background-image":"","background-repeat":"repeat","background-position":"center center","background-size":"auto","background-attachment":"scroll","background-type":"","background-media":"","overlay-type":"","overlay-color":"","overlay-opacity":"","overlay-gradient":""}},"ast-content-background-meta":{"desktop":{"background-color":"var(--ast-global-color-5)","background-image":"","background-repeat":"repeat","background-position":"center center","background-size":"auto","background-attachment":"scroll","background-type":"","background-media":"","overlay-type":"","overlay-color":"","overlay-opacity":"","overlay-gradient":""},"tablet":{"background-color":"var(--ast-global-color-5)","background-image":"","background-repeat":"repeat","background-position":"center center","background-size":"auto","background-attachment":"scroll","background-type":"","background-media":"","overlay-type":"","overlay-color":"","overlay-opacity":"","overlay-gradient":""},"mobile":{"background-color":"var(--ast-global-color-5)","background-image":"","background-repeat":"repeat","background-position":"center center","background-size":"auto","background-attachment":"scroll","background-type":"","background-media":"","overlay-type":"","overlay-color":"","overlay-opacity":"","overlay-gradient":""}}},"product_brand":[],"product_cat":[1132,1128],"product_tag":[2237],"product_format_filter":[6498],"class_list":{"0":"post-44022","1":"product","2":"type-product","3":"status-publish","4":"has-post-thumbnail","6":"product_cat-bonbons","7":"product_cat-comestibles","8":"product_tag-blast-fr","9":"pa_flavours-fraise","10":"pa_format-2-unites","11":"pa_intensity-thc-moyen","12":"pa_marques-blast-fr","13":"pa_origin-colombie-britannique-fr","14":"pa_thc-10mg-fr","15":"product_format_filter-2units","16":"desktop-align-left","17":"tablet-align-left","18":"mobile-align-left","20":"first","21":"outofstock","22":"taxable","23":"shipping-taxable","24":"purchasable","25":"product-type-simple"},"group_of_quantity":0,"min_quantity":0,"max_quantity":"","exclude_order_quantity_value_rules":"no","exclude_category_quantity_rules":"no","combine_variations":"no","acf":[],"_links":{"self":[{"href":"https:\/\/mendomedical.ca\/fr\/wp-json\/wp\/v2\/product\/44022","targetHints":{"allow":["GET"]}}],"collection":[{"href":"https:\/\/mendomedical.ca\/fr\/wp-json\/wp\/v2\/product"}],"about":[{"href":"https:\/\/mendomedical.ca\/fr\/wp-json\/wp\/v2\/types\/product"}],"replies":[{"embeddable":true,"href":"https:\/\/mendomedical.ca\/fr\/wp-json\/wp\/v2\/comments?post=44022"}],"wp:featuredmedia":[{"embeddable":true,"href":"https:\/\/mendomedical.ca\/fr\/wp-json\/wp\/v2\/media\/44030"}],"wp:attachment":[{"href":"https:\/\/mendomedical.ca\/fr\/wp-json\/wp\/v2\/media?parent=44022"}],"wp:term":[{"taxonomy":"product_brand","embeddable":true,"href":"https:\/\/mendomedical.ca\/fr\/wp-json\/wp\/v2\/product_brand?post=44022"},{"taxonomy":"product_cat","embeddable":true,"href":"https:\/\/mendomedical.ca\/fr\/wp-json\/wp\/v2\/product_cat?post=44022"},{"taxonomy":"product_tag","embeddable":true,"href":"https:\/\/mendomedical.ca\/fr\/wp-json\/wp\/v2\/product_tag?post=44022"},{"taxonomy":"product_format_filter","embeddable":true,"href":"https:\/\/mendomedical.ca\/fr\/wp-json\/wp\/v2\/product_format_filter?post=44022"}],"curies":[{"name":"wp","href":"https:\/\/api.w.org\/{rel}","templated":true}]}}