{"id":43936,"date":"2024-01-01T01:21:35","date_gmt":"2024-01-01T06:21:35","guid":{"rendered":"https:\/\/mendomedical.ca\/?post_type=product&#038;p=43936"},"modified":"2026-02-16T22:02:40","modified_gmt":"2026-02-17T03:02:40","slug":"warping-watermelon-sours-gummy","status":"publish","type":"product","link":"https:\/\/mendomedical.ca\/fr\/produit\/warping-watermelon-sours-gummy\/","title":{"rendered":"Gummy Warping Watermelon Sours"},"content":{"rendered":"","protected":false},"excerpt":{"rendered":"<div class=\"ExternalClassFB13837680DB47558F76F38D90E471A3\">\n<h3>BLAST Warping Watermelon Sours Gummy<\/h3>\n<p>Faites l&rsquo;exp\u00e9rience d&rsquo;un voyage gustatif hors du commun avec les gommes Warping Watermelon Sours de BLAST. Ces edibles infus\u00e9s au cannabis offrent un \u00e9quilibre parfait entre l&rsquo;acidit\u00e9 de la past\u00e8que et la satisfaction sucr\u00e9e. Fabriqu\u00e9s \u00e0 partir d&rsquo;ingr\u00e9dients de qualit\u00e9, dont de l&rsquo;extrait de cannabis, ces gommes offrent un moyen pratique et discret de consommer votre cannabis m\u00e9dical dans un format d\u00e9licieux et facile \u00e0 doser.  <\/p>\n<h4>Caract\u00e9ristiques principales<\/h4>\n<ul>\n<li>Saveur intense de past\u00e8que acidul\u00e9e qui ravit les papilles.<\/li>\n<li>Un extrait de cannabis dos\u00e9 avec pr\u00e9cision pour des effets constants<\/li>\n<li>Fabriqu\u00e9 avec des ingr\u00e9dients de haute qualit\u00e9, notamment des ar\u00f4mes naturels et de l&rsquo;huile MCT.<\/li>\n<li>Contient de la pectine et de la g\u00e9latine pour une texture et une consistance optimales.<\/li>\n<li>Format de gomme pratique, parfait pour un dosage discret et en d\u00e9placement.<\/li>\n<\/ul>\n<h4>Profil d&rsquo;ar\u00f4me<\/h4>\n<p>Ces gommes regorgent d&rsquo;une authentique saveur de past\u00e8que, rehauss\u00e9e par un enrobage acidul\u00e9 qui cr\u00e9e une exp\u00e9rience gustative excitante. La saveur naturelle est compl\u00e9t\u00e9e par un concentr\u00e9 de carotte noire, qui ajoute de la profondeur au go\u00fbt de past\u00e8que tout en conservant l&rsquo;aspect vibrant du produit. <\/p>\n<h4>Pourquoi choisir les Gummies ?<\/h4>\n<p>Les gommes de cannabis offrent aux utilisateurs m\u00e9dicaux un dosage pr\u00e9cis dans un format familier et facile \u00e0 consommer. Les effets durent g\u00e9n\u00e9ralement plus longtemps que les m\u00e9thodes d&rsquo;inhalation, ce qui les rend id\u00e9aux pour une gestion soutenue des sympt\u00f4mes tout au long de la journ\u00e9e ou de la nuit. <\/p>\n<h4>Exp\u00e9dition dans tout le Canada<\/h4>\n<p>Warping Watermelon Sours Gummy est exp\u00e9di\u00e9 rapidement \u00e0 travers le Canada, avec une livraison gratuite pour les commandes de plus de 150 $. Veuillez noter que les produits contenant de la g\u00e9latine peuvent fondre pendant l&rsquo;exp\u00e9dition durant les mois d&rsquo;\u00e9t\u00e9. Nous vous recommandons de tenir compte de ce probl\u00e8me potentiel lorsque vous passez votre commande.   Malheureusement, nous ne pouvons pas offrir de remboursement ou de remplacement pour les produits qui fondent pendant le transport. Nous vous remercions de votre compr\u00e9hension.<\/p>\n<h4>Avantages et couverture pour les anciens combattants<\/h4>\n<p>Warping Watermelon Sours Gummy est admissible \u00e0 la couverture d&rsquo;ACC (Anciens Combattants Canada) avec facturation directe par l&rsquo;entremise de la Croix Bleue, ce qui signifie que les anciens combattants admissibles n&rsquo;ont rien \u00e0 d\u00e9bourser. Si vous n&rsquo;avez pas encore d&rsquo;ordonnance de cannabis m\u00e9dical, vous pouvez <a href=\"https:\/\/mendomedical.ca\/fr\/carte-medicale\/\">obtenir votre carte m\u00e9dicale gratuite rapidement et facilement<\/a>. <\/p>\n<p><strong>Ingr\u00e9dients :<\/strong> Sirop de glucose, sucre, eau, g\u00e9latine, acide citrique, ar\u00f4me naturel, huile MCT, pectine, l\u00e9cithine de tournesol, concentr\u00e9 de carotte noire, extrait de cannabis.<\/p>\n<\/div>\n","protected":false},"featured_media":43940,"comment_status":"closed","ping_status":"closed","template":"","meta":{"_acf_changed":false,"site-sidebar-layout":"default","site-content-layout":"","ast-site-content-layout":"default","site-content-style":"default","site-sidebar-style":"default","ast-global-header-display":"","ast-banner-title-visibility":"","ast-main-header-display":"","ast-hfb-above-header-display":"","ast-hfb-below-header-display":"","ast-hfb-mobile-header-display":"","site-post-title":"","ast-breadcrumbs-content":"","ast-featured-img":"","footer-sml-layout":"","ast-disable-related-posts":"","theme-transparent-header-meta":"default","adv-header-id-meta":"","stick-header-meta":"","header-above-stick-meta":"","header-main-stick-meta":"","header-below-stick-meta":"","astra-migrate-meta-layouts":"set","ast-page-background-enabled":"default","ast-page-background-meta":{"desktop":{"background-color":"var(--ast-global-color-4)","background-image":"","background-repeat":"repeat","background-position":"center center","background-size":"auto","background-attachment":"scroll","background-type":"","background-media":"","overlay-type":"","overlay-color":"","overlay-opacity":"","overlay-gradient":""},"tablet":{"background-color":"","background-image":"","background-repeat":"repeat","background-position":"center center","background-size":"auto","background-attachment":"scroll","background-type":"","background-media":"","overlay-type":"","overlay-color":"","overlay-opacity":"","overlay-gradient":""},"mobile":{"background-color":"","background-image":"","background-repeat":"repeat","background-position":"center center","background-size":"auto","background-attachment":"scroll","background-type":"","background-media":"","overlay-type":"","overlay-color":"","overlay-opacity":"","overlay-gradient":""}},"ast-content-background-meta":{"desktop":{"background-color":"var(--ast-global-color-5)","background-image":"","background-repeat":"repeat","background-position":"center center","background-size":"auto","background-attachment":"scroll","background-type":"","background-media":"","overlay-type":"","overlay-color":"","overlay-opacity":"","overlay-gradient":""},"tablet":{"background-color":"var(--ast-global-color-5)","background-image":"","background-repeat":"repeat","background-position":"center center","background-size":"auto","background-attachment":"scroll","background-type":"","background-media":"","overlay-type":"","overlay-color":"","overlay-opacity":"","overlay-gradient":""},"mobile":{"background-color":"var(--ast-global-color-5)","background-image":"","background-repeat":"repeat","background-position":"center center","background-size":"auto","background-attachment":"scroll","background-type":"","background-media":"","overlay-type":"","overlay-color":"","overlay-opacity":"","overlay-gradient":""}}},"product_brand":[],"product_cat":[1132,1128],"product_tag":[2237],"product_format_filter":[],"class_list":{"0":"post-43936","1":"product","2":"type-product","3":"status-publish","4":"has-post-thumbnail","6":"product_cat-bonbons","7":"product_cat-comestibles","8":"product_tag-blast-fr","9":"pa_flavours-watermelon-fr","10":"pa_format-4-unites","11":"pa_intensity-thc-moyen","12":"pa_marques-blast-fr","13":"pa_origin-colombie-britannique-fr","14":"pa_thc-10mg-fr","15":"desktop-align-left","16":"tablet-align-left","17":"mobile-align-left","19":"first","20":"outofstock","21":"taxable","22":"shipping-taxable","23":"purchasable","24":"product-type-simple"},"group_of_quantity":0,"min_quantity":0,"max_quantity":"","exclude_order_quantity_value_rules":"no","exclude_category_quantity_rules":"no","combine_variations":"no","acf":[],"_links":{"self":[{"href":"https:\/\/mendomedical.ca\/fr\/wp-json\/wp\/v2\/product\/43936","targetHints":{"allow":["GET"]}}],"collection":[{"href":"https:\/\/mendomedical.ca\/fr\/wp-json\/wp\/v2\/product"}],"about":[{"href":"https:\/\/mendomedical.ca\/fr\/wp-json\/wp\/v2\/types\/product"}],"replies":[{"embeddable":true,"href":"https:\/\/mendomedical.ca\/fr\/wp-json\/wp\/v2\/comments?post=43936"}],"wp:featuredmedia":[{"embeddable":true,"href":"https:\/\/mendomedical.ca\/fr\/wp-json\/wp\/v2\/media\/43940"}],"wp:attachment":[{"href":"https:\/\/mendomedical.ca\/fr\/wp-json\/wp\/v2\/media?parent=43936"}],"wp:term":[{"taxonomy":"product_brand","embeddable":true,"href":"https:\/\/mendomedical.ca\/fr\/wp-json\/wp\/v2\/product_brand?post=43936"},{"taxonomy":"product_cat","embeddable":true,"href":"https:\/\/mendomedical.ca\/fr\/wp-json\/wp\/v2\/product_cat?post=43936"},{"taxonomy":"product_tag","embeddable":true,"href":"https:\/\/mendomedical.ca\/fr\/wp-json\/wp\/v2\/product_tag?post=43936"},{"taxonomy":"product_format_filter","embeddable":true,"href":"https:\/\/mendomedical.ca\/fr\/wp-json\/wp\/v2\/product_format_filter?post=43936"}],"curies":[{"name":"wp","href":"https:\/\/api.w.org\/{rel}","templated":true}]}}