{"id":43922,"date":"2024-01-01T01:09:19","date_gmt":"2024-01-01T06:09:19","guid":{"rendered":"https:\/\/mendomedical.ca\/?post_type=product&#038;p=43922"},"modified":"2025-08-27T09:33:28","modified_gmt":"2025-08-27T13:33:28","slug":"cosmic-cola-gummy","status":"publish","type":"product","link":"https:\/\/mendomedical.ca\/fr\/produit\/cosmic-cola-gummy\/","title":{"rendered":"Cosmic Cola Gummy"},"content":{"rendered":"","protected":false},"excerpt":{"rendered":"<p><strong>D\u00e9tendez-vous et laissez ces gummies Cosmic Cola vous emmener dans une odyss\u00e9e spatio-temporelle avec la saveur classique de cola au citron et aux \u00e9pices bois\u00e9es.<\/strong><\/p>\n<p>&nbsp;<\/p>\n<p><em><strong>Veuillez noter que les produits contenant de la g\u00e9latine peuvent fondre pendant le transport en \u00e9t\u00e9. Nous vous recommandons d&rsquo;\u00eatre conscient de ce probl\u00e8me potentiel lorsque vous passez votre commande. Malheureusement, nous ne pouvons pas offrir de remboursement ou de remplacement pour les produits qui fondent pendant le transport. Nous vous remercions de votre compr\u00e9hension.   <\/strong><\/em><\/p>\n<p>&nbsp;<\/p>\n<h4 class=\"x-el x-el-h4 c1-4u c1-2 c1-1k c1-1l c1-50 c1-24 c1-25 c1-2j c1-2k c1-b c1-1r c1-45 c1-1s c1-7l c1-7m c1-7n c1-7o c1-7p c1-7q c1-7r c1-7s c1-47 c1-4b c1-4c c1-4d\" role=\"heading\" aria-level=\"4\" data-ux=\"ContentHeading\" data-aid=\"ABOUT_HEADLINE_RENDERED2\" data-typography=\"HeadingDelta\" data-font-scaled=\"true\">Ingr\u00e9dients :<\/h4>\n<div class=\"x-el c1-1 c1-2 c1-1k c1-1l c1-6f c1-2j c1-2k c1-6g c1-6h c1-6i c1-6j c1-6k c1-6l c1-6m c1-6n c1-6o c1-6p c1-6q c1-6r c1-6s c1-6t c1-6u c1-6v c1-6w c1-6x c1-6y c1-6z c1-70 c1-71 c1-72 c1-73 c1-74 c1-75 c1-76 c1-77 c1-78 c1-79 c1-7a c1-7b c1-7c c1-5h c1-b c1-1r c1-c c1-1s c1-d c1-e c1-f c1-g x-rt\" data-ux=\"ContentText\" data-aid=\"ABOUT_DESCRIPTION_RENDERED2\" data-typography=\"BodyAlpha\">\n<p>- Sirop de glucose, sucre, eau, g\u00e9latine, ar\u00f4me naturel, acide citrique, huile MCT, caramel, pectine, l\u00e9cithine de tournesol, extrait de cannabis.<\/p>\n<\/div>\n","protected":false},"featured_media":43930,"comment_status":"closed","ping_status":"closed","template":"","meta":{"_acf_changed":false,"site-sidebar-layout":"default","site-content-layout":"","ast-site-content-layout":"default","site-content-style":"default","site-sidebar-style":"default","ast-global-header-display":"","ast-banner-title-visibility":"","ast-main-header-display":"","ast-hfb-above-header-display":"","ast-hfb-below-header-display":"","ast-hfb-mobile-header-display":"","site-post-title":"","ast-breadcrumbs-content":"","ast-featured-img":"","footer-sml-layout":"","ast-disable-related-posts":"","theme-transparent-header-meta":"default","adv-header-id-meta":"","stick-header-meta":"","header-above-stick-meta":"","header-main-stick-meta":"","header-below-stick-meta":"","astra-migrate-meta-layouts":"set","ast-page-background-enabled":"default","ast-page-background-meta":{"desktop":{"background-color":"var(--ast-global-color-4)","background-image":"","background-repeat":"repeat","background-position":"center center","background-size":"auto","background-attachment":"scroll","background-type":"","background-media":"","overlay-type":"","overlay-color":"","overlay-opacity":"","overlay-gradient":""},"tablet":{"background-color":"","background-image":"","background-repeat":"repeat","background-position":"center center","background-size":"auto","background-attachment":"scroll","background-type":"","background-media":"","overlay-type":"","overlay-color":"","overlay-opacity":"","overlay-gradient":""},"mobile":{"background-color":"","background-image":"","background-repeat":"repeat","background-position":"center center","background-size":"auto","background-attachment":"scroll","background-type":"","background-media":"","overlay-type":"","overlay-color":"","overlay-opacity":"","overlay-gradient":""}},"ast-content-background-meta":{"desktop":{"background-color":"var(--ast-global-color-5)","background-image":"","background-repeat":"repeat","background-position":"center center","background-size":"auto","background-attachment":"scroll","background-type":"","background-media":"","overlay-type":"","overlay-color":"","overlay-opacity":"","overlay-gradient":""},"tablet":{"background-color":"var(--ast-global-color-5)","background-image":"","background-repeat":"repeat","background-position":"center center","background-size":"auto","background-attachment":"scroll","background-type":"","background-media":"","overlay-type":"","overlay-color":"","overlay-opacity":"","overlay-gradient":""},"mobile":{"background-color":"var(--ast-global-color-5)","background-image":"","background-repeat":"repeat","background-position":"center center","background-size":"auto","background-attachment":"scroll","background-type":"","background-media":"","overlay-type":"","overlay-color":"","overlay-opacity":"","overlay-gradient":""}}},"product_brand":[],"product_cat":[1132,1128],"product_tag":[2237],"product_format_filter":[],"class_list":{"0":"post-43922","1":"product","2":"type-product","3":"status-publish","4":"has-post-thumbnail","6":"product_cat-bonbons","7":"product_cat-comestibles","8":"product_tag-blast-fr","9":"pa_flavours-cola","10":"pa_format-4-unites","11":"pa_intensity-thc-moyen","12":"pa_marques-blast-fr","13":"pa_origin-colombie-britannique-fr","14":"pa_thc-10mg-fr","15":"desktop-align-left","16":"tablet-align-left","17":"mobile-align-left","19":"first","20":"outofstock","21":"taxable","22":"shipping-taxable","23":"purchasable","24":"product-type-simple"},"group_of_quantity":0,"min_quantity":0,"max_quantity":"","exclude_order_quantity_value_rules":"no","exclude_category_quantity_rules":"no","combine_variations":"no","acf":[],"_links":{"self":[{"href":"https:\/\/mendomedical.ca\/fr\/wp-json\/wp\/v2\/product\/43922","targetHints":{"allow":["GET"]}}],"collection":[{"href":"https:\/\/mendomedical.ca\/fr\/wp-json\/wp\/v2\/product"}],"about":[{"href":"https:\/\/mendomedical.ca\/fr\/wp-json\/wp\/v2\/types\/product"}],"replies":[{"embeddable":true,"href":"https:\/\/mendomedical.ca\/fr\/wp-json\/wp\/v2\/comments?post=43922"}],"wp:featuredmedia":[{"embeddable":true,"href":"https:\/\/mendomedical.ca\/fr\/wp-json\/wp\/v2\/media\/43930"}],"wp:attachment":[{"href":"https:\/\/mendomedical.ca\/fr\/wp-json\/wp\/v2\/media?parent=43922"}],"wp:term":[{"taxonomy":"product_brand","embeddable":true,"href":"https:\/\/mendomedical.ca\/fr\/wp-json\/wp\/v2\/product_brand?post=43922"},{"taxonomy":"product_cat","embeddable":true,"href":"https:\/\/mendomedical.ca\/fr\/wp-json\/wp\/v2\/product_cat?post=43922"},{"taxonomy":"product_tag","embeddable":true,"href":"https:\/\/mendomedical.ca\/fr\/wp-json\/wp\/v2\/product_tag?post=43922"},{"taxonomy":"product_format_filter","embeddable":true,"href":"https:\/\/mendomedical.ca\/fr\/wp-json\/wp\/v2\/product_format_filter?post=43922"}],"curies":[{"name":"wp","href":"https:\/\/api.w.org\/{rel}","templated":true}]}}