{"id":43864,"date":"2024-01-01T13:00:34","date_gmt":"2024-01-01T18:00:34","guid":{"rendered":"https:\/\/mendomedical.ca\/product\/hash-rosin-peanut-butter-cup-strawberry\/"},"modified":"2025-11-05T11:06:27","modified_gmt":"2025-11-05T16:06:27","slug":"hash-rosin-peanut-butter-cup-strawberry","status":"publish","type":"product","link":"https:\/\/mendomedical.ca\/fr\/produit\/hash-rosin-peanut-butter-cup-strawberry\/","title":{"rendered":"Coupe au beurre de cacahu\u00e8tes de Rosin - Fraise"},"content":{"rendered":"","protected":false},"excerpt":{"rendered":"<h5>Souche utilis\u00e9e : Strawberry Cough<\/h5>\n<p>&nbsp;<\/p>\n<p><strong>De la vraie pur\u00e9e de fraises et du beurre d&rsquo;arachide naturel sont associ\u00e9s de mani\u00e8re experte \u00e0 de la Live Rosin sp\u00e9cifique \u00e0 la souche pour cr\u00e9er une saveur nostalgique de retour en arri\u00e8re.La suite qui surpasse l&rsquo;original. Associ\u00e9 de mani\u00e8re experte \u00e0 la Live Rosin de la toux de fraise pour une combinaison d&rsquo;ar\u00f4mes ultime. <\/strong><\/p>\n<p>&nbsp;<\/p>\n<h5>Aspect Visuel:<\/h5>\n<p>Chocolat temp\u00e9r\u00e9 rouge brillant<\/p>\n<h5>Ar\u00f4me et saveur :<\/h5>\n<p>Beurre de cacahu\u00e8te et gel\u00e9e de fraise.<\/p>\n<h5>Effets :<\/h5>\n<p>Spectre Complet<\/p>\n<h5>Ce que les patients disent de ce produit :<\/h5>\n<p>D\u00e9licieux et efficace<\/p>\n<p>&nbsp;<\/p>\n<h5><em>Veuillez noter que les produits contenant du chocolat peuvent fondre pendant le transport en \u00e9t\u00e9. Nous vous recommandons d&rsquo;\u00eatre conscient de ce probl\u00e8me potentiel lorsque vous passez votre commande. Malheureusement, nous ne pouvons pas offrir de remboursement ou de remplacement pour les produits qui fondent ou perdent leur forme originale pendant le transport. Nous vous remercions de votre compr\u00e9hension.   <\/em><\/h5>\n","protected":false},"featured_media":43844,"comment_status":"closed","ping_status":"closed","template":"","meta":{"_acf_changed":false,"site-sidebar-layout":"default","site-content-layout":"","ast-site-content-layout":"default","site-content-style":"default","site-sidebar-style":"default","ast-global-header-display":"","ast-banner-title-visibility":"","ast-main-header-display":"","ast-hfb-above-header-display":"","ast-hfb-below-header-display":"","ast-hfb-mobile-header-display":"","site-post-title":"","ast-breadcrumbs-content":"","ast-featured-img":"","footer-sml-layout":"","ast-disable-related-posts":"","theme-transparent-header-meta":"default","adv-header-id-meta":"","stick-header-meta":"","header-above-stick-meta":"","header-main-stick-meta":"","header-below-stick-meta":"","astra-migrate-meta-layouts":"set","ast-page-background-enabled":"default","ast-page-background-meta":{"desktop":{"background-color":"var(--ast-global-color-4)","background-image":"","background-repeat":"repeat","background-position":"center center","background-size":"auto","background-attachment":"scroll","background-type":"","background-media":"","overlay-type":"","overlay-color":"","overlay-opacity":"","overlay-gradient":""},"tablet":{"background-color":"","background-image":"","background-repeat":"repeat","background-position":"center center","background-size":"auto","background-attachment":"scroll","background-type":"","background-media":"","overlay-type":"","overlay-color":"","overlay-opacity":"","overlay-gradient":""},"mobile":{"background-color":"","background-image":"","background-repeat":"repeat","background-position":"center center","background-size":"auto","background-attachment":"scroll","background-type":"","background-media":"","overlay-type":"","overlay-color":"","overlay-opacity":"","overlay-gradient":""}},"ast-content-background-meta":{"desktop":{"background-color":"var(--ast-global-color-5)","background-image":"","background-repeat":"repeat","background-position":"center center","background-size":"auto","background-attachment":"scroll","background-type":"","background-media":"","overlay-type":"","overlay-color":"","overlay-opacity":"","overlay-gradient":""},"tablet":{"background-color":"var(--ast-global-color-5)","background-image":"","background-repeat":"repeat","background-position":"center center","background-size":"auto","background-attachment":"scroll","background-type":"","background-media":"","overlay-type":"","overlay-color":"","overlay-opacity":"","overlay-gradient":""},"mobile":{"background-color":"var(--ast-global-color-5)","background-image":"","background-repeat":"repeat","background-position":"center center","background-size":"auto","background-attachment":"scroll","background-type":"","background-media":"","overlay-type":"","overlay-color":"","overlay-opacity":"","overlay-gradient":""}}},"product_brand":[],"product_cat":[1130,1511,1128],"product_tag":[3638],"product_format_filter":[6366],"class_list":{"0":"post-43864","1":"product","2":"type-product","3":"status-publish","4":"has-post-thumbnail","6":"product_cat-chocolats","7":"product_cat-full-spectrum-fr","8":"product_cat-comestibles","9":"product_tag-rosin-heads-fr","10":"pa_flavours-chocolate-fr","11":"pa_flavours-fraise","12":"pa_format-1-unit-fr","13":"pa_marques-rosin-heads-fr","14":"pa_origin-ontario-fr","15":"pa_thc-10mg-fr","16":"product_format_filter-1units","17":"desktop-align-left","18":"tablet-align-left","19":"mobile-align-left","21":"first","22":"outofstock","23":"taxable","24":"shipping-taxable","25":"purchasable","26":"product-type-simple"},"group_of_quantity":0,"min_quantity":0,"max_quantity":"","exclude_order_quantity_value_rules":"no","exclude_category_quantity_rules":"no","combine_variations":"no","acf":[],"_links":{"self":[{"href":"https:\/\/mendomedical.ca\/fr\/wp-json\/wp\/v2\/product\/43864","targetHints":{"allow":["GET"]}}],"collection":[{"href":"https:\/\/mendomedical.ca\/fr\/wp-json\/wp\/v2\/product"}],"about":[{"href":"https:\/\/mendomedical.ca\/fr\/wp-json\/wp\/v2\/types\/product"}],"replies":[{"embeddable":true,"href":"https:\/\/mendomedical.ca\/fr\/wp-json\/wp\/v2\/comments?post=43864"}],"wp:featuredmedia":[{"embeddable":true,"href":"https:\/\/mendomedical.ca\/fr\/wp-json\/wp\/v2\/media\/43844"}],"wp:attachment":[{"href":"https:\/\/mendomedical.ca\/fr\/wp-json\/wp\/v2\/media?parent=43864"}],"wp:term":[{"taxonomy":"product_brand","embeddable":true,"href":"https:\/\/mendomedical.ca\/fr\/wp-json\/wp\/v2\/product_brand?post=43864"},{"taxonomy":"product_cat","embeddable":true,"href":"https:\/\/mendomedical.ca\/fr\/wp-json\/wp\/v2\/product_cat?post=43864"},{"taxonomy":"product_tag","embeddable":true,"href":"https:\/\/mendomedical.ca\/fr\/wp-json\/wp\/v2\/product_tag?post=43864"},{"taxonomy":"product_format_filter","embeddable":true,"href":"https:\/\/mendomedical.ca\/fr\/wp-json\/wp\/v2\/product_format_filter?post=43864"}],"curies":[{"name":"wp","href":"https:\/\/api.w.org\/{rel}","templated":true}]}}