{"id":43528,"date":"2023-08-01T10:42:06","date_gmt":"2023-08-01T14:42:06","guid":{"rendered":"https:\/\/mendomedical.ca\/?post_type=product&#038;p=43528"},"modified":"2025-09-13T11:36:29","modified_gmt":"2025-09-13T15:36:29","slug":"cbd-1500-oil","status":"publish","type":"product","link":"https:\/\/mendomedical.ca\/fr\/produit\/cbd-1500-oil\/","title":{"rendered":"CBD 1500 Oil"},"content":{"rendered":"","protected":false},"excerpt":{"rendered":"<h5>(Carmagnola)<\/h5>\n<p>Un m\u00e9lange d\u2019extrait de CBD \u00e0 spectre complet d\u00e9riv\u00e9 du chanvre de LoFi et de MCT d\u2019origine durable \u00e0 une puissance de 50 mg par ml et 1 500 mg par bouteille. L\u2019extrait de CBD est produit \u00e0 partir d\u2019un processus d\u2019extraction et d\u2019hivernage \u00e0 base d\u2019alcool cr\u00e9ant une huile plus fonc\u00e9e, riche en terp\u00e8nes et en cannabino\u00efdes mineurs. Fabriqu\u00e9 en Colombie-Britannique.<\/p>\n<h5>Profil de Saveur:<\/h5>\n<p>\u00c0 base de plantes, sucr\u00e9.<\/p>\n<h5>Profil cannabino\u00efde et terp\u00e8ne\u00a0:<\/h5>\n<p>Caryophyll\u00e8ne, Bisabolol, Guaiol.<\/p>\n<h5>Effets:<\/h5>\n<p>Varie d\u2019une personne \u00e0 l\u2019autre.<\/p>\n","protected":false},"featured_media":43530,"comment_status":"closed","ping_status":"closed","template":"","meta":{"_acf_changed":false,"site-sidebar-layout":"default","site-content-layout":"","ast-site-content-layout":"default","site-content-style":"default","site-sidebar-style":"default","ast-global-header-display":"","ast-banner-title-visibility":"","ast-main-header-display":"","ast-hfb-above-header-display":"","ast-hfb-below-header-display":"","ast-hfb-mobile-header-display":"","site-post-title":"","ast-breadcrumbs-content":"","ast-featured-img":"","footer-sml-layout":"","ast-disable-related-posts":"","theme-transparent-header-meta":"default","adv-header-id-meta":"","stick-header-meta":"","header-above-stick-meta":"","header-main-stick-meta":"","header-below-stick-meta":"","astra-migrate-meta-layouts":"set","ast-page-background-enabled":"default","ast-page-background-meta":{"desktop":{"background-color":"var(--ast-global-color-4)","background-image":"","background-repeat":"repeat","background-position":"center center","background-size":"auto","background-attachment":"scroll","background-type":"","background-media":"","overlay-type":"","overlay-color":"","overlay-opacity":"","overlay-gradient":""},"tablet":{"background-color":"","background-image":"","background-repeat":"repeat","background-position":"center center","background-size":"auto","background-attachment":"scroll","background-type":"","background-media":"","overlay-type":"","overlay-color":"","overlay-opacity":"","overlay-gradient":""},"mobile":{"background-color":"","background-image":"","background-repeat":"repeat","background-position":"center center","background-size":"auto","background-attachment":"scroll","background-type":"","background-media":"","overlay-type":"","overlay-color":"","overlay-opacity":"","overlay-gradient":""}},"ast-content-background-meta":{"desktop":{"background-color":"var(--ast-global-color-5)","background-image":"","background-repeat":"repeat","background-position":"center center","background-size":"auto","background-attachment":"scroll","background-type":"","background-media":"","overlay-type":"","overlay-color":"","overlay-opacity":"","overlay-gradient":""},"tablet":{"background-color":"var(--ast-global-color-5)","background-image":"","background-repeat":"repeat","background-position":"center center","background-size":"auto","background-attachment":"scroll","background-type":"","background-media":"","overlay-type":"","overlay-color":"","overlay-opacity":"","overlay-gradient":""},"mobile":{"background-color":"var(--ast-global-color-5)","background-image":"","background-repeat":"repeat","background-position":"center center","background-size":"auto","background-attachment":"scroll","background-type":"","background-media":"","overlay-type":"","overlay-color":"","overlay-opacity":"","overlay-gradient":""}}},"product_brand":[],"product_cat":[1143],"product_tag":[2314],"product_format_filter":[],"class_list":{"0":"post-43528","1":"product","2":"type-product","3":"status-publish","4":"has-post-thumbnail","6":"product_cat-huiles-et-teintures","7":"product_tag-lofi-fr","8":"pa_cbd-50mg-ml-fr","9":"pa_flavours-cannabis-fr","10":"pa_format-30ml-fr","11":"pa_intensity-faible-thc","12":"pa_intensity-low-cbc-fr","13":"pa_intensity-low-cbg-fr","14":"pa_intensity-cbd-moyen","15":"pa_marques-lofi-fr","16":"pa_origin-colombie-britannique-fr","17":"pa_profil-terpene-bisabolol-fr","18":"pa_profil-terpene-caryophyllene","19":"pa_profil-terpene-guaiol-fr","20":"desktop-align-left","21":"tablet-align-left","22":"mobile-align-left","24":"first","25":"outofstock","26":"taxable","27":"shipping-taxable","28":"purchasable","29":"product-type-simple"},"group_of_quantity":0,"min_quantity":0,"max_quantity":"","exclude_order_quantity_value_rules":"no","exclude_category_quantity_rules":"no","combine_variations":"no","acf":[],"_links":{"self":[{"href":"https:\/\/mendomedical.ca\/fr\/wp-json\/wp\/v2\/product\/43528","targetHints":{"allow":["GET"]}}],"collection":[{"href":"https:\/\/mendomedical.ca\/fr\/wp-json\/wp\/v2\/product"}],"about":[{"href":"https:\/\/mendomedical.ca\/fr\/wp-json\/wp\/v2\/types\/product"}],"replies":[{"embeddable":true,"href":"https:\/\/mendomedical.ca\/fr\/wp-json\/wp\/v2\/comments?post=43528"}],"wp:featuredmedia":[{"embeddable":true,"href":"https:\/\/mendomedical.ca\/fr\/wp-json\/wp\/v2\/media\/43530"}],"wp:attachment":[{"href":"https:\/\/mendomedical.ca\/fr\/wp-json\/wp\/v2\/media?parent=43528"}],"wp:term":[{"taxonomy":"product_brand","embeddable":true,"href":"https:\/\/mendomedical.ca\/fr\/wp-json\/wp\/v2\/product_brand?post=43528"},{"taxonomy":"product_cat","embeddable":true,"href":"https:\/\/mendomedical.ca\/fr\/wp-json\/wp\/v2\/product_cat?post=43528"},{"taxonomy":"product_tag","embeddable":true,"href":"https:\/\/mendomedical.ca\/fr\/wp-json\/wp\/v2\/product_tag?post=43528"},{"taxonomy":"product_format_filter","embeddable":true,"href":"https:\/\/mendomedical.ca\/fr\/wp-json\/wp\/v2\/product_format_filter?post=43528"}],"curies":[{"name":"wp","href":"https:\/\/api.w.org\/{rel}","templated":true}]}}