{"id":43460,"date":"2025-08-29T07:15:40","date_gmt":"2025-08-29T11:15:40","guid":{"rendered":"https:\/\/mendomedical.ca\/product\/full-spectrum-kief-gummies\/"},"modified":"2026-01-31T08:32:13","modified_gmt":"2026-01-31T13:32:13","slug":"glenns-no-4-true-hybrid-kief-classic-flavours","status":"publish","type":"product","link":"https:\/\/mendomedical.ca\/fr\/produit\/glenns-no-4-true-hybrid-kief-classic-flavours\/","title":{"rendered":"No. 4 True Hybrid Kief - Saveurs classiques"},"content":{"rendered":"","protected":false},"excerpt":{"rendered":"<div class=\"ExternalClass46E8C7511F7A4801850CDB7426E82AEA\">\n<h3>Glenn&rsquo;s No. 4 True Hybrid Kief - Saveurs classiques<\/h3>\n<p>D\u00e9couvrez l&rsquo;\u00e9quilibre parfait entre saveur et puissance avec les gommes Glenn&rsquo;s No. 4 True Hybrid Kief. Chaque paquet contient deux gommes \u00e0 m\u00e2cher soigneusement \u00e9labor\u00e9es, infus\u00e9es avec du kief \u00e0 spectre complet de premi\u00e8re qualit\u00e9, d\u00e9livrant 5 mg de THC par gomme dans les d\u00e9licieux parfums de framboise bleue et de limonade \u00e0 la fraise. Ces edibles artisanaux combinent des m\u00e9thodes d&rsquo;extraction traditionnelles avec des techniques de confiserie modernes pour cr\u00e9er une exp\u00e9rience de cannabis coh\u00e9rente et agr\u00e9able.  <\/p>\n<h4>Caract\u00e9ristiques principales<\/h4>\n<ul>\n<li>2 gommes par paquet avec 5mg de THC chacune (10mg de THC au total)<\/li>\n<li>Kief \u00e0 spectre complet extrait de vari\u00e9t\u00e9s de cannabis de premi\u00e8re qualit\u00e9<\/li>\n<li>Saveurs classiques de framboise bleue et de limonade \u00e0 la fraise<\/li>\n<li>Des tests rigoureux garantissent une puissance et une puret\u00e9 constantes.<\/li>\n<li>Distribution uniforme des cannabino\u00efdes pour un dosage fiable<\/li>\n<\/ul>\n<h4>Profil des ar\u00f4mes et des cannabino\u00efdes<\/h4>\n<p>Ces gommes de kief \u00e0 spectre complet pr\u00e9servent la gamme compl\u00e8te de cannabino\u00efdes et de terp\u00e8nes des souches d&rsquo;origine. Le Blue Raspberry offre un go\u00fbt fruit\u00e9 et audacieux, tandis que le Strawberry Lemonade offre un m\u00e9lange rafra\u00eechissant d&rsquo;agrumes et de baies. L&rsquo;infusion de kief sp\u00e9cifique \u00e0 la souche rehausse chaque profil de saveur, cr\u00e9ant un \u00e9quilibre harmonieux entre le go\u00fbt et le potentiel th\u00e9rapeutique.  <\/p>\n<h4>Pourquoi choisir les gommes<\/h4>\n<p>Les gommes de cannabis offrent aux utilisateurs m\u00e9dicaux une option discr\u00e8te, sans fum\u00e9e, avec un dosage pr\u00e9cis. La lib\u00e9ration prolong\u00e9e par la digestion peut fournir des effets plus durables que les m\u00e9thodes d&rsquo;inhalation, ce qui les rend id\u00e9ales pour la gestion durable des sympt\u00f4mes. <\/p>\n<h4>Exp\u00e9dition dans tout le Canada<\/h4>\n<p>Les gommes de Glenn&rsquo;s No. 4 True Hybrid Kief sont exp\u00e9di\u00e9es rapidement \u00e0 travers le Canada avec une livraison gratuite pour les commandes de plus de 150 $. Veuillez noter que les produits contenant de la g\u00e9latine peuvent fondre pendant l&rsquo;exp\u00e9dition durant les mois d&rsquo;\u00e9t\u00e9.  Nous vous recommandons d&rsquo;\u00eatre conscient de ce probl\u00e8me potentiel lorsque vous passez votre commande. Malheureusement, nous ne pouvons pas offrir de remboursement ou de remplacement pour les produits qui fondent pendant le transport. Nous vous remercions de votre compr\u00e9hension.<\/p>\n<h4>Avantages et couverture pour les anciens combattants<\/h4>\n<p>Ce produit est admissible \u00e0 la couverture d&rsquo;ACC (Anciens Combattants Canada) avec facturation directe par l&rsquo;entremise de la Croix Bleue, ce qui signifie que les anciens combattants admissibles n&rsquo;ont pas \u00e0 d\u00e9bourser d&rsquo;argent. Si vous n&rsquo;avez pas encore votre carte de cannabis m\u00e9dical, <a href=\"https:\/\/mendomedical.ca\/fr\/carte-medicale\/\">obtenez votre carte m\u00e9dicale gratuite rapidement et facilement<\/a>. <\/p>\n<p><strong>Ingr\u00e9dients :<\/strong> Sucre (sucre, sirop de ma\u00efs), eau, g\u00e9latine, acide citrique, ar\u00f4mes naturels et artificiels, pectine, huile MCT, extrait de cannabis (kief), dioxyde de titane, bleu brillant FCF, tartrazine, \u00e9rythrosine, rouge Allura, huile de canola.<\/p>\n<\/div>\n","protected":false},"featured_media":233967,"comment_status":"closed","ping_status":"closed","template":"","meta":{"_acf_changed":false,"site-sidebar-layout":"default","site-content-layout":"","ast-site-content-layout":"default","site-content-style":"default","site-sidebar-style":"default","ast-global-header-display":"","ast-banner-title-visibility":"","ast-main-header-display":"","ast-hfb-above-header-display":"","ast-hfb-below-header-display":"","ast-hfb-mobile-header-display":"","site-post-title":"","ast-breadcrumbs-content":"","ast-featured-img":"","footer-sml-layout":"","ast-disable-related-posts":"","theme-transparent-header-meta":"default","adv-header-id-meta":"","stick-header-meta":"","header-above-stick-meta":"","header-main-stick-meta":"","header-below-stick-meta":"","astra-migrate-meta-layouts":"set","ast-page-background-enabled":"default","ast-page-background-meta":{"desktop":{"background-color":"var(--ast-global-color-4)","background-image":"","background-repeat":"repeat","background-position":"center center","background-size":"auto","background-attachment":"scroll","background-type":"","background-media":"","overlay-type":"","overlay-color":"","overlay-opacity":"","overlay-gradient":""},"tablet":{"background-color":"","background-image":"","background-repeat":"repeat","background-position":"center center","background-size":"auto","background-attachment":"scroll","background-type":"","background-media":"","overlay-type":"","overlay-color":"","overlay-opacity":"","overlay-gradient":""},"mobile":{"background-color":"","background-image":"","background-repeat":"repeat","background-position":"center center","background-size":"auto","background-attachment":"scroll","background-type":"","background-media":"","overlay-type":"","overlay-color":"","overlay-opacity":"","overlay-gradient":""}},"ast-content-background-meta":{"desktop":{"background-color":"var(--ast-global-color-5)","background-image":"","background-repeat":"repeat","background-position":"center center","background-size":"auto","background-attachment":"scroll","background-type":"","background-media":"","overlay-type":"","overlay-color":"","overlay-opacity":"","overlay-gradient":""},"tablet":{"background-color":"var(--ast-global-color-5)","background-image":"","background-repeat":"repeat","background-position":"center center","background-size":"auto","background-attachment":"scroll","background-type":"","background-media":"","overlay-type":"","overlay-color":"","overlay-opacity":"","overlay-gradient":""},"mobile":{"background-color":"var(--ast-global-color-5)","background-image":"","background-repeat":"repeat","background-position":"center center","background-size":"auto","background-attachment":"scroll","background-type":"","background-media":"","overlay-type":"","overlay-color":"","overlay-opacity":"","overlay-gradient":""}}},"product_brand":[],"product_cat":[1132,1511,1128],"product_tag":[3640],"product_format_filter":[6498],"class_list":{"0":"post-43460","1":"product","2":"type-product","3":"status-publish","4":"has-post-thumbnail","6":"product_cat-bonbons","7":"product_cat-full-spectrum-fr","8":"product_cat-comestibles","9":"product_tag-glenns-fr","10":"pa_flavours-framboise-bleue-fr","11":"pa_flavours-limonade-de-fraise","12":"pa_format-2-unites","13":"pa_intensity-thc-moyen","14":"pa_marques-glenns-fr","15":"pa_origin-ontario-fr","16":"pa_thc-10mg-fr","17":"pa_type-de-plante-hybride-fr","18":"product_format_filter-2units","19":"desktop-align-left","20":"tablet-align-left","21":"mobile-align-left","23":"first","24":"instock","25":"taxable","26":"shipping-taxable","27":"purchasable","28":"product-type-simple"},"group_of_quantity":0,"min_quantity":0,"max_quantity":"","exclude_order_quantity_value_rules":"no","exclude_category_quantity_rules":"no","combine_variations":"no","acf":[],"_links":{"self":[{"href":"https:\/\/mendomedical.ca\/fr\/wp-json\/wp\/v2\/product\/43460","targetHints":{"allow":["GET"]}}],"collection":[{"href":"https:\/\/mendomedical.ca\/fr\/wp-json\/wp\/v2\/product"}],"about":[{"href":"https:\/\/mendomedical.ca\/fr\/wp-json\/wp\/v2\/types\/product"}],"replies":[{"embeddable":true,"href":"https:\/\/mendomedical.ca\/fr\/wp-json\/wp\/v2\/comments?post=43460"}],"wp:featuredmedia":[{"embeddable":true,"href":"https:\/\/mendomedical.ca\/fr\/wp-json\/wp\/v2\/media\/233967"}],"wp:attachment":[{"href":"https:\/\/mendomedical.ca\/fr\/wp-json\/wp\/v2\/media?parent=43460"}],"wp:term":[{"taxonomy":"product_brand","embeddable":true,"href":"https:\/\/mendomedical.ca\/fr\/wp-json\/wp\/v2\/product_brand?post=43460"},{"taxonomy":"product_cat","embeddable":true,"href":"https:\/\/mendomedical.ca\/fr\/wp-json\/wp\/v2\/product_cat?post=43460"},{"taxonomy":"product_tag","embeddable":true,"href":"https:\/\/mendomedical.ca\/fr\/wp-json\/wp\/v2\/product_tag?post=43460"},{"taxonomy":"product_format_filter","embeddable":true,"href":"https:\/\/mendomedical.ca\/fr\/wp-json\/wp\/v2\/product_format_filter?post=43460"}],"curies":[{"name":"wp","href":"https:\/\/api.w.org\/{rel}","templated":true}]}}