{"id":43451,"date":"2025-08-29T07:50:11","date_gmt":"2025-08-29T11:50:11","guid":{"rendered":"https:\/\/mendomedical.ca\/product\/glenns-muti-flavours\/"},"modified":"2026-03-26T06:57:52","modified_gmt":"2026-03-26T10:57:52","slug":"glenns-no-11-distillate-delta-9-multi-flavours","status":"publish","type":"product","link":"https:\/\/mendomedical.ca\/fr\/produit\/glenns-no-11-distillate-delta-9-multi-flavours\/","title":{"rendered":"N\u00b0 11 Distillat Delta 9 - Multi-go\u00fbts"},"content":{"rendered":"","protected":false},"excerpt":{"rendered":"<h3>No. 11 <span data-sheets-root=\"1\">Paquet de gommes \u00e0 m\u00e2cher THC Multiflavour<\/span> de Glenn&rsquo;s<\/h3>\n<p>Vous \u00eates \u00e0 la recherche d&rsquo;une exp\u00e9rience de cannabis savoureuse et pr\u00e9cise ? Le <span data-sheets-root=\"1\">Multiflavour THC Gummy Pack de<\/span><a title=\"En savoir plus sur Glenn's Edibles\" href=\"https:\/\/glennsedibles.com\/\"> Glenn&rsquo;s<\/a> offre un d\u00e9licieux assortiment de gommes multi-saveurs, chacune infus\u00e9e avec 2,5mg de distillat de THC Delta 9 de premi\u00e8re qualit\u00e9. Parfait pour ceux qui recherchent un high doux et agr\u00e9able sans le go\u00fbt du cannabis.  <\/p>\n<h3>D\u00e9tails du produit<\/h3>\n<p>Chaque paquet contient <strong>4 gommes<\/strong> avec une dose pr\u00e9cise.   <strong>par pi\u00e8ce :<\/strong><\/p>\n<ul>\n<li>2,5 mg de THC<\/li>\n<li>0mg CBD<\/li>\n<\/ul>\n<p><strong>Total :<\/strong> 10 mg de THC<\/p>\n<p>&nbsp;<\/p>\n<h3>Une exp\u00e9rience savoureuse<\/h3>\n<p>Laissez-vous tenter par un pot-pourri de  <strong>quatre saveurs fruit\u00e9es vibrantes :<\/strong><\/p>\n<ul>\n<li>Pomme verte<\/li>\n<li>Past\u00e8que bleue<\/li>\n<li>Cerise noire<\/li>\n<li>Fraise<\/li>\n<\/ul>\n<p>Le <span data-sheets-root=\"1\">Multiflavour THC Gummy Pack<\/span> offre une explosion de bienfaits fruit\u00e9s, garantissant une exp\u00e9rience d\u00e9licieuse \u00e0 chaque bouch\u00e9e.<\/p>\n<p>&nbsp;<\/p>\n<h3>Pourquoi choisir le <span data-sheets-root=\"1\">paquet de chewing-gums au THC Multiflavour<\/span>?<\/h3>\n<ul>\n<li>Effets constants et fiables gr\u00e2ce \u00e0 un dosage pr\u00e9cis<\/li>\n<li>Aucun go\u00fbt de cannabis pour une exp\u00e9rience purement fruit\u00e9e<\/li>\n<li>Format pratique et discret pour une utilisation en d\u00e9placement<\/li>\n<li>Admissible \u00e0 la facturation directe d&rsquo;ACC pour l&rsquo;aide aux anciens combattants<\/li>\n<\/ul>\n<p>&nbsp;<\/p>\n<h3>Avantages et couverture pour les anciens combattants<\/h3>\n<p>Dans le cadre de notre engagement envers les anciens combattants canadiens, le <span data-sheets-root=\"1\">Multiflavour THC Gummy Pack<\/span> est admissible \u00e0 la <strong>facturation directe par l&rsquo;entremise d&rsquo;Anciens Combattants Canada (ACC)<\/strong> et de la Croix Bleue. Les v\u00e9t\u00e9rans admissibles peuvent ainsi consommer des <a title=\"Acheter des gommes de cannabis chez Mendo Medical\" href=\"https:\/\/mendomedical.ca\/fr\/categorie-produit\/comestibles\/?swoof=1&#038;product_cat=gummies&#038;really_curr_tax=624-product_cat\" target=\"_blank\" rel=\"noopener\">gommes de cannabis<\/a> sans avoir \u00e0 d\u00e9bourser un sou. <\/p>\n<p>&nbsp;<\/p>\n<h3>Livraison rapide et discr\u00e8te dans tout le Canada<\/h3>\n<p>Nous offrons une <strong>livraison rapide et discr\u00e8te<\/strong> dans tout le Canada. Les commandes de plus de 150 $ sont admissibles \u00e0 la livraison gratuite. Tous les produits sont emball\u00e9s avec soin pour assurer la confidentialit\u00e9 et la qualit\u00e9.  <\/p>\n<p><strong>Avis de fonte estivale :<\/strong> Le <span data-sheets-root=\"1\">Multiflavour THC Gummy Pack<\/span> contient de la g\u00e9latine et peut se ramollir \u00e0 des temp\u00e9ratures \u00e9lev\u00e9es. Veuillez en tenir compte lors de votre commande pendant les mois les plus chauds.  Malheureusement, nous ne pouvons pas offrir de remboursement ou de remplacement pour les produits qui fondent pendant le transport.<\/p>\n<p>&nbsp;<\/p>\n<p>Si vous recherchez un go\u00fbt fruit\u00e9, sans cannabis, avec les avantages du THC Delta 9, Glenn&rsquo;s No. 11 <span data-sheets-root=\"1\">Multiflavour THC Gummy Pack<\/span> est \u00e0 essayer absolument. <strong>Vous avez besoin d&rsquo;une carte m\u00e9dicale ? <\/strong><a title=\"Obtenez votre document m\u00e9dical cannbis avec Mendo Medical\" href=\"https:\/\/mendomedical.ca\/fr\/carte-medicale\/\" target=\"_blank\" rel=\"noopener\">Obtenez votre document gratuit sur le cannabis m\u00e9dical<\/a> rapidement et facilement pour commencer \u00e0 acheter d\u00e8s aujourd&rsquo;hui !<\/p>\n<p>&nbsp;<\/p>\n<h4>Ingr\u00e9dients<\/h4>\n<p>Sucre (sucre, sirop de ma\u00efs), eau, g\u00e9latine, acide citrique, ar\u00f4mes naturels et artificiels, pectine, huile MCT, extrait de cannabis (distillat delta 9), dioxyde de titane, bleu brillant FCF, rouge Allura, \u00e9rythrosine, tartrazine, jaune soleil FCF, huile de canola.<\/p>\n","protected":false},"featured_media":234100,"comment_status":"closed","ping_status":"closed","template":"","meta":{"_acf_changed":false,"site-sidebar-layout":"default","site-content-layout":"","ast-site-content-layout":"default","site-content-style":"default","site-sidebar-style":"default","ast-global-header-display":"","ast-banner-title-visibility":"","ast-main-header-display":"","ast-hfb-above-header-display":"","ast-hfb-below-header-display":"","ast-hfb-mobile-header-display":"","site-post-title":"","ast-breadcrumbs-content":"","ast-featured-img":"","footer-sml-layout":"","ast-disable-related-posts":"","theme-transparent-header-meta":"default","adv-header-id-meta":"","stick-header-meta":"","header-above-stick-meta":"","header-main-stick-meta":"","header-below-stick-meta":"","astra-migrate-meta-layouts":"set","ast-page-background-enabled":"default","ast-page-background-meta":{"desktop":{"background-color":"var(--ast-global-color-4)","background-image":"","background-repeat":"repeat","background-position":"center center","background-size":"auto","background-attachment":"scroll","background-type":"","background-media":"","overlay-type":"","overlay-color":"","overlay-opacity":"","overlay-gradient":""},"tablet":{"background-color":"","background-image":"","background-repeat":"repeat","background-position":"center center","background-size":"auto","background-attachment":"scroll","background-type":"","background-media":"","overlay-type":"","overlay-color":"","overlay-opacity":"","overlay-gradient":""},"mobile":{"background-color":"","background-image":"","background-repeat":"repeat","background-position":"center center","background-size":"auto","background-attachment":"scroll","background-type":"","background-media":"","overlay-type":"","overlay-color":"","overlay-opacity":"","overlay-gradient":""}},"ast-content-background-meta":{"desktop":{"background-color":"var(--ast-global-color-5)","background-image":"","background-repeat":"repeat","background-position":"center center","background-size":"auto","background-attachment":"scroll","background-type":"","background-media":"","overlay-type":"","overlay-color":"","overlay-opacity":"","overlay-gradient":""},"tablet":{"background-color":"var(--ast-global-color-5)","background-image":"","background-repeat":"repeat","background-position":"center center","background-size":"auto","background-attachment":"scroll","background-type":"","background-media":"","overlay-type":"","overlay-color":"","overlay-opacity":"","overlay-gradient":""},"mobile":{"background-color":"var(--ast-global-color-5)","background-image":"","background-repeat":"repeat","background-position":"center center","background-size":"auto","background-attachment":"scroll","background-type":"","background-media":"","overlay-type":"","overlay-color":"","overlay-opacity":"","overlay-gradient":""}}},"product_brand":[],"product_cat":[1132,1128],"product_tag":[3640],"product_format_filter":[6499],"class_list":{"0":"post-43451","1":"product","2":"type-product","3":"status-publish","4":"has-post-thumbnail","6":"product_cat-bonbons","7":"product_cat-comestibles","8":"product_tag-glenns-fr","9":"pa_flavours-cerise-noire","10":"pa_flavours-fraise","11":"pa_flavours-melon-deau-bleue","12":"pa_flavours-pomme-verte","13":"pa_format-4-unites","14":"pa_intensity-thc-moyen","15":"pa_marques-glenns-fr","16":"pa_origin-ontario-fr","17":"pa_thc-10mg-fr","18":"pa_type-de-plante-thc-fr","19":"product_format_filter-4units","20":"desktop-align-left","21":"tablet-align-left","22":"mobile-align-left","24":"first","25":"outofstock","26":"taxable","27":"shipping-taxable","28":"purchasable","29":"product-type-simple"},"group_of_quantity":0,"min_quantity":0,"max_quantity":"","exclude_order_quantity_value_rules":"no","exclude_category_quantity_rules":"no","combine_variations":"no","acf":[],"_links":{"self":[{"href":"https:\/\/mendomedical.ca\/fr\/wp-json\/wp\/v2\/product\/43451","targetHints":{"allow":["GET"]}}],"collection":[{"href":"https:\/\/mendomedical.ca\/fr\/wp-json\/wp\/v2\/product"}],"about":[{"href":"https:\/\/mendomedical.ca\/fr\/wp-json\/wp\/v2\/types\/product"}],"replies":[{"embeddable":true,"href":"https:\/\/mendomedical.ca\/fr\/wp-json\/wp\/v2\/comments?post=43451"}],"wp:featuredmedia":[{"embeddable":true,"href":"https:\/\/mendomedical.ca\/fr\/wp-json\/wp\/v2\/media\/234100"}],"wp:attachment":[{"href":"https:\/\/mendomedical.ca\/fr\/wp-json\/wp\/v2\/media?parent=43451"}],"wp:term":[{"taxonomy":"product_brand","embeddable":true,"href":"https:\/\/mendomedical.ca\/fr\/wp-json\/wp\/v2\/product_brand?post=43451"},{"taxonomy":"product_cat","embeddable":true,"href":"https:\/\/mendomedical.ca\/fr\/wp-json\/wp\/v2\/product_cat?post=43451"},{"taxonomy":"product_tag","embeddable":true,"href":"https:\/\/mendomedical.ca\/fr\/wp-json\/wp\/v2\/product_tag?post=43451"},{"taxonomy":"product_format_filter","embeddable":true,"href":"https:\/\/mendomedical.ca\/fr\/wp-json\/wp\/v2\/product_format_filter?post=43451"}],"curies":[{"name":"wp","href":"https:\/\/api.w.org\/{rel}","templated":true}]}}