{"id":43412,"date":"2025-08-29T07:10:43","date_gmt":"2025-08-29T11:10:43","guid":{"rendered":"https:\/\/mendomedical.ca\/product\/ice-cream-live-rosin-gummies\/"},"modified":"2026-04-16T11:20:47","modified_gmt":"2026-04-16T15:20:47","slug":"glenns-no-3-red-label-select-rosin-ice-cream","status":"publish","type":"product","link":"https:\/\/mendomedical.ca\/fr\/produit\/glenns-no-3-red-label-select-rosin-ice-cream\/","title":{"rendered":"No. 3 Red Label Select Rosin - Cr\u00e8me glac\u00e9e"},"content":{"rendered":"<p>&nbsp;<\/p>\n<p>&nbsp;<\/p>\n","protected":false},"excerpt":{"rendered":"<h3>Gommes \u00e0 la cr\u00e8me glac\u00e9e Hash Rosin n\u00b0 3 Red Label Select de Glenn&rsquo;s<\/h3>\n<p>Offrez-vous une exp\u00e9rience unique avec les Gummies <a title=\"En savoir plus sur Glenn's Edibles\" href=\"https:\/\/glennsedibles.com\/\" target=\"_blank\" rel=\"noopener\">Glenn&rsquo;s<\/a> No. 3 Red Label Select Rosin. Ces <a title=\"Acheter des edibles \u00e0 spectre complet chez Mendo Medical\" href=\"https:\/\/mendomedical.ca\/product-category\/edibles\/full-spectrum\" target=\"_blank\" rel=\"noopener\">edibles \u00e0 spectre complet<\/a> sont con\u00e7us pour d\u00e9livrer une dose d\u00e9licieuse et constante de THC, ce qui les rend parfaits pour les nouveaux consommateurs comme pour les plus exp\u00e9riment\u00e9s. <\/p>\n<p>&nbsp;<\/p>\n<h3>D\u00e9tails du produit<\/h3>\n<p>Chaque paquet contient <strong>4<\/strong> gommes <strong>\u00e0 m\u00e2cher<\/strong>, chaque gomme offrant une dose pr\u00e9cise de <strong>2,5 mg de THC<\/strong>. Cette formulation garantit une exp\u00e9rience contr\u00f4l\u00e9e et agr\u00e9able sans la pr\u00e9sence de CBD, vous permettant de vous concentrer sur les effets purs du THC. <\/p>\n<p>&nbsp;<\/p>\n<h3>Fabriqu\u00e9 avec du Rosin de premi\u00e8re qualit\u00e9<\/h3>\n<p>Ces gommes \u00e0 la cr\u00e8me glac\u00e9e Hash Rosin sont le r\u00e9sultat d&rsquo;une collaboration sp\u00e9ciale avec Sauce, mettant en vedette la Live Rosin de Frosted Fruit Cake. Cette <strong>rosine de haschisch sans solvant<\/strong> de Coulson Cannabis garantit un produit propre et pur, exempt de tout solvant ou additif ind\u00e9sirable. <\/p>\n<p>&nbsp;<\/p>\n<h3>Profil d&rsquo;ar\u00f4me<\/h3>\n<p>D\u00e9couvrez un pot-pourri de <strong>saveurs inspir\u00e9es de la cr\u00e8me glac\u00e9e<\/strong> qui capturent l&rsquo;essence de l&rsquo;\u00e9t\u00e9. Chaque gomme \u00e0 m\u00e2cher Hash Rosin Ice Cream est infus\u00e9e de ces d\u00e9licieux ar\u00f4mes, ce qui les rend non seulement efficaces mais aussi un r\u00e9gal pour vos papilles. <\/p>\n<p>&nbsp;<\/p>\n<h3>Pourquoi choisir les gommes \u00e0 la cr\u00e8me glac\u00e9e Hash Rosin ?<\/h3>\n<ul>\n<li>Comestible \u00e0 spectre complet avec une dose \u00e9quilibr\u00e9e de THC<\/li>\n<li>Fabriqu\u00e9 avec de la colophane de haschisch de haute qualit\u00e9, sans solvant.<\/li>\n<li>De d\u00e9licieuses saveurs inspir\u00e9es de la cr\u00e8me glac\u00e9e<\/li>\n<li>Facile \u00e0 doser et parfait pour une consommation discr\u00e8te<\/li>\n<li>Admissible \u00e0 la facturation directe d&rsquo;ACC pour les anciens combattants<\/li>\n<\/ul>\n<h3>Avantages et couverture pour les anciens combattants<\/h3>\n<p>Le soutien aux anciens combattants canadiens est une priorit\u00e9. Les gommes \u00e0 la cr\u00e8me glac\u00e9e Hash Rosin sont admissibles \u00e0 la <strong>facturation directe par l&rsquo;entremise d&rsquo;Anciens Combattants Canada (ACC)<\/strong> et de la Croix Bleue, ce qui permet aux anciens combattants admissibles d&rsquo;avoir acc\u00e8s \u00e0 ces gommes sans avoir \u00e0 d\u00e9bourser quoi que ce soit. <\/p>\n<p>&nbsp;<\/p>\n<h3>Livraison rapide et discr\u00e8te dans tout le Canada<\/h3>\n<p>Nous offrons un <strong>service d&rsquo;exp\u00e9dition rapide et discret<\/strong> dans tout le Canada. Les commandes de plus de 150 $ sont livr\u00e9es gratuitement et tous les produits sont emball\u00e9s avec soin pour garantir leur confidentialit\u00e9 et leur qualit\u00e9.<\/p>\n<p><strong>Avis de fonte estivale :<\/strong> Veuillez noter que ces gommes contiennent de la g\u00e9latine et qu&rsquo;elles peuvent fondre \u00e0 des temp\u00e9ratures \u00e9lev\u00e9es. Nous vous recommandons de commander en tenant compte de ce risque pendant les mois les plus chauds, car nous ne pouvons pas effectuer de remboursement ou de remplacement en cas de fonte pendant le transport. <\/p>\n<p>&nbsp;<\/p>\n<p>Si vous \u00eates \u00e0 la recherche d&rsquo;une exp\u00e9rience comestible de haute qualit\u00e9 et \u00e0 spectre complet, les gommes \u00e0 la cr\u00e8me glac\u00e9e Glenn&rsquo;s No. 3 Red Label Select Hash Rosin sont \u00e0 essayer absolument. Profitez des bienfaits d&rsquo;un cannabis de qualit\u00e9 sup\u00e9rieure avec la commodit\u00e9 d&rsquo;un d\u00e9licieux format gommeux. <strong>Besoin d&rsquo;un document m\u00e9dical ? <\/strong><a title=\"Obtenez votre document de cannabis m\u00e9dical avec Mendo Medical\" href=\"https:\/\/mendomedical.ca\/fr\/carte-medicale\/\" target=\"_blank\" rel=\"noopener\">Obtenez votre document m\u00e9dical gratuit pour le cannabis<\/a> rapidement et facilement avec Mendo et commencez \u00e0 acheter d\u00e8s aujourd&rsquo;hui ! <\/p>\n<p>&nbsp;<\/p>\n<h4><strong>Ingr\u00e9dients  <\/strong><\/h4>\n<p>Sucre (sucre, sirop de ma\u00efs), eau, g\u00e9latine, acide citrique, ar\u00f4mes naturels et artificiels, pectine, huile MCT, extrait de cannabis (Rosin sans solvant), dioxyde de titane, bleu brillant FCF, tartrazine, \u00e9rythrosine, rouge allura, jaune soleil FCF, huile de canola.<\/p>\n","protected":false},"featured_media":233969,"comment_status":"closed","ping_status":"closed","template":"","meta":{"_acf_changed":false,"site-sidebar-layout":"default","site-content-layout":"","ast-site-content-layout":"default","site-content-style":"default","site-sidebar-style":"default","ast-global-header-display":"","ast-banner-title-visibility":"","ast-main-header-display":"","ast-hfb-above-header-display":"","ast-hfb-below-header-display":"","ast-hfb-mobile-header-display":"","site-post-title":"","ast-breadcrumbs-content":"","ast-featured-img":"","footer-sml-layout":"","ast-disable-related-posts":"","theme-transparent-header-meta":"default","adv-header-id-meta":"","stick-header-meta":"","header-above-stick-meta":"","header-main-stick-meta":"","header-below-stick-meta":"","astra-migrate-meta-layouts":"set","ast-page-background-enabled":"default","ast-page-background-meta":{"desktop":{"background-color":"var(--ast-global-color-4)","background-image":"","background-repeat":"repeat","background-position":"center center","background-size":"auto","background-attachment":"scroll","background-type":"","background-media":"","overlay-type":"","overlay-color":"","overlay-opacity":"","overlay-gradient":""},"tablet":{"background-color":"","background-image":"","background-repeat":"repeat","background-position":"center center","background-size":"auto","background-attachment":"scroll","background-type":"","background-media":"","overlay-type":"","overlay-color":"","overlay-opacity":"","overlay-gradient":""},"mobile":{"background-color":"","background-image":"","background-repeat":"repeat","background-position":"center center","background-size":"auto","background-attachment":"scroll","background-type":"","background-media":"","overlay-type":"","overlay-color":"","overlay-opacity":"","overlay-gradient":""}},"ast-content-background-meta":{"desktop":{"background-color":"var(--ast-global-color-5)","background-image":"","background-repeat":"repeat","background-position":"center center","background-size":"auto","background-attachment":"scroll","background-type":"","background-media":"","overlay-type":"","overlay-color":"","overlay-opacity":"","overlay-gradient":""},"tablet":{"background-color":"var(--ast-global-color-5)","background-image":"","background-repeat":"repeat","background-position":"center center","background-size":"auto","background-attachment":"scroll","background-type":"","background-media":"","overlay-type":"","overlay-color":"","overlay-opacity":"","overlay-gradient":""},"mobile":{"background-color":"var(--ast-global-color-5)","background-image":"","background-repeat":"repeat","background-position":"center center","background-size":"auto","background-attachment":"scroll","background-type":"","background-media":"","overlay-type":"","overlay-color":"","overlay-opacity":"","overlay-gradient":""}}},"product_brand":[],"product_cat":[1132,1511,1128],"product_tag":[3640],"product_format_filter":[6499],"class_list":{"0":"post-43412","1":"product","2":"type-product","3":"status-publish","4":"has-post-thumbnail","6":"product_cat-bonbons","7":"product_cat-full-spectrum-fr","8":"product_cat-comestibles","9":"product_tag-glenns-fr","10":"pa_flavours-gelato-au-fraises","11":"pa_flavours-lait-de-cereales-aux-marshmallows","12":"pa_flavours-rocket-ice-pop-fr","13":"pa_flavours-sorbet-orange","14":"pa_format-4-unites","15":"pa_intensity-thc-moyen","16":"pa_marques-glenns-fr","17":"pa_origin-ontario-fr","18":"pa_profil-terpene-caryophyllene","19":"pa_profil-terpene-farnesene-fr","20":"pa_profil-terpene-limonene-fr","21":"pa_thc-10mg-fr","22":"pa_type-de-plante-hybride-fr","23":"product_format_filter-4units","24":"desktop-align-left","25":"tablet-align-left","26":"mobile-align-left","28":"first","29":"instock","30":"taxable","31":"shipping-taxable","32":"purchasable","33":"product-type-simple"},"group_of_quantity":0,"min_quantity":0,"max_quantity":"","exclude_order_quantity_value_rules":"no","exclude_category_quantity_rules":"no","combine_variations":"no","acf":[],"_links":{"self":[{"href":"https:\/\/mendomedical.ca\/fr\/wp-json\/wp\/v2\/product\/43412","targetHints":{"allow":["GET"]}}],"collection":[{"href":"https:\/\/mendomedical.ca\/fr\/wp-json\/wp\/v2\/product"}],"about":[{"href":"https:\/\/mendomedical.ca\/fr\/wp-json\/wp\/v2\/types\/product"}],"replies":[{"embeddable":true,"href":"https:\/\/mendomedical.ca\/fr\/wp-json\/wp\/v2\/comments?post=43412"}],"wp:featuredmedia":[{"embeddable":true,"href":"https:\/\/mendomedical.ca\/fr\/wp-json\/wp\/v2\/media\/233969"}],"wp:attachment":[{"href":"https:\/\/mendomedical.ca\/fr\/wp-json\/wp\/v2\/media?parent=43412"}],"wp:term":[{"taxonomy":"product_brand","embeddable":true,"href":"https:\/\/mendomedical.ca\/fr\/wp-json\/wp\/v2\/product_brand?post=43412"},{"taxonomy":"product_cat","embeddable":true,"href":"https:\/\/mendomedical.ca\/fr\/wp-json\/wp\/v2\/product_cat?post=43412"},{"taxonomy":"product_tag","embeddable":true,"href":"https:\/\/mendomedical.ca\/fr\/wp-json\/wp\/v2\/product_tag?post=43412"},{"taxonomy":"product_format_filter","embeddable":true,"href":"https:\/\/mendomedical.ca\/fr\/wp-json\/wp\/v2\/product_format_filter?post=43412"}],"curies":[{"name":"wp","href":"https:\/\/api.w.org\/{rel}","templated":true}]}}