{"id":43406,"date":"2023-12-31T07:04:41","date_gmt":"2023-12-31T12:04:41","guid":{"rendered":"https:\/\/mendomedical.ca\/product\/ginger-peach-ice-tea\/"},"modified":"2026-04-16T10:43:48","modified_gmt":"2026-04-16T14:43:48","slug":"ginger-peach-ice-tea","status":"publish","type":"product","link":"https:\/\/mendomedical.ca\/fr\/produit\/ginger-peach-ice-tea\/","title":{"rendered":"CBD Ginger Peach Ice Tea"},"content":{"rendered":"<p><strong>Ingr\u00e9dients : <\/strong> Th\u00e9 glac\u00e9 en poudre (sucre de canne biologique, th\u00e9 noir micro-moulu biologique, gingembre, acide citrique, ar\u00f4me de p\u00eache biologique), CBD en poudre \u00e0 absorption rapide (maltodextrine, eau, extrait de cannabis, polysorbate (80), huile MCT, monool\u00e9ate de sorbitane, acide citrique).<\/p>\n","protected":false},"excerpt":{"rendered":"<h3>Th\u00e9 glac\u00e9 CBD au gingembre et \u00e0 la p\u00eache d&rsquo;Emprise<\/h3>\n<p>Faites l&rsquo;exp\u00e9rience d&rsquo;une d\u00e9tente rafra\u00eechissante avec le th\u00e9 glac\u00e9 au gingembre et \u00e0 la p\u00eache d&rsquo;<a title=\"En savoir plus sur Emprise\" href=\"https:\/\/emprise.ca\/\" target=\"_blank\" rel=\"noopener\">Emprise<\/a> CBD. Cette boisson revigorante associe les propri\u00e9t\u00e9s apaisantes du CBD aux d\u00e9licieuses <strong>saveurs du gingembre et de la p\u00eache<\/strong>, ce qui en fait un choix id\u00e9al pour ceux qui recherchent une boisson apaisante. <\/p>\n<p><strong>D\u00e9tails du produit :<\/strong><\/p>\n<ul>\n<li><strong>Contenu en CBD :<\/strong> 20mg par unit\u00e9<\/li>\n<li><strong>Format :<\/strong> Unit\u00e9 \u00e0 portion unique<\/li>\n<\/ul>\n<h3>Un m\u00e9lange rafra\u00eechissant pour se d\u00e9tendre<\/h3>\n<p>Le th\u00e9 glac\u00e9 au gingembre et \u00e0 la p\u00eache d&rsquo;Emprise CBD offre une combinaison unique d&rsquo;<strong>ingr\u00e9dients biologiques et de CBD \u00e0 absorption rapide<\/strong>. Ce m\u00e9lange est con\u00e7u pour offrir un moyen rapide et efficace de profiter des bienfaits du CBD tout en savourant un d\u00e9licieux th\u00e9 glac\u00e9. Que vous souhaitiez vous d\u00e9tendre apr\u00e8s une longue journ\u00e9e ou simplement profiter d&rsquo;un moment de tranquillit\u00e9, cette boisson est con\u00e7ue pour r\u00e9pondre \u00e0 vos besoins de relaxation.  <\/p>\n<p>&nbsp;<\/p>\n<h3>Savoureux et facile \u00e0 d\u00e9guster<\/h3>\n<p>Savourez le go\u00fbt d\u00e9licieux du gingembre et de la p\u00eache, parfaitement \u00e9quilibr\u00e9 pour cr\u00e9er un th\u00e9 glac\u00e9 rafra\u00eechissant. Les ingr\u00e9dients biologiques garantissent une boisson naturelle et savoureuse, tandis que la <strong>poudre de CBD \u00e0 absorption rapide<\/strong> renforce son efficacit\u00e9. M\u00e9langez simplement \u00e0 de l&rsquo;eau pour profiter rapidement et facilement de votre dose quotidienne de CBD.  <\/p>\n<p>&nbsp;<\/p>\n<h3>Pourquoi choisir le th\u00e9 glac\u00e9 au gingembre et \u00e0 la p\u00eache d&rsquo;Emprise CBD ?<\/h3>\n<ul>\n<li>Peut favoriser la relaxation et la r\u00e9duction du stress<\/li>\n<li>Format pratique \u00e0 portion unique<\/li>\n<li>D\u00e9licieux go\u00fbt de p\u00eache au gingembre<\/li>\n<li>Discret et facile \u00e0 int\u00e9grer dans votre routine quotidienne<\/li>\n<li>Admissible \u00e0 la facturation directe d&rsquo;ACC (soutien aux anciens combattants inclus)<\/li>\n<\/ul>\n<p>&nbsp;<\/p>\n<h3>Avantages et couverture pour les anciens combattants<\/h3>\n<p>Dans le cadre de notre engagement \u00e0 soutenir les anciens combattants canadiens, le th\u00e9 glac\u00e9 CBD au gingembre et \u00e0 la p\u00eache <strong>est admissible \u00e0 la facturation directe<\/strong> par l&rsquo;entremise d&rsquo;Anciens Combattants Canada (ACC) et de la Croix Bleue. Les anciens combattants admissibles peuvent savourer cette boisson rafra\u00eechissante au CBD sans avoir \u00e0 d\u00e9bourser quoi que ce soit. <\/p>\n<p>&nbsp;<\/p>\n<h3>Livraison rapide et discr\u00e8te dans tout le Canada<\/h3>\n<p>Nous offrons un service d&rsquo;exp\u00e9dition rapide et discret dans tout le Canada. Les commandes de plus de 150 dollars b\u00e9n\u00e9ficient de la livraison gratuite, ce qui garantit que vos produits arrivent rapidement et en toute s\u00e9curit\u00e9. Tous les articles sont emball\u00e9s avec soin afin de pr\u00e9server leur confidentialit\u00e9 et leur qualit\u00e9. <\/p>\n<p>&nbsp;<\/p>\n<p>Si vous \u00eates \u00e0 la recherche d&rsquo;une boisson riche en CBD ou si vous voulez essayer le th\u00e9 glac\u00e9 au gingembre et \u00e0 la p\u00eache d&rsquo;Emprise pour vous d\u00e9tendre et vous rafra\u00eechir, ce produit est \u00e0 essayer absolument. <strong>Besoin d&rsquo;une carte m\u00e9dicale ?<\/strong> <a title=\"Obtenez votre document de cannabis m\u00e9dical avec Mendo Medical\" href=\"https:\/\/mendomedical.ca\/fr\/carte-medicale\/\" target=\"_blank\" rel=\"noopener\">Obtenez rapidement et facilement votre document de cannabis m\u00e9dical gratuit<\/a> avec Mendo Medical et commencez \u00e0 faire vos achats d\u00e8s maintenant !<\/p>\n<p>&nbsp;<\/p>\n<h4>Ingr\u00e9dients<\/h4>\n<p>Ice Tea Powder (sucre de canne biologique, th\u00e9 noir micro-moulu biologique, gingembre, acide citrique, ar\u00f4me de p\u00eache biologique), Rapid-Absorption CBD Powder (maltodextrine, eau, extrait de cannabis, polysorbate (80), huile MCT, monool\u00e9ate de sorbitan, acide citrique).<\/p>\n","protected":false},"featured_media":268418,"comment_status":"closed","ping_status":"closed","template":"","meta":{"_acf_changed":false,"site-sidebar-layout":"default","site-content-layout":"","ast-site-content-layout":"default","site-content-style":"default","site-sidebar-style":"default","ast-global-header-display":"","ast-banner-title-visibility":"","ast-main-header-display":"","ast-hfb-above-header-display":"","ast-hfb-below-header-display":"","ast-hfb-mobile-header-display":"","site-post-title":"","ast-breadcrumbs-content":"","ast-featured-img":"","footer-sml-layout":"","ast-disable-related-posts":"","theme-transparent-header-meta":"default","adv-header-id-meta":"","stick-header-meta":"","header-above-stick-meta":"","header-main-stick-meta":"","header-below-stick-meta":"","astra-migrate-meta-layouts":"set","ast-page-background-enabled":"default","ast-page-background-meta":{"desktop":{"background-color":"var(--ast-global-color-4)","background-image":"","background-repeat":"repeat","background-position":"center center","background-size":"auto","background-attachment":"scroll","background-type":"","background-media":"","overlay-type":"","overlay-color":"","overlay-opacity":"","overlay-gradient":""},"tablet":{"background-color":"","background-image":"","background-repeat":"repeat","background-position":"center center","background-size":"auto","background-attachment":"scroll","background-type":"","background-media":"","overlay-type":"","overlay-color":"","overlay-opacity":"","overlay-gradient":""},"mobile":{"background-color":"","background-image":"","background-repeat":"repeat","background-position":"center center","background-size":"auto","background-attachment":"scroll","background-type":"","background-media":"","overlay-type":"","overlay-color":"","overlay-opacity":"","overlay-gradient":""}},"ast-content-background-meta":{"desktop":{"background-color":"var(--ast-global-color-5)","background-image":"","background-repeat":"repeat","background-position":"center center","background-size":"auto","background-attachment":"scroll","background-type":"","background-media":"","overlay-type":"","overlay-color":"","overlay-opacity":"","overlay-gradient":""},"tablet":{"background-color":"var(--ast-global-color-5)","background-image":"","background-repeat":"repeat","background-position":"center center","background-size":"auto","background-attachment":"scroll","background-type":"","background-media":"","overlay-type":"","overlay-color":"","overlay-opacity":"","overlay-gradient":""},"mobile":{"background-color":"var(--ast-global-color-5)","background-image":"","background-repeat":"repeat","background-position":"center center","background-size":"auto","background-attachment":"scroll","background-type":"","background-media":"","overlay-type":"","overlay-color":"","overlay-opacity":"","overlay-gradient":""}}},"product_brand":[],"product_cat":[1131,3825,1128],"product_tag":[],"product_format_filter":[],"class_list":{"0":"post-43406","1":"product","2":"type-product","3":"status-publish","4":"has-post-thumbnail","6":"product_cat-boissons","7":"product_cat-cbd-minors-3-fr","8":"product_cat-comestibles","9":"pa_cbd-20mg-fr","10":"pa_flavours-ginger-peach-fr","11":"pa_format-1-unit-fr","12":"pa_intensity-cbd-moyen","13":"pa_marques-emprise-fr","14":"pa_origin-alberta-fr","15":"pa_type-de-plante-cbd-fr","16":"desktop-align-left","17":"tablet-align-left","18":"mobile-align-left","20":"first","21":"instock","22":"taxable","23":"shipping-taxable","24":"purchasable","25":"product-type-simple"},"group_of_quantity":0,"min_quantity":0,"max_quantity":"","exclude_order_quantity_value_rules":"no","exclude_category_quantity_rules":"no","combine_variations":"no","acf":[],"_links":{"self":[{"href":"https:\/\/mendomedical.ca\/fr\/wp-json\/wp\/v2\/product\/43406","targetHints":{"allow":["GET"]}}],"collection":[{"href":"https:\/\/mendomedical.ca\/fr\/wp-json\/wp\/v2\/product"}],"about":[{"href":"https:\/\/mendomedical.ca\/fr\/wp-json\/wp\/v2\/types\/product"}],"replies":[{"embeddable":true,"href":"https:\/\/mendomedical.ca\/fr\/wp-json\/wp\/v2\/comments?post=43406"}],"wp:featuredmedia":[{"embeddable":true,"href":"https:\/\/mendomedical.ca\/fr\/wp-json\/wp\/v2\/media\/268418"}],"wp:attachment":[{"href":"https:\/\/mendomedical.ca\/fr\/wp-json\/wp\/v2\/media?parent=43406"}],"wp:term":[{"taxonomy":"product_brand","embeddable":true,"href":"https:\/\/mendomedical.ca\/fr\/wp-json\/wp\/v2\/product_brand?post=43406"},{"taxonomy":"product_cat","embeddable":true,"href":"https:\/\/mendomedical.ca\/fr\/wp-json\/wp\/v2\/product_cat?post=43406"},{"taxonomy":"product_tag","embeddable":true,"href":"https:\/\/mendomedical.ca\/fr\/wp-json\/wp\/v2\/product_tag?post=43406"},{"taxonomy":"product_format_filter","embeddable":true,"href":"https:\/\/mendomedical.ca\/fr\/wp-json\/wp\/v2\/product_format_filter?post=43406"}],"curies":[{"name":"wp","href":"https:\/\/api.w.org\/{rel}","templated":true}]}}