{"id":43401,"date":"2023-12-31T07:04:41","date_gmt":"2023-12-31T12:04:41","guid":{"rendered":"https:\/\/mendomedical.ca\/product\/peppermint-hot-chocolate\/"},"modified":"2026-03-12T14:52:45","modified_gmt":"2026-03-12T18:52:45","slug":"peppermint-hot-chocolate","status":"publish","type":"product","link":"https:\/\/mendomedical.ca\/fr\/produit\/peppermint-hot-chocolate\/","title":{"rendered":"CBD Peppermint Hot Chocolate"},"content":{"rendered":"<p><strong>Ingr\u00e9dients : <\/strong> Chocolat chaud en poudre (sucre de canne biologique, cacao, cacao brut, ar\u00f4me de menthe poivr\u00e9e, sel de l&rsquo;Himalaya) CBD en poudre \u00e0 absorption rapide (maltodextrine, eau, extrait de cannabis, polysorbate (80), huile MCT, monool\u00e9ate de sorbitane, acide citrique).<\/p>\n","protected":false},"excerpt":{"rendered":"<h3>Chocolat chaud CBD \u00e0 la menthe poivr\u00e9e d&rsquo;Emprise<\/h3>\n<p>Offrez-vous une exp\u00e9rience apaisante avec le chocolat chaud au CBD et \u00e0 la menthe d&rsquo;<a title=\"En savoir plus sur Emprise\" href=\"https:\/\/emprise.ca\/\" target=\"_blank\" rel=\"noopener\">Emprise<\/a>, un m\u00e9lange parfait pour ceux qui recherchent la d\u00e9tente dans un format d\u00e9licieux \u00e0 boire. Ce chocolat chaud infus\u00e9 au CBD associe de riches saveurs aux<strong> effets apaisants du CBD<\/strong>, ce qui en fait un choix id\u00e9al pour une soir\u00e9e douillette.<\/p>\n<p>&nbsp;<\/p>\n<h3>Composition du produit<\/h3>\n<p>Chaque unit\u00e9 de CBD Peppermint Hot Chocolate d&rsquo;Emprise est fabriqu\u00e9e dans un souci de qualit\u00e9 et d&rsquo;absorption rapide. Ce produit offre <strong>une exp\u00e9rience domin\u00e9e par le CBD<\/strong> avec 20 mg de CBD par portion, ce qui constitue un moyen discret et efficace d&rsquo;incorporer le CBD dans votre routine quotidienne. <\/p>\n<p><strong>Ingr\u00e9dients :<\/strong><\/p>\n<ul>\n<li>Chocolat chaud en poudre : Sucre de canne biologique, cacao, cacao brut, ar\u00f4me de menthe poivr\u00e9e, sel de l&rsquo;Himalaya.<\/li>\n<li>Poudre de CBD \u00e0 absorption rapide : Maltodextrine, eau, extrait de cannabis, polysorbate (80), huile MCT, monool\u00e9ate de sorbitane, acide citrique.<\/li>\n<\/ul>\n<p>&nbsp;<\/p>\n<h3>Pourquoi choisir le chocolat chaud CBD \u00e0 la menthe d&rsquo;Emprise ?<\/h3>\n<ul>\n<li>Formulation biologique et v\u00e9g\u00e9talienne<\/li>\n<li>Absorption rapide pour des effets rapides<\/li>\n<li>D\u00e9licieux go\u00fbt de menthe poivr\u00e9e pour une exp\u00e9rience rafra\u00eechissante<\/li>\n<li>Discret et facile \u00e0 pr\u00e9parer<\/li>\n<li>Admissible \u00e0 la facturation directe d&rsquo;ACC pour les anciens combattants<\/li>\n<\/ul>\n<p>&nbsp;<\/p>\n<h3>Avantages et couverture pour les anciens combattants<\/h3>\n<p>Le soutien aux anciens combattants canadiens est une priorit\u00e9, et le chocolat chaud CBD \u00e0 la menthe est admissible \u00e0 la <strong>facturation directe par l&rsquo;entremise d&rsquo;Anciens Combattants Canada (ACC)<\/strong> et de la Croix Bleue. Les anciens combattants admissibles peuvent profiter de ce produit sans avoir \u00e0 d\u00e9bourser quoi que ce soit, ce qui leur garantit l&rsquo;acc\u00e8s \u00e0 des <a title=\"Acheter des edibles \u00e0 base de CBD et de cannabino\u00efdes mineurs chez mendo medical\" href=\"https:\/\/mendomedical.ca\/fr\/categorie-produit\/comestibles\/?swoof=1&#038;product_cat=cbd-minors-3&#038;really_curr_tax=624-product_cat\" target=\"_blank\" rel=\"noopener\">solutions CBD de qualit\u00e9<\/a>. <\/p>\n<p>&nbsp;<\/p>\n<h3>Livraison rapide et discr\u00e8te dans tout le Canada<\/h3>\n<p>Nous offrons une livraison rapide et discr\u00e8te dans tout le Canada. Les <strong>commandes de plus de 150 $ sont admissibles \u00e0 la livraison gratuite<\/strong>, ce qui garantit que vos produits arriveront en toute confidentialit\u00e9 et avec soin. <\/p>\n<p>&nbsp;<\/p>\n<p>Si vous cherchez une fa\u00e7on d\u00e9licieuse d&rsquo;appr\u00e9cier le CBD, le <strong>chocolat chaud CBD \u00e0 la menthe d&rsquo;<\/strong>Emprise <strong>est \u00e0 essayer absolument<\/strong>. Que vous soyez novice en mati\u00e8re de CBD ou utilisateur chevronn\u00e9, ce produit est un moyen pratique et agr\u00e9able de profiter des bienfaits du CBD. Vous <strong>avez besoin d&rsquo;un document m\u00e9dical ?<\/strong><a title=\"Obtenez votre document de cannabis m\u00e9dical avec Mendo Medical\" href=\"https:\/\/mendomedical.ca\/fr\/carte-medicale\/\" target=\"_blank\" rel=\"noopener\">Obtenez votre document m\u00e9dical pour le cannabis<\/a> rapidement et facilement pour commencer \u00e0 acheter d\u00e8s aujourd&rsquo;hui ! <\/p>\n<p>&nbsp;<\/p>\n<h4>Ingr\u00e9dients<\/h4>\n<p>Chocolat chaud en poudre (sucre de canne biologique, cacao, cacao brut, ar\u00f4me de menthe poivr\u00e9e, sel de l&rsquo;Himalaya) CBD en poudre \u00e0 absorption rapide (maltodextrine, eau, extrait de cannabis, polysorbate (80), huile MCT, monool\u00e9ate de sorbitane, acide citrique).<\/p>\n","protected":false},"featured_media":268409,"comment_status":"closed","ping_status":"closed","template":"","meta":{"_acf_changed":false,"site-sidebar-layout":"default","site-content-layout":"","ast-site-content-layout":"default","site-content-style":"default","site-sidebar-style":"default","ast-global-header-display":"","ast-banner-title-visibility":"","ast-main-header-display":"","ast-hfb-above-header-display":"","ast-hfb-below-header-display":"","ast-hfb-mobile-header-display":"","site-post-title":"","ast-breadcrumbs-content":"","ast-featured-img":"","footer-sml-layout":"","ast-disable-related-posts":"","theme-transparent-header-meta":"default","adv-header-id-meta":"","stick-header-meta":"","header-above-stick-meta":"","header-main-stick-meta":"","header-below-stick-meta":"","astra-migrate-meta-layouts":"set","ast-page-background-enabled":"default","ast-page-background-meta":{"desktop":{"background-color":"var(--ast-global-color-4)","background-image":"","background-repeat":"repeat","background-position":"center center","background-size":"auto","background-attachment":"scroll","background-type":"","background-media":"","overlay-type":"","overlay-color":"","overlay-opacity":"","overlay-gradient":""},"tablet":{"background-color":"","background-image":"","background-repeat":"repeat","background-position":"center center","background-size":"auto","background-attachment":"scroll","background-type":"","background-media":"","overlay-type":"","overlay-color":"","overlay-opacity":"","overlay-gradient":""},"mobile":{"background-color":"","background-image":"","background-repeat":"repeat","background-position":"center center","background-size":"auto","background-attachment":"scroll","background-type":"","background-media":"","overlay-type":"","overlay-color":"","overlay-opacity":"","overlay-gradient":""}},"ast-content-background-meta":{"desktop":{"background-color":"var(--ast-global-color-5)","background-image":"","background-repeat":"repeat","background-position":"center center","background-size":"auto","background-attachment":"scroll","background-type":"","background-media":"","overlay-type":"","overlay-color":"","overlay-opacity":"","overlay-gradient":""},"tablet":{"background-color":"var(--ast-global-color-5)","background-image":"","background-repeat":"repeat","background-position":"center center","background-size":"auto","background-attachment":"scroll","background-type":"","background-media":"","overlay-type":"","overlay-color":"","overlay-opacity":"","overlay-gradient":""},"mobile":{"background-color":"var(--ast-global-color-5)","background-image":"","background-repeat":"repeat","background-position":"center center","background-size":"auto","background-attachment":"scroll","background-type":"","background-media":"","overlay-type":"","overlay-color":"","overlay-opacity":"","overlay-gradient":""}}},"product_brand":[],"product_cat":[1131,3825,1128],"product_tag":[],"product_format_filter":[],"class_list":{"0":"post-43401","1":"product","2":"type-product","3":"status-publish","4":"has-post-thumbnail","6":"product_cat-boissons","7":"product_cat-cbd-minors-3-fr","8":"product_cat-comestibles","9":"pa_cbd-20mg-fr","10":"pa_flavours-chocolate-fr","11":"pa_format-1-unit-fr","12":"pa_intensity-cbd-moyen","13":"pa_marques-emprise-fr","14":"pa_origin-alberta-fr","15":"pa_type-de-plante-cbd-fr","16":"desktop-align-left","17":"tablet-align-left","18":"mobile-align-left","20":"first","21":"instock","22":"taxable","23":"shipping-taxable","24":"purchasable","25":"product-type-simple"},"group_of_quantity":0,"min_quantity":0,"max_quantity":"","exclude_order_quantity_value_rules":"no","exclude_category_quantity_rules":"no","combine_variations":"no","acf":[],"_links":{"self":[{"href":"https:\/\/mendomedical.ca\/fr\/wp-json\/wp\/v2\/product\/43401","targetHints":{"allow":["GET"]}}],"collection":[{"href":"https:\/\/mendomedical.ca\/fr\/wp-json\/wp\/v2\/product"}],"about":[{"href":"https:\/\/mendomedical.ca\/fr\/wp-json\/wp\/v2\/types\/product"}],"replies":[{"embeddable":true,"href":"https:\/\/mendomedical.ca\/fr\/wp-json\/wp\/v2\/comments?post=43401"}],"wp:featuredmedia":[{"embeddable":true,"href":"https:\/\/mendomedical.ca\/fr\/wp-json\/wp\/v2\/media\/268409"}],"wp:attachment":[{"href":"https:\/\/mendomedical.ca\/fr\/wp-json\/wp\/v2\/media?parent=43401"}],"wp:term":[{"taxonomy":"product_brand","embeddable":true,"href":"https:\/\/mendomedical.ca\/fr\/wp-json\/wp\/v2\/product_brand?post=43401"},{"taxonomy":"product_cat","embeddable":true,"href":"https:\/\/mendomedical.ca\/fr\/wp-json\/wp\/v2\/product_cat?post=43401"},{"taxonomy":"product_tag","embeddable":true,"href":"https:\/\/mendomedical.ca\/fr\/wp-json\/wp\/v2\/product_tag?post=43401"},{"taxonomy":"product_format_filter","embeddable":true,"href":"https:\/\/mendomedical.ca\/fr\/wp-json\/wp\/v2\/product_format_filter?post=43401"}],"curies":[{"name":"wp","href":"https:\/\/api.w.org\/{rel}","templated":true}]}}